{"id":10941,"date":"2025-03-25T12:56:27","date_gmt":"2025-03-25T11:56:27","guid":{"rendered":"https:\/\/tele-mark.dk\/om-oss\/lediga-tjaenster\/"},"modified":"2025-09-24T09:43:22","modified_gmt":"2025-09-24T07:43:22","slug":"lediga-tjaenster","status":"publish","type":"page","link":"https:\/\/tele-mark.dk\/sv\/om-oss\/lediga-tjaenster\/","title":{"rendered":"Lediga tj\u00e4nster"},"content":{"rendered":"\t\t<div data-elementor-type=\"wp-page\" data-elementor-id=\"10941\" class=\"elementor elementor-10941 elementor-9411\" data-elementor-post-type=\"page\">\n\t\t\t\t<div class=\"elementor-element elementor-element-7773afe1 e-con-full e-flex e-con e-parent\" data-id=\"7773afe1\" data-element_type=\"container\">\n\t\t\t\t<div class=\"elementor-element elementor-element-5843120e elementor-widget elementor-widget-template\" data-id=\"5843120e\" data-element_type=\"widget\" data-widget_type=\"template.default\">\n\t\t\t\t<div class=\"elementor-widget-container\">\n\t\t\t\t\t\t\t<div class=\"elementor-template\">\n\t\t\t\t\t<div data-elementor-type=\"container\" data-elementor-id=\"6563\" class=\"elementor elementor-6563\" data-elementor-post-type=\"elementor_library\">\n\t\t\t\t<div class=\"elementor-element elementor-element-6b499f1f e-con-full no-padding e-flex e-con e-parent\" data-id=\"6b499f1f\" data-element_type=\"container\">\n\t\t\t\t<div class=\"elementor-element elementor-element-1ecbb66 elementor-widget elementor-widget-template\" data-id=\"1ecbb66\" data-element_type=\"widget\" data-widget_type=\"template.default\">\n\t\t\t\t<div class=\"elementor-widget-container\">\n\t\t\t\t\t\t\t<div class=\"elementor-template\">\n\t\t\t\t\t<div data-elementor-type=\"container\" data-elementor-id=\"10099\" class=\"elementor elementor-10099\" data-elementor-post-type=\"elementor_library\">\n\t\t\t\t<div class=\"elementor-element elementor-element-45622206 white e-con-full e-flex e-con e-parent\" data-id=\"45622206\" data-element_type=\"container\" data-settings=\"{&quot;background_background&quot;:&quot;classic&quot;}\">\n\t\t\t\t<\/div>\n\t\t\t\t<\/div>\n\t\t\t\t<\/div>\n\t\t\t\t\t\t<\/div>\n\t\t\t\t<\/div>\n\t\t\t\t<\/div>\n\t\t\t\t<\/div>\n\t\t\t\t<\/div>\n\t\t\t\t\t\t<\/div>\n\t\t\t\t<\/div>\n\t\t\t\t<\/div>\n\t\t<div class=\"elementor-element elementor-element-1f71e4c8 light e-flex e-con-boxed e-con e-parent\" data-id=\"1f71e4c8\" data-element_type=\"container\">\n\t\t\t\t\t<div class=\"e-con-inner\">\n\t\t<div class=\"elementor-element elementor-element-2d70b91 e-con-full e-flex e-con e-child\" data-id=\"2d70b91\" data-element_type=\"container\">\n\t\t\t\t<div class=\"elementor-element elementor-element-39a5ed3 elementor-widget elementor-widget-heading\" data-id=\"39a5ed3\" data-element_type=\"widget\" data-widget_type=\"heading.default\">\n\t\t\t\t<div class=\"elementor-widget-container\">\n\t\t\t\t\t<h1 class=\"elementor-heading-title elementor-size-default\">Lediga tj\u00e4nster<\/h1>\t\t\t\t<\/div>\n\t\t\t\t<\/div>\n\t\t\t\t<\/div>\n\t\t\t\t\t<\/div>\n\t\t\t\t<\/div>\n\t\t<div class=\"elementor-element elementor-element-53e26e17 e-flex e-con-boxed e-con e-parent\" data-id=\"53e26e17\" data-element_type=\"container\">\n\t\t\t\t\t<div class=\"e-con-inner\">\n\t\t<div class=\"elementor-element elementor-element-3c3da021 e-con-full e-flex e-con e-child\" data-id=\"3c3da021\" data-element_type=\"container\">\n\t\t\t\t<div class=\"elementor-element elementor-element-a30b8b4 elementor-widget elementor-widget-text-editor\" data-id=\"a30b8b4\" data-element_type=\"widget\" data-widget_type=\"text-editor.default\">\n\t\t\t\t<div class=\"elementor-widget-container\">\n\t\t\t\t\t\t\t\t\t<h2>Vi s\u00f6ker engagerade och duktiga kontaktm\u00e4klare<\/h2><p>P\u00e5 Tele-Mark A\/S g\u00f6r vi mycket f\u00f6r att attrahera nya, kompetenta medarbetare, och \u00e4nnu mer f\u00f6r att beh\u00e5lla de kompetenta kontaktpersoner vi har. S\u00e5ledes \u00e4r 10 \u00e5rs erfarenhet som kontaktf\u00f6rmedlare p\u00e5 Tele-Mark A\/S l\u00e5ngt ifr\u00e5n ovanligt. P\u00e5 Tele-Mark A\/S s\u00f6ker vi inte anst\u00e4llda som vill ha ett visst jobb. \u00c5 andra sidan s\u00f6ker vi medarbetare som kan se en framtid i att arbeta med och serva n\u00e5gra av landets mest sp\u00e4nnande f\u00f6retag.<\/p><p>P\u00e5 Tele-Mark A\/S s\u00f6ker vi endast de mest beg\u00e5vade kontaktm\u00e4klarna, eller personer som har talangen och vill prova p\u00e5 den i praktiken.<br> Vi l\u00f6ser varierande uppdrag f\u00f6r n\u00e5gra av landets mest intressanta och st\u00f6rsta f\u00f6retag inom BtB-telemarketing, s\u00e5som:<\/p><ul><li>BtB-m\u00f6tesbokning<\/li><li>Marknadsgranskning<\/li><li>Leadgenerering<\/li><li>Marknadsanalyser<\/li><\/ul><p><strong>Om du vill veta mer, v\u00e4nligen kontakta partner Allan Falch p\u00e5 telefon <a href=\"telefon: +45% 2020% 2046% 2053% 2025\">+45 20 46 53 25<\/a> , eller skicka din ans\u00f6kan med CV till <a href=\"mailto:job@tele-mark.dk\">job@tele-mark.dk<\/a> .<\/strong><\/p>\t\t\t\t\t\t\t\t<\/div>\n\t\t\t\t<\/div>\n\t\t\t\t<\/div>\n\t\t\t\t\t<\/div>\n\t\t\t\t<\/div>\n\t\t<div class=\"elementor-element elementor-element-6c8232f1 e-con-full e-flex e-con e-parent\" data-id=\"6c8232f1\" data-element_type=\"container\">\n\t\t\t\t<div class=\"elementor-element elementor-element-347b8b7 elementor-widget elementor-widget-template\" data-id=\"347b8b7\" data-element_type=\"widget\" data-widget_type=\"template.default\">\n\t\t\t\t<div class=\"elementor-widget-container\">\n\t\t\t\t\t\t\t<div class=\"elementor-template\">\n\t\t\t\t\t<div data-elementor-type=\"container\" data-elementor-id=\"9854\" class=\"elementor elementor-9854\" data-elementor-post-type=\"elementor_library\">\n\t\t\t\t<div class=\"elementor-element elementor-element-3a5d0ade e-con-full no-padding e-flex e-con e-parent\" data-id=\"3a5d0ade\" data-element_type=\"container\">\n\t\t\t\t<div class=\"elementor-element elementor-element-7af60ea3 elementor-widget elementor-widget-template\" data-id=\"7af60ea3\" data-element_type=\"widget\" data-widget_type=\"template.default\">\n\t\t\t\t<div class=\"elementor-widget-container\">\n\t\t\t\t\t\t\t<div class=\"elementor-template\">\n\t\t\t\t\t<div data-elementor-type=\"container\" data-elementor-id=\"11011\" class=\"elementor elementor-11011 elementor-9860\" data-elementor-post-type=\"elementor_library\">\n\t\t\t\t<div class=\"elementor-element elementor-element-16e773e8 cta-footer e-flex e-con-boxed e-con e-parent\" data-id=\"16e773e8\" data-element_type=\"container\" data-settings=\"{&quot;background_background&quot;:&quot;classic&quot;}\">\n\t\t\t\t\t<div class=\"e-con-inner\">\n\t\t<div class=\"elementor-element elementor-element-13212c55 e-con-full e-flex e-con e-child\" data-id=\"13212c55\" data-element_type=\"container\">\n\t\t<div class=\"elementor-element elementor-element-66550028 e-con-full padding e-flex e-con e-child\" data-id=\"66550028\" data-element_type=\"container\" data-settings=\"{&quot;background_background&quot;:&quot;classic&quot;}\">\n\t\t\t\t<div class=\"elementor-element elementor-element-5bb0e9dd white elementor-widget elementor-widget-heading\" data-id=\"5bb0e9dd\" data-element_type=\"widget\" data-widget_type=\"heading.default\">\n\t\t\t\t<div class=\"elementor-widget-container\">\n\t\t\t\t\t<h3 class=\"elementor-heading-title elementor-size-default\">F\u00f6lj oss p\u00e5 v\u00e5ra sociala medier<\/h3>\t\t\t\t<\/div>\n\t\t\t\t<\/div>\n\t\t\t\t<div class=\"elementor-element elementor-element-266aa9b8 some elementor-widget elementor-widget-html\" data-id=\"266aa9b8\" data-element_type=\"widget\" data-widget_type=\"html.default\">\n\t\t\t\t<div class=\"elementor-widget-container\">\n\t\t\t\t\t<a href=\"https:\/\/www.facebook.com\/100027965816908\/\" target=\"_blank\" aria-label=\"F\u00f8lg os p\u00e5 Facebook\"><i class=\"fa-brands fa-facebook-f\"><\/i><\/a>\n<a href=\"https:\/\/www.linkedin.com\/company\/tele-mark-as\/\" target=\"_blank\" aria-label=\"F\u00f8lg os p\u00e5 LinkedIn\"><i class=\"fa-brands fa-linkedin-in\"><\/i><\/a>\n<a href=\"https:\/\/www.youtube.com\/channel\/UCOCM8pxrJsN78l_hIH7j7Uw\" target=\"_blank\" aria-label=\"Youtube\">\n<i class=\"fa-brands fa-youtube\"><\/i>\n<\/a>\t\t\t\t<\/div>\n\t\t\t\t<\/div>\n\t\t\t\t<\/div>\n\t\t\t\t<\/div>\n\t\t\t\t\t<\/div>\n\t\t\t\t<\/div>\n\t\t\t\t<\/div>\n\t\t\t\t<\/div>\n\t\t\t\t\t\t<\/div>\n\t\t\t\t<\/div>\n\t\t\t\t<\/div>\n\t\t\t\t<\/div>\n\t\t\t\t<\/div>\n\t\t\t\t\t\t<\/div>\n\t\t\t\t<\/div>\n\t\t\t\t<\/div>\n\t\t\t\t<\/div>\n\t\t","protected":false},"excerpt":{"rendered":"<p>Lediga tj\u00e4nster Vi s\u00f6ker engagerade och duktiga kontaktm\u00e4klare P\u00e5 Tele-Mark A\/S g\u00f6r vi mycket f\u00f6r att attrahera nya, kompetenta medarbetare, och \u00e4nnu mer f\u00f6r att beh\u00e5lla de kompetenta kontaktpersoner vi har. S\u00e5ledes \u00e4r 10 \u00e5rs erfarenhet som kontaktf\u00f6rmedlare p\u00e5 Tele-Mark A\/S l\u00e5ngt ifr\u00e5n ovanligt. P\u00e5 Tele-Mark A\/S s\u00f6ker vi inte anst\u00e4llda som vill ha ett &#8230; <a title=\"Lediga tj\u00e4nster\" class=\"read-more\" href=\"https:\/\/tele-mark.dk\/sv\/om-oss\/lediga-tjaenster\/\" aria-label=\"L\u00e4s mer om Lediga tj\u00e4nster\">L\u00e4s mer<\/a><\/p>\n","protected":false},"author":5,"featured_media":0,"parent":10865,"menu_order":1011,"comment_status":"closed","ping_status":"closed","template":"","meta":{"_acf_changed":false,"footnotes":""},"categories":[],"class_list":["post-10941","page","type-page","status-publish"],"acf":[],"yoast_head":"<!-- This site is optimized with the Yoast SEO plugin v26.8 - https:\/\/yoast.com\/product\/yoast-seo-wordpress\/ -->\n<title>Lediga tj\u00e4nster | Tele-Mark A\/S<\/title>\n<meta name=\"robots\" content=\"index, follow, max-snippet:-1, max-image-preview:large, max-video-preview:-1\" \/>\n<link rel=\"canonical\" href=\"https:\/\/tele-mark.dk\/sv\/?page_id=10941\" \/>\n<meta property=\"og:locale\" content=\"sv_SE\" \/>\n<meta property=\"og:type\" content=\"article\" \/>\n<meta property=\"og:title\" content=\"Lediga tj\u00e4nster | Tele-Mark A\/S\" \/>\n<meta property=\"og:description\" content=\"Lediga tj\u00e4nster Vi s\u00f6ker engagerade och duktiga kontaktm\u00e4klare P\u00e5 Tele-Mark A\/S g\u00f6r vi mycket f\u00f6r att attrahera nya, kompetenta medarbetare, och \u00e4nnu mer f\u00f6r att beh\u00e5lla de kompetenta kontaktpersoner vi har. S\u00e5ledes \u00e4r 10 \u00e5rs erfarenhet som kontaktf\u00f6rmedlare p\u00e5 Tele-Mark A\/S l\u00e5ngt ifr\u00e5n ovanligt. P\u00e5 Tele-Mark A\/S s\u00f6ker vi inte anst\u00e4llda som vill ha ett ... L\u00e4s mer\" \/>\n<meta property=\"og:url\" content=\"https:\/\/tele-mark.dk\/sv\/?page_id=10941\" \/>\n<meta property=\"og:site_name\" content=\"Tele-Mark A\/S\" \/>\n<meta property=\"article:modified_time\" content=\"2025-09-24T07:43:22+00:00\" \/>\n<meta name=\"twitter:card\" content=\"summary_large_image\" \/>\n<meta name=\"twitter:label1\" content=\"Ber\u00e4knad l\u00e4stid\" \/>\n\t<meta name=\"twitter:data1\" content=\"1 minut\" \/>\n<script type=\"application\/ld+json\" class=\"yoast-schema-graph\">{\"@context\":\"https:\/\/schema.org\",\"@graph\":[{\"@type\":\"WebPage\",\"@id\":\"https:\/\/tele-mark.dk\/sv\/?page_id=10941\",\"url\":\"https:\/\/tele-mark.dk\/sv\/?page_id=10941\",\"name\":\"Lediga tj\u00e4nster | Tele-Mark A\/S\",\"isPartOf\":{\"@id\":\"https:\/\/tele-mark.dk\/#website\"},\"datePublished\":\"2025-03-25T11:56:27+00:00\",\"dateModified\":\"2025-09-24T07:43:22+00:00\",\"breadcrumb\":{\"@id\":\"https:\/\/tele-mark.dk\/sv\/?page_id=10941#breadcrumb\"},\"inLanguage\":\"sv-SE\",\"potentialAction\":[{\"@type\":\"ReadAction\",\"target\":[\"https:\/\/tele-mark.dk\/sv\/?page_id=10941\"]}]},{\"@type\":\"BreadcrumbList\",\"@id\":\"https:\/\/tele-mark.dk\/sv\/?page_id=10941#breadcrumb\",\"itemListElement\":[{\"@type\":\"ListItem\",\"position\":1,\"name\":\"Forside\",\"item\":\"https:\/\/tele-mark.dk\/sv\/?page_id=10827\"},{\"@type\":\"ListItem\",\"position\":2,\"name\":\"Om oss\",\"item\":\"https:\/\/tele-mark.dk\/sv\/?page_id=10865\"},{\"@type\":\"ListItem\",\"position\":3,\"name\":\"Lediga tj\u00e4nster\"}]},{\"@type\":\"WebSite\",\"@id\":\"https:\/\/tele-mark.dk\/#website\",\"url\":\"https:\/\/tele-mark.dk\/\",\"name\":\"Tele-Mark A\/S\",\"description\":\"Telemarketingbyr\u00e5 \u200b\u200bf\u00f6r Danmark, Norden, Europa och hela v\u00e4rlden\",\"publisher\":{\"@id\":\"https:\/\/tele-mark.dk\/#organization\"},\"potentialAction\":[{\"@type\":\"SearchAction\",\"target\":{\"@type\":\"EntryPoint\",\"urlTemplate\":\"https:\/\/tele-mark.dk\/?s={search_term_string}\"},\"query-input\":{\"@type\":\"PropertyValueSpecification\",\"valueRequired\":true,\"valueName\":\"search_term_string\"}}],\"inLanguage\":\"sv-SE\"},{\"@type\":\"Organization\",\"@id\":\"https:\/\/tele-mark.dk\/#organization\",\"name\":\"Tele-Mark A\/S\",\"url\":\"https:\/\/tele-mark.dk\/\",\"logo\":{\"@type\":\"ImageObject\",\"inLanguage\":\"sv-SE\",\"@id\":\"https:\/\/tele-mark.dk\/#\/schema\/logo\/image\/\",\"url\":\"https:\/\/tele-mark.dk\/wp-content\/uploads\/2025\/03\/Nyt-logo.svg\",\"contentUrl\":\"https:\/\/tele-mark.dk\/wp-content\/uploads\/2025\/03\/Nyt-logo.svg\",\"width\":433,\"height\":161,\"caption\":\"Tele-Mark A\/S\"},\"image\":{\"@id\":\"https:\/\/tele-mark.dk\/#\/schema\/logo\/image\/\"}}]}<\/script>\n<!-- \/ Yoast SEO plugin. -->","yoast_head_json":{"title":"Lediga tj\u00e4nster | Tele-Mark A\/S","robots":{"index":"index","follow":"follow","max-snippet":"max-snippet:-1","max-image-preview":"max-image-preview:large","max-video-preview":"max-video-preview:-1"},"canonical":"https:\/\/tele-mark.dk\/sv\/?page_id=10941","og_locale":"sv_SE","og_type":"article","og_title":"Lediga tj\u00e4nster | Tele-Mark A\/S","og_description":"Lediga tj\u00e4nster Vi s\u00f6ker engagerade och duktiga kontaktm\u00e4klare P\u00e5 Tele-Mark A\/S g\u00f6r vi mycket f\u00f6r att attrahera nya, kompetenta medarbetare, och \u00e4nnu mer f\u00f6r att beh\u00e5lla de kompetenta kontaktpersoner vi har. S\u00e5ledes \u00e4r 10 \u00e5rs erfarenhet som kontaktf\u00f6rmedlare p\u00e5 Tele-Mark A\/S l\u00e5ngt ifr\u00e5n ovanligt. P\u00e5 Tele-Mark A\/S s\u00f6ker vi inte anst\u00e4llda som vill ha ett ... L\u00e4s mer","og_url":"https:\/\/tele-mark.dk\/sv\/?page_id=10941","og_site_name":"Tele-Mark A\/S","article_modified_time":"2025-09-24T07:43:22+00:00","twitter_card":"summary_large_image","twitter_misc":{"Ber\u00e4knad l\u00e4stid":"1 minut"},"schema":{"@context":"https:\/\/schema.org","@graph":[{"@type":"WebPage","@id":"https:\/\/tele-mark.dk\/sv\/?page_id=10941","url":"https:\/\/tele-mark.dk\/sv\/?page_id=10941","name":"Lediga tj\u00e4nster | Tele-Mark A\/S","isPartOf":{"@id":"https:\/\/tele-mark.dk\/#website"},"datePublished":"2025-03-25T11:56:27+00:00","dateModified":"2025-09-24T07:43:22+00:00","breadcrumb":{"@id":"https:\/\/tele-mark.dk\/sv\/?page_id=10941#breadcrumb"},"inLanguage":"sv-SE","potentialAction":[{"@type":"ReadAction","target":["https:\/\/tele-mark.dk\/sv\/?page_id=10941"]}]},{"@type":"BreadcrumbList","@id":"https:\/\/tele-mark.dk\/sv\/?page_id=10941#breadcrumb","itemListElement":[{"@type":"ListItem","position":1,"name":"Forside","item":"https:\/\/tele-mark.dk\/sv\/?page_id=10827"},{"@type":"ListItem","position":2,"name":"Om oss","item":"https:\/\/tele-mark.dk\/sv\/?page_id=10865"},{"@type":"ListItem","position":3,"name":"Lediga tj\u00e4nster"}]},{"@type":"WebSite","@id":"https:\/\/tele-mark.dk\/#website","url":"https:\/\/tele-mark.dk\/","name":"Tele-Mark A\/S","description":"Telemarketingbyr\u00e5 \u200b\u200bf\u00f6r Danmark, Norden, Europa och hela v\u00e4rlden","publisher":{"@id":"https:\/\/tele-mark.dk\/#organization"},"potentialAction":[{"@type":"SearchAction","target":{"@type":"EntryPoint","urlTemplate":"https:\/\/tele-mark.dk\/?s={search_term_string}"},"query-input":{"@type":"PropertyValueSpecification","valueRequired":true,"valueName":"search_term_string"}}],"inLanguage":"sv-SE"},{"@type":"Organization","@id":"https:\/\/tele-mark.dk\/#organization","name":"Tele-Mark A\/S","url":"https:\/\/tele-mark.dk\/","logo":{"@type":"ImageObject","inLanguage":"sv-SE","@id":"https:\/\/tele-mark.dk\/#\/schema\/logo\/image\/","url":"https:\/\/tele-mark.dk\/wp-content\/uploads\/2025\/03\/Nyt-logo.svg","contentUrl":"https:\/\/tele-mark.dk\/wp-content\/uploads\/2025\/03\/Nyt-logo.svg","width":433,"height":161,"caption":"Tele-Mark A\/S"},"image":{"@id":"https:\/\/tele-mark.dk\/#\/schema\/logo\/image\/"}}]}},"_links":{"self":[{"href":"https:\/\/tele-mark.dk\/sv\/wp-json\/wp\/v2\/pages\/10941","targetHints":{"allow":["GET"]}}],"collection":[{"href":"https:\/\/tele-mark.dk\/sv\/wp-json\/wp\/v2\/pages"}],"about":[{"href":"https:\/\/tele-mark.dk\/sv\/wp-json\/wp\/v2\/types\/page"}],"author":[{"embeddable":true,"href":"https:\/\/tele-mark.dk\/sv\/wp-json\/wp\/v2\/users\/5"}],"replies":[{"embeddable":true,"href":"https:\/\/tele-mark.dk\/sv\/wp-json\/wp\/v2\/comments?post=10941"}],"version-history":[{"count":2,"href":"https:\/\/tele-mark.dk\/sv\/wp-json\/wp\/v2\/pages\/10941\/revisions"}],"predecessor-version":[{"id":10944,"href":"https:\/\/tele-mark.dk\/sv\/wp-json\/wp\/v2\/pages\/10941\/revisions\/10944"}],"up":[{"embeddable":true,"href":"https:\/\/tele-mark.dk\/sv\/wp-json\/wp\/v2\/pages\/10865"}],"wp:attachment":[{"href":"https:\/\/tele-mark.dk\/sv\/wp-json\/wp\/v2\/media?parent=10941"}],"wp:term":[{"taxonomy":"category","embeddable":true,"href":"https:\/\/tele-mark.dk\/sv\/wp-json\/wp\/v2\/categories?post=10941"}],"curies":[{"name":"wp","href":"https:\/\/api.w.org\/{rel}","templated":true}]}}