{"id":10924,"date":"2025-03-25T12:56:27","date_gmt":"2025-03-25T11:56:27","guid":{"rendered":"https:\/\/tele-mark.dk\/om-oss\/foeretagsprofil\/"},"modified":"2025-09-24T09:43:22","modified_gmt":"2025-09-24T07:43:22","slug":"foeretagsprofil","status":"publish","type":"page","link":"https:\/\/tele-mark.dk\/sv\/om-oss\/foeretagsprofil\/","title":{"rendered":"F\u00f6retagsprofil"},"content":{"rendered":"\t\t<div data-elementor-type=\"wp-page\" data-elementor-id=\"10924\" class=\"elementor elementor-10924 elementor-9410\" data-elementor-post-type=\"page\">\n\t\t\t\t<div class=\"elementor-element elementor-element-313e8066 e-con-full e-flex e-con e-parent\" data-id=\"313e8066\" data-element_type=\"container\">\n\t\t\t\t<div class=\"elementor-element elementor-element-340d251 elementor-widget elementor-widget-template\" data-id=\"340d251\" data-element_type=\"widget\" data-widget_type=\"template.default\">\n\t\t\t\t<div class=\"elementor-widget-container\">\n\t\t\t\t\t\t\t<div class=\"elementor-template\">\n\t\t\t\t\t<div data-elementor-type=\"container\" data-elementor-id=\"6563\" class=\"elementor elementor-6563\" data-elementor-post-type=\"elementor_library\">\n\t\t\t\t<div class=\"elementor-element elementor-element-6b499f1f e-con-full no-padding e-flex e-con e-parent\" data-id=\"6b499f1f\" data-element_type=\"container\">\n\t\t\t\t<div class=\"elementor-element elementor-element-1ecbb66 elementor-widget elementor-widget-template\" data-id=\"1ecbb66\" data-element_type=\"widget\" data-widget_type=\"template.default\">\n\t\t\t\t<div class=\"elementor-widget-container\">\n\t\t\t\t\t\t\t<div class=\"elementor-template\">\n\t\t\t\t\t<div data-elementor-type=\"container\" data-elementor-id=\"10099\" class=\"elementor elementor-10099\" data-elementor-post-type=\"elementor_library\">\n\t\t\t\t<div class=\"elementor-element elementor-element-45622206 white e-con-full e-flex e-con e-parent\" data-id=\"45622206\" data-element_type=\"container\" data-settings=\"{&quot;background_background&quot;:&quot;classic&quot;}\">\n\t\t\t\t<\/div>\n\t\t\t\t<\/div>\n\t\t\t\t<\/div>\n\t\t\t\t\t\t<\/div>\n\t\t\t\t<\/div>\n\t\t\t\t<\/div>\n\t\t\t\t<\/div>\n\t\t\t\t<\/div>\n\t\t\t\t\t\t<\/div>\n\t\t\t\t<\/div>\n\t\t\t\t<\/div>\n\t\t<div class=\"elementor-element elementor-element-6590a056 light e-flex e-con-boxed e-con e-parent\" data-id=\"6590a056\" data-element_type=\"container\">\n\t\t\t\t\t<div class=\"e-con-inner\">\n\t\t<div class=\"elementor-element elementor-element-2da3ffd1 e-con-full e-flex e-con e-child\" data-id=\"2da3ffd1\" data-element_type=\"container\">\n\t\t\t\t<div class=\"elementor-element elementor-element-1ea7b98b elementor-widget elementor-widget-heading\" data-id=\"1ea7b98b\" data-element_type=\"widget\" data-widget_type=\"heading.default\">\n\t\t\t\t<div class=\"elementor-widget-container\">\n\t\t\t\t\t<h1 class=\"elementor-heading-title elementor-size-default\">F\u00f6retagsprofil<\/h1>\t\t\t\t<\/div>\n\t\t\t\t<\/div>\n\t\t\t\t<\/div>\n\t\t\t\t\t<\/div>\n\t\t\t\t<\/div>\n\t\t<div class=\"elementor-element elementor-element-5b3dd45b e-flex e-con-boxed e-con e-parent\" data-id=\"5b3dd45b\" data-element_type=\"container\">\n\t\t\t\t\t<div class=\"e-con-inner\">\n\t\t<div class=\"elementor-element elementor-element-11d1c757 e-con-full e-flex e-con e-child\" data-id=\"11d1c757\" data-element_type=\"container\">\n\t\t\t\t<div class=\"elementor-element elementor-element-7d1d06e3 elementor-widget elementor-widget-text-editor\" data-id=\"7d1d06e3\" data-element_type=\"widget\" data-widget_type=\"text-editor.default\">\n\t\t\t\t<div class=\"elementor-widget-container\">\n\t\t\t\t\t\t\t\t\t<h2>Din partner inom riktad telemarketing och marknadsanalys sedan 1989<\/h2><p>Sedan Tele-Mark A\/S grundades 1989 har v\u00e5rt m\u00e5l varit att st\u00e4rka v\u00e5ra kunders position genom riktade analyser och telemarketingaktiviteter. Vi \u00e4r s\u00e4rskilt bekanta med den europeiska marknaden, men om dina projekt eller ambitioner leder till andra v\u00e4stl\u00e4nder, hanterar vi \u00e4ven det. <\/p><h3>Telemarketing<\/h3><p>P\u00e5 v\u00e5r telemarketingavdelning fokuserar vi p\u00e5 f\u00f6rs\u00e4ljningsaktiviteter p\u00e5 BB-marknaden.<\/p><p>Vi s\u00e4ljer inte era produkter men vi \u00e4r mycket skickliga n\u00e4r det g\u00e4ller att identifiera och kvalificera er m\u00e5lgrupp och inte minst etablera kontakt med nya potentiella kunder.<\/p><p>Telefonen \u00e4r oumb\u00e4rlig i v\u00e5rt dagliga arbete, men v\u00e5ra aktiviteter g\u00e5r l\u00e5ngt ut\u00f6ver det.<br> Utmaningen f\u00f6r oss \u00e4r att s\u00e4kerst\u00e4lla det mest f\u00f6rdelaktiga utnyttjandet av hela er s\u00e4ljorganisation och d\u00e4rmed st\u00e4rka er marknadsposition.<br> Vi erbjuder ett brett utbud av aktiviteter, bland annat: m\u00f6tesbokning, leadgenerering, marknadsunders\u00f6kningar, direktmarknadsf\u00f6ringsr\u00e5dgivning, direktreklamkampanjer, uppf\u00f6ljning av seminarier, uppdatering av databaser med mera.<\/p><h3>Analys<\/h3><p>I v\u00e5r analysavdelning arbetar vi med b\u00e5de BtB-marknaden och BtC-marknaden.<br> Vi arbetar f\u00f6rmodligen redan inom ert omr\u00e5de och v\u00e5r befintliga kunskap kommer att vara en f\u00f6rdel f\u00f6r er. Vi anv\u00e4nder alla typer av specialutformade analyser oavsett om ni arbetar lokalt, nationellt eller globalt. <\/p><p>Vi erbjuder dig helhetskonceptet \u2013 planering, insamling och bearbetning av all din information.<\/p><p>Genom v\u00e5ra olika analyser m\u00e4ter vi f\u00f6ljande: n\u00f6jdhet, image, kunskap, l\u00e4sarnas \u00e5sikter, krav, konkurrens, etcetera.<\/p><h3>Anst\u00e4llda<\/h3><p>Om ni v\u00e4ljer att samarbeta med Tele-Mark erbjuder vi 65 skickliga medarbetare som specialiserat sig p\u00e5 att samla in information och skapa kvalificerade kontakter p\u00e5 er marknad.<br> Tele-Marks l\u00f6sningar bygger p\u00e5 god service och professionell kompetens vilket st\u00e4rker din position genom n\u00e4ra kundrelationer.<\/p><h3>Uppdrag och vision<\/h3><p>Vi genererar marknadsinformation och kontakter av h\u00f6g kvalitet och intelligens.<br> N\u00e4r det g\u00e4ller att generera marknadsinformation vill vi vara den partner du kan f\u00f6rv\u00e4nta dig mest av.<\/p><h3>Kontakter<\/h3><p>Mads Elefsen Kudsk, f\u00f6rs\u00e4ljningschef, partner<br> Telefon<a href=\"tel:+45 70 23 72 38\" aria-label=\"Telefon nummer\">+45 70 23 72 38<\/a><br> Mejla <a href=\"mailto:mk@tele-mark.dk\">mk@tele-mark.dk<\/a><\/p>\t\t\t\t\t\t\t\t<\/div>\n\t\t\t\t<\/div>\n\t\t\t\t<\/div>\n\t\t\t\t\t<\/div>\n\t\t\t\t<\/div>\n\t\t<div class=\"elementor-element elementor-element-ba7864b e-con-full e-flex e-con e-parent\" data-id=\"ba7864b\" data-element_type=\"container\">\n\t\t\t\t<div class=\"elementor-element elementor-element-23973e8c elementor-widget elementor-widget-template\" data-id=\"23973e8c\" data-element_type=\"widget\" data-widget_type=\"template.default\">\n\t\t\t\t<div class=\"elementor-widget-container\">\n\t\t\t\t\t\t\t<div class=\"elementor-template\">\n\t\t\t\t\t<div data-elementor-type=\"container\" data-elementor-id=\"9854\" class=\"elementor elementor-9854\" data-elementor-post-type=\"elementor_library\">\n\t\t\t\t<div class=\"elementor-element elementor-element-3a5d0ade e-con-full no-padding e-flex e-con e-parent\" data-id=\"3a5d0ade\" data-element_type=\"container\">\n\t\t\t\t<div class=\"elementor-element elementor-element-7af60ea3 elementor-widget elementor-widget-template\" data-id=\"7af60ea3\" data-element_type=\"widget\" data-widget_type=\"template.default\">\n\t\t\t\t<div class=\"elementor-widget-container\">\n\t\t\t\t\t\t\t<div class=\"elementor-template\">\n\t\t\t\t\t<div data-elementor-type=\"container\" data-elementor-id=\"11011\" class=\"elementor elementor-11011 elementor-9860\" data-elementor-post-type=\"elementor_library\">\n\t\t\t\t<div class=\"elementor-element elementor-element-16e773e8 cta-footer e-flex e-con-boxed e-con e-parent\" data-id=\"16e773e8\" data-element_type=\"container\" data-settings=\"{&quot;background_background&quot;:&quot;classic&quot;}\">\n\t\t\t\t\t<div class=\"e-con-inner\">\n\t\t<div class=\"elementor-element elementor-element-13212c55 e-con-full e-flex e-con e-child\" data-id=\"13212c55\" data-element_type=\"container\">\n\t\t<div class=\"elementor-element elementor-element-66550028 e-con-full padding e-flex e-con e-child\" data-id=\"66550028\" data-element_type=\"container\" data-settings=\"{&quot;background_background&quot;:&quot;classic&quot;}\">\n\t\t\t\t<div class=\"elementor-element elementor-element-5bb0e9dd white elementor-widget elementor-widget-heading\" data-id=\"5bb0e9dd\" data-element_type=\"widget\" data-widget_type=\"heading.default\">\n\t\t\t\t<div class=\"elementor-widget-container\">\n\t\t\t\t\t<h3 class=\"elementor-heading-title elementor-size-default\">F\u00f6lj oss p\u00e5 v\u00e5ra sociala medier<\/h3>\t\t\t\t<\/div>\n\t\t\t\t<\/div>\n\t\t\t\t<div class=\"elementor-element elementor-element-266aa9b8 some elementor-widget elementor-widget-html\" data-id=\"266aa9b8\" data-element_type=\"widget\" data-widget_type=\"html.default\">\n\t\t\t\t<div class=\"elementor-widget-container\">\n\t\t\t\t\t<a href=\"https:\/\/www.facebook.com\/100027965816908\/\" target=\"_blank\" aria-label=\"F\u00f8lg os p\u00e5 Facebook\"><i class=\"fa-brands fa-facebook-f\"><\/i><\/a>\n<a href=\"https:\/\/www.linkedin.com\/company\/tele-mark-as\/\" target=\"_blank\" aria-label=\"F\u00f8lg os p\u00e5 LinkedIn\"><i class=\"fa-brands fa-linkedin-in\"><\/i><\/a>\n<a href=\"https:\/\/www.youtube.com\/channel\/UCOCM8pxrJsN78l_hIH7j7Uw\" target=\"_blank\" aria-label=\"Youtube\">\n<i class=\"fa-brands fa-youtube\"><\/i>\n<\/a>\t\t\t\t<\/div>\n\t\t\t\t<\/div>\n\t\t\t\t<\/div>\n\t\t\t\t<\/div>\n\t\t\t\t\t<\/div>\n\t\t\t\t<\/div>\n\t\t\t\t<\/div>\n\t\t\t\t<\/div>\n\t\t\t\t\t\t<\/div>\n\t\t\t\t<\/div>\n\t\t\t\t<\/div>\n\t\t\t\t<\/div>\n\t\t\t\t<\/div>\n\t\t\t\t\t\t<\/div>\n\t\t\t\t<\/div>\n\t\t\t\t<\/div>\n\t\t\t\t<\/div>\n\t\t","protected":false},"excerpt":{"rendered":"<p>F\u00f6retagsprofil Din partner inom riktad telemarketing och marknadsanalys sedan 1989 Sedan Tele-Mark A\/S grundades 1989 har v\u00e5rt m\u00e5l varit att st\u00e4rka v\u00e5ra kunders position genom riktade analyser och telemarketingaktiviteter. Vi \u00e4r s\u00e4rskilt bekanta med den europeiska marknaden, men om dina projekt eller ambitioner leder till andra v\u00e4stl\u00e4nder, hanterar vi \u00e4ven det. Telemarketing P\u00e5 v\u00e5r telemarketingavdelning &#8230; <a title=\"F\u00f6retagsprofil\" class=\"read-more\" href=\"https:\/\/tele-mark.dk\/sv\/om-oss\/foeretagsprofil\/\" aria-label=\"L\u00e4s mer om F\u00f6retagsprofil\">L\u00e4s mer<\/a><\/p>\n","protected":false},"author":5,"featured_media":0,"parent":10865,"menu_order":1010,"comment_status":"closed","ping_status":"closed","template":"","meta":{"_acf_changed":false,"footnotes":""},"categories":[],"class_list":["post-10924","page","type-page","status-publish"],"acf":[],"yoast_head":"<!-- This site is optimized with the Yoast SEO plugin v26.8 - https:\/\/yoast.com\/product\/yoast-seo-wordpress\/ -->\n<title>F\u00f6retagsprofil | Tele-Mark A\/S<\/title>\n<meta name=\"robots\" content=\"index, follow, max-snippet:-1, max-image-preview:large, max-video-preview:-1\" \/>\n<link rel=\"canonical\" href=\"https:\/\/tele-mark.dk\/sv\/?page_id=10924\" \/>\n<meta property=\"og:locale\" content=\"sv_SE\" \/>\n<meta property=\"og:type\" content=\"article\" \/>\n<meta property=\"og:title\" content=\"F\u00f6retagsprofil | Tele-Mark A\/S\" \/>\n<meta property=\"og:description\" content=\"F\u00f6retagsprofil Din partner inom riktad telemarketing och marknadsanalys sedan 1989 Sedan Tele-Mark A\/S grundades 1989 har v\u00e5rt m\u00e5l varit att st\u00e4rka v\u00e5ra kunders position genom riktade analyser och telemarketingaktiviteter. Vi \u00e4r s\u00e4rskilt bekanta med den europeiska marknaden, men om dina projekt eller ambitioner leder till andra v\u00e4stl\u00e4nder, hanterar vi \u00e4ven det. Telemarketing P\u00e5 v\u00e5r telemarketingavdelning ... L\u00e4s mer\" \/>\n<meta property=\"og:url\" content=\"https:\/\/tele-mark.dk\/sv\/?page_id=10924\" \/>\n<meta property=\"og:site_name\" content=\"Tele-Mark A\/S\" \/>\n<meta property=\"article:modified_time\" content=\"2025-09-24T07:43:22+00:00\" \/>\n<meta name=\"twitter:card\" content=\"summary_large_image\" \/>\n<meta name=\"twitter:label1\" content=\"Ber\u00e4knad l\u00e4stid\" \/>\n\t<meta name=\"twitter:data1\" content=\"2 minuter\" \/>\n<script type=\"application\/ld+json\" class=\"yoast-schema-graph\">{\"@context\":\"https:\/\/schema.org\",\"@graph\":[{\"@type\":\"WebPage\",\"@id\":\"https:\/\/tele-mark.dk\/sv\/?page_id=10924\",\"url\":\"https:\/\/tele-mark.dk\/sv\/?page_id=10924\",\"name\":\"F\u00f6retagsprofil | Tele-Mark A\/S\",\"isPartOf\":{\"@id\":\"https:\/\/tele-mark.dk\/#website\"},\"datePublished\":\"2025-03-25T11:56:27+00:00\",\"dateModified\":\"2025-09-24T07:43:22+00:00\",\"breadcrumb\":{\"@id\":\"https:\/\/tele-mark.dk\/sv\/?page_id=10924#breadcrumb\"},\"inLanguage\":\"sv-SE\",\"potentialAction\":[{\"@type\":\"ReadAction\",\"target\":[\"https:\/\/tele-mark.dk\/sv\/?page_id=10924\"]}]},{\"@type\":\"BreadcrumbList\",\"@id\":\"https:\/\/tele-mark.dk\/sv\/?page_id=10924#breadcrumb\",\"itemListElement\":[{\"@type\":\"ListItem\",\"position\":1,\"name\":\"Forside\",\"item\":\"https:\/\/tele-mark.dk\/sv\/?page_id=10827\"},{\"@type\":\"ListItem\",\"position\":2,\"name\":\"Om oss\",\"item\":\"https:\/\/tele-mark.dk\/sv\/?page_id=10865\"},{\"@type\":\"ListItem\",\"position\":3,\"name\":\"F\u00f6retagsprofil\"}]},{\"@type\":\"WebSite\",\"@id\":\"https:\/\/tele-mark.dk\/#website\",\"url\":\"https:\/\/tele-mark.dk\/\",\"name\":\"Tele-Mark A\/S\",\"description\":\"Telemarketingbyr\u00e5 \u200b\u200bf\u00f6r Danmark, Norden, Europa och hela v\u00e4rlden\",\"publisher\":{\"@id\":\"https:\/\/tele-mark.dk\/#organization\"},\"potentialAction\":[{\"@type\":\"SearchAction\",\"target\":{\"@type\":\"EntryPoint\",\"urlTemplate\":\"https:\/\/tele-mark.dk\/?s={search_term_string}\"},\"query-input\":{\"@type\":\"PropertyValueSpecification\",\"valueRequired\":true,\"valueName\":\"search_term_string\"}}],\"inLanguage\":\"sv-SE\"},{\"@type\":\"Organization\",\"@id\":\"https:\/\/tele-mark.dk\/#organization\",\"name\":\"Tele-Mark A\/S\",\"url\":\"https:\/\/tele-mark.dk\/\",\"logo\":{\"@type\":\"ImageObject\",\"inLanguage\":\"sv-SE\",\"@id\":\"https:\/\/tele-mark.dk\/#\/schema\/logo\/image\/\",\"url\":\"https:\/\/tele-mark.dk\/wp-content\/uploads\/2025\/03\/Nyt-logo.svg\",\"contentUrl\":\"https:\/\/tele-mark.dk\/wp-content\/uploads\/2025\/03\/Nyt-logo.svg\",\"width\":433,\"height\":161,\"caption\":\"Tele-Mark A\/S\"},\"image\":{\"@id\":\"https:\/\/tele-mark.dk\/#\/schema\/logo\/image\/\"}}]}<\/script>\n<!-- \/ Yoast SEO plugin. -->","yoast_head_json":{"title":"F\u00f6retagsprofil | Tele-Mark A\/S","robots":{"index":"index","follow":"follow","max-snippet":"max-snippet:-1","max-image-preview":"max-image-preview:large","max-video-preview":"max-video-preview:-1"},"canonical":"https:\/\/tele-mark.dk\/sv\/?page_id=10924","og_locale":"sv_SE","og_type":"article","og_title":"F\u00f6retagsprofil | Tele-Mark A\/S","og_description":"F\u00f6retagsprofil Din partner inom riktad telemarketing och marknadsanalys sedan 1989 Sedan Tele-Mark A\/S grundades 1989 har v\u00e5rt m\u00e5l varit att st\u00e4rka v\u00e5ra kunders position genom riktade analyser och telemarketingaktiviteter. Vi \u00e4r s\u00e4rskilt bekanta med den europeiska marknaden, men om dina projekt eller ambitioner leder till andra v\u00e4stl\u00e4nder, hanterar vi \u00e4ven det. Telemarketing P\u00e5 v\u00e5r telemarketingavdelning ... L\u00e4s mer","og_url":"https:\/\/tele-mark.dk\/sv\/?page_id=10924","og_site_name":"Tele-Mark A\/S","article_modified_time":"2025-09-24T07:43:22+00:00","twitter_card":"summary_large_image","twitter_misc":{"Ber\u00e4knad l\u00e4stid":"2 minuter"},"schema":{"@context":"https:\/\/schema.org","@graph":[{"@type":"WebPage","@id":"https:\/\/tele-mark.dk\/sv\/?page_id=10924","url":"https:\/\/tele-mark.dk\/sv\/?page_id=10924","name":"F\u00f6retagsprofil | Tele-Mark A\/S","isPartOf":{"@id":"https:\/\/tele-mark.dk\/#website"},"datePublished":"2025-03-25T11:56:27+00:00","dateModified":"2025-09-24T07:43:22+00:00","breadcrumb":{"@id":"https:\/\/tele-mark.dk\/sv\/?page_id=10924#breadcrumb"},"inLanguage":"sv-SE","potentialAction":[{"@type":"ReadAction","target":["https:\/\/tele-mark.dk\/sv\/?page_id=10924"]}]},{"@type":"BreadcrumbList","@id":"https:\/\/tele-mark.dk\/sv\/?page_id=10924#breadcrumb","itemListElement":[{"@type":"ListItem","position":1,"name":"Forside","item":"https:\/\/tele-mark.dk\/sv\/?page_id=10827"},{"@type":"ListItem","position":2,"name":"Om oss","item":"https:\/\/tele-mark.dk\/sv\/?page_id=10865"},{"@type":"ListItem","position":3,"name":"F\u00f6retagsprofil"}]},{"@type":"WebSite","@id":"https:\/\/tele-mark.dk\/#website","url":"https:\/\/tele-mark.dk\/","name":"Tele-Mark A\/S","description":"Telemarketingbyr\u00e5 \u200b\u200bf\u00f6r Danmark, Norden, Europa och hela v\u00e4rlden","publisher":{"@id":"https:\/\/tele-mark.dk\/#organization"},"potentialAction":[{"@type":"SearchAction","target":{"@type":"EntryPoint","urlTemplate":"https:\/\/tele-mark.dk\/?s={search_term_string}"},"query-input":{"@type":"PropertyValueSpecification","valueRequired":true,"valueName":"search_term_string"}}],"inLanguage":"sv-SE"},{"@type":"Organization","@id":"https:\/\/tele-mark.dk\/#organization","name":"Tele-Mark A\/S","url":"https:\/\/tele-mark.dk\/","logo":{"@type":"ImageObject","inLanguage":"sv-SE","@id":"https:\/\/tele-mark.dk\/#\/schema\/logo\/image\/","url":"https:\/\/tele-mark.dk\/wp-content\/uploads\/2025\/03\/Nyt-logo.svg","contentUrl":"https:\/\/tele-mark.dk\/wp-content\/uploads\/2025\/03\/Nyt-logo.svg","width":433,"height":161,"caption":"Tele-Mark A\/S"},"image":{"@id":"https:\/\/tele-mark.dk\/#\/schema\/logo\/image\/"}}]}},"_links":{"self":[{"href":"https:\/\/tele-mark.dk\/sv\/wp-json\/wp\/v2\/pages\/10924","targetHints":{"allow":["GET"]}}],"collection":[{"href":"https:\/\/tele-mark.dk\/sv\/wp-json\/wp\/v2\/pages"}],"about":[{"href":"https:\/\/tele-mark.dk\/sv\/wp-json\/wp\/v2\/types\/page"}],"author":[{"embeddable":true,"href":"https:\/\/tele-mark.dk\/sv\/wp-json\/wp\/v2\/users\/5"}],"replies":[{"embeddable":true,"href":"https:\/\/tele-mark.dk\/sv\/wp-json\/wp\/v2\/comments?post=10924"}],"version-history":[{"count":2,"href":"https:\/\/tele-mark.dk\/sv\/wp-json\/wp\/v2\/pages\/10924\/revisions"}],"predecessor-version":[{"id":10928,"href":"https:\/\/tele-mark.dk\/sv\/wp-json\/wp\/v2\/pages\/10924\/revisions\/10928"}],"up":[{"embeddable":true,"href":"https:\/\/tele-mark.dk\/sv\/wp-json\/wp\/v2\/pages\/10865"}],"wp:attachment":[{"href":"https:\/\/tele-mark.dk\/sv\/wp-json\/wp\/v2\/media?parent=10924"}],"wp:term":[{"taxonomy":"category","embeddable":true,"href":"https:\/\/tele-mark.dk\/sv\/wp-json\/wp\/v2\/categories?post=10924"}],"curies":[{"name":"wp","href":"https:\/\/api.w.org\/{rel}","templated":true}]}}