{"id":10873,"date":"2025-03-25T12:56:27","date_gmt":"2025-03-25T11:56:27","guid":{"rendered":"https:\/\/tele-mark.dk\/marknadsanalys\/"},"modified":"2025-09-24T09:42:36","modified_gmt":"2025-09-24T07:42:36","slug":"marknadsanalys","status":"publish","type":"page","link":"https:\/\/tele-mark.dk\/sv\/marknadsanalys\/","title":{"rendered":"Marknadsanalys"},"content":{"rendered":"\t\t<div data-elementor-type=\"wp-page\" data-elementor-id=\"10873\" class=\"elementor elementor-10873 elementor-9403\" data-elementor-post-type=\"page\">\n\t\t\t\t<div class=\"elementor-element elementor-element-59c4bdd5 e-con-full e-flex e-con e-parent\" data-id=\"59c4bdd5\" data-element_type=\"container\">\n\t\t\t\t<div class=\"elementor-element elementor-element-2852c633 elementor-widget elementor-widget-template\" data-id=\"2852c633\" data-element_type=\"widget\" data-widget_type=\"template.default\">\n\t\t\t\t<div class=\"elementor-widget-container\">\n\t\t\t\t\t\t\t<div class=\"elementor-template\">\n\t\t\t\t\t<div data-elementor-type=\"container\" data-elementor-id=\"6563\" class=\"elementor elementor-6563\" data-elementor-post-type=\"elementor_library\">\n\t\t\t\t<div class=\"elementor-element elementor-element-6b499f1f e-con-full no-padding e-flex e-con e-parent\" data-id=\"6b499f1f\" data-element_type=\"container\">\n\t\t\t\t<div class=\"elementor-element elementor-element-1ecbb66 elementor-widget elementor-widget-template\" data-id=\"1ecbb66\" data-element_type=\"widget\" data-widget_type=\"template.default\">\n\t\t\t\t<div class=\"elementor-widget-container\">\n\t\t\t\t\t\t\t<div class=\"elementor-template\">\n\t\t\t\t\t<div data-elementor-type=\"container\" data-elementor-id=\"10099\" class=\"elementor elementor-10099\" data-elementor-post-type=\"elementor_library\">\n\t\t\t\t<div class=\"elementor-element elementor-element-45622206 white e-con-full e-flex e-con e-parent\" data-id=\"45622206\" data-element_type=\"container\" data-settings=\"{&quot;background_background&quot;:&quot;classic&quot;}\">\n\t\t\t\t<\/div>\n\t\t\t\t<\/div>\n\t\t\t\t<\/div>\n\t\t\t\t\t\t<\/div>\n\t\t\t\t<\/div>\n\t\t\t\t<\/div>\n\t\t\t\t<\/div>\n\t\t\t\t<\/div>\n\t\t\t\t\t\t<\/div>\n\t\t\t\t<\/div>\n\t\t\t\t<\/div>\n\t\t<div class=\"elementor-element elementor-element-dc124e light e-flex e-con-boxed e-con e-parent\" data-id=\"dc124e\" data-element_type=\"container\">\n\t\t\t\t\t<div class=\"e-con-inner\">\n\t\t<div class=\"elementor-element elementor-element-5c6f01b0 e-con-full e-flex e-con e-child\" data-id=\"5c6f01b0\" data-element_type=\"container\">\n\t\t\t\t<div class=\"elementor-element elementor-element-48e259f1 elementor-widget elementor-widget-heading\" data-id=\"48e259f1\" data-element_type=\"widget\" data-widget_type=\"heading.default\">\n\t\t\t\t<div class=\"elementor-widget-container\">\n\t\t\t\t\t<h1 class=\"elementor-heading-title elementor-size-default\">Marknadsanalys<\/h1>\t\t\t\t<\/div>\n\t\t\t\t<\/div>\n\t\t\t\t<\/div>\n\t\t<div class=\"elementor-element elementor-element-5b1490a0 e-con-full e-flex e-con e-child\" data-id=\"5b1490a0\" data-element_type=\"container\">\n\t\t\t\t<div class=\"elementor-element elementor-element-330e7de3 elementor-widget elementor-widget-text-editor\" data-id=\"330e7de3\" data-element_type=\"widget\" data-widget_type=\"text-editor.default\">\n\t\t\t\t<div class=\"elementor-widget-container\">\n\t\t\t\t\t\t\t\t\t<p>Viktiga strategiska beslut m\u00e5ste fattas p\u00e5 en v\u00e4lgrundad grund. Detta g\u00e4ller n\u00e4r du beh\u00f6ver s\u00e4kerst\u00e4lla att dina kunder \u00e4r n\u00f6jda, n\u00e4r du beh\u00f6ver introducera en ny produkt eller bearbeta en ny marknad, och n\u00e4r du beh\u00f6ver positionera dig i f\u00f6rh\u00e5llande till dina konkurrenter. <\/p>\t\t\t\t\t\t\t\t<\/div>\n\t\t\t\t<\/div>\n\t\t\t\t<\/div>\n\t\t\t\t\t<\/div>\n\t\t\t\t<\/div>\n\t\t<div class=\"elementor-element elementor-element-2ad21a03 e-flex e-con-boxed e-con e-parent\" data-id=\"2ad21a03\" data-element_type=\"container\">\n\t\t\t\t\t<div class=\"e-con-inner\">\n\t\t<div class=\"elementor-element elementor-element-40e3e4b3 e-con-full e-flex e-con e-child\" data-id=\"40e3e4b3\" data-element_type=\"container\">\n\t\t\t\t<div class=\"elementor-element elementor-element-6b0df583 elementor-widget elementor-widget-text-editor\" data-id=\"6b0df583\" data-element_type=\"widget\" data-widget_type=\"text-editor.default\">\n\t\t\t\t<div class=\"elementor-widget-container\">\n\t\t\t\t\t\t\t\t\t<h2>Tele-Mark A\/S \u00e4r experter p\u00e5 marknadsanalyser skr\u00e4ddarsydda efter dina behov.<\/h2><h3>Bland de typiska analysuppgifterna hittar du.<\/h3><ul><li><strong>Kundn\u00f6jdhetsanalys<\/strong> \u2013 undvik att kunder pl\u00f6tsligt f\u00f6rsvinner, k\u00e4nn till dina kunders f\u00f6rv\u00e4ntningar och ligg steget f\u00f6re nya trender.<\/li><li><strong>Behovsanalys<\/strong> \u2013 uppt\u00e4ck potentialen hos en ny produkt eller ny marknad, s\u00e4tt en realistisk marknadsandel i siffror och f\u00e5 en bra grund f\u00f6r att distribuera dina marknadsf\u00f6ringsaktiviteter.<\/li><li><strong>Konkurrentanalys<\/strong> \u2013 f\u00e5 svar p\u00e5 varf\u00f6r kunder v\u00e4ljer konkurrenten och hur de betygs\u00e4tter dig i f\u00f6rh\u00e5llande till dina konkurrenter.<\/li><li><strong>Konsumentanalys<\/strong> \u2013 anv\u00e4nd Tele-Marks erfarenhet av l\u00f6pande konsumentanalys p\u00e5 den europeiska marknaden f\u00f6r att f\u00e5 dokumenterad kunskap om konsumentbeteende och attityder.<\/li><li><strong>L\u00e4saranalys<\/strong> \u2013 st\u00e4rk din f\u00f6rs\u00e4ljning till annons\u00f6rer med dokumenterad kunskap om annonsers effekt och om l\u00e4sarnas \u00f6nskem\u00e5l och beteende.<\/li><\/ul>\t\t\t\t\t\t\t\t<\/div>\n\t\t\t\t<\/div>\n\t\t\t\t<\/div>\n\t\t<div class=\"elementor-element elementor-element-54315d80 e-con-full e-flex e-con e-child\" data-id=\"54315d80\" data-element_type=\"container\">\n\t\t\t\t<div class=\"elementor-element elementor-element-f306860 elementor-widget elementor-widget-text-editor\" data-id=\"f306860\" data-element_type=\"widget\" data-widget_type=\"text-editor.default\">\n\t\t\t\t<div class=\"elementor-widget-container\">\n\t\t\t\t\t\t\t\t\t<h3>Lokal och global marknadsanalys \u2013 skr\u00e4ddarsydd efter dina behov<\/h3><p>Tele-Mark har \u00f6ver 20 \u00e5rs erfarenhet av marknadsanalyser p\u00e5 lokala, nationella och internationella marknader \u2013 b\u00e5de B2B och B2C. Oavsett var dina nuvarande och potentiella kunder befinner sig kan vi ge dig insikt i hur de t\u00e4nker med en marknadsanalys. <\/p><p>Tele-Mark kan erbjuda dig en helhetsl\u00f6sning d\u00e4r v\u00e5ra marknadsanalyskonsulter planerar analysen, inh\u00e4mtar relevant information, bearbetar den och levererar en omfattande rapport som du enkelt och effektivt kan anv\u00e4nda i ditt strategiska s\u00e4ljarbete.<\/p><p>Om du vill genomf\u00f6ra analysen sj\u00e4lv kan Tele-Mark vara din partner i datainsamlingen, och p\u00e5 s\u00e5 s\u00e4tt kan v\u00e5ra marknadsanalyser anpassas till dina behov och ambitionsniv\u00e5.<\/p>\t\t\t\t\t\t\t\t<\/div>\n\t\t\t\t<\/div>\n\t\t\t\t<\/div>\n\t\t\t\t\t<\/div>\n\t\t\t\t<\/div>\n\t\t<div class=\"elementor-element elementor-element-2e50da55 e-con-full e-flex e-con e-parent\" data-id=\"2e50da55\" data-element_type=\"container\">\n\t\t\t\t<div class=\"elementor-element elementor-element-4ce792c8 elementor-widget elementor-widget-template\" data-id=\"4ce792c8\" data-element_type=\"widget\" data-widget_type=\"template.default\">\n\t\t\t\t<div class=\"elementor-widget-container\">\n\t\t\t\t\t\t\t<div class=\"elementor-template\">\n\t\t\t\t\t<div data-elementor-type=\"container\" data-elementor-id=\"9854\" class=\"elementor elementor-9854\" data-elementor-post-type=\"elementor_library\">\n\t\t\t\t<div class=\"elementor-element elementor-element-3a5d0ade e-con-full no-padding e-flex e-con e-parent\" data-id=\"3a5d0ade\" data-element_type=\"container\">\n\t\t\t\t<div class=\"elementor-element elementor-element-7af60ea3 elementor-widget elementor-widget-template\" data-id=\"7af60ea3\" data-element_type=\"widget\" data-widget_type=\"template.default\">\n\t\t\t\t<div class=\"elementor-widget-container\">\n\t\t\t\t\t\t\t<div class=\"elementor-template\">\n\t\t\t\t\t<div data-elementor-type=\"container\" data-elementor-id=\"11011\" class=\"elementor elementor-11011 elementor-9860\" data-elementor-post-type=\"elementor_library\">\n\t\t\t\t<div class=\"elementor-element elementor-element-16e773e8 cta-footer e-flex e-con-boxed e-con e-parent\" data-id=\"16e773e8\" data-element_type=\"container\" data-settings=\"{&quot;background_background&quot;:&quot;classic&quot;}\">\n\t\t\t\t\t<div class=\"e-con-inner\">\n\t\t<div class=\"elementor-element elementor-element-13212c55 e-con-full e-flex e-con e-child\" data-id=\"13212c55\" data-element_type=\"container\">\n\t\t<div class=\"elementor-element elementor-element-66550028 e-con-full padding e-flex e-con e-child\" data-id=\"66550028\" data-element_type=\"container\" data-settings=\"{&quot;background_background&quot;:&quot;classic&quot;}\">\n\t\t\t\t<div class=\"elementor-element elementor-element-5bb0e9dd white elementor-widget elementor-widget-heading\" data-id=\"5bb0e9dd\" data-element_type=\"widget\" data-widget_type=\"heading.default\">\n\t\t\t\t<div class=\"elementor-widget-container\">\n\t\t\t\t\t<h3 class=\"elementor-heading-title elementor-size-default\">F\u00f6lj oss p\u00e5 v\u00e5ra sociala medier<\/h3>\t\t\t\t<\/div>\n\t\t\t\t<\/div>\n\t\t\t\t<div class=\"elementor-element elementor-element-266aa9b8 some elementor-widget elementor-widget-html\" data-id=\"266aa9b8\" data-element_type=\"widget\" data-widget_type=\"html.default\">\n\t\t\t\t<div class=\"elementor-widget-container\">\n\t\t\t\t\t<a href=\"https:\/\/www.facebook.com\/100027965816908\/\" target=\"_blank\" aria-label=\"F\u00f8lg os p\u00e5 Facebook\"><i class=\"fa-brands fa-facebook-f\"><\/i><\/a>\n<a href=\"https:\/\/www.linkedin.com\/company\/tele-mark-as\/\" target=\"_blank\" aria-label=\"F\u00f8lg os p\u00e5 LinkedIn\"><i class=\"fa-brands fa-linkedin-in\"><\/i><\/a>\n<a href=\"https:\/\/www.youtube.com\/channel\/UCOCM8pxrJsN78l_hIH7j7Uw\" target=\"_blank\" aria-label=\"Youtube\">\n<i class=\"fa-brands fa-youtube\"><\/i>\n<\/a>\t\t\t\t<\/div>\n\t\t\t\t<\/div>\n\t\t\t\t<\/div>\n\t\t\t\t<\/div>\n\t\t\t\t\t<\/div>\n\t\t\t\t<\/div>\n\t\t\t\t<\/div>\n\t\t\t\t<\/div>\n\t\t\t\t\t\t<\/div>\n\t\t\t\t<\/div>\n\t\t\t\t<\/div>\n\t\t\t\t<\/div>\n\t\t\t\t<\/div>\n\t\t\t\t\t\t<\/div>\n\t\t\t\t<\/div>\n\t\t\t\t<\/div>\n\t\t\t\t<\/div>\n\t\t","protected":false},"excerpt":{"rendered":"<p>Marknadsanalys Viktiga strategiska beslut m\u00e5ste fattas p\u00e5 en v\u00e4lgrundad grund. Detta g\u00e4ller n\u00e4r du beh\u00f6ver s\u00e4kerst\u00e4lla att dina kunder \u00e4r n\u00f6jda, n\u00e4r du beh\u00f6ver introducera en ny produkt eller bearbeta en ny marknad, och n\u00e4r du beh\u00f6ver positionera dig i f\u00f6rh\u00e5llande till dina konkurrenter. Tele-Mark A\/S \u00e4r experter p\u00e5 marknadsanalyser skr\u00e4ddarsydda efter dina behov. Bland &#8230; <a title=\"Marknadsanalys\" class=\"read-more\" href=\"https:\/\/tele-mark.dk\/sv\/marknadsanalys\/\" aria-label=\"L\u00e4s mer om Marknadsanalys\">L\u00e4s mer<\/a><\/p>\n","protected":false},"author":5,"featured_media":0,"parent":0,"menu_order":1003,"comment_status":"closed","ping_status":"closed","template":"","meta":{"_acf_changed":false,"footnotes":""},"categories":[],"class_list":["post-10873","page","type-page","status-publish"],"acf":[],"yoast_head":"<!-- This site is optimized with the Yoast SEO plugin v26.8 - https:\/\/yoast.com\/product\/yoast-seo-wordpress\/ -->\n<title>Marknadsanalys | Tele-Mark A\/S<\/title>\n<meta name=\"robots\" content=\"index, follow, max-snippet:-1, max-image-preview:large, max-video-preview:-1\" \/>\n<link rel=\"canonical\" href=\"https:\/\/tele-mark.dk\/sv\/?page_id=10873\" \/>\n<meta property=\"og:locale\" content=\"sv_SE\" \/>\n<meta property=\"og:type\" content=\"article\" \/>\n<meta property=\"og:title\" content=\"Marknadsanalys | Tele-Mark A\/S\" \/>\n<meta property=\"og:description\" content=\"Marknadsanalys Viktiga strategiska beslut m\u00e5ste fattas p\u00e5 en v\u00e4lgrundad grund. Detta g\u00e4ller n\u00e4r du beh\u00f6ver s\u00e4kerst\u00e4lla att dina kunder \u00e4r n\u00f6jda, n\u00e4r du beh\u00f6ver introducera en ny produkt eller bearbeta en ny marknad, och n\u00e4r du beh\u00f6ver positionera dig i f\u00f6rh\u00e5llande till dina konkurrenter. Tele-Mark A\/S \u00e4r experter p\u00e5 marknadsanalyser skr\u00e4ddarsydda efter dina behov. Bland ... L\u00e4s mer\" \/>\n<meta property=\"og:url\" content=\"https:\/\/tele-mark.dk\/sv\/?page_id=10873\" \/>\n<meta property=\"og:site_name\" content=\"Tele-Mark A\/S\" \/>\n<meta property=\"article:modified_time\" content=\"2025-09-24T07:42:36+00:00\" \/>\n<meta name=\"twitter:card\" content=\"summary_large_image\" \/>\n<meta name=\"twitter:label1\" content=\"Ber\u00e4knad l\u00e4stid\" \/>\n\t<meta name=\"twitter:data1\" content=\"2 minuter\" \/>\n<script type=\"application\/ld+json\" class=\"yoast-schema-graph\">{\"@context\":\"https:\/\/schema.org\",\"@graph\":[{\"@type\":\"WebPage\",\"@id\":\"https:\/\/tele-mark.dk\/sv\/?page_id=10873\",\"url\":\"https:\/\/tele-mark.dk\/sv\/?page_id=10873\",\"name\":\"Marknadsanalys | Tele-Mark A\/S\",\"isPartOf\":{\"@id\":\"https:\/\/tele-mark.dk\/#website\"},\"datePublished\":\"2025-03-25T11:56:27+00:00\",\"dateModified\":\"2025-09-24T07:42:36+00:00\",\"breadcrumb\":{\"@id\":\"https:\/\/tele-mark.dk\/sv\/?page_id=10873#breadcrumb\"},\"inLanguage\":\"sv-SE\",\"potentialAction\":[{\"@type\":\"ReadAction\",\"target\":[\"https:\/\/tele-mark.dk\/sv\/?page_id=10873\"]}]},{\"@type\":\"BreadcrumbList\",\"@id\":\"https:\/\/tele-mark.dk\/sv\/?page_id=10873#breadcrumb\",\"itemListElement\":[{\"@type\":\"ListItem\",\"position\":1,\"name\":\"Forside\",\"item\":\"https:\/\/tele-mark.dk\/sv\/?page_id=10827\"},{\"@type\":\"ListItem\",\"position\":2,\"name\":\"Marknadsanalys\"}]},{\"@type\":\"WebSite\",\"@id\":\"https:\/\/tele-mark.dk\/#website\",\"url\":\"https:\/\/tele-mark.dk\/\",\"name\":\"Tele-Mark A\/S\",\"description\":\"Telemarketingbyr\u00e5 \u200b\u200bf\u00f6r Danmark, Norden, Europa och hela v\u00e4rlden\",\"publisher\":{\"@id\":\"https:\/\/tele-mark.dk\/#organization\"},\"potentialAction\":[{\"@type\":\"SearchAction\",\"target\":{\"@type\":\"EntryPoint\",\"urlTemplate\":\"https:\/\/tele-mark.dk\/?s={search_term_string}\"},\"query-input\":{\"@type\":\"PropertyValueSpecification\",\"valueRequired\":true,\"valueName\":\"search_term_string\"}}],\"inLanguage\":\"sv-SE\"},{\"@type\":\"Organization\",\"@id\":\"https:\/\/tele-mark.dk\/#organization\",\"name\":\"Tele-Mark A\/S\",\"url\":\"https:\/\/tele-mark.dk\/\",\"logo\":{\"@type\":\"ImageObject\",\"inLanguage\":\"sv-SE\",\"@id\":\"https:\/\/tele-mark.dk\/#\/schema\/logo\/image\/\",\"url\":\"https:\/\/tele-mark.dk\/wp-content\/uploads\/2025\/03\/Nyt-logo.svg\",\"contentUrl\":\"https:\/\/tele-mark.dk\/wp-content\/uploads\/2025\/03\/Nyt-logo.svg\",\"width\":433,\"height\":161,\"caption\":\"Tele-Mark A\/S\"},\"image\":{\"@id\":\"https:\/\/tele-mark.dk\/#\/schema\/logo\/image\/\"}}]}<\/script>\n<!-- \/ Yoast SEO plugin. -->","yoast_head_json":{"title":"Marknadsanalys | Tele-Mark A\/S","robots":{"index":"index","follow":"follow","max-snippet":"max-snippet:-1","max-image-preview":"max-image-preview:large","max-video-preview":"max-video-preview:-1"},"canonical":"https:\/\/tele-mark.dk\/sv\/?page_id=10873","og_locale":"sv_SE","og_type":"article","og_title":"Marknadsanalys | Tele-Mark A\/S","og_description":"Marknadsanalys Viktiga strategiska beslut m\u00e5ste fattas p\u00e5 en v\u00e4lgrundad grund. Detta g\u00e4ller n\u00e4r du beh\u00f6ver s\u00e4kerst\u00e4lla att dina kunder \u00e4r n\u00f6jda, n\u00e4r du beh\u00f6ver introducera en ny produkt eller bearbeta en ny marknad, och n\u00e4r du beh\u00f6ver positionera dig i f\u00f6rh\u00e5llande till dina konkurrenter. Tele-Mark A\/S \u00e4r experter p\u00e5 marknadsanalyser skr\u00e4ddarsydda efter dina behov. Bland ... L\u00e4s mer","og_url":"https:\/\/tele-mark.dk\/sv\/?page_id=10873","og_site_name":"Tele-Mark A\/S","article_modified_time":"2025-09-24T07:42:36+00:00","twitter_card":"summary_large_image","twitter_misc":{"Ber\u00e4knad l\u00e4stid":"2 minuter"},"schema":{"@context":"https:\/\/schema.org","@graph":[{"@type":"WebPage","@id":"https:\/\/tele-mark.dk\/sv\/?page_id=10873","url":"https:\/\/tele-mark.dk\/sv\/?page_id=10873","name":"Marknadsanalys | Tele-Mark A\/S","isPartOf":{"@id":"https:\/\/tele-mark.dk\/#website"},"datePublished":"2025-03-25T11:56:27+00:00","dateModified":"2025-09-24T07:42:36+00:00","breadcrumb":{"@id":"https:\/\/tele-mark.dk\/sv\/?page_id=10873#breadcrumb"},"inLanguage":"sv-SE","potentialAction":[{"@type":"ReadAction","target":["https:\/\/tele-mark.dk\/sv\/?page_id=10873"]}]},{"@type":"BreadcrumbList","@id":"https:\/\/tele-mark.dk\/sv\/?page_id=10873#breadcrumb","itemListElement":[{"@type":"ListItem","position":1,"name":"Forside","item":"https:\/\/tele-mark.dk\/sv\/?page_id=10827"},{"@type":"ListItem","position":2,"name":"Marknadsanalys"}]},{"@type":"WebSite","@id":"https:\/\/tele-mark.dk\/#website","url":"https:\/\/tele-mark.dk\/","name":"Tele-Mark A\/S","description":"Telemarketingbyr\u00e5 \u200b\u200bf\u00f6r Danmark, Norden, Europa och hela v\u00e4rlden","publisher":{"@id":"https:\/\/tele-mark.dk\/#organization"},"potentialAction":[{"@type":"SearchAction","target":{"@type":"EntryPoint","urlTemplate":"https:\/\/tele-mark.dk\/?s={search_term_string}"},"query-input":{"@type":"PropertyValueSpecification","valueRequired":true,"valueName":"search_term_string"}}],"inLanguage":"sv-SE"},{"@type":"Organization","@id":"https:\/\/tele-mark.dk\/#organization","name":"Tele-Mark A\/S","url":"https:\/\/tele-mark.dk\/","logo":{"@type":"ImageObject","inLanguage":"sv-SE","@id":"https:\/\/tele-mark.dk\/#\/schema\/logo\/image\/","url":"https:\/\/tele-mark.dk\/wp-content\/uploads\/2025\/03\/Nyt-logo.svg","contentUrl":"https:\/\/tele-mark.dk\/wp-content\/uploads\/2025\/03\/Nyt-logo.svg","width":433,"height":161,"caption":"Tele-Mark A\/S"},"image":{"@id":"https:\/\/tele-mark.dk\/#\/schema\/logo\/image\/"}}]}},"_links":{"self":[{"href":"https:\/\/tele-mark.dk\/sv\/wp-json\/wp\/v2\/pages\/10873","targetHints":{"allow":["GET"]}}],"collection":[{"href":"https:\/\/tele-mark.dk\/sv\/wp-json\/wp\/v2\/pages"}],"about":[{"href":"https:\/\/tele-mark.dk\/sv\/wp-json\/wp\/v2\/types\/page"}],"author":[{"embeddable":true,"href":"https:\/\/tele-mark.dk\/sv\/wp-json\/wp\/v2\/users\/5"}],"replies":[{"embeddable":true,"href":"https:\/\/tele-mark.dk\/sv\/wp-json\/wp\/v2\/comments?post=10873"}],"version-history":[{"count":2,"href":"https:\/\/tele-mark.dk\/sv\/wp-json\/wp\/v2\/pages\/10873\/revisions"}],"predecessor-version":[{"id":10878,"href":"https:\/\/tele-mark.dk\/sv\/wp-json\/wp\/v2\/pages\/10873\/revisions\/10878"}],"wp:attachment":[{"href":"https:\/\/tele-mark.dk\/sv\/wp-json\/wp\/v2\/media?parent=10873"}],"wp:term":[{"taxonomy":"category","embeddable":true,"href":"https:\/\/tele-mark.dk\/sv\/wp-json\/wp\/v2\/categories?post=10873"}],"curies":[{"name":"wp","href":"https:\/\/api.w.org\/{rel}","templated":true}]}}