{"id":10807,"date":"2025-03-25T12:56:27","date_gmt":"2025-03-25T11:56:27","guid":{"rendered":"https:\/\/tele-mark.dk\/lead-nurturing\/"},"modified":"2025-09-24T09:42:34","modified_gmt":"2025-09-24T07:42:34","slug":"lead-nurturing","status":"publish","type":"page","link":"https:\/\/tele-mark.dk\/sv\/telemarketing\/lead-nurturing\/","title":{"rendered":"Lead nurturing"},"content":{"rendered":"\t\t<div data-elementor-type=\"wp-page\" data-elementor-id=\"10807\" class=\"elementor elementor-10807 elementor-9412\" data-elementor-post-type=\"page\">\n\t\t\t\t<div class=\"elementor-element elementor-element-38cfb128 e-con-full e-flex e-con e-parent\" data-id=\"38cfb128\" data-element_type=\"container\">\n\t\t\t\t<div class=\"elementor-element elementor-element-797ba559 elementor-widget elementor-widget-template\" data-id=\"797ba559\" data-element_type=\"widget\" data-widget_type=\"template.default\">\n\t\t\t\t<div class=\"elementor-widget-container\">\n\t\t\t\t\t\t\t<div class=\"elementor-template\">\n\t\t\t\t\t<div data-elementor-type=\"container\" data-elementor-id=\"6563\" class=\"elementor elementor-6563\" data-elementor-post-type=\"elementor_library\">\n\t\t\t\t<div class=\"elementor-element elementor-element-6b499f1f e-con-full no-padding e-flex e-con e-parent\" data-id=\"6b499f1f\" data-element_type=\"container\">\n\t\t\t\t<div class=\"elementor-element elementor-element-1ecbb66 elementor-widget elementor-widget-template\" data-id=\"1ecbb66\" data-element_type=\"widget\" data-widget_type=\"template.default\">\n\t\t\t\t<div class=\"elementor-widget-container\">\n\t\t\t\t\t\t\t<div class=\"elementor-template\">\n\t\t\t\t\t<div data-elementor-type=\"container\" data-elementor-id=\"10099\" class=\"elementor elementor-10099\" data-elementor-post-type=\"elementor_library\">\n\t\t\t\t<div class=\"elementor-element elementor-element-45622206 white e-con-full e-flex e-con e-parent\" data-id=\"45622206\" data-element_type=\"container\" data-settings=\"{&quot;background_background&quot;:&quot;classic&quot;}\">\n\t\t\t\t<\/div>\n\t\t\t\t<\/div>\n\t\t\t\t<\/div>\n\t\t\t\t\t\t<\/div>\n\t\t\t\t<\/div>\n\t\t\t\t<\/div>\n\t\t\t\t<\/div>\n\t\t\t\t<\/div>\n\t\t\t\t\t\t<\/div>\n\t\t\t\t<\/div>\n\t\t\t\t<\/div>\n\t\t<div class=\"elementor-element elementor-element-1a657602 light e-flex e-con-boxed e-con e-parent\" data-id=\"1a657602\" data-element_type=\"container\">\n\t\t\t\t\t<div class=\"e-con-inner\">\n\t\t<div class=\"elementor-element elementor-element-703a50ab e-con-full e-flex e-con e-child\" data-id=\"703a50ab\" data-element_type=\"container\">\n\t\t\t\t<div class=\"elementor-element elementor-element-64d350bc elementor-widget elementor-widget-heading\" data-id=\"64d350bc\" data-element_type=\"widget\" data-widget_type=\"heading.default\">\n\t\t\t\t<div class=\"elementor-widget-container\">\n\t\t\t\t\t<h1 class=\"elementor-heading-title elementor-size-default\">Lead nurturing<\/h1>\t\t\t\t<\/div>\n\t\t\t\t<\/div>\n\t\t\t\t<\/div>\n\t\t\t\t\t<\/div>\n\t\t\t\t<\/div>\n\t\t<div class=\"elementor-element elementor-element-68b18d4d e-flex e-con-boxed e-con e-parent\" data-id=\"68b18d4d\" data-element_type=\"container\">\n\t\t\t\t\t<div class=\"e-con-inner\">\n\t\t<div class=\"elementor-element elementor-element-43f85814 e-con-full e-flex e-con e-child\" data-id=\"43f85814\" data-element_type=\"container\">\n\t\t\t\t<div class=\"elementor-element elementor-element-6388f811 elementor-widget elementor-widget-text-editor\" data-id=\"6388f811\" data-element_type=\"widget\" data-widget_type=\"text-editor.default\">\n\t\t\t\t<div class=\"elementor-widget-container\">\n\t\t\t\t\t\t\t\t\t<h2>Effektiv BtB-m\u00f6tesbokning med fokus p\u00e5 lead nurturing och l\u00e5ngsiktigt v\u00e4rde<\/h2><p>Vissa kunder kontaktar oss med ett mycket direkt och kortsiktigt m\u00e5l n\u00e4r de vill ha hj\u00e4lp med bokning av f\u00f6retagsm\u00f6ten. De s\u00e4ger n\u00e5got i stil med: \u201dVi beh\u00f6ver 6 m\u00f6ten per vecka per s\u00e4ljare\u201d eller liknande. Deras fokus ligger vanligtvis p\u00e5 det omedelbara behovet av att fylla s\u00e4ljpipelinen med m\u00f6ten \u2013 utan att n\u00f6dv\u00e4ndigtvis t\u00e4nka p\u00e5 processen som beh\u00f6vs f\u00f6r att mogna leads och skapa v\u00e4rde innan m\u00f6tena bokas. Lead nurturing handlar om att systematiskt bygga och v\u00e5rda relationer med potentiella kunder och leads. M\u00e5let \u00e4r att bygga f\u00f6rtroende, \u00f6ka intresset och positionera ditt f\u00f6retag som det f\u00f6redragna valet n\u00e4r kunden \u00e4r redo att fatta ett beslut.<\/p><p>Tele-Mark A\/S arbetar systematiskt med lead nurturing n\u00e4r vi samarbetar med v\u00e5ra kunder. V\u00e5rt tillv\u00e4gag\u00e5ngss\u00e4tt f\u00f6r bokning av BtB-m\u00f6ten \u00e4r s\u00e4rskilt relevant eftersom beslutsfattare inom B2B-f\u00f6rs\u00e4ljning ofta har l\u00e5nga beslutsprocesser d\u00e4r flera intressenter \u00e4r involverade. Att boka ett m\u00f6te handlar d\u00e4rf\u00f6r inte bara om att hitta en tid i kalendern, utan ocks\u00e5 om att mogna ett lead f\u00f6r att se v\u00e4rdet i m\u00f6tet och v\u00e5r kunds l\u00f6sning. D\u00e4rf\u00f6r \u00e4r det s\u00e5 viktigt att f\u00f6lja upp vid r\u00e4tt tidpunkt och plats, med r\u00e4tt kunskap om det kontaktade f\u00f6retagets kundresa hittills. Vi s\u00e4kerst\u00e4ller detta genom samspelet mellan branschens mest erfarna kontaktm\u00e4klare och marknadens absolut starkaste programvara f\u00f6r m\u00f6tesbokning inom f\u00f6retag, som vi sj\u00e4lva har utvecklat.<\/p><p>\u00c4r det vettigt att samarbeta med Tele-Mark A\/S p\u00e5 kort sikt? Ja, v\u00e5rt s\u00e4tt att arbeta med lead nurturing inneb\u00e4r att l\u00f6nsamheten s\u00e4kerligen kommer att \u00f6ka med \u00e5ren.<\/p><p>Om du vill h\u00f6ra mer om Tele-Mark A\/S, v\u00e5r metod f\u00f6r bokning av BtB-m\u00f6ten och lead nurturing, och hur vi kan s\u00e4kerst\u00e4lla att din prepipeline underh\u00e5lls kontinuerligt, b\u00f6rja d\u00e5 med att ringa<a href=\"tel:+45 70 23 72 38\" aria-label=\"Telefon nummer\">+45 70 23 72 38<\/a> \u2013 fr\u00e5ga efter <a href=\"https:\/\/tele-mark.dk\/kontakt\/\">Mads Elefsen Kudsk<\/a><\/p>\t\t\t\t\t\t\t\t<\/div>\n\t\t\t\t<\/div>\n\t\t\t\t<\/div>\n\t\t\t\t\t<\/div>\n\t\t\t\t<\/div>\n\t\t<div class=\"elementor-element elementor-element-fbff3ba light e-flex e-con-boxed e-con e-parent\" data-id=\"fbff3ba\" data-element_type=\"container\">\n\t\t\t\t\t<div class=\"e-con-inner\">\n\t\t<div class=\"elementor-element elementor-element-4f07110 e-con-full e-flex e-con e-child\" data-id=\"4f07110\" data-element_type=\"container\">\n\t\t\t\t<div class=\"elementor-element elementor-element-99aecc5 elementor-widget elementor-widget-video\" data-id=\"99aecc5\" data-element_type=\"widget\" data-settings=\"{&quot;video_type&quot;:&quot;hosted&quot;,&quot;controls&quot;:&quot;yes&quot;}\" data-widget_type=\"video.default\">\n\t\t\t\t<div class=\"elementor-widget-container\">\n\t\t\t\t\t\t\t<div class=\"e-hosted-video elementor-wrapper elementor-open-inline\">\n\t\t\t\t\t<video class=\"elementor-video\" src=\"https:\/\/gostmediaserviceprod.blob.core.windows.net\/asset-10cd5eee-c643-4964-8c0b-bb379e1263cc\/telemark_harry_master (1080p)_1920x1080_6000k.mp4\" controls=\"\" preload=\"metadata\" controlsList=\"nodownload\"><\/video>\n\t\t\t\t<\/div>\n\t\t\t\t\t\t<\/div>\n\t\t\t\t<\/div>\n\t\t\t\t<\/div>\n\t\t\t\t\t<\/div>\n\t\t\t\t<\/div>\n\t\t<div class=\"elementor-element elementor-element-57884826 e-con-full e-flex e-con e-parent\" data-id=\"57884826\" data-element_type=\"container\">\n\t\t\t\t<div class=\"elementor-element elementor-element-1f9905a4 elementor-widget elementor-widget-template\" data-id=\"1f9905a4\" data-element_type=\"widget\" data-widget_type=\"template.default\">\n\t\t\t\t<div class=\"elementor-widget-container\">\n\t\t\t\t\t\t\t<div class=\"elementor-template\">\n\t\t\t\t\t<div data-elementor-type=\"container\" data-elementor-id=\"9854\" class=\"elementor elementor-9854\" data-elementor-post-type=\"elementor_library\">\n\t\t\t\t<div class=\"elementor-element elementor-element-3a5d0ade e-con-full no-padding e-flex e-con e-parent\" data-id=\"3a5d0ade\" data-element_type=\"container\">\n\t\t\t\t<div class=\"elementor-element elementor-element-7af60ea3 elementor-widget elementor-widget-template\" data-id=\"7af60ea3\" data-element_type=\"widget\" data-widget_type=\"template.default\">\n\t\t\t\t<div class=\"elementor-widget-container\">\n\t\t\t\t\t\t\t<div class=\"elementor-template\">\n\t\t\t\t\t<div data-elementor-type=\"container\" data-elementor-id=\"11011\" class=\"elementor elementor-11011 elementor-9860\" data-elementor-post-type=\"elementor_library\">\n\t\t\t\t<div class=\"elementor-element elementor-element-16e773e8 cta-footer e-flex e-con-boxed e-con e-parent\" data-id=\"16e773e8\" data-element_type=\"container\" data-settings=\"{&quot;background_background&quot;:&quot;classic&quot;}\">\n\t\t\t\t\t<div class=\"e-con-inner\">\n\t\t<div class=\"elementor-element elementor-element-13212c55 e-con-full e-flex e-con e-child\" data-id=\"13212c55\" data-element_type=\"container\">\n\t\t<div class=\"elementor-element elementor-element-66550028 e-con-full padding e-flex e-con e-child\" data-id=\"66550028\" data-element_type=\"container\" data-settings=\"{&quot;background_background&quot;:&quot;classic&quot;}\">\n\t\t\t\t<div class=\"elementor-element elementor-element-5bb0e9dd white elementor-widget elementor-widget-heading\" data-id=\"5bb0e9dd\" data-element_type=\"widget\" data-widget_type=\"heading.default\">\n\t\t\t\t<div class=\"elementor-widget-container\">\n\t\t\t\t\t<h3 class=\"elementor-heading-title elementor-size-default\">F\u00f6lj oss p\u00e5 v\u00e5ra sociala medier<\/h3>\t\t\t\t<\/div>\n\t\t\t\t<\/div>\n\t\t\t\t<div class=\"elementor-element elementor-element-266aa9b8 some elementor-widget elementor-widget-html\" data-id=\"266aa9b8\" data-element_type=\"widget\" data-widget_type=\"html.default\">\n\t\t\t\t<div class=\"elementor-widget-container\">\n\t\t\t\t\t<a href=\"https:\/\/www.facebook.com\/100027965816908\/\" target=\"_blank\" aria-label=\"F\u00f8lg os p\u00e5 Facebook\"><i class=\"fa-brands fa-facebook-f\"><\/i><\/a>\n<a href=\"https:\/\/www.linkedin.com\/company\/tele-mark-as\/\" target=\"_blank\" aria-label=\"F\u00f8lg os p\u00e5 LinkedIn\"><i class=\"fa-brands fa-linkedin-in\"><\/i><\/a>\n<a href=\"https:\/\/www.youtube.com\/channel\/UCOCM8pxrJsN78l_hIH7j7Uw\" target=\"_blank\" aria-label=\"Youtube\">\n<i class=\"fa-brands fa-youtube\"><\/i>\n<\/a>\t\t\t\t<\/div>\n\t\t\t\t<\/div>\n\t\t\t\t<\/div>\n\t\t\t\t<\/div>\n\t\t\t\t\t<\/div>\n\t\t\t\t<\/div>\n\t\t\t\t<\/div>\n\t\t\t\t<\/div>\n\t\t\t\t\t\t<\/div>\n\t\t\t\t<\/div>\n\t\t\t\t<\/div>\n\t\t\t\t<\/div>\n\t\t\t\t<\/div>\n\t\t\t\t\t\t<\/div>\n\t\t\t\t<\/div>\n\t\t\t\t<\/div>\n\t\t\t\t<\/div>\n\t\t","protected":false},"excerpt":{"rendered":"<p>Lead nurturing Effektiv BtB-m\u00f6tesbokning med fokus p\u00e5 lead nurturing och l\u00e5ngsiktigt v\u00e4rde Vissa kunder kontaktar oss med ett mycket direkt och kortsiktigt m\u00e5l n\u00e4r de vill ha hj\u00e4lp med bokning av f\u00f6retagsm\u00f6ten. De s\u00e4ger n\u00e5got i stil med: \u201dVi beh\u00f6ver 6 m\u00f6ten per vecka per s\u00e4ljare\u201d eller liknande. Deras fokus ligger vanligtvis p\u00e5 det omedelbara &#8230; <a title=\"Lead nurturing\" class=\"read-more\" href=\"https:\/\/tele-mark.dk\/sv\/telemarketing\/lead-nurturing\/\" aria-label=\"L\u00e4s mer om Lead nurturing\">L\u00e4s mer<\/a><\/p>\n","protected":false},"author":5,"featured_media":0,"parent":10889,"menu_order":1012,"comment_status":"closed","ping_status":"closed","template":"","meta":{"_acf_changed":false,"footnotes":""},"categories":[],"class_list":["post-10807","page","type-page","status-publish"],"acf":[],"yoast_head":"<!-- This site is optimized with the Yoast SEO plugin v26.8 - https:\/\/yoast.com\/product\/yoast-seo-wordpress\/ -->\n<title>Lead nurturing | Tele-Mark A\/S<\/title>\n<meta name=\"robots\" content=\"index, follow, max-snippet:-1, max-image-preview:large, max-video-preview:-1\" \/>\n<link rel=\"canonical\" href=\"https:\/\/tele-mark.dk\/telemarketing\/lead-nurturing\/\" \/>\n<meta property=\"og:locale\" content=\"sv_SE\" \/>\n<meta property=\"og:type\" content=\"article\" \/>\n<meta property=\"og:title\" content=\"Lead nurturing | Tele-Mark A\/S\" \/>\n<meta property=\"og:description\" content=\"Lead nurturing Effektiv BtB-m\u00f6tesbokning med fokus p\u00e5 lead nurturing och l\u00e5ngsiktigt v\u00e4rde Vissa kunder kontaktar oss med ett mycket direkt och kortsiktigt m\u00e5l n\u00e4r de vill ha hj\u00e4lp med bokning av f\u00f6retagsm\u00f6ten. De s\u00e4ger n\u00e5got i stil med: \u201dVi beh\u00f6ver 6 m\u00f6ten per vecka per s\u00e4ljare\u201d eller liknande. Deras fokus ligger vanligtvis p\u00e5 det omedelbara ... L\u00e4s mer\" \/>\n<meta property=\"og:url\" content=\"https:\/\/tele-mark.dk\/telemarketing\/lead-nurturing\/\" \/>\n<meta property=\"og:site_name\" content=\"Tele-Mark A\/S\" \/>\n<meta property=\"article:modified_time\" content=\"2025-09-24T07:42:34+00:00\" \/>\n<meta name=\"twitter:card\" content=\"summary_large_image\" \/>\n<meta name=\"twitter:label1\" content=\"Ber\u00e4knad l\u00e4stid\" \/>\n\t<meta name=\"twitter:data1\" content=\"2 minuter\" \/>\n<script type=\"application\/ld+json\" class=\"yoast-schema-graph\">{\"@context\":\"https:\/\/schema.org\",\"@graph\":[{\"@type\":\"WebPage\",\"@id\":\"https:\/\/tele-mark.dk\/telemarketing\/lead-nurturing\/\",\"url\":\"https:\/\/tele-mark.dk\/telemarketing\/lead-nurturing\/\",\"name\":\"Lead nurturing | Tele-Mark A\/S\",\"isPartOf\":{\"@id\":\"https:\/\/tele-mark.dk\/#website\"},\"datePublished\":\"2025-03-25T11:56:27+00:00\",\"dateModified\":\"2025-09-24T07:42:34+00:00\",\"breadcrumb\":{\"@id\":\"https:\/\/tele-mark.dk\/telemarketing\/lead-nurturing\/#breadcrumb\"},\"inLanguage\":\"sv-SE\",\"potentialAction\":[{\"@type\":\"ReadAction\",\"target\":[\"https:\/\/tele-mark.dk\/telemarketing\/lead-nurturing\/\"]}]},{\"@type\":\"BreadcrumbList\",\"@id\":\"https:\/\/tele-mark.dk\/telemarketing\/lead-nurturing\/#breadcrumb\",\"itemListElement\":[{\"@type\":\"ListItem\",\"position\":1,\"name\":\"Forside\",\"item\":\"https:\/\/tele-mark.dk\/sv\/?page_id=10827\"},{\"@type\":\"ListItem\",\"position\":2,\"name\":\"Telemarketing\",\"item\":\"https:\/\/tele-mark.dk\/telemarketing\/\"},{\"@type\":\"ListItem\",\"position\":3,\"name\":\"Lead nurturing\"}]},{\"@type\":\"WebSite\",\"@id\":\"https:\/\/tele-mark.dk\/#website\",\"url\":\"https:\/\/tele-mark.dk\/\",\"name\":\"Tele-Mark A\/S\",\"description\":\"Telemarketingbyr\u00e5 \u200b\u200bf\u00f6r Danmark, Norden, Europa och hela v\u00e4rlden\",\"publisher\":{\"@id\":\"https:\/\/tele-mark.dk\/#organization\"},\"potentialAction\":[{\"@type\":\"SearchAction\",\"target\":{\"@type\":\"EntryPoint\",\"urlTemplate\":\"https:\/\/tele-mark.dk\/?s={search_term_string}\"},\"query-input\":{\"@type\":\"PropertyValueSpecification\",\"valueRequired\":true,\"valueName\":\"search_term_string\"}}],\"inLanguage\":\"sv-SE\"},{\"@type\":\"Organization\",\"@id\":\"https:\/\/tele-mark.dk\/#organization\",\"name\":\"Tele-Mark A\/S\",\"url\":\"https:\/\/tele-mark.dk\/\",\"logo\":{\"@type\":\"ImageObject\",\"inLanguage\":\"sv-SE\",\"@id\":\"https:\/\/tele-mark.dk\/#\/schema\/logo\/image\/\",\"url\":\"https:\/\/tele-mark.dk\/wp-content\/uploads\/2025\/03\/Nyt-logo.svg\",\"contentUrl\":\"https:\/\/tele-mark.dk\/wp-content\/uploads\/2025\/03\/Nyt-logo.svg\",\"width\":433,\"height\":161,\"caption\":\"Tele-Mark A\/S\"},\"image\":{\"@id\":\"https:\/\/tele-mark.dk\/#\/schema\/logo\/image\/\"}}]}<\/script>\n<!-- \/ Yoast SEO plugin. -->","yoast_head_json":{"title":"Lead nurturing | Tele-Mark A\/S","robots":{"index":"index","follow":"follow","max-snippet":"max-snippet:-1","max-image-preview":"max-image-preview:large","max-video-preview":"max-video-preview:-1"},"canonical":"https:\/\/tele-mark.dk\/telemarketing\/lead-nurturing\/","og_locale":"sv_SE","og_type":"article","og_title":"Lead nurturing | Tele-Mark A\/S","og_description":"Lead nurturing Effektiv BtB-m\u00f6tesbokning med fokus p\u00e5 lead nurturing och l\u00e5ngsiktigt v\u00e4rde Vissa kunder kontaktar oss med ett mycket direkt och kortsiktigt m\u00e5l n\u00e4r de vill ha hj\u00e4lp med bokning av f\u00f6retagsm\u00f6ten. De s\u00e4ger n\u00e5got i stil med: \u201dVi beh\u00f6ver 6 m\u00f6ten per vecka per s\u00e4ljare\u201d eller liknande. Deras fokus ligger vanligtvis p\u00e5 det omedelbara ... L\u00e4s mer","og_url":"https:\/\/tele-mark.dk\/telemarketing\/lead-nurturing\/","og_site_name":"Tele-Mark A\/S","article_modified_time":"2025-09-24T07:42:34+00:00","twitter_card":"summary_large_image","twitter_misc":{"Ber\u00e4knad l\u00e4stid":"2 minuter"},"schema":{"@context":"https:\/\/schema.org","@graph":[{"@type":"WebPage","@id":"https:\/\/tele-mark.dk\/telemarketing\/lead-nurturing\/","url":"https:\/\/tele-mark.dk\/telemarketing\/lead-nurturing\/","name":"Lead nurturing | Tele-Mark A\/S","isPartOf":{"@id":"https:\/\/tele-mark.dk\/#website"},"datePublished":"2025-03-25T11:56:27+00:00","dateModified":"2025-09-24T07:42:34+00:00","breadcrumb":{"@id":"https:\/\/tele-mark.dk\/telemarketing\/lead-nurturing\/#breadcrumb"},"inLanguage":"sv-SE","potentialAction":[{"@type":"ReadAction","target":["https:\/\/tele-mark.dk\/telemarketing\/lead-nurturing\/"]}]},{"@type":"BreadcrumbList","@id":"https:\/\/tele-mark.dk\/telemarketing\/lead-nurturing\/#breadcrumb","itemListElement":[{"@type":"ListItem","position":1,"name":"Forside","item":"https:\/\/tele-mark.dk\/sv\/?page_id=10827"},{"@type":"ListItem","position":2,"name":"Telemarketing","item":"https:\/\/tele-mark.dk\/telemarketing\/"},{"@type":"ListItem","position":3,"name":"Lead nurturing"}]},{"@type":"WebSite","@id":"https:\/\/tele-mark.dk\/#website","url":"https:\/\/tele-mark.dk\/","name":"Tele-Mark A\/S","description":"Telemarketingbyr\u00e5 \u200b\u200bf\u00f6r Danmark, Norden, Europa och hela v\u00e4rlden","publisher":{"@id":"https:\/\/tele-mark.dk\/#organization"},"potentialAction":[{"@type":"SearchAction","target":{"@type":"EntryPoint","urlTemplate":"https:\/\/tele-mark.dk\/?s={search_term_string}"},"query-input":{"@type":"PropertyValueSpecification","valueRequired":true,"valueName":"search_term_string"}}],"inLanguage":"sv-SE"},{"@type":"Organization","@id":"https:\/\/tele-mark.dk\/#organization","name":"Tele-Mark A\/S","url":"https:\/\/tele-mark.dk\/","logo":{"@type":"ImageObject","inLanguage":"sv-SE","@id":"https:\/\/tele-mark.dk\/#\/schema\/logo\/image\/","url":"https:\/\/tele-mark.dk\/wp-content\/uploads\/2025\/03\/Nyt-logo.svg","contentUrl":"https:\/\/tele-mark.dk\/wp-content\/uploads\/2025\/03\/Nyt-logo.svg","width":433,"height":161,"caption":"Tele-Mark A\/S"},"image":{"@id":"https:\/\/tele-mark.dk\/#\/schema\/logo\/image\/"}}]}},"_links":{"self":[{"href":"https:\/\/tele-mark.dk\/sv\/wp-json\/wp\/v2\/pages\/10807","targetHints":{"allow":["GET"]}}],"collection":[{"href":"https:\/\/tele-mark.dk\/sv\/wp-json\/wp\/v2\/pages"}],"about":[{"href":"https:\/\/tele-mark.dk\/sv\/wp-json\/wp\/v2\/types\/page"}],"author":[{"embeddable":true,"href":"https:\/\/tele-mark.dk\/sv\/wp-json\/wp\/v2\/users\/5"}],"replies":[{"embeddable":true,"href":"https:\/\/tele-mark.dk\/sv\/wp-json\/wp\/v2\/comments?post=10807"}],"version-history":[{"count":2,"href":"https:\/\/tele-mark.dk\/sv\/wp-json\/wp\/v2\/pages\/10807\/revisions"}],"predecessor-version":[{"id":10809,"href":"https:\/\/tele-mark.dk\/sv\/wp-json\/wp\/v2\/pages\/10807\/revisions\/10809"}],"up":[{"embeddable":true,"href":"https:\/\/tele-mark.dk\/sv\/wp-json\/wp\/v2\/pages\/10889"}],"wp:attachment":[{"href":"https:\/\/tele-mark.dk\/sv\/wp-json\/wp\/v2\/media?parent=10807"}],"wp:term":[{"taxonomy":"category","embeddable":true,"href":"https:\/\/tele-mark.dk\/sv\/wp-json\/wp\/v2\/categories?post=10807"}],"curies":[{"name":"wp","href":"https:\/\/api.w.org\/{rel}","templated":true}]}}