{"id":10789,"date":"2025-03-25T12:56:27","date_gmt":"2025-03-25T11:56:27","guid":{"rendered":"https:\/\/tele-mark.dk\/marknadsgranskning\/"},"modified":"2025-09-24T09:42:34","modified_gmt":"2025-09-24T07:42:34","slug":"marknadsgranskning","status":"publish","type":"page","link":"https:\/\/tele-mark.dk\/sv\/telemarketing\/marknadsgranskning\/","title":{"rendered":"Marknadsgranskning"},"content":{"rendered":"\t\t<div data-elementor-type=\"wp-page\" data-elementor-id=\"10789\" class=\"elementor elementor-10789 elementor-9414\" data-elementor-post-type=\"page\">\n\t\t\t\t<div class=\"elementor-element elementor-element-498a1d76 e-con-full e-flex e-con e-parent\" data-id=\"498a1d76\" data-element_type=\"container\">\n\t\t\t\t<div class=\"elementor-element elementor-element-25c75c66 elementor-widget elementor-widget-template\" data-id=\"25c75c66\" data-element_type=\"widget\" data-widget_type=\"template.default\">\n\t\t\t\t<div class=\"elementor-widget-container\">\n\t\t\t\t\t\t\t<div class=\"elementor-template\">\n\t\t\t\t\t<div data-elementor-type=\"container\" data-elementor-id=\"6563\" class=\"elementor elementor-6563\" data-elementor-post-type=\"elementor_library\">\n\t\t\t\t<div class=\"elementor-element elementor-element-6b499f1f e-con-full no-padding e-flex e-con e-parent\" data-id=\"6b499f1f\" data-element_type=\"container\">\n\t\t\t\t<div class=\"elementor-element elementor-element-1ecbb66 elementor-widget elementor-widget-template\" data-id=\"1ecbb66\" data-element_type=\"widget\" data-widget_type=\"template.default\">\n\t\t\t\t<div class=\"elementor-widget-container\">\n\t\t\t\t\t\t\t<div class=\"elementor-template\">\n\t\t\t\t\t<div data-elementor-type=\"container\" data-elementor-id=\"10099\" class=\"elementor elementor-10099\" data-elementor-post-type=\"elementor_library\">\n\t\t\t\t<div class=\"elementor-element elementor-element-45622206 white e-con-full e-flex e-con e-parent\" data-id=\"45622206\" data-element_type=\"container\" data-settings=\"{&quot;background_background&quot;:&quot;classic&quot;}\">\n\t\t\t\t<\/div>\n\t\t\t\t<\/div>\n\t\t\t\t<\/div>\n\t\t\t\t\t\t<\/div>\n\t\t\t\t<\/div>\n\t\t\t\t<\/div>\n\t\t\t\t<\/div>\n\t\t\t\t<\/div>\n\t\t\t\t\t\t<\/div>\n\t\t\t\t<\/div>\n\t\t\t\t<\/div>\n\t\t<div class=\"elementor-element elementor-element-5d80ad13 light e-flex e-con-boxed e-con e-parent\" data-id=\"5d80ad13\" data-element_type=\"container\">\n\t\t\t\t\t<div class=\"e-con-inner\">\n\t\t<div class=\"elementor-element elementor-element-73605c8 e-con-full e-flex e-con e-child\" data-id=\"73605c8\" data-element_type=\"container\">\n\t\t\t\t<div class=\"elementor-element elementor-element-6c8f8fef elementor-widget elementor-widget-heading\" data-id=\"6c8f8fef\" data-element_type=\"widget\" data-widget_type=\"heading.default\">\n\t\t\t\t<div class=\"elementor-widget-container\">\n\t\t\t\t\t<h1 class=\"elementor-heading-title elementor-size-default\">Marknadsgranskning<\/h1>\t\t\t\t<\/div>\n\t\t\t\t<\/div>\n\t\t\t\t<\/div>\n\t\t\t\t\t<\/div>\n\t\t\t\t<\/div>\n\t\t<div class=\"elementor-element elementor-element-10b28a75 e-flex e-con-boxed e-con e-parent\" data-id=\"10b28a75\" data-element_type=\"container\">\n\t\t\t\t\t<div class=\"e-con-inner\">\n\t\t<div class=\"elementor-element elementor-element-7299e4cc e-con-full e-flex e-con e-child\" data-id=\"7299e4cc\" data-element_type=\"container\">\n\t\t\t\t<div class=\"elementor-element elementor-element-783ec519 elementor-widget elementor-widget-text-editor\" data-id=\"783ec519\" data-element_type=\"widget\" data-widget_type=\"text-editor.default\">\n\t\t\t\t<div class=\"elementor-widget-container\">\n\t\t\t\t\t\t\t\t\t<h2>F\u00e5 en tydlig \u00f6verblick \u00f6ver din m\u00e5lgrupp med marknadsunders\u00f6kning<\/h2><p>Om du vill ligga steget f\u00f6re m\u00e5ste du k\u00e4nna din marknad b\u00e4ttre \u00e4n dina konkurrenter. Du kanske har en tydlig definition av din m\u00e5lgrupp. \u00c4nd\u00e5 upplever du\u2026<\/p><ul><li>En marknad som \u00e4r sv\u00e5r att f\u00f6rst\u00e5<\/li><li>Ett gap mellan behovet och intresset f\u00f6r dina tj\u00e4nster<\/li><li>Os\u00e4kerhet kring m\u00e5lgruppens potential<\/li><li>Problem med att hitta kvalificerade leads<\/li><li>Att din m\u00e5lgrupp \u00e4r stor och differentierad<\/li><\/ul><p>Tele-Mark kan s\u00e4tta ihop en marknadsscreeningsmodul \u00e5t er, d\u00e4r vi kontaktar en grupp utvalda f\u00f6retag och d\u00e4refter delar upp dem i potentiella A- och B-kunder. P\u00e5 s\u00e5 s\u00e4tt s\u00e4kerst\u00e4ller du en optimal \u00f6verblick \u00f6ver din m\u00e5lgrupp, och du f\u00e5r ett anv\u00e4ndbart verktyg som \u00e4r enkelt att anv\u00e4nda i praktiskt s\u00e4ljarbete.<\/p><p>Om du sedan bokar m\u00f6ten sj\u00e4lv eller l\u00e5ter oss g\u00f6ra det \u00e4r naturligtvis ditt eget val.<\/p><p>Tele-Mark har daglig kontakt med marknaden och samlar kontinuerligt kunskap i v\u00e5ra branschteam. D\u00e4rf\u00f6r k\u00e4nner vi till er marknad och kan snabbt bekanta oss med era produkter och tj\u00e4nster.<\/p><p>B\u00f6rja ringa<a href=\"tel:+45 70 23 72 38\" aria-label=\"Telefon nummer\">+45 70 23 72 38<\/a> \u2013 fr\u00e5ga efter <a href=\"https:\/\/tele-mark.dk\/kontakt\/\">Mads Elefsen Kudsk<\/a> .<\/p>\t\t\t\t\t\t\t\t<\/div>\n\t\t\t\t<\/div>\n\t\t\t\t<\/div>\n\t\t\t\t\t<\/div>\n\t\t\t\t<\/div>\n\t\t<div class=\"elementor-element elementor-element-3eee1b2 light e-flex e-con-boxed e-con e-parent\" data-id=\"3eee1b2\" data-element_type=\"container\">\n\t\t\t\t\t<div class=\"e-con-inner\">\n\t\t<div class=\"elementor-element elementor-element-5727dd3 e-con-full e-flex e-con e-child\" data-id=\"5727dd3\" data-element_type=\"container\">\n\t\t\t\t<div class=\"elementor-element elementor-element-85699ec elementor-widget elementor-widget-video\" data-id=\"85699ec\" data-element_type=\"widget\" data-settings=\"{&quot;youtube_url&quot;:&quot;https:\\\/\\\/www.youtube.com\\\/watch?v=XHOmBV4js_E&quot;,&quot;video_type&quot;:&quot;youtube&quot;,&quot;controls&quot;:&quot;yes&quot;}\" data-widget_type=\"video.default\">\n\t\t\t\t<div class=\"elementor-widget-container\">\n\t\t\t\t\t\t\t<div class=\"elementor-wrapper elementor-open-inline\">\n\t\t\t<div class=\"elementor-video\"><\/div>\t\t<\/div>\n\t\t\t\t\t\t<\/div>\n\t\t\t\t<\/div>\n\t\t\t\t<\/div>\n\t\t\t\t\t<\/div>\n\t\t\t\t<\/div>\n\t\t<div class=\"elementor-element elementor-element-2e1aa528 e-con-full e-flex e-con e-parent\" data-id=\"2e1aa528\" data-element_type=\"container\">\n\t\t\t\t<div class=\"elementor-element elementor-element-471a5abf elementor-widget elementor-widget-template\" data-id=\"471a5abf\" data-element_type=\"widget\" data-widget_type=\"template.default\">\n\t\t\t\t<div class=\"elementor-widget-container\">\n\t\t\t\t\t\t\t<div class=\"elementor-template\">\n\t\t\t\t\t<div data-elementor-type=\"container\" data-elementor-id=\"9854\" class=\"elementor elementor-9854\" data-elementor-post-type=\"elementor_library\">\n\t\t\t\t<div class=\"elementor-element elementor-element-3a5d0ade e-con-full no-padding e-flex e-con e-parent\" data-id=\"3a5d0ade\" data-element_type=\"container\">\n\t\t\t\t<div class=\"elementor-element elementor-element-7af60ea3 elementor-widget elementor-widget-template\" data-id=\"7af60ea3\" data-element_type=\"widget\" data-widget_type=\"template.default\">\n\t\t\t\t<div class=\"elementor-widget-container\">\n\t\t\t\t\t\t\t<div class=\"elementor-template\">\n\t\t\t\t\t<div data-elementor-type=\"container\" data-elementor-id=\"11011\" class=\"elementor elementor-11011 elementor-9860\" data-elementor-post-type=\"elementor_library\">\n\t\t\t\t<div class=\"elementor-element elementor-element-16e773e8 cta-footer e-flex e-con-boxed e-con e-parent\" data-id=\"16e773e8\" data-element_type=\"container\" data-settings=\"{&quot;background_background&quot;:&quot;classic&quot;}\">\n\t\t\t\t\t<div class=\"e-con-inner\">\n\t\t<div class=\"elementor-element elementor-element-13212c55 e-con-full e-flex e-con e-child\" data-id=\"13212c55\" data-element_type=\"container\">\n\t\t<div class=\"elementor-element elementor-element-66550028 e-con-full padding e-flex e-con e-child\" data-id=\"66550028\" data-element_type=\"container\" data-settings=\"{&quot;background_background&quot;:&quot;classic&quot;}\">\n\t\t\t\t<div class=\"elementor-element elementor-element-5bb0e9dd white elementor-widget elementor-widget-heading\" data-id=\"5bb0e9dd\" data-element_type=\"widget\" data-widget_type=\"heading.default\">\n\t\t\t\t<div class=\"elementor-widget-container\">\n\t\t\t\t\t<h3 class=\"elementor-heading-title elementor-size-default\">F\u00f6lj oss p\u00e5 v\u00e5ra sociala medier<\/h3>\t\t\t\t<\/div>\n\t\t\t\t<\/div>\n\t\t\t\t<div class=\"elementor-element elementor-element-266aa9b8 some elementor-widget elementor-widget-html\" data-id=\"266aa9b8\" data-element_type=\"widget\" data-widget_type=\"html.default\">\n\t\t\t\t<div class=\"elementor-widget-container\">\n\t\t\t\t\t<a href=\"https:\/\/www.facebook.com\/100027965816908\/\" target=\"_blank\" aria-label=\"F\u00f8lg os p\u00e5 Facebook\"><i class=\"fa-brands fa-facebook-f\"><\/i><\/a>\n<a href=\"https:\/\/www.linkedin.com\/company\/tele-mark-as\/\" target=\"_blank\" aria-label=\"F\u00f8lg os p\u00e5 LinkedIn\"><i class=\"fa-brands fa-linkedin-in\"><\/i><\/a>\n<a href=\"https:\/\/www.youtube.com\/channel\/UCOCM8pxrJsN78l_hIH7j7Uw\" target=\"_blank\" aria-label=\"Youtube\">\n<i class=\"fa-brands fa-youtube\"><\/i>\n<\/a>\t\t\t\t<\/div>\n\t\t\t\t<\/div>\n\t\t\t\t<\/div>\n\t\t\t\t<\/div>\n\t\t\t\t\t<\/div>\n\t\t\t\t<\/div>\n\t\t\t\t<\/div>\n\t\t\t\t<\/div>\n\t\t\t\t\t\t<\/div>\n\t\t\t\t<\/div>\n\t\t\t\t<\/div>\n\t\t\t\t<\/div>\n\t\t\t\t<\/div>\n\t\t\t\t\t\t<\/div>\n\t\t\t\t<\/div>\n\t\t\t\t<\/div>\n\t\t\t\t<\/div>\n\t\t","protected":false},"excerpt":{"rendered":"<p>Marknadsgranskning F\u00e5 en tydlig \u00f6verblick \u00f6ver din m\u00e5lgrupp med marknadsunders\u00f6kning Om du vill ligga steget f\u00f6re m\u00e5ste du k\u00e4nna din marknad b\u00e4ttre \u00e4n dina konkurrenter. Du kanske har en tydlig definition av din m\u00e5lgrupp. \u00c4nd\u00e5 upplever du\u2026 En marknad som \u00e4r sv\u00e5r att f\u00f6rst\u00e5 Ett gap mellan behovet och intresset f\u00f6r dina tj\u00e4nster Os\u00e4kerhet kring &#8230; <a title=\"Marknadsgranskning\" class=\"read-more\" href=\"https:\/\/tele-mark.dk\/sv\/telemarketing\/marknadsgranskning\/\" aria-label=\"L\u00e4s mer om Marknadsgranskning\">L\u00e4s mer<\/a><\/p>\n","protected":false},"author":5,"featured_media":0,"parent":10889,"menu_order":1014,"comment_status":"closed","ping_status":"closed","template":"","meta":{"_acf_changed":false,"footnotes":""},"categories":[],"class_list":["post-10789","page","type-page","status-publish"],"acf":[],"yoast_head":"<!-- This site is optimized with the Yoast SEO plugin v26.8 - https:\/\/yoast.com\/product\/yoast-seo-wordpress\/ -->\n<title>Marknadsgranskning | Tele-Mark A\/S<\/title>\n<meta name=\"robots\" content=\"index, follow, max-snippet:-1, max-image-preview:large, max-video-preview:-1\" \/>\n<link rel=\"canonical\" href=\"https:\/\/tele-mark.dk\/telemarketing\/markedsscreening\/\" \/>\n<meta property=\"og:locale\" content=\"sv_SE\" \/>\n<meta property=\"og:type\" content=\"article\" \/>\n<meta property=\"og:title\" content=\"Marknadsgranskning | Tele-Mark A\/S\" \/>\n<meta property=\"og:description\" content=\"Marknadsgranskning F\u00e5 en tydlig \u00f6verblick \u00f6ver din m\u00e5lgrupp med marknadsunders\u00f6kning Om du vill ligga steget f\u00f6re m\u00e5ste du k\u00e4nna din marknad b\u00e4ttre \u00e4n dina konkurrenter. Du kanske har en tydlig definition av din m\u00e5lgrupp. \u00c4nd\u00e5 upplever du\u2026 En marknad som \u00e4r sv\u00e5r att f\u00f6rst\u00e5 Ett gap mellan behovet och intresset f\u00f6r dina tj\u00e4nster Os\u00e4kerhet kring ... L\u00e4s mer\" \/>\n<meta property=\"og:url\" content=\"https:\/\/tele-mark.dk\/telemarketing\/markedsscreening\/\" \/>\n<meta property=\"og:site_name\" content=\"Tele-Mark A\/S\" \/>\n<meta property=\"article:modified_time\" content=\"2025-09-24T07:42:34+00:00\" \/>\n<meta name=\"twitter:card\" content=\"summary_large_image\" \/>\n<meta name=\"twitter:label1\" content=\"Ber\u00e4knad l\u00e4stid\" \/>\n\t<meta name=\"twitter:data1\" content=\"1 minut\" \/>\n<script type=\"application\/ld+json\" class=\"yoast-schema-graph\">{\"@context\":\"https:\/\/schema.org\",\"@graph\":[{\"@type\":\"WebPage\",\"@id\":\"https:\/\/tele-mark.dk\/telemarketing\/markedsscreening\/\",\"url\":\"https:\/\/tele-mark.dk\/telemarketing\/markedsscreening\/\",\"name\":\"Marknadsgranskning | Tele-Mark A\/S\",\"isPartOf\":{\"@id\":\"https:\/\/tele-mark.dk\/#website\"},\"datePublished\":\"2025-03-25T11:56:27+00:00\",\"dateModified\":\"2025-09-24T07:42:34+00:00\",\"breadcrumb\":{\"@id\":\"https:\/\/tele-mark.dk\/telemarketing\/markedsscreening\/#breadcrumb\"},\"inLanguage\":\"sv-SE\",\"potentialAction\":[{\"@type\":\"ReadAction\",\"target\":[\"https:\/\/tele-mark.dk\/telemarketing\/markedsscreening\/\"]}]},{\"@type\":\"BreadcrumbList\",\"@id\":\"https:\/\/tele-mark.dk\/telemarketing\/markedsscreening\/#breadcrumb\",\"itemListElement\":[{\"@type\":\"ListItem\",\"position\":1,\"name\":\"Forside\",\"item\":\"https:\/\/tele-mark.dk\/sv\/?page_id=10827\"},{\"@type\":\"ListItem\",\"position\":2,\"name\":\"Telemarketing\",\"item\":\"https:\/\/tele-mark.dk\/telemarketing\/\"},{\"@type\":\"ListItem\",\"position\":3,\"name\":\"Marknadsgranskning\"}]},{\"@type\":\"WebSite\",\"@id\":\"https:\/\/tele-mark.dk\/#website\",\"url\":\"https:\/\/tele-mark.dk\/\",\"name\":\"Tele-Mark A\/S\",\"description\":\"Telemarketingbyr\u00e5 \u200b\u200bf\u00f6r Danmark, Norden, Europa och hela v\u00e4rlden\",\"publisher\":{\"@id\":\"https:\/\/tele-mark.dk\/#organization\"},\"potentialAction\":[{\"@type\":\"SearchAction\",\"target\":{\"@type\":\"EntryPoint\",\"urlTemplate\":\"https:\/\/tele-mark.dk\/?s={search_term_string}\"},\"query-input\":{\"@type\":\"PropertyValueSpecification\",\"valueRequired\":true,\"valueName\":\"search_term_string\"}}],\"inLanguage\":\"sv-SE\"},{\"@type\":\"Organization\",\"@id\":\"https:\/\/tele-mark.dk\/#organization\",\"name\":\"Tele-Mark A\/S\",\"url\":\"https:\/\/tele-mark.dk\/\",\"logo\":{\"@type\":\"ImageObject\",\"inLanguage\":\"sv-SE\",\"@id\":\"https:\/\/tele-mark.dk\/#\/schema\/logo\/image\/\",\"url\":\"https:\/\/tele-mark.dk\/wp-content\/uploads\/2025\/03\/Nyt-logo.svg\",\"contentUrl\":\"https:\/\/tele-mark.dk\/wp-content\/uploads\/2025\/03\/Nyt-logo.svg\",\"width\":433,\"height\":161,\"caption\":\"Tele-Mark A\/S\"},\"image\":{\"@id\":\"https:\/\/tele-mark.dk\/#\/schema\/logo\/image\/\"}}]}<\/script>\n<!-- \/ Yoast SEO plugin. -->","yoast_head_json":{"title":"Marknadsgranskning | Tele-Mark A\/S","robots":{"index":"index","follow":"follow","max-snippet":"max-snippet:-1","max-image-preview":"max-image-preview:large","max-video-preview":"max-video-preview:-1"},"canonical":"https:\/\/tele-mark.dk\/telemarketing\/markedsscreening\/","og_locale":"sv_SE","og_type":"article","og_title":"Marknadsgranskning | Tele-Mark A\/S","og_description":"Marknadsgranskning F\u00e5 en tydlig \u00f6verblick \u00f6ver din m\u00e5lgrupp med marknadsunders\u00f6kning Om du vill ligga steget f\u00f6re m\u00e5ste du k\u00e4nna din marknad b\u00e4ttre \u00e4n dina konkurrenter. Du kanske har en tydlig definition av din m\u00e5lgrupp. \u00c4nd\u00e5 upplever du\u2026 En marknad som \u00e4r sv\u00e5r att f\u00f6rst\u00e5 Ett gap mellan behovet och intresset f\u00f6r dina tj\u00e4nster Os\u00e4kerhet kring ... L\u00e4s mer","og_url":"https:\/\/tele-mark.dk\/telemarketing\/markedsscreening\/","og_site_name":"Tele-Mark A\/S","article_modified_time":"2025-09-24T07:42:34+00:00","twitter_card":"summary_large_image","twitter_misc":{"Ber\u00e4knad l\u00e4stid":"1 minut"},"schema":{"@context":"https:\/\/schema.org","@graph":[{"@type":"WebPage","@id":"https:\/\/tele-mark.dk\/telemarketing\/markedsscreening\/","url":"https:\/\/tele-mark.dk\/telemarketing\/markedsscreening\/","name":"Marknadsgranskning | Tele-Mark A\/S","isPartOf":{"@id":"https:\/\/tele-mark.dk\/#website"},"datePublished":"2025-03-25T11:56:27+00:00","dateModified":"2025-09-24T07:42:34+00:00","breadcrumb":{"@id":"https:\/\/tele-mark.dk\/telemarketing\/markedsscreening\/#breadcrumb"},"inLanguage":"sv-SE","potentialAction":[{"@type":"ReadAction","target":["https:\/\/tele-mark.dk\/telemarketing\/markedsscreening\/"]}]},{"@type":"BreadcrumbList","@id":"https:\/\/tele-mark.dk\/telemarketing\/markedsscreening\/#breadcrumb","itemListElement":[{"@type":"ListItem","position":1,"name":"Forside","item":"https:\/\/tele-mark.dk\/sv\/?page_id=10827"},{"@type":"ListItem","position":2,"name":"Telemarketing","item":"https:\/\/tele-mark.dk\/telemarketing\/"},{"@type":"ListItem","position":3,"name":"Marknadsgranskning"}]},{"@type":"WebSite","@id":"https:\/\/tele-mark.dk\/#website","url":"https:\/\/tele-mark.dk\/","name":"Tele-Mark A\/S","description":"Telemarketingbyr\u00e5 \u200b\u200bf\u00f6r Danmark, Norden, Europa och hela v\u00e4rlden","publisher":{"@id":"https:\/\/tele-mark.dk\/#organization"},"potentialAction":[{"@type":"SearchAction","target":{"@type":"EntryPoint","urlTemplate":"https:\/\/tele-mark.dk\/?s={search_term_string}"},"query-input":{"@type":"PropertyValueSpecification","valueRequired":true,"valueName":"search_term_string"}}],"inLanguage":"sv-SE"},{"@type":"Organization","@id":"https:\/\/tele-mark.dk\/#organization","name":"Tele-Mark A\/S","url":"https:\/\/tele-mark.dk\/","logo":{"@type":"ImageObject","inLanguage":"sv-SE","@id":"https:\/\/tele-mark.dk\/#\/schema\/logo\/image\/","url":"https:\/\/tele-mark.dk\/wp-content\/uploads\/2025\/03\/Nyt-logo.svg","contentUrl":"https:\/\/tele-mark.dk\/wp-content\/uploads\/2025\/03\/Nyt-logo.svg","width":433,"height":161,"caption":"Tele-Mark A\/S"},"image":{"@id":"https:\/\/tele-mark.dk\/#\/schema\/logo\/image\/"}}]}},"_links":{"self":[{"href":"https:\/\/tele-mark.dk\/sv\/wp-json\/wp\/v2\/pages\/10789","targetHints":{"allow":["GET"]}}],"collection":[{"href":"https:\/\/tele-mark.dk\/sv\/wp-json\/wp\/v2\/pages"}],"about":[{"href":"https:\/\/tele-mark.dk\/sv\/wp-json\/wp\/v2\/types\/page"}],"author":[{"embeddable":true,"href":"https:\/\/tele-mark.dk\/sv\/wp-json\/wp\/v2\/users\/5"}],"replies":[{"embeddable":true,"href":"https:\/\/tele-mark.dk\/sv\/wp-json\/wp\/v2\/comments?post=10789"}],"version-history":[{"count":2,"href":"https:\/\/tele-mark.dk\/sv\/wp-json\/wp\/v2\/pages\/10789\/revisions"}],"predecessor-version":[{"id":10793,"href":"https:\/\/tele-mark.dk\/sv\/wp-json\/wp\/v2\/pages\/10789\/revisions\/10793"}],"up":[{"embeddable":true,"href":"https:\/\/tele-mark.dk\/sv\/wp-json\/wp\/v2\/pages\/10889"}],"wp:attachment":[{"href":"https:\/\/tele-mark.dk\/sv\/wp-json\/wp\/v2\/media?parent=10789"}],"wp:term":[{"taxonomy":"category","embeddable":true,"href":"https:\/\/tele-mark.dk\/sv\/wp-json\/wp\/v2\/categories?post=10789"}],"curies":[{"name":"wp","href":"https:\/\/api.w.org\/{rel}","templated":true}]}}