{"id":10743,"date":"2025-03-25T12:56:27","date_gmt":"2025-03-25T11:56:27","guid":{"rendered":"https:\/\/tele-mark.dk\/konsulttjaenster-inom-b2b-kampanjer\/"},"modified":"2025-09-24T09:42:34","modified_gmt":"2025-09-24T07:42:34","slug":"konsulttjaenster-inom-b2b-kampanjer","status":"publish","type":"page","link":"https:\/\/tele-mark.dk\/sv\/telemarketing\/konsulttjaenster-inom-b2b-kampanjer\/","title":{"rendered":"Konsulttj\u00e4nster inom B2B-kampanjer"},"content":{"rendered":"\t\t<div data-elementor-type=\"wp-page\" data-elementor-id=\"10743\" class=\"elementor elementor-10743 elementor-9419\" data-elementor-post-type=\"page\">\n\t\t\t\t<div class=\"elementor-element elementor-element-6bd78785 e-con-full e-flex e-con e-parent\" data-id=\"6bd78785\" data-element_type=\"container\">\n\t\t\t\t<div class=\"elementor-element elementor-element-4c124487 elementor-widget elementor-widget-template\" data-id=\"4c124487\" data-element_type=\"widget\" data-widget_type=\"template.default\">\n\t\t\t\t<div class=\"elementor-widget-container\">\n\t\t\t\t\t\t\t<div class=\"elementor-template\">\n\t\t\t\t\t<div data-elementor-type=\"container\" data-elementor-id=\"6563\" class=\"elementor elementor-6563\" data-elementor-post-type=\"elementor_library\">\n\t\t\t\t<div class=\"elementor-element elementor-element-6b499f1f e-con-full no-padding e-flex e-con e-parent\" data-id=\"6b499f1f\" data-element_type=\"container\">\n\t\t\t\t<div class=\"elementor-element elementor-element-1ecbb66 elementor-widget elementor-widget-template\" data-id=\"1ecbb66\" data-element_type=\"widget\" data-widget_type=\"template.default\">\n\t\t\t\t<div class=\"elementor-widget-container\">\n\t\t\t\t\t\t\t<div class=\"elementor-template\">\n\t\t\t\t\t<div data-elementor-type=\"container\" data-elementor-id=\"10099\" class=\"elementor elementor-10099\" data-elementor-post-type=\"elementor_library\">\n\t\t\t\t<div class=\"elementor-element elementor-element-45622206 white e-con-full e-flex e-con e-parent\" data-id=\"45622206\" data-element_type=\"container\" data-settings=\"{&quot;background_background&quot;:&quot;classic&quot;}\">\n\t\t\t\t<\/div>\n\t\t\t\t<\/div>\n\t\t\t\t<\/div>\n\t\t\t\t\t\t<\/div>\n\t\t\t\t<\/div>\n\t\t\t\t<\/div>\n\t\t\t\t<\/div>\n\t\t\t\t<\/div>\n\t\t\t\t\t\t<\/div>\n\t\t\t\t<\/div>\n\t\t\t\t<\/div>\n\t\t<div class=\"elementor-element elementor-element-5811f61 light e-flex e-con-boxed e-con e-parent\" data-id=\"5811f61\" data-element_type=\"container\">\n\t\t\t\t\t<div class=\"e-con-inner\">\n\t\t<div class=\"elementor-element elementor-element-519419d6 e-con-full e-flex e-con e-child\" data-id=\"519419d6\" data-element_type=\"container\">\n\t\t\t\t<div class=\"elementor-element elementor-element-5260e7db elementor-widget elementor-widget-heading\" data-id=\"5260e7db\" data-element_type=\"widget\" data-widget_type=\"heading.default\">\n\t\t\t\t<div class=\"elementor-widget-container\">\n\t\t\t\t\t<h1 class=\"elementor-heading-title elementor-size-default\">Konsulttj\u00e4nster inom B2B-kampanjer<\/h1>\t\t\t\t<\/div>\n\t\t\t\t<\/div>\n\t\t\t\t<\/div>\n\t\t\t\t\t<\/div>\n\t\t\t\t<\/div>\n\t\t<div class=\"elementor-element elementor-element-71feb460 e-flex e-con-boxed e-con e-parent\" data-id=\"71feb460\" data-element_type=\"container\">\n\t\t\t\t\t<div class=\"e-con-inner\">\n\t\t<div class=\"elementor-element elementor-element-4b900660 e-con-full e-flex e-con e-child\" data-id=\"4b900660\" data-element_type=\"container\">\n\t\t\t\t<div class=\"elementor-element elementor-element-70e8427b elementor-widget elementor-widget-text-editor\" data-id=\"70e8427b\" data-element_type=\"widget\" data-widget_type=\"text-editor.default\">\n\t\t\t\t<div class=\"elementor-widget-container\">\n\t\t\t\t\t\t\t\t\t<h2>F\u00e5 m\u00e4tbara resultat med erfarna B2B-f\u00f6rs\u00e4ljningskampanjer fr\u00e5n Tele-Mark<\/h2><p>Tele-Mark har m\u00e5nga \u00e5rs erfarenhet av att planera och genomf\u00f6ra B2B-f\u00f6rs\u00e4ljningskampanjer inom ett antal branscher.<\/p><p>Du kanske har \u00f6verv\u00e4gt olika initiativ f\u00f6r att \u00f6ka din f\u00f6rs\u00e4ljning p\u00e5 BtB-marknaden, men vet att det kostar tid och pengar att genomf\u00f6ra aktiviteterna. Du kanske \u00e4r r\u00e4dd att insatsen inte kommer att matcha resultatet, och tenderar d\u00e4rf\u00f6r att l\u00e4gga tillbaka kampanjid\u00e9erna i l\u00e5dan. Ingen vill ju annonsera i dyra medier bara f\u00f6r att se sitt budskap f\u00f6rsvinna i m\u00e4ngden.<\/p><p>Tele-Mark kan hj\u00e4lpa dig med sparring och r\u00e5dgivning, s\u00e5 att du garanteras en strukturerad och m\u00e4tbar f\u00f6rs\u00e4ljnings- och marknadsf\u00f6ringsinsats.<\/p><ul><li>Vi identifierar och prioriterar din m\u00e5lgrupp<\/li><li>Vi v\u00e4ljer r\u00e4tt verktyg f\u00f6r att n\u00e5 m\u00e5lgruppen<\/li><li>Vi erbjuder en kvalificerad motargumentation till dina id\u00e9er om en bra kampanj.<\/li><li>Vi ger dig tillg\u00e5ng till v\u00e5r kunskapsbas baserad p\u00e5 m\u00e5nga \u00e5rs erfarenhet av BtB-kampanjer.<\/li><\/ul><p>Tele-Mark har daglig kontakt med marknaden och samlar kontinuerligt kunskap i v\u00e5ra branschteam. D\u00e4rf\u00f6r k\u00e4nner vi till er marknad och kan snabbt bekanta oss med era produkter och tj\u00e4nster.<\/p><p>B\u00f6rja ringa<a href=\"tel:+45 70 23 72 38\" aria-label=\"Telefon nummer\">+45 70 23 72 38<\/a> \u2013 fr\u00e5ga efter <a href=\"https:\/\/tele-mark.dk\/kontakt\/\">Mads Elefsen Kudsk<\/a> .<\/p>\t\t\t\t\t\t\t\t<\/div>\n\t\t\t\t<\/div>\n\t\t\t\t<\/div>\n\t\t\t\t\t<\/div>\n\t\t\t\t<\/div>\n\t\t<div class=\"elementor-element elementor-element-4cdf413 light e-flex e-con-boxed e-con e-parent\" data-id=\"4cdf413\" data-element_type=\"container\">\n\t\t\t\t\t<div class=\"e-con-inner\">\n\t\t<div class=\"elementor-element elementor-element-c6713e6 e-con-full e-flex e-con e-child\" data-id=\"c6713e6\" data-element_type=\"container\">\n\t\t\t\t<div class=\"elementor-element elementor-element-a57e725 elementor-widget elementor-widget-video\" data-id=\"a57e725\" data-element_type=\"widget\" data-settings=\"{&quot;video_type&quot;:&quot;hosted&quot;,&quot;controls&quot;:&quot;yes&quot;}\" data-widget_type=\"video.default\">\n\t\t\t\t<div class=\"elementor-widget-container\">\n\t\t\t\t\t\t\t<div class=\"e-hosted-video elementor-wrapper elementor-open-inline\">\n\t\t\t\t\t<video class=\"elementor-video\" src=\"https:\/\/gostmediaserviceprod.blob.core.windows.net\/asset-c6a30856-0e56-4a42-8176-aa8531305aa8\/telemark_rikke_master (1080p)_1920x1080_6000k.mp4\" controls=\"\" preload=\"metadata\" controlsList=\"nodownload\"><\/video>\n\t\t\t\t<\/div>\n\t\t\t\t\t\t<\/div>\n\t\t\t\t<\/div>\n\t\t\t\t<\/div>\n\t\t\t\t\t<\/div>\n\t\t\t\t<\/div>\n\t\t<div class=\"elementor-element elementor-element-2ad87edd e-con-full e-flex e-con e-parent\" data-id=\"2ad87edd\" data-element_type=\"container\">\n\t\t\t\t<div class=\"elementor-element elementor-element-7cc50060 elementor-widget elementor-widget-template\" data-id=\"7cc50060\" data-element_type=\"widget\" data-widget_type=\"template.default\">\n\t\t\t\t<div class=\"elementor-widget-container\">\n\t\t\t\t\t\t\t<div class=\"elementor-template\">\n\t\t\t\t\t<div data-elementor-type=\"container\" data-elementor-id=\"9854\" class=\"elementor elementor-9854\" data-elementor-post-type=\"elementor_library\">\n\t\t\t\t<div class=\"elementor-element elementor-element-3a5d0ade e-con-full no-padding e-flex e-con e-parent\" data-id=\"3a5d0ade\" data-element_type=\"container\">\n\t\t\t\t<div class=\"elementor-element elementor-element-7af60ea3 elementor-widget elementor-widget-template\" data-id=\"7af60ea3\" data-element_type=\"widget\" data-widget_type=\"template.default\">\n\t\t\t\t<div class=\"elementor-widget-container\">\n\t\t\t\t\t\t\t<div class=\"elementor-template\">\n\t\t\t\t\t<div data-elementor-type=\"container\" data-elementor-id=\"11011\" class=\"elementor elementor-11011 elementor-9860\" data-elementor-post-type=\"elementor_library\">\n\t\t\t\t<div class=\"elementor-element elementor-element-16e773e8 cta-footer e-flex e-con-boxed e-con e-parent\" data-id=\"16e773e8\" data-element_type=\"container\" data-settings=\"{&quot;background_background&quot;:&quot;classic&quot;}\">\n\t\t\t\t\t<div class=\"e-con-inner\">\n\t\t<div class=\"elementor-element elementor-element-13212c55 e-con-full e-flex e-con e-child\" data-id=\"13212c55\" data-element_type=\"container\">\n\t\t<div class=\"elementor-element elementor-element-66550028 e-con-full padding e-flex e-con e-child\" data-id=\"66550028\" data-element_type=\"container\" data-settings=\"{&quot;background_background&quot;:&quot;classic&quot;}\">\n\t\t\t\t<div class=\"elementor-element elementor-element-5bb0e9dd white elementor-widget elementor-widget-heading\" data-id=\"5bb0e9dd\" data-element_type=\"widget\" data-widget_type=\"heading.default\">\n\t\t\t\t<div class=\"elementor-widget-container\">\n\t\t\t\t\t<h3 class=\"elementor-heading-title elementor-size-default\">F\u00f6lj oss p\u00e5 v\u00e5ra sociala medier<\/h3>\t\t\t\t<\/div>\n\t\t\t\t<\/div>\n\t\t\t\t<div class=\"elementor-element elementor-element-266aa9b8 some elementor-widget elementor-widget-html\" data-id=\"266aa9b8\" data-element_type=\"widget\" data-widget_type=\"html.default\">\n\t\t\t\t<div class=\"elementor-widget-container\">\n\t\t\t\t\t<a href=\"https:\/\/www.facebook.com\/100027965816908\/\" target=\"_blank\" aria-label=\"F\u00f8lg os p\u00e5 Facebook\"><i class=\"fa-brands fa-facebook-f\"><\/i><\/a>\n<a href=\"https:\/\/www.linkedin.com\/company\/tele-mark-as\/\" target=\"_blank\" aria-label=\"F\u00f8lg os p\u00e5 LinkedIn\"><i class=\"fa-brands fa-linkedin-in\"><\/i><\/a>\n<a href=\"https:\/\/www.youtube.com\/channel\/UCOCM8pxrJsN78l_hIH7j7Uw\" target=\"_blank\" aria-label=\"Youtube\">\n<i class=\"fa-brands fa-youtube\"><\/i>\n<\/a>\t\t\t\t<\/div>\n\t\t\t\t<\/div>\n\t\t\t\t<\/div>\n\t\t\t\t<\/div>\n\t\t\t\t\t<\/div>\n\t\t\t\t<\/div>\n\t\t\t\t<\/div>\n\t\t\t\t<\/div>\n\t\t\t\t\t\t<\/div>\n\t\t\t\t<\/div>\n\t\t\t\t<\/div>\n\t\t\t\t<\/div>\n\t\t\t\t<\/div>\n\t\t\t\t\t\t<\/div>\n\t\t\t\t<\/div>\n\t\t\t\t<\/div>\n\t\t\t\t<\/div>\n\t\t","protected":false},"excerpt":{"rendered":"<p>Konsulttj\u00e4nster inom B2B-kampanjer F\u00e5 m\u00e4tbara resultat med erfarna B2B-f\u00f6rs\u00e4ljningskampanjer fr\u00e5n Tele-Mark Tele-Mark har m\u00e5nga \u00e5rs erfarenhet av att planera och genomf\u00f6ra B2B-f\u00f6rs\u00e4ljningskampanjer inom ett antal branscher. Du kanske har \u00f6verv\u00e4gt olika initiativ f\u00f6r att \u00f6ka din f\u00f6rs\u00e4ljning p\u00e5 BtB-marknaden, men vet att det kostar tid och pengar att genomf\u00f6ra aktiviteterna. Du kanske \u00e4r r\u00e4dd att &#8230; <a title=\"Konsulttj\u00e4nster inom B2B-kampanjer\" class=\"read-more\" href=\"https:\/\/tele-mark.dk\/sv\/telemarketing\/konsulttjaenster-inom-b2b-kampanjer\/\" aria-label=\"L\u00e4s mer om Konsulttj\u00e4nster inom B2B-kampanjer\">L\u00e4s mer<\/a><\/p>\n","protected":false},"author":5,"featured_media":0,"parent":10889,"menu_order":1019,"comment_status":"closed","ping_status":"closed","template":"","meta":{"_acf_changed":false,"footnotes":""},"categories":[],"class_list":["post-10743","page","type-page","status-publish"],"acf":[],"yoast_head":"<!-- This site is optimized with the Yoast SEO plugin v26.8 - https:\/\/yoast.com\/product\/yoast-seo-wordpress\/ -->\n<title>Konsulttj\u00e4nster inom B2B-kampanjer | Tele-Mark A\/S<\/title>\n<meta name=\"robots\" content=\"index, follow, max-snippet:-1, max-image-preview:large, max-video-preview:-1\" \/>\n<link rel=\"canonical\" href=\"https:\/\/tele-mark.dk\/telemarketing\/b2b-kampagneraadgivning\/\" \/>\n<meta property=\"og:locale\" content=\"sv_SE\" \/>\n<meta property=\"og:type\" content=\"article\" \/>\n<meta property=\"og:title\" content=\"Konsulttj\u00e4nster inom B2B-kampanjer | Tele-Mark A\/S\" \/>\n<meta property=\"og:description\" content=\"Konsulttj\u00e4nster inom B2B-kampanjer F\u00e5 m\u00e4tbara resultat med erfarna B2B-f\u00f6rs\u00e4ljningskampanjer fr\u00e5n Tele-Mark Tele-Mark har m\u00e5nga \u00e5rs erfarenhet av att planera och genomf\u00f6ra B2B-f\u00f6rs\u00e4ljningskampanjer inom ett antal branscher. Du kanske har \u00f6verv\u00e4gt olika initiativ f\u00f6r att \u00f6ka din f\u00f6rs\u00e4ljning p\u00e5 BtB-marknaden, men vet att det kostar tid och pengar att genomf\u00f6ra aktiviteterna. Du kanske \u00e4r r\u00e4dd att ... L\u00e4s mer\" \/>\n<meta property=\"og:url\" content=\"https:\/\/tele-mark.dk\/telemarketing\/b2b-kampagneraadgivning\/\" \/>\n<meta property=\"og:site_name\" content=\"Tele-Mark A\/S\" \/>\n<meta property=\"article:modified_time\" content=\"2025-09-24T07:42:34+00:00\" \/>\n<meta name=\"twitter:card\" content=\"summary_large_image\" \/>\n<meta name=\"twitter:label1\" content=\"Ber\u00e4knad l\u00e4stid\" \/>\n\t<meta name=\"twitter:data1\" content=\"1 minut\" \/>\n<script type=\"application\/ld+json\" class=\"yoast-schema-graph\">{\"@context\":\"https:\/\/schema.org\",\"@graph\":[{\"@type\":\"WebPage\",\"@id\":\"https:\/\/tele-mark.dk\/telemarketing\/b2b-kampagneraadgivning\/\",\"url\":\"https:\/\/tele-mark.dk\/telemarketing\/b2b-kampagneraadgivning\/\",\"name\":\"Konsulttj\u00e4nster inom B2B-kampanjer | Tele-Mark A\/S\",\"isPartOf\":{\"@id\":\"https:\/\/tele-mark.dk\/#website\"},\"datePublished\":\"2025-03-25T11:56:27+00:00\",\"dateModified\":\"2025-09-24T07:42:34+00:00\",\"breadcrumb\":{\"@id\":\"https:\/\/tele-mark.dk\/telemarketing\/b2b-kampagneraadgivning\/#breadcrumb\"},\"inLanguage\":\"sv-SE\",\"potentialAction\":[{\"@type\":\"ReadAction\",\"target\":[\"https:\/\/tele-mark.dk\/telemarketing\/b2b-kampagneraadgivning\/\"]}]},{\"@type\":\"BreadcrumbList\",\"@id\":\"https:\/\/tele-mark.dk\/telemarketing\/b2b-kampagneraadgivning\/#breadcrumb\",\"itemListElement\":[{\"@type\":\"ListItem\",\"position\":1,\"name\":\"Forside\",\"item\":\"https:\/\/tele-mark.dk\/sv\/?page_id=10827\"},{\"@type\":\"ListItem\",\"position\":2,\"name\":\"Telemarketing\",\"item\":\"https:\/\/tele-mark.dk\/telemarketing\/\"},{\"@type\":\"ListItem\",\"position\":3,\"name\":\"Konsulttj\u00e4nster inom B2B-kampanjer\"}]},{\"@type\":\"WebSite\",\"@id\":\"https:\/\/tele-mark.dk\/#website\",\"url\":\"https:\/\/tele-mark.dk\/\",\"name\":\"Tele-Mark A\/S\",\"description\":\"Telemarketingbyr\u00e5 \u200b\u200bf\u00f6r Danmark, Norden, Europa och hela v\u00e4rlden\",\"publisher\":{\"@id\":\"https:\/\/tele-mark.dk\/#organization\"},\"potentialAction\":[{\"@type\":\"SearchAction\",\"target\":{\"@type\":\"EntryPoint\",\"urlTemplate\":\"https:\/\/tele-mark.dk\/?s={search_term_string}\"},\"query-input\":{\"@type\":\"PropertyValueSpecification\",\"valueRequired\":true,\"valueName\":\"search_term_string\"}}],\"inLanguage\":\"sv-SE\"},{\"@type\":\"Organization\",\"@id\":\"https:\/\/tele-mark.dk\/#organization\",\"name\":\"Tele-Mark A\/S\",\"url\":\"https:\/\/tele-mark.dk\/\",\"logo\":{\"@type\":\"ImageObject\",\"inLanguage\":\"sv-SE\",\"@id\":\"https:\/\/tele-mark.dk\/#\/schema\/logo\/image\/\",\"url\":\"https:\/\/tele-mark.dk\/wp-content\/uploads\/2025\/03\/Nyt-logo.svg\",\"contentUrl\":\"https:\/\/tele-mark.dk\/wp-content\/uploads\/2025\/03\/Nyt-logo.svg\",\"width\":433,\"height\":161,\"caption\":\"Tele-Mark A\/S\"},\"image\":{\"@id\":\"https:\/\/tele-mark.dk\/#\/schema\/logo\/image\/\"}}]}<\/script>\n<!-- \/ Yoast SEO plugin. -->","yoast_head_json":{"title":"Konsulttj\u00e4nster inom B2B-kampanjer | Tele-Mark A\/S","robots":{"index":"index","follow":"follow","max-snippet":"max-snippet:-1","max-image-preview":"max-image-preview:large","max-video-preview":"max-video-preview:-1"},"canonical":"https:\/\/tele-mark.dk\/telemarketing\/b2b-kampagneraadgivning\/","og_locale":"sv_SE","og_type":"article","og_title":"Konsulttj\u00e4nster inom B2B-kampanjer | Tele-Mark A\/S","og_description":"Konsulttj\u00e4nster inom B2B-kampanjer F\u00e5 m\u00e4tbara resultat med erfarna B2B-f\u00f6rs\u00e4ljningskampanjer fr\u00e5n Tele-Mark Tele-Mark har m\u00e5nga \u00e5rs erfarenhet av att planera och genomf\u00f6ra B2B-f\u00f6rs\u00e4ljningskampanjer inom ett antal branscher. Du kanske har \u00f6verv\u00e4gt olika initiativ f\u00f6r att \u00f6ka din f\u00f6rs\u00e4ljning p\u00e5 BtB-marknaden, men vet att det kostar tid och pengar att genomf\u00f6ra aktiviteterna. Du kanske \u00e4r r\u00e4dd att ... L\u00e4s mer","og_url":"https:\/\/tele-mark.dk\/telemarketing\/b2b-kampagneraadgivning\/","og_site_name":"Tele-Mark A\/S","article_modified_time":"2025-09-24T07:42:34+00:00","twitter_card":"summary_large_image","twitter_misc":{"Ber\u00e4knad l\u00e4stid":"1 minut"},"schema":{"@context":"https:\/\/schema.org","@graph":[{"@type":"WebPage","@id":"https:\/\/tele-mark.dk\/telemarketing\/b2b-kampagneraadgivning\/","url":"https:\/\/tele-mark.dk\/telemarketing\/b2b-kampagneraadgivning\/","name":"Konsulttj\u00e4nster inom B2B-kampanjer | Tele-Mark A\/S","isPartOf":{"@id":"https:\/\/tele-mark.dk\/#website"},"datePublished":"2025-03-25T11:56:27+00:00","dateModified":"2025-09-24T07:42:34+00:00","breadcrumb":{"@id":"https:\/\/tele-mark.dk\/telemarketing\/b2b-kampagneraadgivning\/#breadcrumb"},"inLanguage":"sv-SE","potentialAction":[{"@type":"ReadAction","target":["https:\/\/tele-mark.dk\/telemarketing\/b2b-kampagneraadgivning\/"]}]},{"@type":"BreadcrumbList","@id":"https:\/\/tele-mark.dk\/telemarketing\/b2b-kampagneraadgivning\/#breadcrumb","itemListElement":[{"@type":"ListItem","position":1,"name":"Forside","item":"https:\/\/tele-mark.dk\/sv\/?page_id=10827"},{"@type":"ListItem","position":2,"name":"Telemarketing","item":"https:\/\/tele-mark.dk\/telemarketing\/"},{"@type":"ListItem","position":3,"name":"Konsulttj\u00e4nster inom B2B-kampanjer"}]},{"@type":"WebSite","@id":"https:\/\/tele-mark.dk\/#website","url":"https:\/\/tele-mark.dk\/","name":"Tele-Mark A\/S","description":"Telemarketingbyr\u00e5 \u200b\u200bf\u00f6r Danmark, Norden, Europa och hela v\u00e4rlden","publisher":{"@id":"https:\/\/tele-mark.dk\/#organization"},"potentialAction":[{"@type":"SearchAction","target":{"@type":"EntryPoint","urlTemplate":"https:\/\/tele-mark.dk\/?s={search_term_string}"},"query-input":{"@type":"PropertyValueSpecification","valueRequired":true,"valueName":"search_term_string"}}],"inLanguage":"sv-SE"},{"@type":"Organization","@id":"https:\/\/tele-mark.dk\/#organization","name":"Tele-Mark A\/S","url":"https:\/\/tele-mark.dk\/","logo":{"@type":"ImageObject","inLanguage":"sv-SE","@id":"https:\/\/tele-mark.dk\/#\/schema\/logo\/image\/","url":"https:\/\/tele-mark.dk\/wp-content\/uploads\/2025\/03\/Nyt-logo.svg","contentUrl":"https:\/\/tele-mark.dk\/wp-content\/uploads\/2025\/03\/Nyt-logo.svg","width":433,"height":161,"caption":"Tele-Mark A\/S"},"image":{"@id":"https:\/\/tele-mark.dk\/#\/schema\/logo\/image\/"}}]}},"_links":{"self":[{"href":"https:\/\/tele-mark.dk\/sv\/wp-json\/wp\/v2\/pages\/10743","targetHints":{"allow":["GET"]}}],"collection":[{"href":"https:\/\/tele-mark.dk\/sv\/wp-json\/wp\/v2\/pages"}],"about":[{"href":"https:\/\/tele-mark.dk\/sv\/wp-json\/wp\/v2\/types\/page"}],"author":[{"embeddable":true,"href":"https:\/\/tele-mark.dk\/sv\/wp-json\/wp\/v2\/users\/5"}],"replies":[{"embeddable":true,"href":"https:\/\/tele-mark.dk\/sv\/wp-json\/wp\/v2\/comments?post=10743"}],"version-history":[{"count":4,"href":"https:\/\/tele-mark.dk\/sv\/wp-json\/wp\/v2\/pages\/10743\/revisions"}],"predecessor-version":[{"id":10779,"href":"https:\/\/tele-mark.dk\/sv\/wp-json\/wp\/v2\/pages\/10743\/revisions\/10779"}],"up":[{"embeddable":true,"href":"https:\/\/tele-mark.dk\/sv\/wp-json\/wp\/v2\/pages\/10889"}],"wp:attachment":[{"href":"https:\/\/tele-mark.dk\/sv\/wp-json\/wp\/v2\/media?parent=10743"}],"wp:term":[{"taxonomy":"category","embeddable":true,"href":"https:\/\/tele-mark.dk\/sv\/wp-json\/wp\/v2\/categories?post=10743"}],"curies":[{"name":"wp","href":"https:\/\/api.w.org\/{rel}","templated":true}]}}