{"id":10730,"date":"2025-03-25T12:56:27","date_gmt":"2025-03-25T11:56:27","guid":{"rendered":"https:\/\/tele-mark.dk\/leadgenerering\/"},"modified":"2025-09-24T10:45:06","modified_gmt":"2025-09-24T08:45:06","slug":"leadgenerering","status":"publish","type":"page","link":"https:\/\/tele-mark.dk\/sv\/telemarketing\/leadgenerering\/","title":{"rendered":"Leadgenerering"},"content":{"rendered":"\t\t<div data-elementor-type=\"wp-page\" data-elementor-id=\"10730\" class=\"elementor elementor-10730 elementor-9421\" data-elementor-post-type=\"page\">\n\t\t\t\t<div class=\"elementor-element elementor-element-6b535b5d e-con-full e-flex e-con e-parent\" data-id=\"6b535b5d\" data-element_type=\"container\">\n\t\t\t\t<div class=\"elementor-element elementor-element-26dedb4e elementor-widget elementor-widget-template\" data-id=\"26dedb4e\" data-element_type=\"widget\" data-widget_type=\"template.default\">\n\t\t\t\t<div class=\"elementor-widget-container\">\n\t\t\t\t\t\t\t<div class=\"elementor-template\">\n\t\t\t\t\t<div data-elementor-type=\"container\" data-elementor-id=\"6563\" class=\"elementor elementor-6563\" data-elementor-post-type=\"elementor_library\">\n\t\t\t\t<div class=\"elementor-element elementor-element-6b499f1f e-con-full no-padding e-flex e-con e-parent\" data-id=\"6b499f1f\" data-element_type=\"container\">\n\t\t\t\t<div class=\"elementor-element elementor-element-1ecbb66 elementor-widget elementor-widget-template\" data-id=\"1ecbb66\" data-element_type=\"widget\" data-widget_type=\"template.default\">\n\t\t\t\t<div class=\"elementor-widget-container\">\n\t\t\t\t\t\t\t<div class=\"elementor-template\">\n\t\t\t\t\t<div data-elementor-type=\"container\" data-elementor-id=\"10099\" class=\"elementor elementor-10099\" data-elementor-post-type=\"elementor_library\">\n\t\t\t\t<div class=\"elementor-element elementor-element-45622206 white e-con-full e-flex e-con e-parent\" data-id=\"45622206\" data-element_type=\"container\" data-settings=\"{&quot;background_background&quot;:&quot;classic&quot;}\">\n\t\t\t\t<\/div>\n\t\t\t\t<\/div>\n\t\t\t\t<\/div>\n\t\t\t\t\t\t<\/div>\n\t\t\t\t<\/div>\n\t\t\t\t<\/div>\n\t\t\t\t<\/div>\n\t\t\t\t<\/div>\n\t\t\t\t\t\t<\/div>\n\t\t\t\t<\/div>\n\t\t\t\t<\/div>\n\t\t<div class=\"elementor-element elementor-element-49626213 light e-flex e-con-boxed e-con e-parent\" data-id=\"49626213\" data-element_type=\"container\">\n\t\t\t\t\t<div class=\"e-con-inner\">\n\t\t<div class=\"elementor-element elementor-element-532c72bf e-con-full e-flex e-con e-child\" data-id=\"532c72bf\" data-element_type=\"container\">\n\t\t\t\t<div class=\"elementor-element elementor-element-308ba000 elementor-widget elementor-widget-heading\" data-id=\"308ba000\" data-element_type=\"widget\" data-widget_type=\"heading.default\">\n\t\t\t\t<div class=\"elementor-widget-container\">\n\t\t\t\t\t<h1 class=\"elementor-heading-title elementor-size-default\">Generering av leads<\/h1>\t\t\t\t<\/div>\n\t\t\t\t<\/div>\n\t\t\t\t<\/div>\n\t\t<div class=\"elementor-element elementor-element-5b8ed51c e-con-full e-flex e-con e-child\" data-id=\"5b8ed51c\" data-element_type=\"container\">\n\t\t\t\t<div class=\"elementor-element elementor-element-3cb782bb elementor-widget elementor-widget-text-editor\" data-id=\"3cb782bb\" data-element_type=\"widget\" data-widget_type=\"text-editor.default\">\n\t\t\t\t<div class=\"elementor-widget-container\">\n\t\t\t\t\t\t\t\t\t<p>F\u00e5 v\u00e4rdefulla leads f\u00f6r ditt f\u00f6retag med B2B lead generation<\/p>\t\t\t\t\t\t\t\t<\/div>\n\t\t\t\t<\/div>\n\t\t\t\t<\/div>\n\t\t\t\t\t<\/div>\n\t\t\t\t<\/div>\n\t\t<div class=\"elementor-element elementor-element-3c81342b e-flex e-con-boxed e-con e-parent\" data-id=\"3c81342b\" data-element_type=\"container\">\n\t\t\t\t\t<div class=\"e-con-inner\">\n\t\t<div class=\"elementor-element elementor-element-68dd6f4 e-con-full e-flex e-con e-child\" data-id=\"68dd6f4\" data-element_type=\"container\">\n\t\t\t\t<div class=\"elementor-element elementor-element-36458f78 elementor-widget elementor-widget-text-editor\" data-id=\"36458f78\" data-element_type=\"widget\" data-widget_type=\"text-editor.default\">\n\t\t\t\t<div class=\"elementor-widget-container\">\n\t\t\t\t\t\t\t\t\t<h2>Effektiv BtB leadgenerering<\/h2><p>BtB leadgenerering \u00e4r en process som s\u00e4kerst\u00e4ller att v\u00e5r kund f\u00e5r det \u00f6nskade antalet veckovisa kvalificerade leads till f\u00f6rs\u00e4ljningsavdelningen. V\u00e4rdefulla kvalificerade leads \u00e4r precis det f\u00f6rsta steget mot effektiv m\u00f6tesbokning. Och det \u00e4r i slut\u00e4ndan avg\u00f6rande n\u00e4r det g\u00e4ller att s\u00e4kra nya kunder till f\u00f6retaget.<\/p><p>Hos Tele-Mark AB har vi m\u00e5nga goda erfarenheter av att skapa tillv\u00e4xt f\u00f6r f\u00f6retag i alla storlekar och i n\u00e4stan alla branscher. Med utg\u00e5ngspunkt i uppdaterad kunskap och de senaste metoderna och teknologierna inom telemarketing genererar vi de b\u00e4sta leadsen f\u00f6r din f\u00f6rs\u00e4ljningsavdelning.<\/p><p>L\u00e5t Tele-Mark AB sk\u00f6ta din BtB leadgenerering s\u00e5 att du:<\/p><ul><li>F\u00e5r de mest v\u00e4rdefulla leadsen till din f\u00f6retags f\u00f6rs\u00e4ljningsavdelning.<\/li><li>Kan anv\u00e4nda f\u00f6rs\u00e4ljningsavdelningens tid och energi f\u00f6r sj\u00e4lva f\u00f6rs\u00e4ljningen.<\/li><\/ul><h3>Leadgenerering anpassad specifikt f\u00f6r er bransch<\/h3><p>En grundlig f\u00f6rberedelse g\u00f6r hela skillnaden n\u00e4r det g\u00e4ller framg\u00e5ngsrik leadgenerering. V\u00e5rt arbete bygger p\u00e5 djup kunskap om olika branschers marknad och i n\u00e4ra dialog med dig. Vi samlar kontinuerligt in ny anv\u00e4ndbar kunskap i v\u00e5ra branschteam. Det inneb\u00e4r att vi snabbt kan s\u00e4tta oss in i era tj\u00e4nster, era produkter och er marknad.<\/p>\t\t\t\t\t\t\t\t<\/div>\n\t\t\t\t<\/div>\n\t\t\t\t<\/div>\n\t\t<div class=\"elementor-element elementor-element-46894534 e-con-full e-flex e-con e-child\" data-id=\"46894534\" data-element_type=\"container\">\n\t\t\t\t<div class=\"elementor-element elementor-element-6b8ff57f elementor-widget elementor-widget-text-editor\" data-id=\"6b8ff57f\" data-element_type=\"widget\" data-widget_type=\"text-editor.default\">\n\t\t\t\t<div class=\"elementor-widget-container\">\n\t\t\t\t\t\t\t\t\t<h3>K\u00e4nn dig trygg med Tele-Mark<\/h3><p>Vi garanterar en seri\u00f6s och professionell inst\u00e4llning i arbetet med att generera leads f\u00f6r alla v\u00e5ra kunder. Vi arbetar med stor omtanke, vilket g\u00f6r att du som kund kan k\u00e4nna dig helt trygg med att l\u00e5ta Tele-Mark representera ditt f\u00f6retag externt mot m\u00e5lgruppen.<\/p><p>B\u00f6rja ringa<a href=\"tel:+45 70 23 72 38\" aria-label=\"Telefon nummer\">+45 70 23 72 38<\/a> \u2013 fr\u00e5ga efter Mads Elefsen Kudsk.<\/p><h3>\u00d6ver 500 n\u00f6jda f\u00f6retag<\/h3><p>Tele-Mark AB har ocks\u00e5 m\u00e5nga \u00e5rs erfarenhet av att hj\u00e4lpa f\u00f6retag. Vi erbjuder bland annat marknadsanalys, m\u00f6tesbokning och B2B-kampanjr\u00e5dgivning, och idag har vi \u00f6ver 500 n\u00f6jda f\u00f6retag p\u00e5 v\u00e5r kundlista. Se mer p\u00e5 v\u00e5r LinkedIn-sida <a href=\"https:\/\/www.linkedin.com\/company\/tele-mark-as\" target=\"_blank\" rel=\"noopener\">h\u00e4r.<\/a><\/p>\t\t\t\t\t\t\t\t<\/div>\n\t\t\t\t<\/div>\n\t\t\t\t<\/div>\n\t\t\t\t\t<\/div>\n\t\t\t\t<\/div>\n\t\t<div class=\"elementor-element elementor-element-c3faa43 light e-flex e-con-boxed e-con e-parent\" data-id=\"c3faa43\" data-element_type=\"container\">\n\t\t\t\t\t<div class=\"e-con-inner\">\n\t\t<div class=\"elementor-element elementor-element-d42323a e-con-full e-flex e-con e-child\" data-id=\"d42323a\" data-element_type=\"container\">\n\t\t\t\t<div class=\"elementor-element elementor-element-1a58c81 elementor-widget elementor-widget-video\" data-id=\"1a58c81\" data-element_type=\"widget\" data-settings=\"{&quot;video_type&quot;:&quot;hosted&quot;,&quot;controls&quot;:&quot;yes&quot;}\" data-widget_type=\"video.default\">\n\t\t\t\t<div class=\"elementor-widget-container\">\n\t\t\t\t\t\t\t<div class=\"e-hosted-video elementor-wrapper elementor-open-inline\">\n\t\t\t\t\t<video class=\"elementor-video\" src=\"https:\/\/gostmediaserviceprod.blob.core.windows.net\/asset-93363ac2-2d4d-4abb-8a2e-9f0c9701e745\/telemark_poul_master (1080p)_1920x1080_6000k.mp4\" controls=\"\" preload=\"metadata\" controlsList=\"nodownload\"><\/video>\n\t\t\t\t<\/div>\n\t\t\t\t\t\t<\/div>\n\t\t\t\t<\/div>\n\t\t\t\t<\/div>\n\t\t\t\t\t<\/div>\n\t\t\t\t<\/div>\n\t\t<div class=\"elementor-element elementor-element-3523bfed e-con-full e-flex e-con e-parent\" data-id=\"3523bfed\" data-element_type=\"container\">\n\t\t\t\t<div class=\"elementor-element elementor-element-64c6c455 elementor-widget elementor-widget-template\" data-id=\"64c6c455\" data-element_type=\"widget\" data-widget_type=\"template.default\">\n\t\t\t\t<div class=\"elementor-widget-container\">\n\t\t\t\t\t\t\t<div class=\"elementor-template\">\n\t\t\t\t\t<div data-elementor-type=\"container\" data-elementor-id=\"9854\" class=\"elementor elementor-9854\" data-elementor-post-type=\"elementor_library\">\n\t\t\t\t<div class=\"elementor-element elementor-element-3a5d0ade e-con-full no-padding e-flex e-con e-parent\" data-id=\"3a5d0ade\" data-element_type=\"container\">\n\t\t\t\t<div class=\"elementor-element elementor-element-7af60ea3 elementor-widget elementor-widget-template\" data-id=\"7af60ea3\" data-element_type=\"widget\" data-widget_type=\"template.default\">\n\t\t\t\t<div class=\"elementor-widget-container\">\n\t\t\t\t\t\t\t<div class=\"elementor-template\">\n\t\t\t\t\t<div data-elementor-type=\"container\" data-elementor-id=\"11011\" class=\"elementor elementor-11011 elementor-9860\" data-elementor-post-type=\"elementor_library\">\n\t\t\t\t<div class=\"elementor-element elementor-element-16e773e8 cta-footer e-flex e-con-boxed e-con e-parent\" data-id=\"16e773e8\" data-element_type=\"container\" data-settings=\"{&quot;background_background&quot;:&quot;classic&quot;}\">\n\t\t\t\t\t<div class=\"e-con-inner\">\n\t\t<div class=\"elementor-element elementor-element-13212c55 e-con-full e-flex e-con e-child\" data-id=\"13212c55\" data-element_type=\"container\">\n\t\t<div class=\"elementor-element elementor-element-66550028 e-con-full padding e-flex e-con e-child\" data-id=\"66550028\" data-element_type=\"container\" data-settings=\"{&quot;background_background&quot;:&quot;classic&quot;}\">\n\t\t\t\t<div class=\"elementor-element elementor-element-5bb0e9dd white elementor-widget elementor-widget-heading\" data-id=\"5bb0e9dd\" data-element_type=\"widget\" data-widget_type=\"heading.default\">\n\t\t\t\t<div class=\"elementor-widget-container\">\n\t\t\t\t\t<h3 class=\"elementor-heading-title elementor-size-default\">F\u00f6lj oss p\u00e5 v\u00e5ra sociala medier<\/h3>\t\t\t\t<\/div>\n\t\t\t\t<\/div>\n\t\t\t\t<div class=\"elementor-element elementor-element-266aa9b8 some elementor-widget elementor-widget-html\" data-id=\"266aa9b8\" data-element_type=\"widget\" data-widget_type=\"html.default\">\n\t\t\t\t<div class=\"elementor-widget-container\">\n\t\t\t\t\t<a href=\"https:\/\/www.facebook.com\/100027965816908\/\" target=\"_blank\" aria-label=\"F\u00f8lg os p\u00e5 Facebook\"><i class=\"fa-brands fa-facebook-f\"><\/i><\/a>\n<a href=\"https:\/\/www.linkedin.com\/company\/tele-mark-as\/\" target=\"_blank\" aria-label=\"F\u00f8lg os p\u00e5 LinkedIn\"><i class=\"fa-brands fa-linkedin-in\"><\/i><\/a>\n<a href=\"https:\/\/www.youtube.com\/channel\/UCOCM8pxrJsN78l_hIH7j7Uw\" target=\"_blank\" aria-label=\"Youtube\">\n<i class=\"fa-brands fa-youtube\"><\/i>\n<\/a>\t\t\t\t<\/div>\n\t\t\t\t<\/div>\n\t\t\t\t<\/div>\n\t\t\t\t<\/div>\n\t\t\t\t\t<\/div>\n\t\t\t\t<\/div>\n\t\t\t\t<\/div>\n\t\t\t\t<\/div>\n\t\t\t\t\t\t<\/div>\n\t\t\t\t<\/div>\n\t\t\t\t<\/div>\n\t\t\t\t<\/div>\n\t\t\t\t<\/div>\n\t\t\t\t\t\t<\/div>\n\t\t\t\t<\/div>\n\t\t\t\t<\/div>\n\t\t\t\t<\/div>\n\t\t","protected":false},"excerpt":{"rendered":"<p>Generering av leads F\u00e5 v\u00e4rdefulla leads f\u00f6r ditt f\u00f6retag med B2B lead generation Effektiv BtB leadgenerering BtB leadgenerering \u00e4r en process som s\u00e4kerst\u00e4ller att v\u00e5r kund f\u00e5r det \u00f6nskade antalet veckovisa kvalificerade leads till f\u00f6rs\u00e4ljningsavdelningen. V\u00e4rdefulla kvalificerade leads \u00e4r precis det f\u00f6rsta steget mot effektiv m\u00f6tesbokning. Och det \u00e4r i slut\u00e4ndan avg\u00f6rande n\u00e4r det g\u00e4ller &#8230; <a title=\"Leadgenerering\" class=\"read-more\" href=\"https:\/\/tele-mark.dk\/sv\/telemarketing\/leadgenerering\/\" aria-label=\"L\u00e4s mer om Leadgenerering\">L\u00e4s mer<\/a><\/p>\n","protected":false},"author":5,"featured_media":0,"parent":10889,"menu_order":1021,"comment_status":"closed","ping_status":"closed","template":"","meta":{"_acf_changed":false,"footnotes":""},"categories":[],"class_list":["post-10730","page","type-page","status-publish"],"acf":[],"yoast_head":"<!-- This site is optimized with the Yoast SEO plugin v26.8 - https:\/\/yoast.com\/product\/yoast-seo-wordpress\/ -->\n<title>Leadgenerering | Tele-Mark A\/S<\/title>\n<meta name=\"robots\" content=\"index, follow, max-snippet:-1, max-image-preview:large, max-video-preview:-1\" \/>\n<link rel=\"canonical\" href=\"https:\/\/tele-mark.dk\/telemarketing\/leadgenerering\/\" \/>\n<meta property=\"og:locale\" content=\"sv_SE\" \/>\n<meta property=\"og:type\" content=\"article\" \/>\n<meta property=\"og:title\" content=\"Leadgenerering | Tele-Mark A\/S\" \/>\n<meta property=\"og:description\" content=\"Generering av leads F\u00e5 v\u00e4rdefulla leads f\u00f6r ditt f\u00f6retag med B2B lead generation Effektiv BtB leadgenerering BtB leadgenerering \u00e4r en process som s\u00e4kerst\u00e4ller att v\u00e5r kund f\u00e5r det \u00f6nskade antalet veckovisa kvalificerade leads till f\u00f6rs\u00e4ljningsavdelningen. V\u00e4rdefulla kvalificerade leads \u00e4r precis det f\u00f6rsta steget mot effektiv m\u00f6tesbokning. Och det \u00e4r i slut\u00e4ndan avg\u00f6rande n\u00e4r det g\u00e4ller ... L\u00e4s mer\" \/>\n<meta property=\"og:url\" content=\"https:\/\/tele-mark.dk\/telemarketing\/leadgenerering\/\" \/>\n<meta property=\"og:site_name\" content=\"Tele-Mark A\/S\" \/>\n<meta property=\"article:modified_time\" content=\"2025-09-24T08:45:06+00:00\" \/>\n<meta name=\"twitter:card\" content=\"summary_large_image\" \/>\n<meta name=\"twitter:label1\" content=\"Ber\u00e4knad l\u00e4stid\" \/>\n\t<meta name=\"twitter:data1\" content=\"2 minuter\" \/>\n<script type=\"application\/ld+json\" class=\"yoast-schema-graph\">{\"@context\":\"https:\/\/schema.org\",\"@graph\":[{\"@type\":\"WebPage\",\"@id\":\"https:\/\/tele-mark.dk\/telemarketing\/leadgenerering\/\",\"url\":\"https:\/\/tele-mark.dk\/telemarketing\/leadgenerering\/\",\"name\":\"Leadgenerering | Tele-Mark A\/S\",\"isPartOf\":{\"@id\":\"https:\/\/tele-mark.dk\/#website\"},\"datePublished\":\"2025-03-25T11:56:27+00:00\",\"dateModified\":\"2025-09-24T08:45:06+00:00\",\"breadcrumb\":{\"@id\":\"https:\/\/tele-mark.dk\/telemarketing\/leadgenerering\/#breadcrumb\"},\"inLanguage\":\"sv-SE\",\"potentialAction\":[{\"@type\":\"ReadAction\",\"target\":[\"https:\/\/tele-mark.dk\/telemarketing\/leadgenerering\/\"]}]},{\"@type\":\"BreadcrumbList\",\"@id\":\"https:\/\/tele-mark.dk\/telemarketing\/leadgenerering\/#breadcrumb\",\"itemListElement\":[{\"@type\":\"ListItem\",\"position\":1,\"name\":\"Forside\",\"item\":\"https:\/\/tele-mark.dk\/sv\/?page_id=10827\"},{\"@type\":\"ListItem\",\"position\":2,\"name\":\"Telemarketing\",\"item\":\"https:\/\/tele-mark.dk\/telemarketing\/\"},{\"@type\":\"ListItem\",\"position\":3,\"name\":\"Leadgenerering\"}]},{\"@type\":\"WebSite\",\"@id\":\"https:\/\/tele-mark.dk\/#website\",\"url\":\"https:\/\/tele-mark.dk\/\",\"name\":\"Tele-Mark A\/S\",\"description\":\"Telemarketingbyr\u00e5 \u200b\u200bf\u00f6r Danmark, Norden, Europa och hela v\u00e4rlden\",\"publisher\":{\"@id\":\"https:\/\/tele-mark.dk\/#organization\"},\"potentialAction\":[{\"@type\":\"SearchAction\",\"target\":{\"@type\":\"EntryPoint\",\"urlTemplate\":\"https:\/\/tele-mark.dk\/?s={search_term_string}\"},\"query-input\":{\"@type\":\"PropertyValueSpecification\",\"valueRequired\":true,\"valueName\":\"search_term_string\"}}],\"inLanguage\":\"sv-SE\"},{\"@type\":\"Organization\",\"@id\":\"https:\/\/tele-mark.dk\/#organization\",\"name\":\"Tele-Mark A\/S\",\"url\":\"https:\/\/tele-mark.dk\/\",\"logo\":{\"@type\":\"ImageObject\",\"inLanguage\":\"sv-SE\",\"@id\":\"https:\/\/tele-mark.dk\/#\/schema\/logo\/image\/\",\"url\":\"https:\/\/tele-mark.dk\/wp-content\/uploads\/2025\/03\/Nyt-logo.svg\",\"contentUrl\":\"https:\/\/tele-mark.dk\/wp-content\/uploads\/2025\/03\/Nyt-logo.svg\",\"width\":433,\"height\":161,\"caption\":\"Tele-Mark A\/S\"},\"image\":{\"@id\":\"https:\/\/tele-mark.dk\/#\/schema\/logo\/image\/\"}}]}<\/script>\n<!-- \/ Yoast SEO plugin. -->","yoast_head_json":{"title":"Leadgenerering | Tele-Mark A\/S","robots":{"index":"index","follow":"follow","max-snippet":"max-snippet:-1","max-image-preview":"max-image-preview:large","max-video-preview":"max-video-preview:-1"},"canonical":"https:\/\/tele-mark.dk\/telemarketing\/leadgenerering\/","og_locale":"sv_SE","og_type":"article","og_title":"Leadgenerering | Tele-Mark A\/S","og_description":"Generering av leads F\u00e5 v\u00e4rdefulla leads f\u00f6r ditt f\u00f6retag med B2B lead generation Effektiv BtB leadgenerering BtB leadgenerering \u00e4r en process som s\u00e4kerst\u00e4ller att v\u00e5r kund f\u00e5r det \u00f6nskade antalet veckovisa kvalificerade leads till f\u00f6rs\u00e4ljningsavdelningen. V\u00e4rdefulla kvalificerade leads \u00e4r precis det f\u00f6rsta steget mot effektiv m\u00f6tesbokning. Och det \u00e4r i slut\u00e4ndan avg\u00f6rande n\u00e4r det g\u00e4ller ... L\u00e4s mer","og_url":"https:\/\/tele-mark.dk\/telemarketing\/leadgenerering\/","og_site_name":"Tele-Mark A\/S","article_modified_time":"2025-09-24T08:45:06+00:00","twitter_card":"summary_large_image","twitter_misc":{"Ber\u00e4knad l\u00e4stid":"2 minuter"},"schema":{"@context":"https:\/\/schema.org","@graph":[{"@type":"WebPage","@id":"https:\/\/tele-mark.dk\/telemarketing\/leadgenerering\/","url":"https:\/\/tele-mark.dk\/telemarketing\/leadgenerering\/","name":"Leadgenerering | Tele-Mark A\/S","isPartOf":{"@id":"https:\/\/tele-mark.dk\/#website"},"datePublished":"2025-03-25T11:56:27+00:00","dateModified":"2025-09-24T08:45:06+00:00","breadcrumb":{"@id":"https:\/\/tele-mark.dk\/telemarketing\/leadgenerering\/#breadcrumb"},"inLanguage":"sv-SE","potentialAction":[{"@type":"ReadAction","target":["https:\/\/tele-mark.dk\/telemarketing\/leadgenerering\/"]}]},{"@type":"BreadcrumbList","@id":"https:\/\/tele-mark.dk\/telemarketing\/leadgenerering\/#breadcrumb","itemListElement":[{"@type":"ListItem","position":1,"name":"Forside","item":"https:\/\/tele-mark.dk\/sv\/?page_id=10827"},{"@type":"ListItem","position":2,"name":"Telemarketing","item":"https:\/\/tele-mark.dk\/telemarketing\/"},{"@type":"ListItem","position":3,"name":"Leadgenerering"}]},{"@type":"WebSite","@id":"https:\/\/tele-mark.dk\/#website","url":"https:\/\/tele-mark.dk\/","name":"Tele-Mark A\/S","description":"Telemarketingbyr\u00e5 \u200b\u200bf\u00f6r Danmark, Norden, Europa och hela v\u00e4rlden","publisher":{"@id":"https:\/\/tele-mark.dk\/#organization"},"potentialAction":[{"@type":"SearchAction","target":{"@type":"EntryPoint","urlTemplate":"https:\/\/tele-mark.dk\/?s={search_term_string}"},"query-input":{"@type":"PropertyValueSpecification","valueRequired":true,"valueName":"search_term_string"}}],"inLanguage":"sv-SE"},{"@type":"Organization","@id":"https:\/\/tele-mark.dk\/#organization","name":"Tele-Mark A\/S","url":"https:\/\/tele-mark.dk\/","logo":{"@type":"ImageObject","inLanguage":"sv-SE","@id":"https:\/\/tele-mark.dk\/#\/schema\/logo\/image\/","url":"https:\/\/tele-mark.dk\/wp-content\/uploads\/2025\/03\/Nyt-logo.svg","contentUrl":"https:\/\/tele-mark.dk\/wp-content\/uploads\/2025\/03\/Nyt-logo.svg","width":433,"height":161,"caption":"Tele-Mark A\/S"},"image":{"@id":"https:\/\/tele-mark.dk\/#\/schema\/logo\/image\/"}}]}},"_links":{"self":[{"href":"https:\/\/tele-mark.dk\/sv\/wp-json\/wp\/v2\/pages\/10730","targetHints":{"allow":["GET"]}}],"collection":[{"href":"https:\/\/tele-mark.dk\/sv\/wp-json\/wp\/v2\/pages"}],"about":[{"href":"https:\/\/tele-mark.dk\/sv\/wp-json\/wp\/v2\/types\/page"}],"author":[{"embeddable":true,"href":"https:\/\/tele-mark.dk\/sv\/wp-json\/wp\/v2\/users\/5"}],"replies":[{"embeddable":true,"href":"https:\/\/tele-mark.dk\/sv\/wp-json\/wp\/v2\/comments?post=10730"}],"version-history":[{"count":5,"href":"https:\/\/tele-mark.dk\/sv\/wp-json\/wp\/v2\/pages\/10730\/revisions"}],"predecessor-version":[{"id":11054,"href":"https:\/\/tele-mark.dk\/sv\/wp-json\/wp\/v2\/pages\/10730\/revisions\/11054"}],"up":[{"embeddable":true,"href":"https:\/\/tele-mark.dk\/sv\/wp-json\/wp\/v2\/pages\/10889"}],"wp:attachment":[{"href":"https:\/\/tele-mark.dk\/sv\/wp-json\/wp\/v2\/media?parent=10730"}],"wp:term":[{"taxonomy":"category","embeddable":true,"href":"https:\/\/tele-mark.dk\/sv\/wp-json\/wp\/v2\/categories?post=10730"}],"curies":[{"name":"wp","href":"https:\/\/api.w.org\/{rel}","templated":true}]}}