{"id":10729,"date":"2025-03-25T12:56:27","date_gmt":"2025-03-25T11:56:27","guid":{"rendered":"https:\/\/tele-mark.dk\/moetesbokare\/"},"modified":"2025-09-24T09:42:34","modified_gmt":"2025-09-24T07:42:34","slug":"moetesbokare","status":"publish","type":"page","link":"https:\/\/tele-mark.dk\/sv\/telemarketing\/moetesbokare\/","title":{"rendered":"M\u00f6tesbokare"},"content":{"rendered":"\t\t<div data-elementor-type=\"wp-page\" data-elementor-id=\"10729\" class=\"elementor elementor-10729 elementor-9420\" data-elementor-post-type=\"page\">\n\t\t\t\t<div class=\"elementor-element elementor-element-549a2160 e-con-full e-flex e-con e-parent\" data-id=\"549a2160\" data-element_type=\"container\">\n\t\t\t\t<div class=\"elementor-element elementor-element-196d3f3f elementor-widget elementor-widget-template\" data-id=\"196d3f3f\" data-element_type=\"widget\" data-widget_type=\"template.default\">\n\t\t\t\t<div class=\"elementor-widget-container\">\n\t\t\t\t\t\t\t<div class=\"elementor-template\">\n\t\t\t\t\t<div data-elementor-type=\"container\" data-elementor-id=\"6563\" class=\"elementor elementor-6563\" data-elementor-post-type=\"elementor_library\">\n\t\t\t\t<div class=\"elementor-element elementor-element-6b499f1f e-con-full no-padding e-flex e-con e-parent\" data-id=\"6b499f1f\" data-element_type=\"container\">\n\t\t\t\t<div class=\"elementor-element elementor-element-1ecbb66 elementor-widget elementor-widget-template\" data-id=\"1ecbb66\" data-element_type=\"widget\" data-widget_type=\"template.default\">\n\t\t\t\t<div class=\"elementor-widget-container\">\n\t\t\t\t\t\t\t<div class=\"elementor-template\">\n\t\t\t\t\t<div data-elementor-type=\"container\" data-elementor-id=\"10099\" class=\"elementor elementor-10099\" data-elementor-post-type=\"elementor_library\">\n\t\t\t\t<div class=\"elementor-element elementor-element-45622206 white e-con-full e-flex e-con e-parent\" data-id=\"45622206\" data-element_type=\"container\" data-settings=\"{&quot;background_background&quot;:&quot;classic&quot;}\">\n\t\t\t\t<\/div>\n\t\t\t\t<\/div>\n\t\t\t\t<\/div>\n\t\t\t\t\t\t<\/div>\n\t\t\t\t<\/div>\n\t\t\t\t<\/div>\n\t\t\t\t<\/div>\n\t\t\t\t<\/div>\n\t\t\t\t\t\t<\/div>\n\t\t\t\t<\/div>\n\t\t\t\t<\/div>\n\t\t<div class=\"elementor-element elementor-element-51c4092b light e-flex e-con-boxed e-con e-parent\" data-id=\"51c4092b\" data-element_type=\"container\">\n\t\t\t\t\t<div class=\"e-con-inner\">\n\t\t<div class=\"elementor-element elementor-element-ea09fd0 e-con-full e-flex e-con e-child\" data-id=\"ea09fd0\" data-element_type=\"container\">\n\t\t\t\t<div class=\"elementor-element elementor-element-6a5b00c7 elementor-widget elementor-widget-heading\" data-id=\"6a5b00c7\" data-element_type=\"widget\" data-widget_type=\"heading.default\">\n\t\t\t\t<div class=\"elementor-widget-container\">\n\t\t\t\t\t<h1 class=\"elementor-heading-title elementor-size-default\">Varf\u00f6r ska jag anv\u00e4nda en m\u00f6tesbokare?<\/h1>\t\t\t\t<\/div>\n\t\t\t\t<\/div>\n\t\t\t\t<\/div>\n\t\t\t\t\t<\/div>\n\t\t\t\t<\/div>\n\t\t<div class=\"elementor-element elementor-element-a245e9c e-flex e-con-boxed e-con e-parent\" data-id=\"a245e9c\" data-element_type=\"container\">\n\t\t\t\t\t<div class=\"e-con-inner\">\n\t\t<div class=\"elementor-element elementor-element-26217b16 e-con-full e-flex e-con e-child\" data-id=\"26217b16\" data-element_type=\"container\">\n\t\t\t\t<div class=\"elementor-element elementor-element-4ce9dcd7 elementor-widget elementor-widget-text-editor\" data-id=\"4ce9dcd7\" data-element_type=\"widget\" data-widget_type=\"text-editor.default\">\n\t\t\t\t<div class=\"elementor-widget-container\">\n\t\t\t\t\t\t\t\t\t<h3>Professionell m\u00f6tesbokare med branschkunskap<\/h3><p>Det \u00e4r en bra id\u00e9 att anv\u00e4nda en professionell m\u00f6tesbokare f\u00f6r att ringa och arrangera m\u00f6ten med nya potentiella kunder f\u00f6r din s\u00e4ljares r\u00e4kning. P\u00e5 s\u00e5 s\u00e4tt kan dina s\u00e4ljare koncentrera sig p\u00e5 det de g\u00f6r b\u00e4st \u2013 att s\u00e4lja dina produkter.<\/p><p>Det \u00e4r viktigt att din m\u00f6tesbokare har erfarenhet och kunskap inom din bransch. Alla v\u00e5ra m\u00f6tesbokare \u00e4r utbildade i att prata med kunder s\u00e5 att de \u00e4r trov\u00e4rdiga och \u00f6vertygande. Tele-Mark kan erbjuda dig en professionell och erfaren m\u00f6tesbokare som besitter dessa egenskaper.<\/p><h3>En m\u00f6tesbokare med branschkunskap<\/h3><p>P\u00e5 <a href=\"\/\">Tele-Mark A\/S<\/a> \u00e4r vi stolta \u00f6ver att v\u00e5ra anst\u00e4llda har omfattande kunskaper om olika branscher, s\u00e5 att de ocks\u00e5 k\u00e4nner till din marknad.<\/p><p>Det \u00e4r ocks\u00e5 viktigt f\u00f6r oss att m\u00f6tesbokaren har m\u00e5nga \u00e5rs erfarenhet. D\u00e4rf\u00f6r har vi inte n\u00e5gon stor oms\u00e4ttning bland v\u00e5ra m\u00f6tesbokare. Flera av dem har varit anst\u00e4llda hos oss i \u00f6ver 10 \u00e5r.<\/p><h3>L\u00e5t Tele-Mark erbjuda en m\u00f6tesbokare s\u00e5 att du kan:<\/h3><ul><li>Beh\u00f6ver bara l\u00e4gga tid p\u00e5 kvalificerade leads<\/li><li>Kan f\u00e5 mer tid f\u00f6r m\u00f6tesf\u00f6rberedelser<\/li><\/ul>\t\t\t\t\t\t\t\t<\/div>\n\t\t\t\t<\/div>\n\t\t\t\t<\/div>\n\t\t<div class=\"elementor-element elementor-element-25e8ed7a e-con-full e-flex e-con e-child\" data-id=\"25e8ed7a\" data-element_type=\"container\">\n\t\t\t\t<div class=\"elementor-element elementor-element-4a80b404 elementor-widget elementor-widget-text-editor\" data-id=\"4a80b404\" data-element_type=\"widget\" data-widget_type=\"text-editor.default\">\n\t\t\t\t<div class=\"elementor-widget-container\">\n\t\t\t\t\t\t\t\t\t<h3>Noggranna f\u00f6rberedelser ger goda resultat<\/h3><p>Sj\u00e4lvklart ser vi till att er m\u00f6tesbokare \u00e4r v\u00e4l rustad f\u00f6r att representera ert f\u00f6retag. Han kommer inte tankl\u00f6st att ringa upp alla potentiella kunder p\u00e5 en l\u00e5ng lista, eftersom det inte p\u00e5 n\u00e5got s\u00e4tt kommer att skapa resultat som vi kan garantera.<\/p><p>Ist\u00e4llet kommer din m\u00f6tesbokare att bli grundligt introducerad till ditt f\u00f6retags kompetenser, v\u00e4rderingar, m\u00e5l, m\u00e5lgrupper, produktportf\u00f6lj, konkurrenter etc. och \u00f6verv\u00e4ga goda argument f\u00f6r varf\u00f6r kunderna ska v\u00e4lja dig framf\u00f6r dina konkurrenter. Detta skapar v\u00e4rdefulla <a href=\"https:\/\/tele-mark.dk\/telemarketing\/moedebooking\/\">m\u00f6tesbokningar<\/a> och <a href=\"https:\/\/tele-mark.dk\/sv\/?page_id=10730\">leadgenerering<\/a> !<\/p><h3>Kontakta oss och h\u00f6r mer<\/h3><p>Om du \u00e4r intresserad av att h\u00f6ra mer om vad vi kan erbjuda ditt f\u00f6retag, b\u00f6rja med att ringa<a href=\"tel:+45 70 23 72 38\" aria-label=\"Telefon nummer\">+45 70 23 72 38<\/a> \u2013 fr\u00e5ga efter <a href=\"https:\/\/tele-mark.dk\/kontakt\/\">Mads Elefsen Kudsk<\/a> . Du kan ocks\u00e5 f\u00f6lja oss p\u00e5 <a href=\"https:\/\/www.linkedin.com\/company\/tele-mark-as\" target=\"_blank\" rel=\"noopener\">LinkedIn h\u00e4r<\/a> .<\/p>\t\t\t\t\t\t\t\t<\/div>\n\t\t\t\t<\/div>\n\t\t\t\t<\/div>\n\t\t\t\t\t<\/div>\n\t\t\t\t<\/div>\n\t\t<div class=\"elementor-element elementor-element-7f5706f light e-flex e-con-boxed e-con e-parent\" data-id=\"7f5706f\" data-element_type=\"container\">\n\t\t\t\t\t<div class=\"e-con-inner\">\n\t\t<div class=\"elementor-element elementor-element-9f623b6 e-con-full e-flex e-con e-child\" data-id=\"9f623b6\" data-element_type=\"container\">\n\t\t\t\t<div class=\"elementor-element elementor-element-3f64d1b elementor-widget elementor-widget-video\" data-id=\"3f64d1b\" data-element_type=\"widget\" data-settings=\"{&quot;video_type&quot;:&quot;hosted&quot;,&quot;controls&quot;:&quot;yes&quot;}\" data-widget_type=\"video.default\">\n\t\t\t\t<div class=\"elementor-widget-container\">\n\t\t\t\t\t\t\t<div class=\"e-hosted-video elementor-wrapper elementor-open-inline\">\n\t\t\t\t\t<video class=\"elementor-video\" src=\"https:\/\/gostmediaserviceprod.blob.core.windows.net\/asset-10cd5eee-c643-4964-8c0b-bb379e1263cc\/telemark_harry_master (1080p)_1920x1080_6000k.mp4\" controls=\"\" preload=\"metadata\" controlsList=\"nodownload\"><\/video>\n\t\t\t\t<\/div>\n\t\t\t\t\t\t<\/div>\n\t\t\t\t<\/div>\n\t\t\t\t<\/div>\n\t\t\t\t\t<\/div>\n\t\t\t\t<\/div>\n\t\t<div class=\"elementor-element elementor-element-2fe03e22 e-con-full e-flex e-con e-parent\" data-id=\"2fe03e22\" data-element_type=\"container\">\n\t\t\t\t<div class=\"elementor-element elementor-element-49d31073 elementor-widget elementor-widget-template\" data-id=\"49d31073\" data-element_type=\"widget\" data-widget_type=\"template.default\">\n\t\t\t\t<div class=\"elementor-widget-container\">\n\t\t\t\t\t\t\t<div class=\"elementor-template\">\n\t\t\t\t\t<div data-elementor-type=\"container\" data-elementor-id=\"9854\" class=\"elementor elementor-9854\" data-elementor-post-type=\"elementor_library\">\n\t\t\t\t<div class=\"elementor-element elementor-element-3a5d0ade e-con-full no-padding e-flex e-con e-parent\" data-id=\"3a5d0ade\" data-element_type=\"container\">\n\t\t\t\t<div class=\"elementor-element elementor-element-7af60ea3 elementor-widget elementor-widget-template\" data-id=\"7af60ea3\" data-element_type=\"widget\" data-widget_type=\"template.default\">\n\t\t\t\t<div class=\"elementor-widget-container\">\n\t\t\t\t\t\t\t<div class=\"elementor-template\">\n\t\t\t\t\t<div data-elementor-type=\"container\" data-elementor-id=\"11011\" class=\"elementor elementor-11011 elementor-9860\" data-elementor-post-type=\"elementor_library\">\n\t\t\t\t<div class=\"elementor-element elementor-element-16e773e8 cta-footer e-flex e-con-boxed e-con e-parent\" data-id=\"16e773e8\" data-element_type=\"container\" data-settings=\"{&quot;background_background&quot;:&quot;classic&quot;}\">\n\t\t\t\t\t<div class=\"e-con-inner\">\n\t\t<div class=\"elementor-element elementor-element-13212c55 e-con-full e-flex e-con e-child\" data-id=\"13212c55\" data-element_type=\"container\">\n\t\t<div class=\"elementor-element elementor-element-66550028 e-con-full padding e-flex e-con e-child\" data-id=\"66550028\" data-element_type=\"container\" data-settings=\"{&quot;background_background&quot;:&quot;classic&quot;}\">\n\t\t\t\t<div class=\"elementor-element elementor-element-5bb0e9dd white elementor-widget elementor-widget-heading\" data-id=\"5bb0e9dd\" data-element_type=\"widget\" data-widget_type=\"heading.default\">\n\t\t\t\t<div class=\"elementor-widget-container\">\n\t\t\t\t\t<h3 class=\"elementor-heading-title elementor-size-default\">F\u00f6lj oss p\u00e5 v\u00e5ra sociala medier<\/h3>\t\t\t\t<\/div>\n\t\t\t\t<\/div>\n\t\t\t\t<div class=\"elementor-element elementor-element-266aa9b8 some elementor-widget elementor-widget-html\" data-id=\"266aa9b8\" data-element_type=\"widget\" data-widget_type=\"html.default\">\n\t\t\t\t<div class=\"elementor-widget-container\">\n\t\t\t\t\t<a href=\"https:\/\/www.facebook.com\/100027965816908\/\" target=\"_blank\" aria-label=\"F\u00f8lg os p\u00e5 Facebook\"><i class=\"fa-brands fa-facebook-f\"><\/i><\/a>\n<a href=\"https:\/\/www.linkedin.com\/company\/tele-mark-as\/\" target=\"_blank\" aria-label=\"F\u00f8lg os p\u00e5 LinkedIn\"><i class=\"fa-brands fa-linkedin-in\"><\/i><\/a>\n<a href=\"https:\/\/www.youtube.com\/channel\/UCOCM8pxrJsN78l_hIH7j7Uw\" target=\"_blank\" aria-label=\"Youtube\">\n<i class=\"fa-brands fa-youtube\"><\/i>\n<\/a>\t\t\t\t<\/div>\n\t\t\t\t<\/div>\n\t\t\t\t<\/div>\n\t\t\t\t<\/div>\n\t\t\t\t\t<\/div>\n\t\t\t\t<\/div>\n\t\t\t\t<\/div>\n\t\t\t\t<\/div>\n\t\t\t\t\t\t<\/div>\n\t\t\t\t<\/div>\n\t\t\t\t<\/div>\n\t\t\t\t<\/div>\n\t\t\t\t<\/div>\n\t\t\t\t\t\t<\/div>\n\t\t\t\t<\/div>\n\t\t\t\t<\/div>\n\t\t\t\t<\/div>\n\t\t","protected":false},"excerpt":{"rendered":"<p>Varf\u00f6r ska jag anv\u00e4nda en m\u00f6tesbokare? Professionell m\u00f6tesbokare med branschkunskap Det \u00e4r en bra id\u00e9 att anv\u00e4nda en professionell m\u00f6tesbokare f\u00f6r att ringa och arrangera m\u00f6ten med nya potentiella kunder f\u00f6r din s\u00e4ljares r\u00e4kning. P\u00e5 s\u00e5 s\u00e4tt kan dina s\u00e4ljare koncentrera sig p\u00e5 det de g\u00f6r b\u00e4st \u2013 att s\u00e4lja dina produkter. Det \u00e4r viktigt &#8230; <a title=\"M\u00f6tesbokare\" class=\"read-more\" href=\"https:\/\/tele-mark.dk\/sv\/telemarketing\/moetesbokare\/\" aria-label=\"L\u00e4s mer om M\u00f6tesbokare\">L\u00e4s mer<\/a><\/p>\n","protected":false},"author":5,"featured_media":0,"parent":10889,"menu_order":1020,"comment_status":"closed","ping_status":"closed","template":"","meta":{"_acf_changed":false,"footnotes":""},"categories":[],"class_list":["post-10729","page","type-page","status-publish"],"acf":[],"yoast_head":"<!-- This site is optimized with the Yoast SEO plugin v26.8 - https:\/\/yoast.com\/product\/yoast-seo-wordpress\/ -->\n<title>M\u00f6tesbokare | Tele-Mark A\/S<\/title>\n<meta name=\"robots\" content=\"index, follow, max-snippet:-1, max-image-preview:large, max-video-preview:-1\" \/>\n<link rel=\"canonical\" href=\"https:\/\/tele-mark.dk\/telemarketing\/moedebooker\/\" \/>\n<meta property=\"og:locale\" content=\"sv_SE\" \/>\n<meta property=\"og:type\" content=\"article\" \/>\n<meta property=\"og:title\" content=\"M\u00f6tesbokare | Tele-Mark A\/S\" \/>\n<meta property=\"og:description\" content=\"Varf\u00f6r ska jag anv\u00e4nda en m\u00f6tesbokare? Professionell m\u00f6tesbokare med branschkunskap Det \u00e4r en bra id\u00e9 att anv\u00e4nda en professionell m\u00f6tesbokare f\u00f6r att ringa och arrangera m\u00f6ten med nya potentiella kunder f\u00f6r din s\u00e4ljares r\u00e4kning. P\u00e5 s\u00e5 s\u00e4tt kan dina s\u00e4ljare koncentrera sig p\u00e5 det de g\u00f6r b\u00e4st \u2013 att s\u00e4lja dina produkter. Det \u00e4r viktigt ... L\u00e4s mer\" \/>\n<meta property=\"og:url\" content=\"https:\/\/tele-mark.dk\/telemarketing\/moedebooker\/\" \/>\n<meta property=\"og:site_name\" content=\"Tele-Mark A\/S\" \/>\n<meta property=\"article:modified_time\" content=\"2025-09-24T07:42:34+00:00\" \/>\n<meta name=\"twitter:card\" content=\"summary_large_image\" \/>\n<meta name=\"twitter:label1\" content=\"Ber\u00e4knad l\u00e4stid\" \/>\n\t<meta name=\"twitter:data1\" content=\"2 minuter\" \/>\n<script type=\"application\/ld+json\" class=\"yoast-schema-graph\">{\"@context\":\"https:\/\/schema.org\",\"@graph\":[{\"@type\":\"WebPage\",\"@id\":\"https:\/\/tele-mark.dk\/telemarketing\/moedebooker\/\",\"url\":\"https:\/\/tele-mark.dk\/telemarketing\/moedebooker\/\",\"name\":\"M\u00f6tesbokare | Tele-Mark A\/S\",\"isPartOf\":{\"@id\":\"https:\/\/tele-mark.dk\/#website\"},\"datePublished\":\"2025-03-25T11:56:27+00:00\",\"dateModified\":\"2025-09-24T07:42:34+00:00\",\"breadcrumb\":{\"@id\":\"https:\/\/tele-mark.dk\/telemarketing\/moedebooker\/#breadcrumb\"},\"inLanguage\":\"sv-SE\",\"potentialAction\":[{\"@type\":\"ReadAction\",\"target\":[\"https:\/\/tele-mark.dk\/telemarketing\/moedebooker\/\"]}]},{\"@type\":\"BreadcrumbList\",\"@id\":\"https:\/\/tele-mark.dk\/telemarketing\/moedebooker\/#breadcrumb\",\"itemListElement\":[{\"@type\":\"ListItem\",\"position\":1,\"name\":\"Forside\",\"item\":\"https:\/\/tele-mark.dk\/sv\/?page_id=10827\"},{\"@type\":\"ListItem\",\"position\":2,\"name\":\"Telemarketing\",\"item\":\"https:\/\/tele-mark.dk\/telemarketing\/\"},{\"@type\":\"ListItem\",\"position\":3,\"name\":\"M\u00f6tesbokare\"}]},{\"@type\":\"WebSite\",\"@id\":\"https:\/\/tele-mark.dk\/#website\",\"url\":\"https:\/\/tele-mark.dk\/\",\"name\":\"Tele-Mark A\/S\",\"description\":\"Telemarketingbyr\u00e5 \u200b\u200bf\u00f6r Danmark, Norden, Europa och hela v\u00e4rlden\",\"publisher\":{\"@id\":\"https:\/\/tele-mark.dk\/#organization\"},\"potentialAction\":[{\"@type\":\"SearchAction\",\"target\":{\"@type\":\"EntryPoint\",\"urlTemplate\":\"https:\/\/tele-mark.dk\/?s={search_term_string}\"},\"query-input\":{\"@type\":\"PropertyValueSpecification\",\"valueRequired\":true,\"valueName\":\"search_term_string\"}}],\"inLanguage\":\"sv-SE\"},{\"@type\":\"Organization\",\"@id\":\"https:\/\/tele-mark.dk\/#organization\",\"name\":\"Tele-Mark A\/S\",\"url\":\"https:\/\/tele-mark.dk\/\",\"logo\":{\"@type\":\"ImageObject\",\"inLanguage\":\"sv-SE\",\"@id\":\"https:\/\/tele-mark.dk\/#\/schema\/logo\/image\/\",\"url\":\"https:\/\/tele-mark.dk\/wp-content\/uploads\/2025\/03\/Nyt-logo.svg\",\"contentUrl\":\"https:\/\/tele-mark.dk\/wp-content\/uploads\/2025\/03\/Nyt-logo.svg\",\"width\":433,\"height\":161,\"caption\":\"Tele-Mark A\/S\"},\"image\":{\"@id\":\"https:\/\/tele-mark.dk\/#\/schema\/logo\/image\/\"}}]}<\/script>\n<!-- \/ Yoast SEO plugin. -->","yoast_head_json":{"title":"M\u00f6tesbokare | Tele-Mark A\/S","robots":{"index":"index","follow":"follow","max-snippet":"max-snippet:-1","max-image-preview":"max-image-preview:large","max-video-preview":"max-video-preview:-1"},"canonical":"https:\/\/tele-mark.dk\/telemarketing\/moedebooker\/","og_locale":"sv_SE","og_type":"article","og_title":"M\u00f6tesbokare | Tele-Mark A\/S","og_description":"Varf\u00f6r ska jag anv\u00e4nda en m\u00f6tesbokare? Professionell m\u00f6tesbokare med branschkunskap Det \u00e4r en bra id\u00e9 att anv\u00e4nda en professionell m\u00f6tesbokare f\u00f6r att ringa och arrangera m\u00f6ten med nya potentiella kunder f\u00f6r din s\u00e4ljares r\u00e4kning. P\u00e5 s\u00e5 s\u00e4tt kan dina s\u00e4ljare koncentrera sig p\u00e5 det de g\u00f6r b\u00e4st \u2013 att s\u00e4lja dina produkter. Det \u00e4r viktigt ... L\u00e4s mer","og_url":"https:\/\/tele-mark.dk\/telemarketing\/moedebooker\/","og_site_name":"Tele-Mark A\/S","article_modified_time":"2025-09-24T07:42:34+00:00","twitter_card":"summary_large_image","twitter_misc":{"Ber\u00e4knad l\u00e4stid":"2 minuter"},"schema":{"@context":"https:\/\/schema.org","@graph":[{"@type":"WebPage","@id":"https:\/\/tele-mark.dk\/telemarketing\/moedebooker\/","url":"https:\/\/tele-mark.dk\/telemarketing\/moedebooker\/","name":"M\u00f6tesbokare | Tele-Mark A\/S","isPartOf":{"@id":"https:\/\/tele-mark.dk\/#website"},"datePublished":"2025-03-25T11:56:27+00:00","dateModified":"2025-09-24T07:42:34+00:00","breadcrumb":{"@id":"https:\/\/tele-mark.dk\/telemarketing\/moedebooker\/#breadcrumb"},"inLanguage":"sv-SE","potentialAction":[{"@type":"ReadAction","target":["https:\/\/tele-mark.dk\/telemarketing\/moedebooker\/"]}]},{"@type":"BreadcrumbList","@id":"https:\/\/tele-mark.dk\/telemarketing\/moedebooker\/#breadcrumb","itemListElement":[{"@type":"ListItem","position":1,"name":"Forside","item":"https:\/\/tele-mark.dk\/sv\/?page_id=10827"},{"@type":"ListItem","position":2,"name":"Telemarketing","item":"https:\/\/tele-mark.dk\/telemarketing\/"},{"@type":"ListItem","position":3,"name":"M\u00f6tesbokare"}]},{"@type":"WebSite","@id":"https:\/\/tele-mark.dk\/#website","url":"https:\/\/tele-mark.dk\/","name":"Tele-Mark A\/S","description":"Telemarketingbyr\u00e5 \u200b\u200bf\u00f6r Danmark, Norden, Europa och hela v\u00e4rlden","publisher":{"@id":"https:\/\/tele-mark.dk\/#organization"},"potentialAction":[{"@type":"SearchAction","target":{"@type":"EntryPoint","urlTemplate":"https:\/\/tele-mark.dk\/?s={search_term_string}"},"query-input":{"@type":"PropertyValueSpecification","valueRequired":true,"valueName":"search_term_string"}}],"inLanguage":"sv-SE"},{"@type":"Organization","@id":"https:\/\/tele-mark.dk\/#organization","name":"Tele-Mark A\/S","url":"https:\/\/tele-mark.dk\/","logo":{"@type":"ImageObject","inLanguage":"sv-SE","@id":"https:\/\/tele-mark.dk\/#\/schema\/logo\/image\/","url":"https:\/\/tele-mark.dk\/wp-content\/uploads\/2025\/03\/Nyt-logo.svg","contentUrl":"https:\/\/tele-mark.dk\/wp-content\/uploads\/2025\/03\/Nyt-logo.svg","width":433,"height":161,"caption":"Tele-Mark A\/S"},"image":{"@id":"https:\/\/tele-mark.dk\/#\/schema\/logo\/image\/"}}]}},"_links":{"self":[{"href":"https:\/\/tele-mark.dk\/sv\/wp-json\/wp\/v2\/pages\/10729","targetHints":{"allow":["GET"]}}],"collection":[{"href":"https:\/\/tele-mark.dk\/sv\/wp-json\/wp\/v2\/pages"}],"about":[{"href":"https:\/\/tele-mark.dk\/sv\/wp-json\/wp\/v2\/types\/page"}],"author":[{"embeddable":true,"href":"https:\/\/tele-mark.dk\/sv\/wp-json\/wp\/v2\/users\/5"}],"replies":[{"embeddable":true,"href":"https:\/\/tele-mark.dk\/sv\/wp-json\/wp\/v2\/comments?post=10729"}],"version-history":[{"count":2,"href":"https:\/\/tele-mark.dk\/sv\/wp-json\/wp\/v2\/pages\/10729\/revisions"}],"predecessor-version":[{"id":10736,"href":"https:\/\/tele-mark.dk\/sv\/wp-json\/wp\/v2\/pages\/10729\/revisions\/10736"}],"up":[{"embeddable":true,"href":"https:\/\/tele-mark.dk\/sv\/wp-json\/wp\/v2\/pages\/10889"}],"wp:attachment":[{"href":"https:\/\/tele-mark.dk\/sv\/wp-json\/wp\/v2\/media?parent=10729"}],"wp:term":[{"taxonomy":"category","embeddable":true,"href":"https:\/\/tele-mark.dk\/sv\/wp-json\/wp\/v2\/categories?post=10729"}],"curies":[{"name":"wp","href":"https:\/\/api.w.org\/{rel}","templated":true}]}}