{"id":10984,"date":"2025-03-25T12:56:27","date_gmt":"2025-03-25T11:56:27","guid":{"rendered":"https:\/\/tele-mark.dk\/ueber-uns\/mission-und-vision\/"},"modified":"2025-09-24T09:47:01","modified_gmt":"2025-09-24T07:47:01","slug":"mission-und-vision","status":"publish","type":"page","link":"https:\/\/tele-mark.dk\/de\/ueber-uns\/mission-und-vision\/","title":{"rendered":"Mission und Vision"},"content":{"rendered":"\t\t<div data-elementor-type=\"wp-page\" data-elementor-id=\"10984\" class=\"elementor elementor-10984 elementor-9407\" data-elementor-post-type=\"page\">\n\t\t\t\t<div class=\"elementor-element elementor-element-41125cd3 e-con-full e-flex e-con e-parent\" data-id=\"41125cd3\" data-element_type=\"container\">\n\t\t\t\t<div class=\"elementor-element elementor-element-23b7cbee elementor-widget elementor-widget-template\" data-id=\"23b7cbee\" data-element_type=\"widget\" data-widget_type=\"template.default\">\n\t\t\t\t<div class=\"elementor-widget-container\">\n\t\t\t\t\t\t\t<div class=\"elementor-template\">\n\t\t\t\t\t<div data-elementor-type=\"container\" data-elementor-id=\"6563\" class=\"elementor elementor-6563\" data-elementor-post-type=\"elementor_library\">\n\t\t\t\t<div class=\"elementor-element elementor-element-6b499f1f e-con-full no-padding e-flex e-con e-parent\" data-id=\"6b499f1f\" data-element_type=\"container\">\n\t\t\t\t<div class=\"elementor-element elementor-element-1ecbb66 elementor-widget elementor-widget-template\" data-id=\"1ecbb66\" data-element_type=\"widget\" data-widget_type=\"template.default\">\n\t\t\t\t<div class=\"elementor-widget-container\">\n\t\t\t\t\t\t\t<div class=\"elementor-template\">\n\t\t\t\t\t<div data-elementor-type=\"container\" data-elementor-id=\"10099\" class=\"elementor elementor-10099\" data-elementor-post-type=\"elementor_library\">\n\t\t\t\t<div class=\"elementor-element elementor-element-45622206 white e-con-full e-flex e-con e-parent\" data-id=\"45622206\" data-element_type=\"container\" data-settings=\"{&quot;background_background&quot;:&quot;classic&quot;}\">\n\t\t\t\t<\/div>\n\t\t\t\t<\/div>\n\t\t\t\t<\/div>\n\t\t\t\t\t\t<\/div>\n\t\t\t\t<\/div>\n\t\t\t\t<\/div>\n\t\t\t\t<\/div>\n\t\t\t\t<\/div>\n\t\t\t\t\t\t<\/div>\n\t\t\t\t<\/div>\n\t\t\t\t<\/div>\n\t\t<div class=\"elementor-element elementor-element-5f5b51a5 light e-flex e-con-boxed e-con e-parent\" data-id=\"5f5b51a5\" data-element_type=\"container\">\n\t\t\t\t\t<div class=\"e-con-inner\">\n\t\t<div class=\"elementor-element elementor-element-58216d11 e-con-full e-flex e-con e-child\" data-id=\"58216d11\" data-element_type=\"container\">\n\t\t\t\t<div class=\"elementor-element elementor-element-354e9747 elementor-widget elementor-widget-heading\" data-id=\"354e9747\" data-element_type=\"widget\" data-widget_type=\"heading.default\">\n\t\t\t\t<div class=\"elementor-widget-container\">\n\t\t\t\t\t<h1 class=\"elementor-heading-title elementor-size-default\">Mission und Vision<\/h1>\t\t\t\t<\/div>\n\t\t\t\t<\/div>\n\t\t\t\t<\/div>\n\t\t<div class=\"elementor-element elementor-element-c3eeaa1 e-con-full e-flex e-con e-child\" data-id=\"c3eeaa1\" data-element_type=\"container\">\n\t\t\t\t<div class=\"elementor-element elementor-element-b6d1d34 elementor-widget elementor-widget-text-editor\" data-id=\"b6d1d34\" data-element_type=\"widget\" data-widget_type=\"text-editor.default\">\n\t\t\t\t<div class=\"elementor-widget-container\">\n\t\t\t\t\t\t\t\t\t<p>Sagen wir es so: Viele Unternehmen haben es mit Telemarketing versucht und nicht alle haben gleich gute Erfahrungen damit gemacht.<\/p>\t\t\t\t\t\t\t\t<\/div>\n\t\t\t\t<\/div>\n\t\t\t\t<\/div>\n\t\t\t\t\t<\/div>\n\t\t\t\t<\/div>\n\t\t<div class=\"elementor-element elementor-element-4f1a79e5 e-flex e-con-boxed e-con e-parent\" data-id=\"4f1a79e5\" data-element_type=\"container\">\n\t\t\t\t\t<div class=\"e-con-inner\">\n\t\t<div class=\"elementor-element elementor-element-47501d9f e-con-full e-flex e-con e-child\" data-id=\"47501d9f\" data-element_type=\"container\">\n\t\t\t\t<div class=\"elementor-element elementor-element-136b5ca1 elementor-widget elementor-widget-text-editor\" data-id=\"136b5ca1\" data-element_type=\"widget\" data-widget_type=\"text-editor.default\">\n\t\t\t\t<div class=\"elementor-widget-container\">\n\t\t\t\t\t\t\t\t\t<h2>Mission<\/h2><p>Wir betreiben <a href=\"https:\/\/tele-mark.dk\/de\/?page_id=10902\">Telemarketing<\/a> und <a href=\"https:\/\/tele-mark.dk\/de\/?page_id=10880\">Marktanalysen<\/a> auf der Grundlage von Berufsstolz, Glaubw\u00fcrdigkeit und R\u00fccksichtnahme. Auf Basis eines sicheren Projektmanagements schaffen wir enge Kundenbeziehungen mit gemeinsamem Verst\u00e4ndnis.<\/p>\t\t\t\t\t\t\t\t<\/div>\n\t\t\t\t<\/div>\n\t\t\t\t<\/div>\n\t\t<div class=\"elementor-element elementor-element-97232dc e-con-full e-flex e-con e-child\" data-id=\"97232dc\" data-element_type=\"container\">\n\t\t\t\t<div class=\"elementor-element elementor-element-d6cfe12 elementor-widget elementor-widget-text-editor\" data-id=\"d6cfe12\" data-element_type=\"widget\" data-widget_type=\"text-editor.default\">\n\t\t\t\t<div class=\"elementor-widget-container\">\n\t\t\t\t\t\t\t\t\t<h3>Vision<\/h3><p>Wir m\u00f6chten die Position unserer Kunden st\u00e4rken und der Partner im Telemarketing und in der Marktanalyse sein, von dem die Kunden mehr erwarten k\u00f6nnen.<\/p>\t\t\t\t\t\t\t\t<\/div>\n\t\t\t\t<\/div>\n\t\t\t\t<\/div>\n\t\t\t\t\t<\/div>\n\t\t\t\t<\/div>\n\t\t<div class=\"elementor-element elementor-element-69e1f4b3 e-con-full e-flex e-con e-parent\" data-id=\"69e1f4b3\" data-element_type=\"container\">\n\t\t\t\t<div class=\"elementor-element elementor-element-13fbb2d2 elementor-widget elementor-widget-template\" data-id=\"13fbb2d2\" data-element_type=\"widget\" data-widget_type=\"template.default\">\n\t\t\t\t<div class=\"elementor-widget-container\">\n\t\t\t\t\t\t\t<div class=\"elementor-template\">\n\t\t\t\t\t<div data-elementor-type=\"container\" data-elementor-id=\"9854\" class=\"elementor elementor-9854\" data-elementor-post-type=\"elementor_library\">\n\t\t\t\t<div class=\"elementor-element elementor-element-3a5d0ade e-con-full no-padding e-flex e-con e-parent\" data-id=\"3a5d0ade\" data-element_type=\"container\">\n\t\t\t\t<div class=\"elementor-element elementor-element-7af60ea3 elementor-widget elementor-widget-template\" data-id=\"7af60ea3\" data-element_type=\"widget\" data-widget_type=\"template.default\">\n\t\t\t\t<div class=\"elementor-widget-container\">\n\t\t\t\t\t\t\t<div class=\"elementor-template\">\n\t\t\t\t\t<div data-elementor-type=\"container\" data-elementor-id=\"11014\" class=\"elementor elementor-11014 elementor-9860\" data-elementor-post-type=\"elementor_library\">\n\t\t\t\t<div class=\"elementor-element elementor-element-16e773e8 cta-footer e-flex e-con-boxed e-con e-parent\" data-id=\"16e773e8\" data-element_type=\"container\" data-settings=\"{&quot;background_background&quot;:&quot;classic&quot;}\">\n\t\t\t\t\t<div class=\"e-con-inner\">\n\t\t<div class=\"elementor-element elementor-element-13212c55 e-con-full e-flex e-con e-child\" data-id=\"13212c55\" data-element_type=\"container\">\n\t\t<div class=\"elementor-element elementor-element-66550028 e-con-full padding e-flex e-con e-child\" data-id=\"66550028\" data-element_type=\"container\" data-settings=\"{&quot;background_background&quot;:&quot;classic&quot;}\">\n\t\t\t\t<div class=\"elementor-element elementor-element-5bb0e9dd white elementor-widget elementor-widget-heading\" data-id=\"5bb0e9dd\" data-element_type=\"widget\" data-widget_type=\"heading.default\">\n\t\t\t\t<div class=\"elementor-widget-container\">\n\t\t\t\t\t<h3 class=\"elementor-heading-title elementor-size-default\">Folgen Sie uns auf unseren sozialen Medien<\/h3>\t\t\t\t<\/div>\n\t\t\t\t<\/div>\n\t\t\t\t<div class=\"elementor-element elementor-element-266aa9b8 some elementor-widget elementor-widget-html\" data-id=\"266aa9b8\" data-element_type=\"widget\" data-widget_type=\"html.default\">\n\t\t\t\t<div class=\"elementor-widget-container\">\n\t\t\t\t\t<a href=\"https:\/\/www.facebook.com\/100027965816908\/\" target=\"_blank\" aria-label=\"F\u00f8lg os p\u00e5 Facebook\"><i class=\"fa-brands fa-facebook-f\"><\/i><\/a>\n<a href=\"https:\/\/www.linkedin.com\/company\/tele-mark-as\/\" target=\"_blank\" aria-label=\"F\u00f8lg os p\u00e5 LinkedIn\"><i class=\"fa-brands fa-linkedin-in\"><\/i><\/a>\n<a href=\"https:\/\/www.youtube.com\/channel\/UCOCM8pxrJsN78l_hIH7j7Uw\" target=\"_blank\" aria-label=\"Youtube\">\n<i class=\"fa-brands fa-youtube\"><\/i>\n<\/a>\t\t\t\t<\/div>\n\t\t\t\t<\/div>\n\t\t\t\t<\/div>\n\t\t\t\t<\/div>\n\t\t\t\t\t<\/div>\n\t\t\t\t<\/div>\n\t\t\t\t<\/div>\n\t\t\t\t<\/div>\n\t\t\t\t\t\t<\/div>\n\t\t\t\t<\/div>\n\t\t\t\t<\/div>\n\t\t\t\t<\/div>\n\t\t\t\t<\/div>\n\t\t\t\t\t\t<\/div>\n\t\t\t\t<\/div>\n\t\t\t\t<\/div>\n\t\t\t\t<\/div>\n\t\t","protected":false},"excerpt":{"rendered":"<p>Mission und Vision Sagen wir es so: Viele Unternehmen haben es mit Telemarketing versucht und nicht alle haben gleich gute Erfahrungen damit gemacht. Mission Wir betreiben Telemarketing und Marktanalysen auf der Grundlage von Berufsstolz, Glaubw\u00fcrdigkeit und R\u00fccksichtnahme. Auf Basis eines sicheren Projektmanagements schaffen wir enge Kundenbeziehungen mit gemeinsamem Verst\u00e4ndnis. Vision Wir m\u00f6chten die Position unserer &#8230; <a title=\"Mission und Vision\" class=\"read-more\" href=\"https:\/\/tele-mark.dk\/de\/ueber-uns\/mission-und-vision\/\" aria-label=\"Mehr Informationen \u00fcber Mission und Vision\">Weiterlesen &#8230;<\/a><\/p>\n","protected":false},"author":5,"featured_media":0,"parent":10871,"menu_order":1007,"comment_status":"closed","ping_status":"closed","template":"","meta":{"_acf_changed":false,"footnotes":""},"categories":[],"class_list":["post-10984","page","type-page","status-publish"],"acf":[],"yoast_head":"<!-- This site is optimized with the Yoast SEO plugin v26.8 - https:\/\/yoast.com\/product\/yoast-seo-wordpress\/ -->\n<title>Mission und Vision | Tele-Mark A\/S<\/title>\n<meta name=\"robots\" content=\"index, follow, max-snippet:-1, max-image-preview:large, max-video-preview:-1\" \/>\n<link rel=\"canonical\" href=\"https:\/\/tele-mark.dk\/de\/?page_id=10984\" \/>\n<meta property=\"og:locale\" content=\"de_DE\" \/>\n<meta property=\"og:type\" content=\"article\" \/>\n<meta property=\"og:title\" content=\"Mission und Vision | Tele-Mark A\/S\" \/>\n<meta property=\"og:description\" content=\"Mission und Vision Sagen wir es so: Viele Unternehmen haben es mit Telemarketing versucht und nicht alle haben gleich gute Erfahrungen damit gemacht. Mission Wir betreiben Telemarketing und Marktanalysen auf der Grundlage von Berufsstolz, Glaubw\u00fcrdigkeit und R\u00fccksichtnahme. Auf Basis eines sicheren Projektmanagements schaffen wir enge Kundenbeziehungen mit gemeinsamem Verst\u00e4ndnis. Vision Wir m\u00f6chten die Position unserer ... Weiterlesen ...\" \/>\n<meta property=\"og:url\" content=\"https:\/\/tele-mark.dk\/de\/?page_id=10984\" \/>\n<meta property=\"og:site_name\" content=\"Tele-Mark A\/S\" \/>\n<meta property=\"article:modified_time\" content=\"2025-09-24T07:47:01+00:00\" \/>\n<meta name=\"twitter:card\" content=\"summary_large_image\" \/>\n<script type=\"application\/ld+json\" class=\"yoast-schema-graph\">{\"@context\":\"https:\/\/schema.org\",\"@graph\":[{\"@type\":\"WebPage\",\"@id\":\"https:\/\/tele-mark.dk\/de\/?page_id=10984\",\"url\":\"https:\/\/tele-mark.dk\/de\/?page_id=10984\",\"name\":\"Mission und Vision | Tele-Mark A\/S\",\"isPartOf\":{\"@id\":\"https:\/\/tele-mark.dk\/#website\"},\"datePublished\":\"2025-03-25T11:56:27+00:00\",\"dateModified\":\"2025-09-24T07:47:01+00:00\",\"breadcrumb\":{\"@id\":\"https:\/\/tele-mark.dk\/de\/?page_id=10984#breadcrumb\"},\"inLanguage\":\"de\",\"potentialAction\":[{\"@type\":\"ReadAction\",\"target\":[\"https:\/\/tele-mark.dk\/de\/?page_id=10984\"]}]},{\"@type\":\"BreadcrumbList\",\"@id\":\"https:\/\/tele-mark.dk\/de\/?page_id=10984#breadcrumb\",\"itemListElement\":[{\"@type\":\"ListItem\",\"position\":1,\"name\":\"Forside\",\"item\":\"https:\/\/tele-mark.dk\/de\/?page_id=10844\"},{\"@type\":\"ListItem\",\"position\":2,\"name\":\"\u00dcber uns\",\"item\":\"https:\/\/tele-mark.dk\/de\/?page_id=10871\"},{\"@type\":\"ListItem\",\"position\":3,\"name\":\"Mission und Vision\"}]},{\"@type\":\"WebSite\",\"@id\":\"https:\/\/tele-mark.dk\/#website\",\"url\":\"https:\/\/tele-mark.dk\/\",\"name\":\"Tele-Mark A\/S\",\"description\":\"Telemarketing-Agentur f\u00fcr D\u00e4nemark, die nordischen L\u00e4nder, Europa und die ganze Welt\",\"publisher\":{\"@id\":\"https:\/\/tele-mark.dk\/#organization\"},\"potentialAction\":[{\"@type\":\"SearchAction\",\"target\":{\"@type\":\"EntryPoint\",\"urlTemplate\":\"https:\/\/tele-mark.dk\/?s={search_term_string}\"},\"query-input\":{\"@type\":\"PropertyValueSpecification\",\"valueRequired\":true,\"valueName\":\"search_term_string\"}}],\"inLanguage\":\"de\"},{\"@type\":\"Organization\",\"@id\":\"https:\/\/tele-mark.dk\/#organization\",\"name\":\"Tele-Mark A\/S\",\"url\":\"https:\/\/tele-mark.dk\/\",\"logo\":{\"@type\":\"ImageObject\",\"inLanguage\":\"de\",\"@id\":\"https:\/\/tele-mark.dk\/#\/schema\/logo\/image\/\",\"url\":\"https:\/\/tele-mark.dk\/wp-content\/uploads\/2025\/03\/Nyt-logo.svg\",\"contentUrl\":\"https:\/\/tele-mark.dk\/wp-content\/uploads\/2025\/03\/Nyt-logo.svg\",\"width\":433,\"height\":161,\"caption\":\"Tele-Mark A\/S\"},\"image\":{\"@id\":\"https:\/\/tele-mark.dk\/#\/schema\/logo\/image\/\"}}]}<\/script>\n<!-- \/ Yoast SEO plugin. -->","yoast_head_json":{"title":"Mission und Vision | Tele-Mark A\/S","robots":{"index":"index","follow":"follow","max-snippet":"max-snippet:-1","max-image-preview":"max-image-preview:large","max-video-preview":"max-video-preview:-1"},"canonical":"https:\/\/tele-mark.dk\/de\/?page_id=10984","og_locale":"de_DE","og_type":"article","og_title":"Mission und Vision | Tele-Mark A\/S","og_description":"Mission und Vision Sagen wir es so: Viele Unternehmen haben es mit Telemarketing versucht und nicht alle haben gleich gute Erfahrungen damit gemacht. Mission Wir betreiben Telemarketing und Marktanalysen auf der Grundlage von Berufsstolz, Glaubw\u00fcrdigkeit und R\u00fccksichtnahme. Auf Basis eines sicheren Projektmanagements schaffen wir enge Kundenbeziehungen mit gemeinsamem Verst\u00e4ndnis. Vision Wir m\u00f6chten die Position unserer ... Weiterlesen ...","og_url":"https:\/\/tele-mark.dk\/de\/?page_id=10984","og_site_name":"Tele-Mark A\/S","article_modified_time":"2025-09-24T07:47:01+00:00","twitter_card":"summary_large_image","schema":{"@context":"https:\/\/schema.org","@graph":[{"@type":"WebPage","@id":"https:\/\/tele-mark.dk\/de\/?page_id=10984","url":"https:\/\/tele-mark.dk\/de\/?page_id=10984","name":"Mission und Vision | Tele-Mark A\/S","isPartOf":{"@id":"https:\/\/tele-mark.dk\/#website"},"datePublished":"2025-03-25T11:56:27+00:00","dateModified":"2025-09-24T07:47:01+00:00","breadcrumb":{"@id":"https:\/\/tele-mark.dk\/de\/?page_id=10984#breadcrumb"},"inLanguage":"de","potentialAction":[{"@type":"ReadAction","target":["https:\/\/tele-mark.dk\/de\/?page_id=10984"]}]},{"@type":"BreadcrumbList","@id":"https:\/\/tele-mark.dk\/de\/?page_id=10984#breadcrumb","itemListElement":[{"@type":"ListItem","position":1,"name":"Forside","item":"https:\/\/tele-mark.dk\/de\/?page_id=10844"},{"@type":"ListItem","position":2,"name":"\u00dcber uns","item":"https:\/\/tele-mark.dk\/de\/?page_id=10871"},{"@type":"ListItem","position":3,"name":"Mission und Vision"}]},{"@type":"WebSite","@id":"https:\/\/tele-mark.dk\/#website","url":"https:\/\/tele-mark.dk\/","name":"Tele-Mark A\/S","description":"Telemarketing-Agentur f\u00fcr D\u00e4nemark, die nordischen L\u00e4nder, Europa und die ganze Welt","publisher":{"@id":"https:\/\/tele-mark.dk\/#organization"},"potentialAction":[{"@type":"SearchAction","target":{"@type":"EntryPoint","urlTemplate":"https:\/\/tele-mark.dk\/?s={search_term_string}"},"query-input":{"@type":"PropertyValueSpecification","valueRequired":true,"valueName":"search_term_string"}}],"inLanguage":"de"},{"@type":"Organization","@id":"https:\/\/tele-mark.dk\/#organization","name":"Tele-Mark A\/S","url":"https:\/\/tele-mark.dk\/","logo":{"@type":"ImageObject","inLanguage":"de","@id":"https:\/\/tele-mark.dk\/#\/schema\/logo\/image\/","url":"https:\/\/tele-mark.dk\/wp-content\/uploads\/2025\/03\/Nyt-logo.svg","contentUrl":"https:\/\/tele-mark.dk\/wp-content\/uploads\/2025\/03\/Nyt-logo.svg","width":433,"height":161,"caption":"Tele-Mark A\/S"},"image":{"@id":"https:\/\/tele-mark.dk\/#\/schema\/logo\/image\/"}}]}},"_links":{"self":[{"href":"https:\/\/tele-mark.dk\/de\/wp-json\/wp\/v2\/pages\/10984","targetHints":{"allow":["GET"]}}],"collection":[{"href":"https:\/\/tele-mark.dk\/de\/wp-json\/wp\/v2\/pages"}],"about":[{"href":"https:\/\/tele-mark.dk\/de\/wp-json\/wp\/v2\/types\/page"}],"author":[{"embeddable":true,"href":"https:\/\/tele-mark.dk\/de\/wp-json\/wp\/v2\/users\/5"}],"replies":[{"embeddable":true,"href":"https:\/\/tele-mark.dk\/de\/wp-json\/wp\/v2\/comments?post=10984"}],"version-history":[{"count":2,"href":"https:\/\/tele-mark.dk\/de\/wp-json\/wp\/v2\/pages\/10984\/revisions"}],"predecessor-version":[{"id":10989,"href":"https:\/\/tele-mark.dk\/de\/wp-json\/wp\/v2\/pages\/10984\/revisions\/10989"}],"up":[{"embeddable":true,"href":"https:\/\/tele-mark.dk\/de\/wp-json\/wp\/v2\/pages\/10871"}],"wp:attachment":[{"href":"https:\/\/tele-mark.dk\/de\/wp-json\/wp\/v2\/media?parent=10984"}],"wp:term":[{"taxonomy":"category","embeddable":true,"href":"https:\/\/tele-mark.dk\/de\/wp-json\/wp\/v2\/categories?post=10984"}],"curies":[{"name":"wp","href":"https:\/\/api.w.org\/{rel}","templated":true}]}}