{"id":10943,"date":"2025-03-25T12:56:27","date_gmt":"2025-03-25T11:56:27","guid":{"rendered":"https:\/\/tele-mark.dk\/telemarketing\/meetingbuchung\/"},"modified":"2025-09-24T10:38:27","modified_gmt":"2025-09-24T08:38:27","slug":"meetingbuchung","status":"publish","type":"page","link":"https:\/\/tele-mark.dk\/de\/telemarketing\/meetingbuchung\/","title":{"rendered":"Meetingbuchung"},"content":{"rendered":"\t\t<div data-elementor-type=\"wp-page\" data-elementor-id=\"10943\" class=\"elementor elementor-10943 elementor-9413\" data-elementor-post-type=\"page\">\n\t\t\t\t<div class=\"elementor-element elementor-element-5c7cd8b9 e-con-full e-flex e-con e-parent\" data-id=\"5c7cd8b9\" data-element_type=\"container\">\n\t\t\t\t<div class=\"elementor-element elementor-element-4431bf74 elementor-widget elementor-widget-template\" data-id=\"4431bf74\" data-element_type=\"widget\" data-widget_type=\"template.default\">\n\t\t\t\t<div class=\"elementor-widget-container\">\n\t\t\t\t\t\t\t<div class=\"elementor-template\">\n\t\t\t\t\t<div data-elementor-type=\"container\" data-elementor-id=\"6563\" class=\"elementor elementor-6563\" data-elementor-post-type=\"elementor_library\">\n\t\t\t\t<div class=\"elementor-element elementor-element-6b499f1f e-con-full no-padding e-flex e-con e-parent\" data-id=\"6b499f1f\" data-element_type=\"container\">\n\t\t\t\t<div class=\"elementor-element elementor-element-1ecbb66 elementor-widget elementor-widget-template\" data-id=\"1ecbb66\" data-element_type=\"widget\" data-widget_type=\"template.default\">\n\t\t\t\t<div class=\"elementor-widget-container\">\n\t\t\t\t\t\t\t<div class=\"elementor-template\">\n\t\t\t\t\t<div data-elementor-type=\"container\" data-elementor-id=\"10099\" class=\"elementor elementor-10099\" data-elementor-post-type=\"elementor_library\">\n\t\t\t\t<div class=\"elementor-element elementor-element-45622206 white e-con-full e-flex e-con e-parent\" data-id=\"45622206\" data-element_type=\"container\" data-settings=\"{&quot;background_background&quot;:&quot;classic&quot;}\">\n\t\t\t\t<\/div>\n\t\t\t\t<\/div>\n\t\t\t\t<\/div>\n\t\t\t\t\t\t<\/div>\n\t\t\t\t<\/div>\n\t\t\t\t<\/div>\n\t\t\t\t<\/div>\n\t\t\t\t<\/div>\n\t\t\t\t\t\t<\/div>\n\t\t\t\t<\/div>\n\t\t\t\t<\/div>\n\t\t<div class=\"elementor-element elementor-element-5c80298 light e-flex e-con-boxed e-con e-parent\" data-id=\"5c80298\" data-element_type=\"container\">\n\t\t\t\t\t<div class=\"e-con-inner\">\n\t\t<div class=\"elementor-element elementor-element-6153bdd8 e-con-full e-flex e-con e-child\" data-id=\"6153bdd8\" data-element_type=\"container\">\n\t\t\t\t<div class=\"elementor-element elementor-element-3976198c elementor-widget elementor-widget-heading\" data-id=\"3976198c\" data-element_type=\"widget\" data-widget_type=\"heading.default\">\n\t\t\t\t<div class=\"elementor-widget-container\">\n\t\t\t\t\t<h1 class=\"elementor-heading-title elementor-size-default\">Meeting-Buchung, die Ergebnisse liefert<\/h1>\t\t\t\t<\/div>\n\t\t\t\t<\/div>\n\t\t\t\t<\/div>\n\t\t\t\t\t<\/div>\n\t\t\t\t<\/div>\n\t\t<div class=\"elementor-element elementor-element-17ef876a e-flex e-con-boxed e-con e-parent\" data-id=\"17ef876a\" data-element_type=\"container\">\n\t\t\t\t\t<div class=\"e-con-inner\">\n\t\t<div class=\"elementor-element elementor-element-36dee4c0 e-con-full e-flex e-con e-child\" data-id=\"36dee4c0\" data-element_type=\"container\">\n\t\t\t\t<div class=\"elementor-element elementor-element-16dad248 elementor-widget elementor-widget-text-editor\" data-id=\"16dad248\" data-element_type=\"widget\" data-widget_type=\"text-editor.default\">\n\t\t\t\t<div class=\"elementor-widget-container\">\n\t\t\t\t\t\t\t\t\t<h3>Effektive Terminvereinbarung ist einer unserer Kernservices<\/h3><p>Ben\u00f6tigen Sie Hilfe bei der Terminvereinbarung? Dann sind Sie bei uns genau richtig. Der erste und wichtigste Schritt, um mehr Kunden zu gewinnen und den Umsatz zu steigern, besteht darin, ein gutes Treffen mit dem potenziellen Kunden zu vereinbaren. Effektive Terminvereinbarung ist einer der Kernservices von Tele-Mark.<\/p><p>Verk\u00e4ufer sind bekannterma\u00dfen die Lebensader des Unternehmens, aber wenn Ihre Verk\u00e4ufer bei bestehenden Kunden feststecken, zu viel Zeit im B\u00fcro verbringen oder unter Telefonangst leiden, werden Sie nicht genug aus ihnen herausholen.<\/p><p>Setzen Sie stattdessen Ihre Vertriebsbem\u00fchungen mit der Unterst\u00fctzung von Tele-Marks Team professioneller Terminvereinbarer in Gang. Indem Sie Tele-Mark qualifizierte Kundentermine vereinbaren lassen, k\u00f6nnen sich Ihre Verk\u00e4ufer auf das konzentrieren, was sie am besten k\u00f6nnen \u2013 n\u00e4mlich verkaufen.<\/p><h3>Lassen Sie Tele-Mark Ihre Terminvereinbarung \u00fcbernehmen, damit Sie:<\/h3><ul><li>Nur Zeit f\u00fcr qualifizierte Leads aufwenden m\u00fcssen.<\/li><li>Mehr Zeit f\u00fcr die Vorbereitung von Meetings haben.<\/li><\/ul>\t\t\t\t\t\t\t\t<\/div>\n\t\t\t\t<\/div>\n\t\t\t\t<\/div>\n\t\t<div class=\"elementor-element elementor-element-11d974a1 e-con-full e-flex e-con e-child\" data-id=\"11d974a1\" data-element_type=\"container\">\n\t\t\t\t<div class=\"elementor-element elementor-element-55db1060 elementor-widget elementor-widget-text-editor\" data-id=\"55db1060\" data-element_type=\"widget\" data-widget_type=\"text-editor.default\">\n\t\t\t\t<div class=\"elementor-widget-container\">\n\t\t\t\t\t\t\t\t\t<h3>Eine gr\u00fcndliche Vorarbeit bietet wertvolle Terminvereinbarung<\/h3><p>Tele-Mark A\/S basiert auf fundiertem Wissen \u00fcber die M\u00e4rkte verschiedener Branchen, und wir sammeln kontinuierlich Wissen in unseren Branchenteams. Daher k\u00f6nnen wir uns schnell in Ihren Markt, Ihre Produkte und Ihre Dienstleistungen einarbeiten. Wir legen gro\u00dfen Wert auf eine gr\u00fcndliche Vorarbeit. Der Dialog mit Ihnen schafft die Grundlage f\u00fcr eine erfolgreiche Terminvereinbarung und stellt sicher, dass Sie sich darauf verlassen k\u00f6nnen, dass Tele-Mark Ihr Unternehmen nach au\u00dfen hin pr\u00e4sentiert.<\/p><h3>Wir sind am Puls der Zeit<\/h3><p>Tele-Mark hat t\u00e4glich Kontakt zum Markt und sammelt kontinuierlich Wissen in unseren Branchenteams. Daher kennen wir Ihren Markt und k\u00f6nnen uns schnell in Ihre Produkte und Dienstleistungen einarbeiten. So schaffen wir eine wertvolle <a href=\"\/leadgenerering\/\">Leadgenerierung<\/a>.<\/p><p>M\u00f6chten Sie Ihre Vertriebsbem\u00fchungen vorantreiben, damit Ihre Verk\u00e4ufer ihre Kr\u00e4fte dort einsetzen k\u00f6nnen, wo sie am besten sind?<\/p><p>Anruf starten<a href=\"tel:+45 70 23 72 38\" aria-label=\"Telefon nummer\">+45 70 23 72 38<\/a> \u2013 fragen Sie nach <a href=\"https:\/\/tele-mark.dk\/de\/?page_id=10853\">Mads Elefsen Kudsk<\/a><\/p><p>Sie k\u00f6nnen uns auch auf <a href=\"https:\/\/www.linkedin.com\/company\/tele-mark-as\" target=\"_blank\" rel=\"noopener\">LinkedIn<\/a> folgen.<\/p>\t\t\t\t\t\t\t\t<\/div>\n\t\t\t\t<\/div>\n\t\t\t\t<\/div>\n\t\t\t\t\t<\/div>\n\t\t\t\t<\/div>\n\t\t<div class=\"elementor-element elementor-element-2c80a071 light e-flex e-con-boxed e-con e-parent\" data-id=\"2c80a071\" data-element_type=\"container\">\n\t\t\t\t\t<div class=\"e-con-inner\">\n\t\t<div class=\"elementor-element elementor-element-54e41070 e-con-full e-flex e-con e-child\" data-id=\"54e41070\" data-element_type=\"container\">\n\t\t\t\t<div class=\"elementor-element elementor-element-8abe7b5 elementor-widget elementor-widget-video\" data-id=\"8abe7b5\" data-element_type=\"widget\" data-settings=\"{&quot;video_type&quot;:&quot;hosted&quot;,&quot;controls&quot;:&quot;yes&quot;}\" data-widget_type=\"video.default\">\n\t\t\t\t<div class=\"elementor-widget-container\">\n\t\t\t\t\t\t\t<div class=\"e-hosted-video elementor-wrapper elementor-open-inline\">\n\t\t\t\t\t<video class=\"elementor-video\" src=\"https:\/\/gostmediaserviceprod.blob.core.windows.net\/asset-c6a30856-0e56-4a42-8176-aa8531305aa8\/telemark_rikke_master (1080p)_1920x1080_6000k.mp4\" controls=\"\" preload=\"metadata\" controlsList=\"nodownload\"><\/video>\n\t\t\t\t<\/div>\n\t\t\t\t\t\t<\/div>\n\t\t\t\t<\/div>\n\t\t\t\t<\/div>\n\t\t\t\t\t<\/div>\n\t\t\t\t<\/div>\n\t\t<div class=\"elementor-element elementor-element-50f92cb5 e-con-full e-flex e-con e-parent\" data-id=\"50f92cb5\" data-element_type=\"container\">\n\t\t\t\t<div class=\"elementor-element elementor-element-37360596 elementor-widget elementor-widget-template\" data-id=\"37360596\" data-element_type=\"widget\" data-widget_type=\"template.default\">\n\t\t\t\t<div class=\"elementor-widget-container\">\n\t\t\t\t\t\t\t<div class=\"elementor-template\">\n\t\t\t\t\t<div data-elementor-type=\"container\" data-elementor-id=\"9854\" class=\"elementor elementor-9854\" data-elementor-post-type=\"elementor_library\">\n\t\t\t\t<div class=\"elementor-element elementor-element-3a5d0ade e-con-full no-padding e-flex e-con e-parent\" data-id=\"3a5d0ade\" data-element_type=\"container\">\n\t\t\t\t<div class=\"elementor-element elementor-element-7af60ea3 elementor-widget elementor-widget-template\" data-id=\"7af60ea3\" data-element_type=\"widget\" data-widget_type=\"template.default\">\n\t\t\t\t<div class=\"elementor-widget-container\">\n\t\t\t\t\t\t\t<div class=\"elementor-template\">\n\t\t\t\t\t<div data-elementor-type=\"container\" data-elementor-id=\"11014\" class=\"elementor elementor-11014 elementor-9860\" data-elementor-post-type=\"elementor_library\">\n\t\t\t\t<div class=\"elementor-element elementor-element-16e773e8 cta-footer e-flex e-con-boxed e-con e-parent\" data-id=\"16e773e8\" data-element_type=\"container\" data-settings=\"{&quot;background_background&quot;:&quot;classic&quot;}\">\n\t\t\t\t\t<div class=\"e-con-inner\">\n\t\t<div class=\"elementor-element elementor-element-13212c55 e-con-full e-flex e-con e-child\" data-id=\"13212c55\" data-element_type=\"container\">\n\t\t<div class=\"elementor-element elementor-element-66550028 e-con-full padding e-flex e-con e-child\" data-id=\"66550028\" data-element_type=\"container\" data-settings=\"{&quot;background_background&quot;:&quot;classic&quot;}\">\n\t\t\t\t<div class=\"elementor-element elementor-element-5bb0e9dd white elementor-widget elementor-widget-heading\" data-id=\"5bb0e9dd\" data-element_type=\"widget\" data-widget_type=\"heading.default\">\n\t\t\t\t<div class=\"elementor-widget-container\">\n\t\t\t\t\t<h3 class=\"elementor-heading-title elementor-size-default\">Folgen Sie uns auf unseren sozialen Medien<\/h3>\t\t\t\t<\/div>\n\t\t\t\t<\/div>\n\t\t\t\t<div class=\"elementor-element elementor-element-266aa9b8 some elementor-widget elementor-widget-html\" data-id=\"266aa9b8\" data-element_type=\"widget\" data-widget_type=\"html.default\">\n\t\t\t\t<div class=\"elementor-widget-container\">\n\t\t\t\t\t<a href=\"https:\/\/www.facebook.com\/100027965816908\/\" target=\"_blank\" aria-label=\"F\u00f8lg os p\u00e5 Facebook\"><i class=\"fa-brands fa-facebook-f\"><\/i><\/a>\n<a href=\"https:\/\/www.linkedin.com\/company\/tele-mark-as\/\" target=\"_blank\" aria-label=\"F\u00f8lg os p\u00e5 LinkedIn\"><i class=\"fa-brands fa-linkedin-in\"><\/i><\/a>\n<a href=\"https:\/\/www.youtube.com\/channel\/UCOCM8pxrJsN78l_hIH7j7Uw\" target=\"_blank\" aria-label=\"Youtube\">\n<i class=\"fa-brands fa-youtube\"><\/i>\n<\/a>\t\t\t\t<\/div>\n\t\t\t\t<\/div>\n\t\t\t\t<\/div>\n\t\t\t\t<\/div>\n\t\t\t\t\t<\/div>\n\t\t\t\t<\/div>\n\t\t\t\t<\/div>\n\t\t\t\t<\/div>\n\t\t\t\t\t\t<\/div>\n\t\t\t\t<\/div>\n\t\t\t\t<\/div>\n\t\t\t\t<\/div>\n\t\t\t\t<\/div>\n\t\t\t\t\t\t<\/div>\n\t\t\t\t<\/div>\n\t\t\t\t<\/div>\n\t\t\t\t<\/div>\n\t\t","protected":false},"excerpt":{"rendered":"<p>Meeting-Buchung, die Ergebnisse liefert Effektive Terminvereinbarung ist einer unserer Kernservices Ben\u00f6tigen Sie Hilfe bei der Terminvereinbarung? Dann sind Sie bei uns genau richtig. Der erste und wichtigste Schritt, um mehr Kunden zu gewinnen und den Umsatz zu steigern, besteht darin, ein gutes Treffen mit dem potenziellen Kunden zu vereinbaren. Effektive Terminvereinbarung ist einer der Kernservices &#8230; <a title=\"Meetingbuchung\" class=\"read-more\" href=\"https:\/\/tele-mark.dk\/de\/telemarketing\/meetingbuchung\/\" aria-label=\"Mehr Informationen \u00fcber Meetingbuchung\">Weiterlesen &#8230;<\/a><\/p>\n","protected":false},"author":5,"featured_media":0,"parent":10902,"menu_order":1013,"comment_status":"closed","ping_status":"closed","template":"","meta":{"_acf_changed":false,"footnotes":""},"categories":[],"class_list":["post-10943","page","type-page","status-publish"],"acf":[],"yoast_head":"<!-- This site is optimized with the Yoast SEO plugin v26.8 - https:\/\/yoast.com\/product\/yoast-seo-wordpress\/ -->\n<title>Meetingbuchung | Tele-Mark A\/S<\/title>\n<meta name=\"robots\" content=\"index, follow, max-snippet:-1, max-image-preview:large, max-video-preview:-1\" \/>\n<link rel=\"canonical\" href=\"https:\/\/tele-mark.dk\/telemarketing\/moedebooking\/\" \/>\n<meta property=\"og:locale\" content=\"de_DE\" \/>\n<meta property=\"og:type\" content=\"article\" \/>\n<meta property=\"og:title\" content=\"Meetingbuchung | Tele-Mark A\/S\" \/>\n<meta property=\"og:description\" content=\"Meeting-Buchung, die Ergebnisse liefert Effektive Terminvereinbarung ist einer unserer Kernservices Ben\u00f6tigen Sie Hilfe bei der Terminvereinbarung? Dann sind Sie bei uns genau richtig. Der erste und wichtigste Schritt, um mehr Kunden zu gewinnen und den Umsatz zu steigern, besteht darin, ein gutes Treffen mit dem potenziellen Kunden zu vereinbaren. Effektive Terminvereinbarung ist einer der Kernservices ... Weiterlesen ...\" \/>\n<meta property=\"og:url\" content=\"https:\/\/tele-mark.dk\/telemarketing\/moedebooking\/\" \/>\n<meta property=\"og:site_name\" content=\"Tele-Mark A\/S\" \/>\n<meta property=\"article:modified_time\" content=\"2025-09-24T08:38:27+00:00\" \/>\n<meta name=\"twitter:card\" content=\"summary_large_image\" \/>\n<meta name=\"twitter:label1\" content=\"Gesch\u00e4tzte Lesezeit\" \/>\n\t<meta name=\"twitter:data1\" content=\"2\u00a0Minuten\" \/>\n<script type=\"application\/ld+json\" class=\"yoast-schema-graph\">{\"@context\":\"https:\/\/schema.org\",\"@graph\":[{\"@type\":\"WebPage\",\"@id\":\"https:\/\/tele-mark.dk\/telemarketing\/moedebooking\/\",\"url\":\"https:\/\/tele-mark.dk\/telemarketing\/moedebooking\/\",\"name\":\"Meetingbuchung | Tele-Mark A\/S\",\"isPartOf\":{\"@id\":\"https:\/\/tele-mark.dk\/#website\"},\"datePublished\":\"2025-03-25T11:56:27+00:00\",\"dateModified\":\"2025-09-24T08:38:27+00:00\",\"breadcrumb\":{\"@id\":\"https:\/\/tele-mark.dk\/telemarketing\/moedebooking\/#breadcrumb\"},\"inLanguage\":\"de\",\"potentialAction\":[{\"@type\":\"ReadAction\",\"target\":[\"https:\/\/tele-mark.dk\/telemarketing\/moedebooking\/\"]}]},{\"@type\":\"BreadcrumbList\",\"@id\":\"https:\/\/tele-mark.dk\/telemarketing\/moedebooking\/#breadcrumb\",\"itemListElement\":[{\"@type\":\"ListItem\",\"position\":1,\"name\":\"Forside\",\"item\":\"https:\/\/tele-mark.dk\/de\/?page_id=10844\"},{\"@type\":\"ListItem\",\"position\":2,\"name\":\"Telemarketing\",\"item\":\"https:\/\/tele-mark.dk\/telemarketing\/\"},{\"@type\":\"ListItem\",\"position\":3,\"name\":\"Meetingbuchung\"}]},{\"@type\":\"WebSite\",\"@id\":\"https:\/\/tele-mark.dk\/#website\",\"url\":\"https:\/\/tele-mark.dk\/\",\"name\":\"Tele-Mark A\/S\",\"description\":\"Telemarketing-Agentur f\u00fcr D\u00e4nemark, die nordischen L\u00e4nder, Europa und die ganze Welt\",\"publisher\":{\"@id\":\"https:\/\/tele-mark.dk\/#organization\"},\"potentialAction\":[{\"@type\":\"SearchAction\",\"target\":{\"@type\":\"EntryPoint\",\"urlTemplate\":\"https:\/\/tele-mark.dk\/?s={search_term_string}\"},\"query-input\":{\"@type\":\"PropertyValueSpecification\",\"valueRequired\":true,\"valueName\":\"search_term_string\"}}],\"inLanguage\":\"de\"},{\"@type\":\"Organization\",\"@id\":\"https:\/\/tele-mark.dk\/#organization\",\"name\":\"Tele-Mark A\/S\",\"url\":\"https:\/\/tele-mark.dk\/\",\"logo\":{\"@type\":\"ImageObject\",\"inLanguage\":\"de\",\"@id\":\"https:\/\/tele-mark.dk\/#\/schema\/logo\/image\/\",\"url\":\"https:\/\/tele-mark.dk\/wp-content\/uploads\/2025\/03\/Nyt-logo.svg\",\"contentUrl\":\"https:\/\/tele-mark.dk\/wp-content\/uploads\/2025\/03\/Nyt-logo.svg\",\"width\":433,\"height\":161,\"caption\":\"Tele-Mark A\/S\"},\"image\":{\"@id\":\"https:\/\/tele-mark.dk\/#\/schema\/logo\/image\/\"}}]}<\/script>\n<!-- \/ Yoast SEO plugin. -->","yoast_head_json":{"title":"Meetingbuchung | Tele-Mark A\/S","robots":{"index":"index","follow":"follow","max-snippet":"max-snippet:-1","max-image-preview":"max-image-preview:large","max-video-preview":"max-video-preview:-1"},"canonical":"https:\/\/tele-mark.dk\/telemarketing\/moedebooking\/","og_locale":"de_DE","og_type":"article","og_title":"Meetingbuchung | Tele-Mark A\/S","og_description":"Meeting-Buchung, die Ergebnisse liefert Effektive Terminvereinbarung ist einer unserer Kernservices Ben\u00f6tigen Sie Hilfe bei der Terminvereinbarung? Dann sind Sie bei uns genau richtig. Der erste und wichtigste Schritt, um mehr Kunden zu gewinnen und den Umsatz zu steigern, besteht darin, ein gutes Treffen mit dem potenziellen Kunden zu vereinbaren. Effektive Terminvereinbarung ist einer der Kernservices ... Weiterlesen ...","og_url":"https:\/\/tele-mark.dk\/telemarketing\/moedebooking\/","og_site_name":"Tele-Mark A\/S","article_modified_time":"2025-09-24T08:38:27+00:00","twitter_card":"summary_large_image","twitter_misc":{"Gesch\u00e4tzte Lesezeit":"2\u00a0Minuten"},"schema":{"@context":"https:\/\/schema.org","@graph":[{"@type":"WebPage","@id":"https:\/\/tele-mark.dk\/telemarketing\/moedebooking\/","url":"https:\/\/tele-mark.dk\/telemarketing\/moedebooking\/","name":"Meetingbuchung | Tele-Mark A\/S","isPartOf":{"@id":"https:\/\/tele-mark.dk\/#website"},"datePublished":"2025-03-25T11:56:27+00:00","dateModified":"2025-09-24T08:38:27+00:00","breadcrumb":{"@id":"https:\/\/tele-mark.dk\/telemarketing\/moedebooking\/#breadcrumb"},"inLanguage":"de","potentialAction":[{"@type":"ReadAction","target":["https:\/\/tele-mark.dk\/telemarketing\/moedebooking\/"]}]},{"@type":"BreadcrumbList","@id":"https:\/\/tele-mark.dk\/telemarketing\/moedebooking\/#breadcrumb","itemListElement":[{"@type":"ListItem","position":1,"name":"Forside","item":"https:\/\/tele-mark.dk\/de\/?page_id=10844"},{"@type":"ListItem","position":2,"name":"Telemarketing","item":"https:\/\/tele-mark.dk\/telemarketing\/"},{"@type":"ListItem","position":3,"name":"Meetingbuchung"}]},{"@type":"WebSite","@id":"https:\/\/tele-mark.dk\/#website","url":"https:\/\/tele-mark.dk\/","name":"Tele-Mark A\/S","description":"Telemarketing-Agentur f\u00fcr D\u00e4nemark, die nordischen L\u00e4nder, Europa und die ganze Welt","publisher":{"@id":"https:\/\/tele-mark.dk\/#organization"},"potentialAction":[{"@type":"SearchAction","target":{"@type":"EntryPoint","urlTemplate":"https:\/\/tele-mark.dk\/?s={search_term_string}"},"query-input":{"@type":"PropertyValueSpecification","valueRequired":true,"valueName":"search_term_string"}}],"inLanguage":"de"},{"@type":"Organization","@id":"https:\/\/tele-mark.dk\/#organization","name":"Tele-Mark A\/S","url":"https:\/\/tele-mark.dk\/","logo":{"@type":"ImageObject","inLanguage":"de","@id":"https:\/\/tele-mark.dk\/#\/schema\/logo\/image\/","url":"https:\/\/tele-mark.dk\/wp-content\/uploads\/2025\/03\/Nyt-logo.svg","contentUrl":"https:\/\/tele-mark.dk\/wp-content\/uploads\/2025\/03\/Nyt-logo.svg","width":433,"height":161,"caption":"Tele-Mark A\/S"},"image":{"@id":"https:\/\/tele-mark.dk\/#\/schema\/logo\/image\/"}}]}},"_links":{"self":[{"href":"https:\/\/tele-mark.dk\/de\/wp-json\/wp\/v2\/pages\/10943","targetHints":{"allow":["GET"]}}],"collection":[{"href":"https:\/\/tele-mark.dk\/de\/wp-json\/wp\/v2\/pages"}],"about":[{"href":"https:\/\/tele-mark.dk\/de\/wp-json\/wp\/v2\/types\/page"}],"author":[{"embeddable":true,"href":"https:\/\/tele-mark.dk\/de\/wp-json\/wp\/v2\/users\/5"}],"replies":[{"embeddable":true,"href":"https:\/\/tele-mark.dk\/de\/wp-json\/wp\/v2\/comments?post=10943"}],"version-history":[{"count":5,"href":"https:\/\/tele-mark.dk\/de\/wp-json\/wp\/v2\/pages\/10943\/revisions"}],"predecessor-version":[{"id":11047,"href":"https:\/\/tele-mark.dk\/de\/wp-json\/wp\/v2\/pages\/10943\/revisions\/11047"}],"up":[{"embeddable":true,"href":"https:\/\/tele-mark.dk\/de\/wp-json\/wp\/v2\/pages\/10902"}],"wp:attachment":[{"href":"https:\/\/tele-mark.dk\/de\/wp-json\/wp\/v2\/media?parent=10943"}],"wp:term":[{"taxonomy":"category","embeddable":true,"href":"https:\/\/tele-mark.dk\/de\/wp-json\/wp\/v2\/categories?post=10943"}],"curies":[{"name":"wp","href":"https:\/\/api.w.org\/{rel}","templated":true}]}}