{"id":10930,"date":"2025-03-25T12:56:27","date_gmt":"2025-03-25T11:56:27","guid":{"rendered":"https:\/\/tele-mark.dk\/ueber-uns\/unternehmensprofil\/"},"modified":"2025-09-24T09:43:22","modified_gmt":"2025-09-24T07:43:22","slug":"unternehmensprofil","status":"publish","type":"page","link":"https:\/\/tele-mark.dk\/de\/ueber-uns\/unternehmensprofil\/","title":{"rendered":"Unternehmensprofil"},"content":{"rendered":"\t\t<div data-elementor-type=\"wp-page\" data-elementor-id=\"10930\" class=\"elementor elementor-10930 elementor-9410\" data-elementor-post-type=\"page\">\n\t\t\t\t<div class=\"elementor-element elementor-element-313e8066 e-con-full e-flex e-con e-parent\" data-id=\"313e8066\" data-element_type=\"container\">\n\t\t\t\t<div class=\"elementor-element elementor-element-340d251 elementor-widget elementor-widget-template\" data-id=\"340d251\" data-element_type=\"widget\" data-widget_type=\"template.default\">\n\t\t\t\t<div class=\"elementor-widget-container\">\n\t\t\t\t\t\t\t<div class=\"elementor-template\">\n\t\t\t\t\t<div data-elementor-type=\"container\" data-elementor-id=\"6563\" class=\"elementor elementor-6563\" data-elementor-post-type=\"elementor_library\">\n\t\t\t\t<div class=\"elementor-element elementor-element-6b499f1f e-con-full no-padding e-flex e-con e-parent\" data-id=\"6b499f1f\" data-element_type=\"container\">\n\t\t\t\t<div class=\"elementor-element elementor-element-1ecbb66 elementor-widget elementor-widget-template\" data-id=\"1ecbb66\" data-element_type=\"widget\" data-widget_type=\"template.default\">\n\t\t\t\t<div class=\"elementor-widget-container\">\n\t\t\t\t\t\t\t<div class=\"elementor-template\">\n\t\t\t\t\t<div data-elementor-type=\"container\" data-elementor-id=\"10099\" class=\"elementor elementor-10099\" data-elementor-post-type=\"elementor_library\">\n\t\t\t\t<div class=\"elementor-element elementor-element-45622206 white e-con-full e-flex e-con e-parent\" data-id=\"45622206\" data-element_type=\"container\" data-settings=\"{&quot;background_background&quot;:&quot;classic&quot;}\">\n\t\t\t\t<\/div>\n\t\t\t\t<\/div>\n\t\t\t\t<\/div>\n\t\t\t\t\t\t<\/div>\n\t\t\t\t<\/div>\n\t\t\t\t<\/div>\n\t\t\t\t<\/div>\n\t\t\t\t<\/div>\n\t\t\t\t\t\t<\/div>\n\t\t\t\t<\/div>\n\t\t\t\t<\/div>\n\t\t<div class=\"elementor-element elementor-element-6590a056 light e-flex e-con-boxed e-con e-parent\" data-id=\"6590a056\" data-element_type=\"container\">\n\t\t\t\t\t<div class=\"e-con-inner\">\n\t\t<div class=\"elementor-element elementor-element-2da3ffd1 e-con-full e-flex e-con e-child\" data-id=\"2da3ffd1\" data-element_type=\"container\">\n\t\t\t\t<div class=\"elementor-element elementor-element-1ea7b98b elementor-widget elementor-widget-heading\" data-id=\"1ea7b98b\" data-element_type=\"widget\" data-widget_type=\"heading.default\">\n\t\t\t\t<div class=\"elementor-widget-container\">\n\t\t\t\t\t<h1 class=\"elementor-heading-title elementor-size-default\">Unternehmensprofil<\/h1>\t\t\t\t<\/div>\n\t\t\t\t<\/div>\n\t\t\t\t<\/div>\n\t\t\t\t\t<\/div>\n\t\t\t\t<\/div>\n\t\t<div class=\"elementor-element elementor-element-5b3dd45b e-flex e-con-boxed e-con e-parent\" data-id=\"5b3dd45b\" data-element_type=\"container\">\n\t\t\t\t\t<div class=\"e-con-inner\">\n\t\t<div class=\"elementor-element elementor-element-11d1c757 e-con-full e-flex e-con e-child\" data-id=\"11d1c757\" data-element_type=\"container\">\n\t\t\t\t<div class=\"elementor-element elementor-element-7d1d06e3 elementor-widget elementor-widget-text-editor\" data-id=\"7d1d06e3\" data-element_type=\"widget\" data-widget_type=\"text-editor.default\">\n\t\t\t\t<div class=\"elementor-widget-container\">\n\t\t\t\t\t\t\t\t\t<h2>Ihr Partner f\u00fcr zielgerichtetes Telemarketing und Marktanalyse seit 1989<\/h2><p>Seit der Gr\u00fcndung von Tele-Mark A\/S im Jahr 1989 ist es unser Ziel, die Position unserer Kunden durch gezielte Analysen und Telemarketing-Aktivit\u00e4ten zu st\u00e4rken. Wir sind besonders mit dem europ\u00e4ischen Markt vertraut, sollten Ihre Projekte oder Ambitionen jedoch auch andere westliche L\u00e4nder einbeziehen, k\u00fcmmern wir uns auch darum.<\/p><h3>Telemarketing<\/h3><p>In unserer Telemarketing-Abteilung konzentrieren wir uns auf Vertriebsaktivit\u00e4ten im BtB-Markt.<\/p><p>Wir verkaufen zwar nicht Ihre Produkte, sind aber sehr kompetent darin, Ihre Zielgruppe zu identifizieren und zu qualifizieren und nicht zuletzt den Kontakt zu neuen potenziellen Kunden herzustellen.<\/p><p>Das Telefon ist f\u00fcr unsere t\u00e4gliche Arbeit unverzichtbar, doch unsere Aktivit\u00e4ten gehen weit dar\u00fcber hinaus.<br> Die Herausforderung f\u00fcr uns besteht darin, Ihre gesamte Vertriebsorganisation optimal auszulasten und so Ihre Marktposition zu st\u00e4rken.<br> Wir bieten Ihnen ein breites Spektrum an Aktivit\u00e4ten, um nur einige zu nennen: Buchung von Meetings, Lead-Generierung, Marktscreening, Direktmarketing-Beratung, Direktmailing-Kampagnen, Nachbereitung von Seminaren, Aktualisierung von Datenbanken usw.<\/p><h3>Analyse<\/h3><p>In unserer Analyseabteilung arbeiten wir sowohl am BtB-Markt als auch am BtC-Markt.<br> Wahrscheinlich sind wir bereits in Ihrem Fachgebiet t\u00e4tig und unser vorhandenes Wissen wird f\u00fcr Sie von Vorteil sein. Wir verwenden alle Arten speziell entwickelter Analysen, unabh\u00e4ngig davon, ob Sie lokal, national oder global arbeiten.<\/p><p>Wir bieten Ihnen das Gesamtkonzept \u2013 Planung, Erfassung und Aufbereitung aller Ihrer Informationen.<\/p><p>Durch unsere verschiedenen Analysen messen wir Folgendes: Zufriedenheit, Image, Wissen, Lesermeinungen, Anforderungen, Wettbewerb usw.<\/p><h3>Mitarbeiter<\/h3><p>Wenn Sie sich f\u00fcr eine Zusammenarbeit mit Tele-Mark entscheiden, stehen Ihnen 65 qualifizierte Mitarbeiter zur Verf\u00fcgung, die sich auf die Informationsbeschaffung und die Generierung qualifizierter Kontakte in Ihrem Markt spezialisiert haben.<br> Die L\u00f6sungen von Tele-Mark basieren auf gutem Service und Fachkompetenz, die Ihre Position durch enge Kundenbeziehungen st\u00e4rken.<\/p><h3>Mission und Vision<\/h3><p>Wir generieren Marktinformationen und Kontakte von hoher Qualit\u00e4t und Intelligenz.<br> Wenn es um die Generierung von Marktinformationen geht, m\u00f6chten wir der Partner sein, von dem Sie die h\u00f6chsten Erwartungen haben.<\/p><h3>Kontakte<\/h3><p>Mads Elefsen Kudsk, Vertriebsleiter, Partner<br> Telefon<a href=\"tel:+45 70 23 72 38\" aria-label=\"Telefon nummer\">+45 70 23 72 38<\/a><br> E-Mail: <a href=\"mailto:mk@tele-mark.dk\">mk@tele-mark.dk<\/a><\/p>\t\t\t\t\t\t\t\t<\/div>\n\t\t\t\t<\/div>\n\t\t\t\t<\/div>\n\t\t\t\t\t<\/div>\n\t\t\t\t<\/div>\n\t\t<div class=\"elementor-element elementor-element-ba7864b e-con-full e-flex e-con e-parent\" data-id=\"ba7864b\" data-element_type=\"container\">\n\t\t\t\t<div class=\"elementor-element elementor-element-23973e8c elementor-widget elementor-widget-template\" data-id=\"23973e8c\" data-element_type=\"widget\" data-widget_type=\"template.default\">\n\t\t\t\t<div class=\"elementor-widget-container\">\n\t\t\t\t\t\t\t<div class=\"elementor-template\">\n\t\t\t\t\t<div data-elementor-type=\"container\" data-elementor-id=\"9854\" class=\"elementor elementor-9854\" data-elementor-post-type=\"elementor_library\">\n\t\t\t\t<div class=\"elementor-element elementor-element-3a5d0ade e-con-full no-padding e-flex e-con e-parent\" data-id=\"3a5d0ade\" data-element_type=\"container\">\n\t\t\t\t<div class=\"elementor-element elementor-element-7af60ea3 elementor-widget elementor-widget-template\" data-id=\"7af60ea3\" data-element_type=\"widget\" data-widget_type=\"template.default\">\n\t\t\t\t<div class=\"elementor-widget-container\">\n\t\t\t\t\t\t\t<div class=\"elementor-template\">\n\t\t\t\t\t<div data-elementor-type=\"container\" data-elementor-id=\"11014\" class=\"elementor elementor-11014 elementor-9860\" data-elementor-post-type=\"elementor_library\">\n\t\t\t\t<div class=\"elementor-element elementor-element-16e773e8 cta-footer e-flex e-con-boxed e-con e-parent\" data-id=\"16e773e8\" data-element_type=\"container\" data-settings=\"{&quot;background_background&quot;:&quot;classic&quot;}\">\n\t\t\t\t\t<div class=\"e-con-inner\">\n\t\t<div class=\"elementor-element elementor-element-13212c55 e-con-full e-flex e-con e-child\" data-id=\"13212c55\" data-element_type=\"container\">\n\t\t<div class=\"elementor-element elementor-element-66550028 e-con-full padding e-flex e-con e-child\" data-id=\"66550028\" data-element_type=\"container\" data-settings=\"{&quot;background_background&quot;:&quot;classic&quot;}\">\n\t\t\t\t<div class=\"elementor-element elementor-element-5bb0e9dd white elementor-widget elementor-widget-heading\" data-id=\"5bb0e9dd\" data-element_type=\"widget\" data-widget_type=\"heading.default\">\n\t\t\t\t<div class=\"elementor-widget-container\">\n\t\t\t\t\t<h3 class=\"elementor-heading-title elementor-size-default\">Folgen Sie uns auf unseren sozialen Medien<\/h3>\t\t\t\t<\/div>\n\t\t\t\t<\/div>\n\t\t\t\t<div class=\"elementor-element elementor-element-266aa9b8 some elementor-widget elementor-widget-html\" data-id=\"266aa9b8\" data-element_type=\"widget\" data-widget_type=\"html.default\">\n\t\t\t\t<div class=\"elementor-widget-container\">\n\t\t\t\t\t<a href=\"https:\/\/www.facebook.com\/100027965816908\/\" target=\"_blank\" aria-label=\"F\u00f8lg os p\u00e5 Facebook\"><i class=\"fa-brands fa-facebook-f\"><\/i><\/a>\n<a href=\"https:\/\/www.linkedin.com\/company\/tele-mark-as\/\" target=\"_blank\" aria-label=\"F\u00f8lg os p\u00e5 LinkedIn\"><i class=\"fa-brands fa-linkedin-in\"><\/i><\/a>\n<a href=\"https:\/\/www.youtube.com\/channel\/UCOCM8pxrJsN78l_hIH7j7Uw\" target=\"_blank\" aria-label=\"Youtube\">\n<i class=\"fa-brands fa-youtube\"><\/i>\n<\/a>\t\t\t\t<\/div>\n\t\t\t\t<\/div>\n\t\t\t\t<\/div>\n\t\t\t\t<\/div>\n\t\t\t\t\t<\/div>\n\t\t\t\t<\/div>\n\t\t\t\t<\/div>\n\t\t\t\t<\/div>\n\t\t\t\t\t\t<\/div>\n\t\t\t\t<\/div>\n\t\t\t\t<\/div>\n\t\t\t\t<\/div>\n\t\t\t\t<\/div>\n\t\t\t\t\t\t<\/div>\n\t\t\t\t<\/div>\n\t\t\t\t<\/div>\n\t\t\t\t<\/div>\n\t\t","protected":false},"excerpt":{"rendered":"<p>Unternehmensprofil Ihr Partner f\u00fcr zielgerichtetes Telemarketing und Marktanalyse seit 1989 Seit der Gr\u00fcndung von Tele-Mark A\/S im Jahr 1989 ist es unser Ziel, die Position unserer Kunden durch gezielte Analysen und Telemarketing-Aktivit\u00e4ten zu st\u00e4rken. Wir sind besonders mit dem europ\u00e4ischen Markt vertraut, sollten Ihre Projekte oder Ambitionen jedoch auch andere westliche L\u00e4nder einbeziehen, k\u00fcmmern wir &#8230; <a title=\"Unternehmensprofil\" class=\"read-more\" href=\"https:\/\/tele-mark.dk\/de\/ueber-uns\/unternehmensprofil\/\" aria-label=\"Mehr Informationen \u00fcber Unternehmensprofil\">Weiterlesen &#8230;<\/a><\/p>\n","protected":false},"author":5,"featured_media":0,"parent":10871,"menu_order":1010,"comment_status":"closed","ping_status":"closed","template":"","meta":{"_acf_changed":false,"footnotes":""},"categories":[],"class_list":["post-10930","page","type-page","status-publish"],"acf":[],"yoast_head":"<!-- This site is optimized with the Yoast SEO plugin v26.8 - https:\/\/yoast.com\/product\/yoast-seo-wordpress\/ -->\n<title>Unternehmensprofil | Tele-Mark A\/S<\/title>\n<meta name=\"robots\" content=\"index, follow, max-snippet:-1, max-image-preview:large, max-video-preview:-1\" \/>\n<link rel=\"canonical\" href=\"https:\/\/tele-mark.dk\/de\/?page_id=10930\" \/>\n<meta property=\"og:locale\" content=\"de_DE\" \/>\n<meta property=\"og:type\" content=\"article\" \/>\n<meta property=\"og:title\" content=\"Unternehmensprofil | Tele-Mark A\/S\" \/>\n<meta property=\"og:description\" content=\"Unternehmensprofil Ihr Partner f\u00fcr zielgerichtetes Telemarketing und Marktanalyse seit 1989 Seit der Gr\u00fcndung von Tele-Mark A\/S im Jahr 1989 ist es unser Ziel, die Position unserer Kunden durch gezielte Analysen und Telemarketing-Aktivit\u00e4ten zu st\u00e4rken. Wir sind besonders mit dem europ\u00e4ischen Markt vertraut, sollten Ihre Projekte oder Ambitionen jedoch auch andere westliche L\u00e4nder einbeziehen, k\u00fcmmern wir ... Weiterlesen ...\" \/>\n<meta property=\"og:url\" content=\"https:\/\/tele-mark.dk\/de\/?page_id=10930\" \/>\n<meta property=\"og:site_name\" content=\"Tele-Mark A\/S\" \/>\n<meta property=\"article:modified_time\" content=\"2025-09-24T07:43:22+00:00\" \/>\n<meta name=\"twitter:card\" content=\"summary_large_image\" \/>\n<meta name=\"twitter:label1\" content=\"Gesch\u00e4tzte Lesezeit\" \/>\n\t<meta name=\"twitter:data1\" content=\"2\u00a0Minuten\" \/>\n<script type=\"application\/ld+json\" class=\"yoast-schema-graph\">{\"@context\":\"https:\/\/schema.org\",\"@graph\":[{\"@type\":\"WebPage\",\"@id\":\"https:\/\/tele-mark.dk\/de\/?page_id=10930\",\"url\":\"https:\/\/tele-mark.dk\/de\/?page_id=10930\",\"name\":\"Unternehmensprofil | Tele-Mark A\/S\",\"isPartOf\":{\"@id\":\"https:\/\/tele-mark.dk\/#website\"},\"datePublished\":\"2025-03-25T11:56:27+00:00\",\"dateModified\":\"2025-09-24T07:43:22+00:00\",\"breadcrumb\":{\"@id\":\"https:\/\/tele-mark.dk\/de\/?page_id=10930#breadcrumb\"},\"inLanguage\":\"de\",\"potentialAction\":[{\"@type\":\"ReadAction\",\"target\":[\"https:\/\/tele-mark.dk\/de\/?page_id=10930\"]}]},{\"@type\":\"BreadcrumbList\",\"@id\":\"https:\/\/tele-mark.dk\/de\/?page_id=10930#breadcrumb\",\"itemListElement\":[{\"@type\":\"ListItem\",\"position\":1,\"name\":\"Forside\",\"item\":\"https:\/\/tele-mark.dk\/de\/?page_id=10844\"},{\"@type\":\"ListItem\",\"position\":2,\"name\":\"\u00dcber uns\",\"item\":\"https:\/\/tele-mark.dk\/de\/?page_id=10871\"},{\"@type\":\"ListItem\",\"position\":3,\"name\":\"Unternehmensprofil\"}]},{\"@type\":\"WebSite\",\"@id\":\"https:\/\/tele-mark.dk\/#website\",\"url\":\"https:\/\/tele-mark.dk\/\",\"name\":\"Tele-Mark A\/S\",\"description\":\"Telemarketing-Agentur f\u00fcr D\u00e4nemark, die nordischen L\u00e4nder, Europa und die ganze Welt\",\"publisher\":{\"@id\":\"https:\/\/tele-mark.dk\/#organization\"},\"potentialAction\":[{\"@type\":\"SearchAction\",\"target\":{\"@type\":\"EntryPoint\",\"urlTemplate\":\"https:\/\/tele-mark.dk\/?s={search_term_string}\"},\"query-input\":{\"@type\":\"PropertyValueSpecification\",\"valueRequired\":true,\"valueName\":\"search_term_string\"}}],\"inLanguage\":\"de\"},{\"@type\":\"Organization\",\"@id\":\"https:\/\/tele-mark.dk\/#organization\",\"name\":\"Tele-Mark A\/S\",\"url\":\"https:\/\/tele-mark.dk\/\",\"logo\":{\"@type\":\"ImageObject\",\"inLanguage\":\"de\",\"@id\":\"https:\/\/tele-mark.dk\/#\/schema\/logo\/image\/\",\"url\":\"https:\/\/tele-mark.dk\/wp-content\/uploads\/2025\/03\/Nyt-logo.svg\",\"contentUrl\":\"https:\/\/tele-mark.dk\/wp-content\/uploads\/2025\/03\/Nyt-logo.svg\",\"width\":433,\"height\":161,\"caption\":\"Tele-Mark A\/S\"},\"image\":{\"@id\":\"https:\/\/tele-mark.dk\/#\/schema\/logo\/image\/\"}}]}<\/script>\n<!-- \/ Yoast SEO plugin. -->","yoast_head_json":{"title":"Unternehmensprofil | Tele-Mark A\/S","robots":{"index":"index","follow":"follow","max-snippet":"max-snippet:-1","max-image-preview":"max-image-preview:large","max-video-preview":"max-video-preview:-1"},"canonical":"https:\/\/tele-mark.dk\/de\/?page_id=10930","og_locale":"de_DE","og_type":"article","og_title":"Unternehmensprofil | Tele-Mark A\/S","og_description":"Unternehmensprofil Ihr Partner f\u00fcr zielgerichtetes Telemarketing und Marktanalyse seit 1989 Seit der Gr\u00fcndung von Tele-Mark A\/S im Jahr 1989 ist es unser Ziel, die Position unserer Kunden durch gezielte Analysen und Telemarketing-Aktivit\u00e4ten zu st\u00e4rken. Wir sind besonders mit dem europ\u00e4ischen Markt vertraut, sollten Ihre Projekte oder Ambitionen jedoch auch andere westliche L\u00e4nder einbeziehen, k\u00fcmmern wir ... Weiterlesen ...","og_url":"https:\/\/tele-mark.dk\/de\/?page_id=10930","og_site_name":"Tele-Mark A\/S","article_modified_time":"2025-09-24T07:43:22+00:00","twitter_card":"summary_large_image","twitter_misc":{"Gesch\u00e4tzte Lesezeit":"2\u00a0Minuten"},"schema":{"@context":"https:\/\/schema.org","@graph":[{"@type":"WebPage","@id":"https:\/\/tele-mark.dk\/de\/?page_id=10930","url":"https:\/\/tele-mark.dk\/de\/?page_id=10930","name":"Unternehmensprofil | Tele-Mark A\/S","isPartOf":{"@id":"https:\/\/tele-mark.dk\/#website"},"datePublished":"2025-03-25T11:56:27+00:00","dateModified":"2025-09-24T07:43:22+00:00","breadcrumb":{"@id":"https:\/\/tele-mark.dk\/de\/?page_id=10930#breadcrumb"},"inLanguage":"de","potentialAction":[{"@type":"ReadAction","target":["https:\/\/tele-mark.dk\/de\/?page_id=10930"]}]},{"@type":"BreadcrumbList","@id":"https:\/\/tele-mark.dk\/de\/?page_id=10930#breadcrumb","itemListElement":[{"@type":"ListItem","position":1,"name":"Forside","item":"https:\/\/tele-mark.dk\/de\/?page_id=10844"},{"@type":"ListItem","position":2,"name":"\u00dcber uns","item":"https:\/\/tele-mark.dk\/de\/?page_id=10871"},{"@type":"ListItem","position":3,"name":"Unternehmensprofil"}]},{"@type":"WebSite","@id":"https:\/\/tele-mark.dk\/#website","url":"https:\/\/tele-mark.dk\/","name":"Tele-Mark A\/S","description":"Telemarketing-Agentur f\u00fcr D\u00e4nemark, die nordischen L\u00e4nder, Europa und die ganze Welt","publisher":{"@id":"https:\/\/tele-mark.dk\/#organization"},"potentialAction":[{"@type":"SearchAction","target":{"@type":"EntryPoint","urlTemplate":"https:\/\/tele-mark.dk\/?s={search_term_string}"},"query-input":{"@type":"PropertyValueSpecification","valueRequired":true,"valueName":"search_term_string"}}],"inLanguage":"de"},{"@type":"Organization","@id":"https:\/\/tele-mark.dk\/#organization","name":"Tele-Mark A\/S","url":"https:\/\/tele-mark.dk\/","logo":{"@type":"ImageObject","inLanguage":"de","@id":"https:\/\/tele-mark.dk\/#\/schema\/logo\/image\/","url":"https:\/\/tele-mark.dk\/wp-content\/uploads\/2025\/03\/Nyt-logo.svg","contentUrl":"https:\/\/tele-mark.dk\/wp-content\/uploads\/2025\/03\/Nyt-logo.svg","width":433,"height":161,"caption":"Tele-Mark A\/S"},"image":{"@id":"https:\/\/tele-mark.dk\/#\/schema\/logo\/image\/"}}]}},"_links":{"self":[{"href":"https:\/\/tele-mark.dk\/de\/wp-json\/wp\/v2\/pages\/10930","targetHints":{"allow":["GET"]}}],"collection":[{"href":"https:\/\/tele-mark.dk\/de\/wp-json\/wp\/v2\/pages"}],"about":[{"href":"https:\/\/tele-mark.dk\/de\/wp-json\/wp\/v2\/types\/page"}],"author":[{"embeddable":true,"href":"https:\/\/tele-mark.dk\/de\/wp-json\/wp\/v2\/users\/5"}],"replies":[{"embeddable":true,"href":"https:\/\/tele-mark.dk\/de\/wp-json\/wp\/v2\/comments?post=10930"}],"version-history":[{"count":2,"href":"https:\/\/tele-mark.dk\/de\/wp-json\/wp\/v2\/pages\/10930\/revisions"}],"predecessor-version":[{"id":10934,"href":"https:\/\/tele-mark.dk\/de\/wp-json\/wp\/v2\/pages\/10930\/revisions\/10934"}],"up":[{"embeddable":true,"href":"https:\/\/tele-mark.dk\/de\/wp-json\/wp\/v2\/pages\/10871"}],"wp:attachment":[{"href":"https:\/\/tele-mark.dk\/de\/wp-json\/wp\/v2\/media?parent=10930"}],"wp:term":[{"taxonomy":"category","embeddable":true,"href":"https:\/\/tele-mark.dk\/de\/wp-json\/wp\/v2\/categories?post=10930"}],"curies":[{"name":"wp","href":"https:\/\/api.w.org\/{rel}","templated":true}]}}