{"id":10929,"date":"2025-03-25T12:56:27","date_gmt":"2025-03-25T11:56:27","guid":{"rendered":"https:\/\/tele-mark.dk\/telemarketing\/lead-pflege\/"},"modified":"2025-09-26T06:56:33","modified_gmt":"2025-09-26T04:56:33","slug":"lead-pflege","status":"publish","type":"page","link":"https:\/\/tele-mark.dk\/de\/telemarketing\/lead-pflege\/","title":{"rendered":"Lead-Pflege"},"content":{"rendered":"\t\t<div data-elementor-type=\"wp-page\" data-elementor-id=\"10929\" class=\"elementor elementor-10929 elementor-9412\" data-elementor-post-type=\"page\">\n\t\t\t\t<div class=\"elementor-element elementor-element-38cfb128 e-con-full e-flex e-con e-parent\" data-id=\"38cfb128\" data-element_type=\"container\">\n\t\t\t\t<div class=\"elementor-element elementor-element-797ba559 elementor-widget elementor-widget-template\" data-id=\"797ba559\" data-element_type=\"widget\" data-widget_type=\"template.default\">\n\t\t\t\t<div class=\"elementor-widget-container\">\n\t\t\t\t\t\t\t<div class=\"elementor-template\">\n\t\t\t\t\t<div data-elementor-type=\"container\" data-elementor-id=\"6563\" class=\"elementor elementor-6563\" data-elementor-post-type=\"elementor_library\">\n\t\t\t\t<div class=\"elementor-element elementor-element-6b499f1f e-con-full no-padding e-flex e-con e-parent\" data-id=\"6b499f1f\" data-element_type=\"container\">\n\t\t\t\t<div class=\"elementor-element elementor-element-1ecbb66 elementor-widget elementor-widget-template\" data-id=\"1ecbb66\" data-element_type=\"widget\" data-widget_type=\"template.default\">\n\t\t\t\t<div class=\"elementor-widget-container\">\n\t\t\t\t\t\t\t<div class=\"elementor-template\">\n\t\t\t\t\t<div data-elementor-type=\"container\" data-elementor-id=\"10099\" class=\"elementor elementor-10099\" data-elementor-post-type=\"elementor_library\">\n\t\t\t\t<div class=\"elementor-element elementor-element-45622206 white e-con-full e-flex e-con e-parent\" data-id=\"45622206\" data-element_type=\"container\" data-settings=\"{&quot;background_background&quot;:&quot;classic&quot;}\">\n\t\t\t\t<\/div>\n\t\t\t\t<\/div>\n\t\t\t\t<\/div>\n\t\t\t\t\t\t<\/div>\n\t\t\t\t<\/div>\n\t\t\t\t<\/div>\n\t\t\t\t<\/div>\n\t\t\t\t<\/div>\n\t\t\t\t\t\t<\/div>\n\t\t\t\t<\/div>\n\t\t\t\t<\/div>\n\t\t<div class=\"elementor-element elementor-element-1a657602 light e-flex e-con-boxed e-con e-parent\" data-id=\"1a657602\" data-element_type=\"container\">\n\t\t\t\t\t<div class=\"e-con-inner\">\n\t\t<div class=\"elementor-element elementor-element-703a50ab e-con-full e-flex e-con e-child\" data-id=\"703a50ab\" data-element_type=\"container\">\n\t\t\t\t<div class=\"elementor-element elementor-element-64d350bc elementor-widget elementor-widget-heading\" data-id=\"64d350bc\" data-element_type=\"widget\" data-widget_type=\"heading.default\">\n\t\t\t\t<div class=\"elementor-widget-container\">\n\t\t\t\t\t<h1 class=\"elementor-heading-title elementor-size-default\">Lead-Pflege<\/h1>\t\t\t\t<\/div>\n\t\t\t\t<\/div>\n\t\t\t\t<\/div>\n\t\t\t\t\t<\/div>\n\t\t\t\t<\/div>\n\t\t<div class=\"elementor-element elementor-element-68b18d4d e-flex e-con-boxed e-con e-parent\" data-id=\"68b18d4d\" data-element_type=\"container\">\n\t\t\t\t\t<div class=\"e-con-inner\">\n\t\t<div class=\"elementor-element elementor-element-43f85814 e-con-full e-flex e-con e-child\" data-id=\"43f85814\" data-element_type=\"container\">\n\t\t\t\t<div class=\"elementor-element elementor-element-6388f811 elementor-widget elementor-widget-text-editor\" data-id=\"6388f811\" data-element_type=\"widget\" data-widget_type=\"text-editor.default\">\n\t\t\t\t<div class=\"elementor-widget-container\">\n\t\t\t\t\t\t\t\t\t<h2>Effektive BtB-Meeting-Buchung mit Fokus auf Lead-Nurturing und langfristigem Wert<\/h2><p>Manche Kunden wenden sich mit einem sehr direkten und kurzfristigen Ziel an uns, wenn sie Hilfe bei der Buchung von BtB-Meetings ben\u00f6tigen. Sie sagen beispielsweise: \u201eWir ben\u00f6tigen 6 Meetings pro Woche und Vertriebsmitarbeiter\u201c oder \u00c4hnliches. Ihr Fokus liegt in der Regel auf der unmittelbaren Notwendigkeit, die Vertriebspipeline mit Meetings zu f\u00fcllen \u2013 ohne unbedingt \u00fcber den Prozess nachzudenken, der erforderlich ist, um Leads zu reifen und Mehrwert zu schaffen, bevor die Meetings gebucht werden. Beim Lead Nurturing geht es darum, systematisch Beziehungen zu potenziellen Kunden und Leads aufzubauen und zu pflegen. Ziel ist es, Vertrauen aufzubauen, das Interesse zu steigern und Ihr Unternehmen als bevorzugte Wahl zu positionieren, wenn der Kunde bereit ist, eine Entscheidung zu treffen.    <\/p><p>Tele-Mark A\/S arbeitet in der Zusammenarbeit mit seinen Kunden systematisch mit Lead Nurturing. Unser Ansatz zur B2B-Terminbuchung ist besonders relevant, da Entscheidungstr\u00e4ger im B2B-Vertrieb oft lange Entscheidungsprozesse mit mehreren Beteiligten durchlaufen. Bei der Terminbuchung geht es daher nicht nur darum, einen Termin im Kalender zu finden, sondern auch darum, einen Lead zu reifen, um den Wert des Termins und der L\u00f6sung unseres Kunden zu erkennen. Deshalb kommt es vor allem darauf an, zum richtigen Zeitpunkt und am richtigen Ort nachzufassen und dabei das richtige Wissen \u00fcber die bisherige Customer Journey des kontaktierten Unternehmens zu haben. Dies gew\u00e4hrleisten wir durch das Zusammenspiel der erfahrensten Kontaktvermittler der Branche und der leistungsst\u00e4rksten B2B-Terminbuchungssoftware des Marktes, die wir selbst entwickelt haben.    <\/p><p>Ist eine kurzfristige Zusammenarbeit mit Tele-Mark A\/S sinnvoll? Ja, unsere Arbeitsweise mit Lead Nurturing f\u00fchrt dazu, dass die Rentabilit\u00e4t im Laufe der Jahre sicherlich steigen wird.<\/p><p>Wenn Sie mehr \u00fcber Tele-Mark A\/S, unseren Ansatz zur BtB-Meeting-Buchung und Lead-Pflege erfahren m\u00f6chten und wissen m\u00f6chten, wie wir die kontinuierliche Pflege Ihrer Pre-Pipeline sicherstellen k\u00f6nnen, rufen Sie uns an.<a href=\"tel:+45 70 23 72 38\" aria-label=\"Telefon nummer\">+45 70 23 72 38<\/a> \u2013 fragen Sie nach <a href=\"https:\/\/tele-mark.dk\/de\/kontakt\/\">Mads Elefsen Kudsk<\/a><\/p>\t\t\t\t\t\t\t\t<\/div>\n\t\t\t\t<\/div>\n\t\t\t\t<\/div>\n\t\t\t\t\t<\/div>\n\t\t\t\t<\/div>\n\t\t<div class=\"elementor-element elementor-element-fbff3ba light e-flex e-con-boxed e-con e-parent\" data-id=\"fbff3ba\" data-element_type=\"container\">\n\t\t\t\t\t<div class=\"e-con-inner\">\n\t\t<div class=\"elementor-element elementor-element-4f07110 e-con-full e-flex e-con e-child\" data-id=\"4f07110\" data-element_type=\"container\">\n\t\t\t\t<div class=\"elementor-element elementor-element-99aecc5 elementor-widget elementor-widget-video\" data-id=\"99aecc5\" data-element_type=\"widget\" data-settings=\"{&quot;video_type&quot;:&quot;hosted&quot;,&quot;controls&quot;:&quot;yes&quot;}\" data-widget_type=\"video.default\">\n\t\t\t\t<div class=\"elementor-widget-container\">\n\t\t\t\t\t\t\t<div class=\"e-hosted-video elementor-wrapper elementor-open-inline\">\n\t\t\t\t\t<video class=\"elementor-video\" src=\"https:\/\/gostmediaserviceprod.blob.core.windows.net\/asset-10cd5eee-c643-4964-8c0b-bb379e1263cc\/telemark_harry_master (1080p)_1920x1080_6000k.mp4\" controls=\"\" preload=\"metadata\" controlsList=\"nodownload\"><\/video>\n\t\t\t\t<\/div>\n\t\t\t\t\t\t<\/div>\n\t\t\t\t<\/div>\n\t\t\t\t<\/div>\n\t\t\t\t\t<\/div>\n\t\t\t\t<\/div>\n\t\t<div class=\"elementor-element elementor-element-57884826 e-con-full e-flex e-con e-parent\" data-id=\"57884826\" data-element_type=\"container\">\n\t\t\t\t<div class=\"elementor-element elementor-element-1f9905a4 elementor-widget elementor-widget-template\" data-id=\"1f9905a4\" data-element_type=\"widget\" data-widget_type=\"template.default\">\n\t\t\t\t<div class=\"elementor-widget-container\">\n\t\t\t\t\t\t\t<div class=\"elementor-template\">\n\t\t\t\t\t<div data-elementor-type=\"container\" data-elementor-id=\"9854\" class=\"elementor elementor-9854\" data-elementor-post-type=\"elementor_library\">\n\t\t\t\t<div class=\"elementor-element elementor-element-3a5d0ade e-con-full no-padding e-flex e-con e-parent\" data-id=\"3a5d0ade\" data-element_type=\"container\">\n\t\t\t\t<div class=\"elementor-element elementor-element-7af60ea3 elementor-widget elementor-widget-template\" data-id=\"7af60ea3\" data-element_type=\"widget\" data-widget_type=\"template.default\">\n\t\t\t\t<div class=\"elementor-widget-container\">\n\t\t\t\t\t\t\t<div class=\"elementor-template\">\n\t\t\t\t\t<div data-elementor-type=\"container\" data-elementor-id=\"11014\" class=\"elementor elementor-11014 elementor-9860\" data-elementor-post-type=\"elementor_library\">\n\t\t\t\t<div class=\"elementor-element elementor-element-16e773e8 cta-footer e-flex e-con-boxed e-con e-parent\" data-id=\"16e773e8\" data-element_type=\"container\" data-settings=\"{&quot;background_background&quot;:&quot;classic&quot;}\">\n\t\t\t\t\t<div class=\"e-con-inner\">\n\t\t<div class=\"elementor-element elementor-element-13212c55 e-con-full e-flex e-con e-child\" data-id=\"13212c55\" data-element_type=\"container\">\n\t\t<div class=\"elementor-element elementor-element-66550028 e-con-full padding e-flex e-con e-child\" data-id=\"66550028\" data-element_type=\"container\" data-settings=\"{&quot;background_background&quot;:&quot;classic&quot;}\">\n\t\t\t\t<div class=\"elementor-element elementor-element-5bb0e9dd white elementor-widget elementor-widget-heading\" data-id=\"5bb0e9dd\" data-element_type=\"widget\" data-widget_type=\"heading.default\">\n\t\t\t\t<div class=\"elementor-widget-container\">\n\t\t\t\t\t<h3 class=\"elementor-heading-title elementor-size-default\">Folgen Sie uns auf unseren sozialen Medien<\/h3>\t\t\t\t<\/div>\n\t\t\t\t<\/div>\n\t\t\t\t<div class=\"elementor-element elementor-element-266aa9b8 some elementor-widget elementor-widget-html\" data-id=\"266aa9b8\" data-element_type=\"widget\" data-widget_type=\"html.default\">\n\t\t\t\t<div class=\"elementor-widget-container\">\n\t\t\t\t\t<a href=\"https:\/\/www.facebook.com\/100027965816908\/\" target=\"_blank\" aria-label=\"F\u00f8lg os p\u00e5 Facebook\"><i class=\"fa-brands fa-facebook-f\"><\/i><\/a>\n<a href=\"https:\/\/www.linkedin.com\/company\/tele-mark-as\/\" target=\"_blank\" aria-label=\"F\u00f8lg os p\u00e5 LinkedIn\"><i class=\"fa-brands fa-linkedin-in\"><\/i><\/a>\n<a href=\"https:\/\/www.youtube.com\/channel\/UCOCM8pxrJsN78l_hIH7j7Uw\" target=\"_blank\" aria-label=\"Youtube\">\n<i class=\"fa-brands fa-youtube\"><\/i>\n<\/a>\t\t\t\t<\/div>\n\t\t\t\t<\/div>\n\t\t\t\t<\/div>\n\t\t\t\t<\/div>\n\t\t\t\t\t<\/div>\n\t\t\t\t<\/div>\n\t\t\t\t<\/div>\n\t\t\t\t<\/div>\n\t\t\t\t\t\t<\/div>\n\t\t\t\t<\/div>\n\t\t\t\t<\/div>\n\t\t\t\t<\/div>\n\t\t\t\t<\/div>\n\t\t\t\t\t\t<\/div>\n\t\t\t\t<\/div>\n\t\t\t\t<\/div>\n\t\t\t\t<\/div>\n\t\t","protected":false},"excerpt":{"rendered":"<p>Lead-Pflege Effektive BtB-Meeting-Buchung mit Fokus auf Lead-Nurturing und langfristigem Wert Manche Kunden wenden sich mit einem sehr direkten und kurzfristigen Ziel an uns, wenn sie Hilfe bei der Buchung von BtB-Meetings ben\u00f6tigen. Sie sagen beispielsweise: \u201eWir ben\u00f6tigen 6 Meetings pro Woche und Vertriebsmitarbeiter\u201c oder \u00c4hnliches. Ihr Fokus liegt in der Regel auf der unmittelbaren Notwendigkeit, &#8230; <a title=\"Lead-Pflege\" class=\"read-more\" href=\"https:\/\/tele-mark.dk\/de\/telemarketing\/lead-pflege\/\" aria-label=\"Mehr Informationen \u00fcber Lead-Pflege\">Weiterlesen &#8230;<\/a><\/p>\n","protected":false},"author":5,"featured_media":0,"parent":10902,"menu_order":1012,"comment_status":"closed","ping_status":"closed","template":"","meta":{"_acf_changed":false,"footnotes":""},"categories":[],"class_list":["post-10929","page","type-page","status-publish"],"acf":[],"yoast_head":"<!-- This site is optimized with the Yoast SEO plugin v26.8 - https:\/\/yoast.com\/product\/yoast-seo-wordpress\/ -->\n<title>Lead-Pflege | Tele-Mark A\/S<\/title>\n<meta name=\"robots\" content=\"index, follow, max-snippet:-1, max-image-preview:large, max-video-preview:-1\" \/>\n<link rel=\"canonical\" href=\"https:\/\/tele-mark.dk\/de\/telemarketing\/lead-pflege\/\" \/>\n<meta property=\"og:locale\" content=\"de_DE\" \/>\n<meta property=\"og:type\" content=\"article\" \/>\n<meta property=\"og:title\" content=\"Lead-Pflege | Tele-Mark A\/S\" \/>\n<meta property=\"og:description\" content=\"Lead-Pflege Effektive BtB-Meeting-Buchung mit Fokus auf Lead-Nurturing und langfristigem Wert Manche Kunden wenden sich mit einem sehr direkten und kurzfristigen Ziel an uns, wenn sie Hilfe bei der Buchung von BtB-Meetings ben\u00f6tigen. Sie sagen beispielsweise: \u201eWir ben\u00f6tigen 6 Meetings pro Woche und Vertriebsmitarbeiter\u201c oder \u00c4hnliches. Ihr Fokus liegt in der Regel auf der unmittelbaren Notwendigkeit, ... Weiterlesen ...\" \/>\n<meta property=\"og:url\" content=\"https:\/\/tele-mark.dk\/de\/telemarketing\/lead-pflege\/\" \/>\n<meta property=\"og:site_name\" content=\"Tele-Mark A\/S\" \/>\n<meta property=\"article:modified_time\" content=\"2025-09-26T04:56:33+00:00\" \/>\n<meta name=\"twitter:card\" content=\"summary_large_image\" \/>\n<meta name=\"twitter:label1\" content=\"Gesch\u00e4tzte Lesezeit\" \/>\n\t<meta name=\"twitter:data1\" content=\"2\u00a0Minuten\" \/>\n<script type=\"application\/ld+json\" class=\"yoast-schema-graph\">{\"@context\":\"https:\/\/schema.org\",\"@graph\":[{\"@type\":\"WebPage\",\"@id\":\"https:\/\/tele-mark.dk\/de\/telemarketing\/lead-pflege\/\",\"url\":\"https:\/\/tele-mark.dk\/de\/telemarketing\/lead-pflege\/\",\"name\":\"Lead-Pflege | Tele-Mark A\/S\",\"isPartOf\":{\"@id\":\"https:\/\/tele-mark.dk\/#website\"},\"datePublished\":\"2025-03-25T11:56:27+00:00\",\"dateModified\":\"2025-09-26T04:56:33+00:00\",\"breadcrumb\":{\"@id\":\"https:\/\/tele-mark.dk\/de\/telemarketing\/lead-pflege\/#breadcrumb\"},\"inLanguage\":\"de\",\"potentialAction\":[{\"@type\":\"ReadAction\",\"target\":[\"https:\/\/tele-mark.dk\/de\/telemarketing\/lead-pflege\/\"]}]},{\"@type\":\"BreadcrumbList\",\"@id\":\"https:\/\/tele-mark.dk\/de\/telemarketing\/lead-pflege\/#breadcrumb\",\"itemListElement\":[{\"@type\":\"ListItem\",\"position\":1,\"name\":\"Forside\",\"item\":\"https:\/\/tele-mark.dk\/de\/?page_id=10844\"},{\"@type\":\"ListItem\",\"position\":2,\"name\":\"Telemarketing\",\"item\":\"https:\/\/tele-mark.dk\/telemarketing\/\"},{\"@type\":\"ListItem\",\"position\":3,\"name\":\"Lead-Pflege\"}]},{\"@type\":\"WebSite\",\"@id\":\"https:\/\/tele-mark.dk\/#website\",\"url\":\"https:\/\/tele-mark.dk\/\",\"name\":\"Tele-Mark A\/S\",\"description\":\"Telemarketing-Agentur f\u00fcr D\u00e4nemark, die nordischen L\u00e4nder, Europa und die ganze Welt\",\"publisher\":{\"@id\":\"https:\/\/tele-mark.dk\/#organization\"},\"potentialAction\":[{\"@type\":\"SearchAction\",\"target\":{\"@type\":\"EntryPoint\",\"urlTemplate\":\"https:\/\/tele-mark.dk\/?s={search_term_string}\"},\"query-input\":{\"@type\":\"PropertyValueSpecification\",\"valueRequired\":true,\"valueName\":\"search_term_string\"}}],\"inLanguage\":\"de\"},{\"@type\":\"Organization\",\"@id\":\"https:\/\/tele-mark.dk\/#organization\",\"name\":\"Tele-Mark A\/S\",\"url\":\"https:\/\/tele-mark.dk\/\",\"logo\":{\"@type\":\"ImageObject\",\"inLanguage\":\"de\",\"@id\":\"https:\/\/tele-mark.dk\/#\/schema\/logo\/image\/\",\"url\":\"https:\/\/tele-mark.dk\/wp-content\/uploads\/2025\/03\/Nyt-logo.svg\",\"contentUrl\":\"https:\/\/tele-mark.dk\/wp-content\/uploads\/2025\/03\/Nyt-logo.svg\",\"width\":433,\"height\":161,\"caption\":\"Tele-Mark A\/S\"},\"image\":{\"@id\":\"https:\/\/tele-mark.dk\/#\/schema\/logo\/image\/\"}}]}<\/script>\n<!-- \/ Yoast SEO plugin. -->","yoast_head_json":{"title":"Lead-Pflege | Tele-Mark A\/S","robots":{"index":"index","follow":"follow","max-snippet":"max-snippet:-1","max-image-preview":"max-image-preview:large","max-video-preview":"max-video-preview:-1"},"canonical":"https:\/\/tele-mark.dk\/de\/telemarketing\/lead-pflege\/","og_locale":"de_DE","og_type":"article","og_title":"Lead-Pflege | Tele-Mark A\/S","og_description":"Lead-Pflege Effektive BtB-Meeting-Buchung mit Fokus auf Lead-Nurturing und langfristigem Wert Manche Kunden wenden sich mit einem sehr direkten und kurzfristigen Ziel an uns, wenn sie Hilfe bei der Buchung von BtB-Meetings ben\u00f6tigen. Sie sagen beispielsweise: \u201eWir ben\u00f6tigen 6 Meetings pro Woche und Vertriebsmitarbeiter\u201c oder \u00c4hnliches. Ihr Fokus liegt in der Regel auf der unmittelbaren Notwendigkeit, ... Weiterlesen ...","og_url":"https:\/\/tele-mark.dk\/de\/telemarketing\/lead-pflege\/","og_site_name":"Tele-Mark A\/S","article_modified_time":"2025-09-26T04:56:33+00:00","twitter_card":"summary_large_image","twitter_misc":{"Gesch\u00e4tzte Lesezeit":"2\u00a0Minuten"},"schema":{"@context":"https:\/\/schema.org","@graph":[{"@type":"WebPage","@id":"https:\/\/tele-mark.dk\/de\/telemarketing\/lead-pflege\/","url":"https:\/\/tele-mark.dk\/de\/telemarketing\/lead-pflege\/","name":"Lead-Pflege | Tele-Mark A\/S","isPartOf":{"@id":"https:\/\/tele-mark.dk\/#website"},"datePublished":"2025-03-25T11:56:27+00:00","dateModified":"2025-09-26T04:56:33+00:00","breadcrumb":{"@id":"https:\/\/tele-mark.dk\/de\/telemarketing\/lead-pflege\/#breadcrumb"},"inLanguage":"de","potentialAction":[{"@type":"ReadAction","target":["https:\/\/tele-mark.dk\/de\/telemarketing\/lead-pflege\/"]}]},{"@type":"BreadcrumbList","@id":"https:\/\/tele-mark.dk\/de\/telemarketing\/lead-pflege\/#breadcrumb","itemListElement":[{"@type":"ListItem","position":1,"name":"Forside","item":"https:\/\/tele-mark.dk\/de\/?page_id=10844"},{"@type":"ListItem","position":2,"name":"Telemarketing","item":"https:\/\/tele-mark.dk\/telemarketing\/"},{"@type":"ListItem","position":3,"name":"Lead-Pflege"}]},{"@type":"WebSite","@id":"https:\/\/tele-mark.dk\/#website","url":"https:\/\/tele-mark.dk\/","name":"Tele-Mark A\/S","description":"Telemarketing-Agentur f\u00fcr D\u00e4nemark, die nordischen L\u00e4nder, Europa und die ganze Welt","publisher":{"@id":"https:\/\/tele-mark.dk\/#organization"},"potentialAction":[{"@type":"SearchAction","target":{"@type":"EntryPoint","urlTemplate":"https:\/\/tele-mark.dk\/?s={search_term_string}"},"query-input":{"@type":"PropertyValueSpecification","valueRequired":true,"valueName":"search_term_string"}}],"inLanguage":"de"},{"@type":"Organization","@id":"https:\/\/tele-mark.dk\/#organization","name":"Tele-Mark A\/S","url":"https:\/\/tele-mark.dk\/","logo":{"@type":"ImageObject","inLanguage":"de","@id":"https:\/\/tele-mark.dk\/#\/schema\/logo\/image\/","url":"https:\/\/tele-mark.dk\/wp-content\/uploads\/2025\/03\/Nyt-logo.svg","contentUrl":"https:\/\/tele-mark.dk\/wp-content\/uploads\/2025\/03\/Nyt-logo.svg","width":433,"height":161,"caption":"Tele-Mark A\/S"},"image":{"@id":"https:\/\/tele-mark.dk\/#\/schema\/logo\/image\/"}}]}},"_links":{"self":[{"href":"https:\/\/tele-mark.dk\/de\/wp-json\/wp\/v2\/pages\/10929","targetHints":{"allow":["GET"]}}],"collection":[{"href":"https:\/\/tele-mark.dk\/de\/wp-json\/wp\/v2\/pages"}],"about":[{"href":"https:\/\/tele-mark.dk\/de\/wp-json\/wp\/v2\/types\/page"}],"author":[{"embeddable":true,"href":"https:\/\/tele-mark.dk\/de\/wp-json\/wp\/v2\/users\/5"}],"replies":[{"embeddable":true,"href":"https:\/\/tele-mark.dk\/de\/wp-json\/wp\/v2\/comments?post=10929"}],"version-history":[{"count":4,"href":"https:\/\/tele-mark.dk\/de\/wp-json\/wp\/v2\/pages\/10929\/revisions"}],"predecessor-version":[{"id":11169,"href":"https:\/\/tele-mark.dk\/de\/wp-json\/wp\/v2\/pages\/10929\/revisions\/11169"}],"up":[{"embeddable":true,"href":"https:\/\/tele-mark.dk\/de\/wp-json\/wp\/v2\/pages\/10902"}],"wp:attachment":[{"href":"https:\/\/tele-mark.dk\/de\/wp-json\/wp\/v2\/media?parent=10929"}],"wp:term":[{"taxonomy":"category","embeddable":true,"href":"https:\/\/tele-mark.dk\/de\/wp-json\/wp\/v2\/categories?post=10929"}],"curies":[{"name":"wp","href":"https:\/\/api.w.org\/{rel}","templated":true}]}}