{"id":10910,"date":"2025-03-25T12:56:27","date_gmt":"2025-03-25T11:56:27","guid":{"rendered":"https:\/\/tele-mark.dk\/unsere-software\/"},"modified":"2025-09-26T06:57:31","modified_gmt":"2025-09-26T04:57:31","slug":"unsere-software","status":"publish","type":"page","link":"https:\/\/tele-mark.dk\/de\/unsere-software\/","title":{"rendered":"Unsere Software"},"content":{"rendered":"\t\t<div data-elementor-type=\"wp-page\" data-elementor-id=\"10910\" class=\"elementor elementor-10910 elementor-9404\" data-elementor-post-type=\"page\">\n\t\t\t\t<div class=\"elementor-element elementor-element-72dc85d1 e-con-full e-flex e-con e-parent\" data-id=\"72dc85d1\" data-element_type=\"container\">\n\t\t\t\t<div class=\"elementor-element elementor-element-6941dd09 elementor-widget elementor-widget-template\" data-id=\"6941dd09\" data-element_type=\"widget\" data-widget_type=\"template.default\">\n\t\t\t\t<div class=\"elementor-widget-container\">\n\t\t\t\t\t\t\t<div class=\"elementor-template\">\n\t\t\t\t\t<div data-elementor-type=\"container\" data-elementor-id=\"6563\" class=\"elementor elementor-6563\" data-elementor-post-type=\"elementor_library\">\n\t\t\t\t<div class=\"elementor-element elementor-element-6b499f1f e-con-full no-padding e-flex e-con e-parent\" data-id=\"6b499f1f\" data-element_type=\"container\">\n\t\t\t\t<div class=\"elementor-element elementor-element-1ecbb66 elementor-widget elementor-widget-template\" data-id=\"1ecbb66\" data-element_type=\"widget\" data-widget_type=\"template.default\">\n\t\t\t\t<div class=\"elementor-widget-container\">\n\t\t\t\t\t\t\t<div class=\"elementor-template\">\n\t\t\t\t\t<div data-elementor-type=\"container\" data-elementor-id=\"10099\" class=\"elementor elementor-10099\" data-elementor-post-type=\"elementor_library\">\n\t\t\t\t<div class=\"elementor-element elementor-element-45622206 white e-con-full e-flex e-con e-parent\" data-id=\"45622206\" data-element_type=\"container\" data-settings=\"{&quot;background_background&quot;:&quot;classic&quot;}\">\n\t\t\t\t<\/div>\n\t\t\t\t<\/div>\n\t\t\t\t<\/div>\n\t\t\t\t\t\t<\/div>\n\t\t\t\t<\/div>\n\t\t\t\t<\/div>\n\t\t\t\t<\/div>\n\t\t\t\t<\/div>\n\t\t\t\t\t\t<\/div>\n\t\t\t\t<\/div>\n\t\t\t\t<\/div>\n\t\t<div class=\"elementor-element elementor-element-1324533a light e-flex e-con-boxed e-con e-parent\" data-id=\"1324533a\" data-element_type=\"container\">\n\t\t\t\t\t<div class=\"e-con-inner\">\n\t\t<div class=\"elementor-element elementor-element-2779445c e-con-full e-flex e-con e-child\" data-id=\"2779445c\" data-element_type=\"container\">\n\t\t\t\t<div class=\"elementor-element elementor-element-14cbe146 elementor-widget elementor-widget-heading\" data-id=\"14cbe146\" data-element_type=\"widget\" data-widget_type=\"heading.default\">\n\t\t\t\t<div class=\"elementor-widget-container\">\n\t\t\t\t\t<h1 class=\"elementor-heading-title elementor-size-default\">Verus \u2013 Die ultimative Softwarel\u00f6sung f\u00fcr effiziente Meetingbuchungen.<\/h1>\t\t\t\t<\/div>\n\t\t\t\t<\/div>\n\t\t\t\t<\/div>\n\t\t<div class=\"elementor-element elementor-element-4cafac3b e-con-full e-flex e-con e-child\" data-id=\"4cafac3b\" data-element_type=\"container\">\n\t\t\t\t<div class=\"elementor-element elementor-element-6a5aaec2 elementor-widget elementor-widget-text-editor\" data-id=\"6a5aaec2\" data-element_type=\"widget\" data-widget_type=\"text-editor.default\">\n\t\t\t\t<div class=\"elementor-widget-container\">\n\t\t\t\t\t\t\t\t\t<p>Ein System, das auf Erfahrung und Innovation basiert.<\/p>\t\t\t\t\t\t\t\t<\/div>\n\t\t\t\t<\/div>\n\t\t\t\t<\/div>\n\t\t\t\t\t<\/div>\n\t\t\t\t<\/div>\n\t\t<div class=\"elementor-element elementor-element-10fe46dd e-flex e-con-boxed e-con e-parent\" data-id=\"10fe46dd\" data-element_type=\"container\">\n\t\t\t\t\t<div class=\"e-con-inner\">\n\t\t<div class=\"elementor-element elementor-element-743a80b7 e-con-full e-flex e-con e-child\" data-id=\"743a80b7\" data-element_type=\"container\">\n\t\t\t\t<div class=\"elementor-element elementor-element-579555da elementor-widget elementor-widget-text-editor\" data-id=\"579555da\" data-element_type=\"widget\" data-widget_type=\"text-editor.default\">\n\t\t\t\t<div class=\"elementor-widget-container\">\n\t\t\t\t\t\t\t\t\t<h2>Von PhonePilot zu Verus \u2013 Eine Reise zur ultimativen L\u00f6sung zur Meetingbuchung<\/h2><p>Im Jahr 2003 wandten sich drei junge Informatikstudenten an Tele-Mark mit dem Wunsch, eine digitale L\u00f6sung zu entwickeln, mit der alle kritischen Prozesse im Unternehmen abgewickelt werden konnten. Ihre Vision war es, ein System zu schaffen, das alles optimieren kann, vom Projekt- und Artikelmanagement bis hin zur Zeiterfassung und Rechnungsstellung.<\/p><p>Sie wurden sehr gut angenommen und es kam schnell zu einer Vereinbarung \u00fcber die Zusammenarbeit. Das Ergebnis war der Prototyp f\u00fcr PhonePilot. Einige Jahre sp\u00e4ter brachte Martin Kj\u00e6r, einer der drei Entwickler, die fertige Version von PhonePilot auf den Markt. Die Software war bahnbrechend und wahrscheinlich die erste dedizierte L\u00f6sung f\u00fcr die Telemarketingbranche mit einem 100-prozentigen Fokus auf die Buchung von B2B-Meetings.<\/p><p>R\u00fcckblickend handelt es sich dabei wahrscheinlich um eine der wichtigsten strategischen Entscheidungen, die Tele-Mark A\/S je getroffen hat, und sie hatte den gr\u00f6\u00dften Einfluss auf die aktuelle Marktposition und St\u00e4rke des Unternehmens.<\/p><p>Leider musste PhonePilot aufgrund des fr\u00fchen Todes von Martin Kj\u00e6r im Jahr 2020 viel zu fr\u00fch schlie\u00dfen. Dies zwang Tele-Mark A\/S dazu, die L\u00f6sung zu \u00fcberdenken, was zu einer v\u00f6llig neu entwickelten Plattform mit verbesserten Funktionen f\u00fchrte.<\/p><p>Heute nennen wir die L\u00f6sung \u201eVerus\u201c. Das Wort kommt aus dem Lateinischen und bedeutet \u201ewahr\u201c oder \u201eecht\u201c. Es wird oft verwendet, um etwas zu beschreiben, das ehrlich, authentisch und vertrauensw\u00fcrdig ist. Im klassischen Latein k\u00f6nnte \u201eVerus\u201c auch allgemeiner verwendet werden, um etwas Richtiges oder der Realit\u00e4t Entsprechendes zu bezeichnen.<\/p><p>Verus ist eine hochentwickelte und dennoch \u00e4u\u00dferst einfache und intuitive Softwarel\u00f6sung f\u00fcr Mitarbeiter und Unternehmen, die beruflich mit der Buchung von Meetings arbeiten. Die Grundlage bildet unsere langj\u00e4hrige und professionelle Erfahrung mit der BtB-Meetingbuchung seit 1989, kombiniert mit allen relevanten Elementen, die im Laufe der Zeit durch den technologischen Fortschritt hinzugef\u00fcgt werden konnten, um die L\u00f6sung noch besser zu machen.<\/p><p>Im Laufe der Jahre haben wir mit mehreren anderen Systemen gearbeitet, vor allem wenn unsere Kunden in die auf dem Markt verf\u00fcgbaren Standardl\u00f6sungen investierten und uns baten, darin zu arbeiten. Die Erfahrung hat jedoch durchweg gezeigt, dass unsere Kontaktvermittler Verus bevorzugen. Wenn wir nach dem Grund fragen, verweisen die Antworten h\u00e4ufig auf die starke Funktionalit\u00e4t von Verus, die speziell auf die effiziente Buchung von Meetings ausgerichtet ist.<\/p><p>Obwohl Verus zu 100 % auf die Buchung von B2B-Meetings ausgerichtet ist, kann die L\u00f6sung auch \u00e4u\u00dferst effektiv f\u00fcr die Buchung von B2C-Meetings und andere Telemarketing-Disziplinen eingesetzt werden.<\/p>\t\t\t\t\t\t\t\t<\/div>\n\t\t\t\t<\/div>\n\t\t\t\t<\/div>\n\t\t<div class=\"elementor-element elementor-element-422db1a3 e-con-full e-flex e-con e-child\" data-id=\"422db1a3\" data-element_type=\"container\">\n\t\t\t\t<div class=\"elementor-element elementor-element-56b1f2c0 elementor-widget elementor-widget-text-editor\" data-id=\"56b1f2c0\" data-element_type=\"widget\" data-widget_type=\"text-editor.default\">\n\t\t\t\t<div class=\"elementor-widget-container\">\n\t\t\t\t\t\t\t\t\t<h3>Warum Verus w\u00e4hlen?<\/h3><p>Die Werte, die Ihr Unternehmen mit Verus erreicht, sind:<\/p><ul><li>Das intuitivste System auf dem Markt.<\/li><li>F\u00fcr die Kontaktbroker- und Projektmanagerschnittstelle ist nur eine minimale Schulung erforderlich.<\/li><li>Entwickelt, um Zeitverluste zu minimieren und gleichzeitig die Wahrscheinlichkeit zu maximieren, mit den richtigen Kontakten in Kontakt zu treten.<\/li><li>Mit Verus Call Back erhalten Sie R\u00fcckrufe von unbeantworteten Anrufen, k\u00f6nnen also das Gespr\u00e4ch \u00fcbernehmen, wenn der Entscheider zur\u00fcckruft und wissen genau, wer sich bei Ihnen meldet und nicht zuletzt, welcher Kunde zur\u00fcckgerufen wird.<\/li><li>Mit Verus Contact Finder wissen Sie oft genau, mit wem Sie sprechen m\u00fcssen und wie Sie die Person erreichen.<\/li><li>Das Verus Progression System bietet eine durchdachte Nachverfolgungsstruktur, die sicherstellt, dass alle vereinbarten Nachverfolgungen durchgef\u00fchrt werden \u2013 unabh\u00e4ngig davon, was passiert oder wie weit sie in der Zukunft liegen.<\/li><li>Extrem einfache Erstellung und Pflege von Projekten.<\/li><li>Und alles, was Sie sonst noch brauchen \u2013 und mehr.<\/li><\/ul><h3>Kostenlose Demo von Verus<\/h3><p>M\u00f6chten Sie Verus in Aktion sehen? Kontaktieren Sie uns noch heute f\u00fcr eine kostenlose Demo und entdecken Sie, wie das System Ihre Meeting-Buchungsprozesse optimieren kann. Wir helfen Ihnen gerne dabei, den Wert Ihrer Kundeninteraktionen zu maximieren.<\/p><h3>Vertraulichkeitsvereinbarung \/ NDA<\/h3><p>Ihre Daten werden 100 % sicher bei unserem Entwickler gespeichert und sowohl der Entwickler als auch Tele-Mark A\/S unterzeichnen eine Geheimhaltungsvereinbarung (NDA), um sicherzustellen, dass Ihre Daten vertraulich bleiben. Die Vereinbarung garantiert, dass Ihre Daten ohne Ihre ausdr\u00fcckliche Zustimmung nicht an Tele-Mark A\/S oder Dritte weitergegeben werden und dass alle notwendigen Vorkehrungen getroffen werden, um die Daten vor unbefugtem Zugriff zu sch\u00fctzen.<\/p><h3>Kontaktieren Sie uns:<\/h3><p>Telefon:<a href=\"tel:+45 70 23 72 38\" aria-label=\"Telefon nummer\">+45 70 23 72 38<\/a> E-Mail:<a href=\"mailto:info@tele-mark.dk\" aria-label=\"Email adresse\">info@tele-mark.dk<\/a> Verus \u2013 weil eine effektive Meetingbuchung mit dem richtigen System beginnt.<\/p>\t\t\t\t\t\t\t\t<\/div>\n\t\t\t\t<\/div>\n\t\t\t\t<div class=\"elementor-element elementor-element-3ca7915 elementor-widget elementor-widget-image\" data-id=\"3ca7915\" data-element_type=\"widget\" data-widget_type=\"image.default\">\n\t\t\t\t<div class=\"elementor-widget-container\">\n\t\t\t\t\t\t\t\t\t\t\t\t\t\t\t<img decoding=\"async\" width=\"300\" height=\"105\" src=\"https:\/\/tele-mark.dk\/wp-content\/uploads\/2025\/08\/verus-logo-300x105-1.png\" class=\"attachment-large size-large wp-image-10624\" alt=\"\" \/>\t\t\t\t\t\t\t\t\t\t\t\t\t\t\t<\/div>\n\t\t\t\t<\/div>\n\t\t\t\t<\/div>\n\t\t\t\t\t<\/div>\n\t\t\t\t<\/div>\n\t\t<div class=\"elementor-element elementor-element-56a98b3 light e-flex e-con-boxed e-con e-parent\" data-id=\"56a98b3\" data-element_type=\"container\">\n\t\t\t\t\t<div class=\"e-con-inner\">\n\t\t<div class=\"elementor-element elementor-element-a9d5ef2 e-con-full e-flex e-con e-child\" data-id=\"a9d5ef2\" data-element_type=\"container\">\n\t\t\t\t<div class=\"elementor-element elementor-element-9917f8c elementor-widget elementor-widget-video\" data-id=\"9917f8c\" data-element_type=\"widget\" data-settings=\"{&quot;video_type&quot;:&quot;hosted&quot;,&quot;controls&quot;:&quot;yes&quot;}\" data-widget_type=\"video.default\">\n\t\t\t\t<div class=\"elementor-widget-container\">\n\t\t\t\t\t\t\t<div class=\"e-hosted-video elementor-wrapper elementor-open-inline\">\n\t\t\t\t\t<video class=\"elementor-video\" src=\"https:\/\/gostmediaserviceprod.blob.core.windows.net\/asset-e072318d-0f77-413d-b35b-8daad8fbc580\/Britt_final_1920x1080_4700k_1920x1080_6000k.mp4\" controls=\"\" preload=\"metadata\" controlsList=\"nodownload\"><\/video>\n\t\t\t\t<\/div>\n\t\t\t\t\t\t<\/div>\n\t\t\t\t<\/div>\n\t\t\t\t<\/div>\n\t\t\t\t\t<\/div>\n\t\t\t\t<\/div>\n\t\t<div class=\"elementor-element elementor-element-12972f2 e-con-full e-flex e-con e-parent\" data-id=\"12972f2\" data-element_type=\"container\">\n\t\t\t\t<div class=\"elementor-element elementor-element-bc38750 elementor-widget elementor-widget-template\" data-id=\"bc38750\" data-element_type=\"widget\" data-widget_type=\"template.default\">\n\t\t\t\t<div class=\"elementor-widget-container\">\n\t\t\t\t\t\t\t<div class=\"elementor-template\">\n\t\t\t\t\t<div data-elementor-type=\"container\" data-elementor-id=\"9854\" class=\"elementor elementor-9854\" data-elementor-post-type=\"elementor_library\">\n\t\t\t\t<div class=\"elementor-element elementor-element-3a5d0ade e-con-full no-padding e-flex e-con e-parent\" data-id=\"3a5d0ade\" data-element_type=\"container\">\n\t\t\t\t<div class=\"elementor-element elementor-element-7af60ea3 elementor-widget elementor-widget-template\" data-id=\"7af60ea3\" data-element_type=\"widget\" data-widget_type=\"template.default\">\n\t\t\t\t<div class=\"elementor-widget-container\">\n\t\t\t\t\t\t\t<div class=\"elementor-template\">\n\t\t\t\t\t<div data-elementor-type=\"container\" data-elementor-id=\"11014\" class=\"elementor elementor-11014 elementor-9860\" data-elementor-post-type=\"elementor_library\">\n\t\t\t\t<div class=\"elementor-element elementor-element-16e773e8 cta-footer e-flex e-con-boxed e-con e-parent\" data-id=\"16e773e8\" data-element_type=\"container\" data-settings=\"{&quot;background_background&quot;:&quot;classic&quot;}\">\n\t\t\t\t\t<div class=\"e-con-inner\">\n\t\t<div class=\"elementor-element elementor-element-13212c55 e-con-full e-flex e-con e-child\" data-id=\"13212c55\" data-element_type=\"container\">\n\t\t<div class=\"elementor-element elementor-element-66550028 e-con-full padding e-flex e-con e-child\" data-id=\"66550028\" data-element_type=\"container\" data-settings=\"{&quot;background_background&quot;:&quot;classic&quot;}\">\n\t\t\t\t<div class=\"elementor-element elementor-element-5bb0e9dd white elementor-widget elementor-widget-heading\" data-id=\"5bb0e9dd\" data-element_type=\"widget\" data-widget_type=\"heading.default\">\n\t\t\t\t<div class=\"elementor-widget-container\">\n\t\t\t\t\t<h3 class=\"elementor-heading-title elementor-size-default\">Folgen Sie uns auf unseren sozialen Medien<\/h3>\t\t\t\t<\/div>\n\t\t\t\t<\/div>\n\t\t\t\t<div class=\"elementor-element elementor-element-266aa9b8 some elementor-widget elementor-widget-html\" data-id=\"266aa9b8\" data-element_type=\"widget\" data-widget_type=\"html.default\">\n\t\t\t\t<div class=\"elementor-widget-container\">\n\t\t\t\t\t<a href=\"https:\/\/www.facebook.com\/100027965816908\/\" target=\"_blank\" aria-label=\"F\u00f8lg os p\u00e5 Facebook\"><i class=\"fa-brands fa-facebook-f\"><\/i><\/a>\n<a href=\"https:\/\/www.linkedin.com\/company\/tele-mark-as\/\" target=\"_blank\" aria-label=\"F\u00f8lg os p\u00e5 LinkedIn\"><i class=\"fa-brands fa-linkedin-in\"><\/i><\/a>\n<a href=\"https:\/\/www.youtube.com\/channel\/UCOCM8pxrJsN78l_hIH7j7Uw\" target=\"_blank\" aria-label=\"Youtube\">\n<i class=\"fa-brands fa-youtube\"><\/i>\n<\/a>\t\t\t\t<\/div>\n\t\t\t\t<\/div>\n\t\t\t\t<\/div>\n\t\t\t\t<\/div>\n\t\t\t\t\t<\/div>\n\t\t\t\t<\/div>\n\t\t\t\t<\/div>\n\t\t\t\t<\/div>\n\t\t\t\t\t\t<\/div>\n\t\t\t\t<\/div>\n\t\t\t\t<\/div>\n\t\t\t\t<\/div>\n\t\t\t\t<\/div>\n\t\t\t\t\t\t<\/div>\n\t\t\t\t<\/div>\n\t\t\t\t<\/div>\n\t\t\t\t<\/div>\n\t\t","protected":false},"excerpt":{"rendered":"<p>Verus \u2013 Die ultimative Softwarel\u00f6sung f\u00fcr effiziente Meetingbuchungen. Ein System, das auf Erfahrung und Innovation basiert. Von PhonePilot zu Verus \u2013 Eine Reise zur ultimativen L\u00f6sung zur Meetingbuchung Im Jahr 2003 wandten sich drei junge Informatikstudenten an Tele-Mark mit dem Wunsch, eine digitale L\u00f6sung zu entwickeln, mit der alle kritischen Prozesse im Unternehmen abgewickelt werden &#8230; <a title=\"Unsere Software\" class=\"read-more\" href=\"https:\/\/tele-mark.dk\/de\/unsere-software\/\" aria-label=\"Mehr Informationen \u00fcber Unsere Software\">Weiterlesen &#8230;<\/a><\/p>\n","protected":false},"author":5,"featured_media":0,"parent":0,"menu_order":1004,"comment_status":"closed","ping_status":"closed","template":"","meta":{"_acf_changed":false,"footnotes":""},"categories":[],"class_list":["post-10910","page","type-page","status-publish"],"acf":[],"yoast_head":"<!-- This site is optimized with the Yoast SEO plugin v26.8 - https:\/\/yoast.com\/product\/yoast-seo-wordpress\/ -->\n<title>Unsere Software | Tele-Mark A\/S<\/title>\n<meta name=\"robots\" content=\"index, follow, max-snippet:-1, max-image-preview:large, max-video-preview:-1\" \/>\n<link rel=\"canonical\" href=\"https:\/\/tele-mark.dk\/de\/unsere-software\/\" \/>\n<meta property=\"og:locale\" content=\"de_DE\" \/>\n<meta property=\"og:type\" content=\"article\" \/>\n<meta property=\"og:title\" content=\"Unsere Software | Tele-Mark A\/S\" \/>\n<meta property=\"og:description\" content=\"Verus \u2013 Die ultimative Softwarel\u00f6sung f\u00fcr effiziente Meetingbuchungen. Ein System, das auf Erfahrung und Innovation basiert. Von PhonePilot zu Verus \u2013 Eine Reise zur ultimativen L\u00f6sung zur Meetingbuchung Im Jahr 2003 wandten sich drei junge Informatikstudenten an Tele-Mark mit dem Wunsch, eine digitale L\u00f6sung zu entwickeln, mit der alle kritischen Prozesse im Unternehmen abgewickelt werden ... Weiterlesen ...\" \/>\n<meta property=\"og:url\" content=\"https:\/\/tele-mark.dk\/de\/unsere-software\/\" \/>\n<meta property=\"og:site_name\" content=\"Tele-Mark A\/S\" \/>\n<meta property=\"article:modified_time\" content=\"2025-09-26T04:57:31+00:00\" \/>\n<meta property=\"og:image\" content=\"https:\/\/tele-mark.dk\/wp-content\/uploads\/2025\/08\/verus-logo-300x105-1.png\" \/>\n\t<meta property=\"og:image:width\" content=\"300\" \/>\n\t<meta property=\"og:image:height\" content=\"105\" \/>\n\t<meta property=\"og:image:type\" content=\"image\/png\" \/>\n<meta name=\"twitter:card\" content=\"summary_large_image\" \/>\n<meta name=\"twitter:label1\" content=\"Gesch\u00e4tzte Lesezeit\" \/>\n\t<meta name=\"twitter:data1\" content=\"4\u00a0Minuten\" \/>\n<script type=\"application\/ld+json\" class=\"yoast-schema-graph\">{\"@context\":\"https:\/\/schema.org\",\"@graph\":[{\"@type\":\"WebPage\",\"@id\":\"https:\/\/tele-mark.dk\/de\/unsere-software\/\",\"url\":\"https:\/\/tele-mark.dk\/de\/unsere-software\/\",\"name\":\"Unsere Software | Tele-Mark A\/S\",\"isPartOf\":{\"@id\":\"https:\/\/tele-mark.dk\/#website\"},\"primaryImageOfPage\":{\"@id\":\"https:\/\/tele-mark.dk\/de\/unsere-software\/#primaryimage\"},\"image\":{\"@id\":\"https:\/\/tele-mark.dk\/de\/unsere-software\/#primaryimage\"},\"thumbnailUrl\":\"https:\/\/tele-mark.dk\/wp-content\/uploads\/2025\/08\/verus-logo-300x105-1.png\",\"datePublished\":\"2025-03-25T11:56:27+00:00\",\"dateModified\":\"2025-09-26T04:57:31+00:00\",\"breadcrumb\":{\"@id\":\"https:\/\/tele-mark.dk\/de\/unsere-software\/#breadcrumb\"},\"inLanguage\":\"de\",\"potentialAction\":[{\"@type\":\"ReadAction\",\"target\":[\"https:\/\/tele-mark.dk\/de\/unsere-software\/\"]}]},{\"@type\":\"ImageObject\",\"inLanguage\":\"de\",\"@id\":\"https:\/\/tele-mark.dk\/de\/unsere-software\/#primaryimage\",\"url\":\"https:\/\/tele-mark.dk\/wp-content\/uploads\/2025\/08\/verus-logo-300x105-1.png\",\"contentUrl\":\"https:\/\/tele-mark.dk\/wp-content\/uploads\/2025\/08\/verus-logo-300x105-1.png\"},{\"@type\":\"BreadcrumbList\",\"@id\":\"https:\/\/tele-mark.dk\/de\/unsere-software\/#breadcrumb\",\"itemListElement\":[{\"@type\":\"ListItem\",\"position\":1,\"name\":\"Forside\",\"item\":\"https:\/\/tele-mark.dk\/de\/?page_id=10844\"},{\"@type\":\"ListItem\",\"position\":2,\"name\":\"Unsere Software\"}]},{\"@type\":\"WebSite\",\"@id\":\"https:\/\/tele-mark.dk\/#website\",\"url\":\"https:\/\/tele-mark.dk\/\",\"name\":\"Tele-Mark A\/S\",\"description\":\"Telemarketing-Agentur f\u00fcr D\u00e4nemark, die nordischen L\u00e4nder, Europa und die ganze Welt\",\"publisher\":{\"@id\":\"https:\/\/tele-mark.dk\/#organization\"},\"potentialAction\":[{\"@type\":\"SearchAction\",\"target\":{\"@type\":\"EntryPoint\",\"urlTemplate\":\"https:\/\/tele-mark.dk\/?s={search_term_string}\"},\"query-input\":{\"@type\":\"PropertyValueSpecification\",\"valueRequired\":true,\"valueName\":\"search_term_string\"}}],\"inLanguage\":\"de\"},{\"@type\":\"Organization\",\"@id\":\"https:\/\/tele-mark.dk\/#organization\",\"name\":\"Tele-Mark A\/S\",\"url\":\"https:\/\/tele-mark.dk\/\",\"logo\":{\"@type\":\"ImageObject\",\"inLanguage\":\"de\",\"@id\":\"https:\/\/tele-mark.dk\/#\/schema\/logo\/image\/\",\"url\":\"https:\/\/tele-mark.dk\/wp-content\/uploads\/2025\/03\/Nyt-logo.svg\",\"contentUrl\":\"https:\/\/tele-mark.dk\/wp-content\/uploads\/2025\/03\/Nyt-logo.svg\",\"width\":433,\"height\":161,\"caption\":\"Tele-Mark A\/S\"},\"image\":{\"@id\":\"https:\/\/tele-mark.dk\/#\/schema\/logo\/image\/\"}}]}<\/script>\n<!-- \/ Yoast SEO plugin. -->","yoast_head_json":{"title":"Unsere Software | Tele-Mark A\/S","robots":{"index":"index","follow":"follow","max-snippet":"max-snippet:-1","max-image-preview":"max-image-preview:large","max-video-preview":"max-video-preview:-1"},"canonical":"https:\/\/tele-mark.dk\/de\/unsere-software\/","og_locale":"de_DE","og_type":"article","og_title":"Unsere Software | Tele-Mark A\/S","og_description":"Verus \u2013 Die ultimative Softwarel\u00f6sung f\u00fcr effiziente Meetingbuchungen. Ein System, das auf Erfahrung und Innovation basiert. Von PhonePilot zu Verus \u2013 Eine Reise zur ultimativen L\u00f6sung zur Meetingbuchung Im Jahr 2003 wandten sich drei junge Informatikstudenten an Tele-Mark mit dem Wunsch, eine digitale L\u00f6sung zu entwickeln, mit der alle kritischen Prozesse im Unternehmen abgewickelt werden ... Weiterlesen ...","og_url":"https:\/\/tele-mark.dk\/de\/unsere-software\/","og_site_name":"Tele-Mark A\/S","article_modified_time":"2025-09-26T04:57:31+00:00","og_image":[{"width":300,"height":105,"url":"https:\/\/tele-mark.dk\/wp-content\/uploads\/2025\/08\/verus-logo-300x105-1.png","type":"image\/png"}],"twitter_card":"summary_large_image","twitter_misc":{"Gesch\u00e4tzte Lesezeit":"4\u00a0Minuten"},"schema":{"@context":"https:\/\/schema.org","@graph":[{"@type":"WebPage","@id":"https:\/\/tele-mark.dk\/de\/unsere-software\/","url":"https:\/\/tele-mark.dk\/de\/unsere-software\/","name":"Unsere Software | Tele-Mark A\/S","isPartOf":{"@id":"https:\/\/tele-mark.dk\/#website"},"primaryImageOfPage":{"@id":"https:\/\/tele-mark.dk\/de\/unsere-software\/#primaryimage"},"image":{"@id":"https:\/\/tele-mark.dk\/de\/unsere-software\/#primaryimage"},"thumbnailUrl":"https:\/\/tele-mark.dk\/wp-content\/uploads\/2025\/08\/verus-logo-300x105-1.png","datePublished":"2025-03-25T11:56:27+00:00","dateModified":"2025-09-26T04:57:31+00:00","breadcrumb":{"@id":"https:\/\/tele-mark.dk\/de\/unsere-software\/#breadcrumb"},"inLanguage":"de","potentialAction":[{"@type":"ReadAction","target":["https:\/\/tele-mark.dk\/de\/unsere-software\/"]}]},{"@type":"ImageObject","inLanguage":"de","@id":"https:\/\/tele-mark.dk\/de\/unsere-software\/#primaryimage","url":"https:\/\/tele-mark.dk\/wp-content\/uploads\/2025\/08\/verus-logo-300x105-1.png","contentUrl":"https:\/\/tele-mark.dk\/wp-content\/uploads\/2025\/08\/verus-logo-300x105-1.png"},{"@type":"BreadcrumbList","@id":"https:\/\/tele-mark.dk\/de\/unsere-software\/#breadcrumb","itemListElement":[{"@type":"ListItem","position":1,"name":"Forside","item":"https:\/\/tele-mark.dk\/de\/?page_id=10844"},{"@type":"ListItem","position":2,"name":"Unsere Software"}]},{"@type":"WebSite","@id":"https:\/\/tele-mark.dk\/#website","url":"https:\/\/tele-mark.dk\/","name":"Tele-Mark A\/S","description":"Telemarketing-Agentur f\u00fcr D\u00e4nemark, die nordischen L\u00e4nder, Europa und die ganze Welt","publisher":{"@id":"https:\/\/tele-mark.dk\/#organization"},"potentialAction":[{"@type":"SearchAction","target":{"@type":"EntryPoint","urlTemplate":"https:\/\/tele-mark.dk\/?s={search_term_string}"},"query-input":{"@type":"PropertyValueSpecification","valueRequired":true,"valueName":"search_term_string"}}],"inLanguage":"de"},{"@type":"Organization","@id":"https:\/\/tele-mark.dk\/#organization","name":"Tele-Mark A\/S","url":"https:\/\/tele-mark.dk\/","logo":{"@type":"ImageObject","inLanguage":"de","@id":"https:\/\/tele-mark.dk\/#\/schema\/logo\/image\/","url":"https:\/\/tele-mark.dk\/wp-content\/uploads\/2025\/03\/Nyt-logo.svg","contentUrl":"https:\/\/tele-mark.dk\/wp-content\/uploads\/2025\/03\/Nyt-logo.svg","width":433,"height":161,"caption":"Tele-Mark A\/S"},"image":{"@id":"https:\/\/tele-mark.dk\/#\/schema\/logo\/image\/"}}]}},"_links":{"self":[{"href":"https:\/\/tele-mark.dk\/de\/wp-json\/wp\/v2\/pages\/10910","targetHints":{"allow":["GET"]}}],"collection":[{"href":"https:\/\/tele-mark.dk\/de\/wp-json\/wp\/v2\/pages"}],"about":[{"href":"https:\/\/tele-mark.dk\/de\/wp-json\/wp\/v2\/types\/page"}],"author":[{"embeddable":true,"href":"https:\/\/tele-mark.dk\/de\/wp-json\/wp\/v2\/users\/5"}],"replies":[{"embeddable":true,"href":"https:\/\/tele-mark.dk\/de\/wp-json\/wp\/v2\/comments?post=10910"}],"version-history":[{"count":4,"href":"https:\/\/tele-mark.dk\/de\/wp-json\/wp\/v2\/pages\/10910\/revisions"}],"predecessor-version":[{"id":11179,"href":"https:\/\/tele-mark.dk\/de\/wp-json\/wp\/v2\/pages\/10910\/revisions\/11179"}],"wp:attachment":[{"href":"https:\/\/tele-mark.dk\/de\/wp-json\/wp\/v2\/media?parent=10910"}],"wp:term":[{"taxonomy":"category","embeddable":true,"href":"https:\/\/tele-mark.dk\/de\/wp-json\/wp\/v2\/categories?post=10910"}],"curies":[{"name":"wp","href":"https:\/\/api.w.org\/{rel}","templated":true}]}}