{"id":10880,"date":"2025-03-25T12:56:27","date_gmt":"2025-03-25T11:56:27","guid":{"rendered":"https:\/\/tele-mark.dk\/marktanalyse\/"},"modified":"2025-09-24T09:42:36","modified_gmt":"2025-09-24T07:42:36","slug":"marktanalyse","status":"publish","type":"page","link":"https:\/\/tele-mark.dk\/de\/marktanalyse\/","title":{"rendered":"Marktanalyse"},"content":{"rendered":"\t\t<div data-elementor-type=\"wp-page\" data-elementor-id=\"10880\" class=\"elementor elementor-10880 elementor-9403\" data-elementor-post-type=\"page\">\n\t\t\t\t<div class=\"elementor-element elementor-element-59c4bdd5 e-con-full e-flex e-con e-parent\" data-id=\"59c4bdd5\" data-element_type=\"container\">\n\t\t\t\t<div class=\"elementor-element elementor-element-2852c633 elementor-widget elementor-widget-template\" data-id=\"2852c633\" data-element_type=\"widget\" data-widget_type=\"template.default\">\n\t\t\t\t<div class=\"elementor-widget-container\">\n\t\t\t\t\t\t\t<div class=\"elementor-template\">\n\t\t\t\t\t<div data-elementor-type=\"container\" data-elementor-id=\"6563\" class=\"elementor elementor-6563\" data-elementor-post-type=\"elementor_library\">\n\t\t\t\t<div class=\"elementor-element elementor-element-6b499f1f e-con-full no-padding e-flex e-con e-parent\" data-id=\"6b499f1f\" data-element_type=\"container\">\n\t\t\t\t<div class=\"elementor-element elementor-element-1ecbb66 elementor-widget elementor-widget-template\" data-id=\"1ecbb66\" data-element_type=\"widget\" data-widget_type=\"template.default\">\n\t\t\t\t<div class=\"elementor-widget-container\">\n\t\t\t\t\t\t\t<div class=\"elementor-template\">\n\t\t\t\t\t<div data-elementor-type=\"container\" data-elementor-id=\"10099\" class=\"elementor elementor-10099\" data-elementor-post-type=\"elementor_library\">\n\t\t\t\t<div class=\"elementor-element elementor-element-45622206 white e-con-full e-flex e-con e-parent\" data-id=\"45622206\" data-element_type=\"container\" data-settings=\"{&quot;background_background&quot;:&quot;classic&quot;}\">\n\t\t\t\t<\/div>\n\t\t\t\t<\/div>\n\t\t\t\t<\/div>\n\t\t\t\t\t\t<\/div>\n\t\t\t\t<\/div>\n\t\t\t\t<\/div>\n\t\t\t\t<\/div>\n\t\t\t\t<\/div>\n\t\t\t\t\t\t<\/div>\n\t\t\t\t<\/div>\n\t\t\t\t<\/div>\n\t\t<div class=\"elementor-element elementor-element-dc124e light e-flex e-con-boxed e-con e-parent\" data-id=\"dc124e\" data-element_type=\"container\">\n\t\t\t\t\t<div class=\"e-con-inner\">\n\t\t<div class=\"elementor-element elementor-element-5c6f01b0 e-con-full e-flex e-con e-child\" data-id=\"5c6f01b0\" data-element_type=\"container\">\n\t\t\t\t<div class=\"elementor-element elementor-element-48e259f1 elementor-widget elementor-widget-heading\" data-id=\"48e259f1\" data-element_type=\"widget\" data-widget_type=\"heading.default\">\n\t\t\t\t<div class=\"elementor-widget-container\">\n\t\t\t\t\t<h1 class=\"elementor-heading-title elementor-size-default\">Marktanalyse<\/h1>\t\t\t\t<\/div>\n\t\t\t\t<\/div>\n\t\t\t\t<\/div>\n\t\t<div class=\"elementor-element elementor-element-5b1490a0 e-con-full e-flex e-con e-child\" data-id=\"5b1490a0\" data-element_type=\"container\">\n\t\t\t\t<div class=\"elementor-element elementor-element-330e7de3 elementor-widget elementor-widget-text-editor\" data-id=\"330e7de3\" data-element_type=\"widget\" data-widget_type=\"text-editor.default\">\n\t\t\t\t<div class=\"elementor-widget-container\">\n\t\t\t\t\t\t\t\t\t<p>Wichtige strategische Entscheidungen m\u00fcssen auf fundierter Basis getroffen werden. Dies gilt, wenn Sie die Zufriedenheit Ihrer Kunden sicherstellen, ein neues Produkt einf\u00fchren oder einen neuen Markt erschlie\u00dfen m\u00f6chten oder wenn Sie sich im Vergleich zu Ihren Wettbewerbern positionieren m\u00f6chten. <\/p>\t\t\t\t\t\t\t\t<\/div>\n\t\t\t\t<\/div>\n\t\t\t\t<\/div>\n\t\t\t\t\t<\/div>\n\t\t\t\t<\/div>\n\t\t<div class=\"elementor-element elementor-element-2ad21a03 e-flex e-con-boxed e-con e-parent\" data-id=\"2ad21a03\" data-element_type=\"container\">\n\t\t\t\t\t<div class=\"e-con-inner\">\n\t\t<div class=\"elementor-element elementor-element-40e3e4b3 e-con-full e-flex e-con e-child\" data-id=\"40e3e4b3\" data-element_type=\"container\">\n\t\t\t\t<div class=\"elementor-element elementor-element-6b0df583 elementor-widget elementor-widget-text-editor\" data-id=\"6b0df583\" data-element_type=\"widget\" data-widget_type=\"text-editor.default\">\n\t\t\t\t<div class=\"elementor-widget-container\">\n\t\t\t\t\t\t\t\t\t<h2>Tele-Mark A\/S sind Experten f\u00fcr Marktanalysen, die auf Ihre Bed\u00fcrfnisse zugeschnitten sind.<\/h2><h3>Zu den typischen Analyseaufgaben geh\u00f6ren:<\/h3><ul><li><strong>Kundenzufriedenheitsanalyse<\/strong> \u2013 vermeiden Sie pl\u00f6tzliches Kundenverschwinden, kennen Sie die Erwartungen Ihrer Kunden und bleiben Sie neuen Trends immer einen Schritt voraus.<\/li><li><strong>Bedarfsanalyse<\/strong> \u2013 Entdecken Sie das Potenzial eines neuen Produkts oder eines neuen Marktes, beziffern Sie Ihren realistischen Marktanteil und schaffen Sie eine gute Grundlage f\u00fcr die Verbreitung Ihrer Marketingaktivit\u00e4ten.<\/li><li><strong>Wettbewerbsanalyse<\/strong> \u2013 erhalten Sie Antworten darauf, warum sich Kunden f\u00fcr den Wettbewerber entscheiden und wie sie Sie im Vergleich zu Ihren Wettbewerbern bewerten.<\/li><li><strong>Verbraucheranalyse<\/strong> \u2013 nutzen Sie die Erfahrung von Tele-Mark mit fortlaufender Verbraucheranalyse auf dem europ\u00e4ischen Markt, um dokumentiertes Wissen \u00fcber das Verhalten und die Einstellungen der Verbraucher zu gewinnen.<\/li><li><strong>Leseranalyse<\/strong> \u2013 st\u00e4rken Sie Ihren Vertrieb an Werbetreibende mit dokumentiertem Wissen \u00fcber die Wirkung von Anzeigen sowie \u00fcber W\u00fcnsche und Verhalten der Leser.<\/li><\/ul>\t\t\t\t\t\t\t\t<\/div>\n\t\t\t\t<\/div>\n\t\t\t\t<\/div>\n\t\t<div class=\"elementor-element elementor-element-54315d80 e-con-full e-flex e-con e-child\" data-id=\"54315d80\" data-element_type=\"container\">\n\t\t\t\t<div class=\"elementor-element elementor-element-f306860 elementor-widget elementor-widget-text-editor\" data-id=\"f306860\" data-element_type=\"widget\" data-widget_type=\"text-editor.default\">\n\t\t\t\t<div class=\"elementor-widget-container\">\n\t\t\t\t\t\t\t\t\t<h3>Lokale und globale Marktanalysen \u2013 ma\u00dfgeschneidert f\u00fcr Ihre Bed\u00fcrfnisse<\/h3><p>Tele-Mark verf\u00fcgt \u00fcber mehr als 20 Jahre Erfahrung mit Marktanalysen in lokalen, nationalen und internationalen M\u00e4rkten \u2013 sowohl B2B als auch B2C. Unabh\u00e4ngig davon, wo sich Ihre aktuellen und potenziellen Kunden befinden, k\u00f6nnen wir Ihnen mit einer Marktanalyse Einblicke in deren Denkweise geben. <\/p><p>Tele-Mark bietet Ihnen eine Gesamtl\u00f6sung, bei der unsere Marktanalyseberater die Analyse planen, die relevanten Informationen beschaffen, diese verarbeiten und einen umfassenden Bericht liefern, den Sie einfach und effektiv in Ihrer strategischen Vertriebsarbeit nutzen k\u00f6nnen.<\/p><p>Wenn Sie die Analyse selbst durchf\u00fchren m\u00f6chten, kann Tele-Mark Ihr Partner bei der Datenerhebung sein. Auf diese Weise k\u00f6nnen unsere Marktanalysen an Ihre Bed\u00fcrfnisse und Ambitionen angepasst werden.<\/p>\t\t\t\t\t\t\t\t<\/div>\n\t\t\t\t<\/div>\n\t\t\t\t<\/div>\n\t\t\t\t\t<\/div>\n\t\t\t\t<\/div>\n\t\t<div class=\"elementor-element elementor-element-2e50da55 e-con-full e-flex e-con e-parent\" data-id=\"2e50da55\" data-element_type=\"container\">\n\t\t\t\t<div class=\"elementor-element elementor-element-4ce792c8 elementor-widget elementor-widget-template\" data-id=\"4ce792c8\" data-element_type=\"widget\" data-widget_type=\"template.default\">\n\t\t\t\t<div class=\"elementor-widget-container\">\n\t\t\t\t\t\t\t<div class=\"elementor-template\">\n\t\t\t\t\t<div data-elementor-type=\"container\" data-elementor-id=\"9854\" class=\"elementor elementor-9854\" data-elementor-post-type=\"elementor_library\">\n\t\t\t\t<div class=\"elementor-element elementor-element-3a5d0ade e-con-full no-padding e-flex e-con e-parent\" data-id=\"3a5d0ade\" data-element_type=\"container\">\n\t\t\t\t<div class=\"elementor-element elementor-element-7af60ea3 elementor-widget elementor-widget-template\" data-id=\"7af60ea3\" data-element_type=\"widget\" data-widget_type=\"template.default\">\n\t\t\t\t<div class=\"elementor-widget-container\">\n\t\t\t\t\t\t\t<div class=\"elementor-template\">\n\t\t\t\t\t<div data-elementor-type=\"container\" data-elementor-id=\"11014\" class=\"elementor elementor-11014 elementor-9860\" data-elementor-post-type=\"elementor_library\">\n\t\t\t\t<div class=\"elementor-element elementor-element-16e773e8 cta-footer e-flex e-con-boxed e-con e-parent\" data-id=\"16e773e8\" data-element_type=\"container\" data-settings=\"{&quot;background_background&quot;:&quot;classic&quot;}\">\n\t\t\t\t\t<div class=\"e-con-inner\">\n\t\t<div class=\"elementor-element elementor-element-13212c55 e-con-full e-flex e-con e-child\" data-id=\"13212c55\" data-element_type=\"container\">\n\t\t<div class=\"elementor-element elementor-element-66550028 e-con-full padding e-flex e-con e-child\" data-id=\"66550028\" data-element_type=\"container\" data-settings=\"{&quot;background_background&quot;:&quot;classic&quot;}\">\n\t\t\t\t<div class=\"elementor-element elementor-element-5bb0e9dd white elementor-widget elementor-widget-heading\" data-id=\"5bb0e9dd\" data-element_type=\"widget\" data-widget_type=\"heading.default\">\n\t\t\t\t<div class=\"elementor-widget-container\">\n\t\t\t\t\t<h3 class=\"elementor-heading-title elementor-size-default\">Folgen Sie uns auf unseren sozialen Medien<\/h3>\t\t\t\t<\/div>\n\t\t\t\t<\/div>\n\t\t\t\t<div class=\"elementor-element elementor-element-266aa9b8 some elementor-widget elementor-widget-html\" data-id=\"266aa9b8\" data-element_type=\"widget\" data-widget_type=\"html.default\">\n\t\t\t\t<div class=\"elementor-widget-container\">\n\t\t\t\t\t<a href=\"https:\/\/www.facebook.com\/100027965816908\/\" target=\"_blank\" aria-label=\"F\u00f8lg os p\u00e5 Facebook\"><i class=\"fa-brands fa-facebook-f\"><\/i><\/a>\n<a href=\"https:\/\/www.linkedin.com\/company\/tele-mark-as\/\" target=\"_blank\" aria-label=\"F\u00f8lg os p\u00e5 LinkedIn\"><i class=\"fa-brands fa-linkedin-in\"><\/i><\/a>\n<a href=\"https:\/\/www.youtube.com\/channel\/UCOCM8pxrJsN78l_hIH7j7Uw\" target=\"_blank\" aria-label=\"Youtube\">\n<i class=\"fa-brands fa-youtube\"><\/i>\n<\/a>\t\t\t\t<\/div>\n\t\t\t\t<\/div>\n\t\t\t\t<\/div>\n\t\t\t\t<\/div>\n\t\t\t\t\t<\/div>\n\t\t\t\t<\/div>\n\t\t\t\t<\/div>\n\t\t\t\t<\/div>\n\t\t\t\t\t\t<\/div>\n\t\t\t\t<\/div>\n\t\t\t\t<\/div>\n\t\t\t\t<\/div>\n\t\t\t\t<\/div>\n\t\t\t\t\t\t<\/div>\n\t\t\t\t<\/div>\n\t\t\t\t<\/div>\n\t\t\t\t<\/div>\n\t\t","protected":false},"excerpt":{"rendered":"<p>Marktanalyse Wichtige strategische Entscheidungen m\u00fcssen auf fundierter Basis getroffen werden. Dies gilt, wenn Sie die Zufriedenheit Ihrer Kunden sicherstellen, ein neues Produkt einf\u00fchren oder einen neuen Markt erschlie\u00dfen m\u00f6chten oder wenn Sie sich im Vergleich zu Ihren Wettbewerbern positionieren m\u00f6chten. Tele-Mark A\/S sind Experten f\u00fcr Marktanalysen, die auf Ihre Bed\u00fcrfnisse zugeschnitten sind. Zu den typischen &#8230; <a title=\"Marktanalyse\" class=\"read-more\" href=\"https:\/\/tele-mark.dk\/de\/marktanalyse\/\" aria-label=\"Mehr Informationen \u00fcber Marktanalyse\">Weiterlesen &#8230;<\/a><\/p>\n","protected":false},"author":5,"featured_media":0,"parent":0,"menu_order":1003,"comment_status":"closed","ping_status":"closed","template":"","meta":{"_acf_changed":false,"footnotes":""},"categories":[],"class_list":["post-10880","page","type-page","status-publish"],"acf":[],"yoast_head":"<!-- This site is optimized with the Yoast SEO plugin v26.8 - https:\/\/yoast.com\/product\/yoast-seo-wordpress\/ -->\n<title>Marktanalyse | Tele-Mark A\/S<\/title>\n<meta name=\"robots\" content=\"index, follow, max-snippet:-1, max-image-preview:large, max-video-preview:-1\" \/>\n<link rel=\"canonical\" href=\"https:\/\/tele-mark.dk\/de\/?page_id=10880\" \/>\n<meta property=\"og:locale\" content=\"de_DE\" \/>\n<meta property=\"og:type\" content=\"article\" \/>\n<meta property=\"og:title\" content=\"Marktanalyse | Tele-Mark A\/S\" \/>\n<meta property=\"og:description\" content=\"Marktanalyse Wichtige strategische Entscheidungen m\u00fcssen auf fundierter Basis getroffen werden. Dies gilt, wenn Sie die Zufriedenheit Ihrer Kunden sicherstellen, ein neues Produkt einf\u00fchren oder einen neuen Markt erschlie\u00dfen m\u00f6chten oder wenn Sie sich im Vergleich zu Ihren Wettbewerbern positionieren m\u00f6chten. Tele-Mark A\/S sind Experten f\u00fcr Marktanalysen, die auf Ihre Bed\u00fcrfnisse zugeschnitten sind. Zu den typischen ... Weiterlesen ...\" \/>\n<meta property=\"og:url\" content=\"https:\/\/tele-mark.dk\/de\/?page_id=10880\" \/>\n<meta property=\"og:site_name\" content=\"Tele-Mark A\/S\" \/>\n<meta property=\"article:modified_time\" content=\"2025-09-24T07:42:36+00:00\" \/>\n<meta name=\"twitter:card\" content=\"summary_large_image\" \/>\n<meta name=\"twitter:label1\" content=\"Gesch\u00e4tzte Lesezeit\" \/>\n\t<meta name=\"twitter:data1\" content=\"2\u00a0Minuten\" \/>\n<script type=\"application\/ld+json\" class=\"yoast-schema-graph\">{\"@context\":\"https:\/\/schema.org\",\"@graph\":[{\"@type\":\"WebPage\",\"@id\":\"https:\/\/tele-mark.dk\/de\/?page_id=10880\",\"url\":\"https:\/\/tele-mark.dk\/de\/?page_id=10880\",\"name\":\"Marktanalyse | Tele-Mark A\/S\",\"isPartOf\":{\"@id\":\"https:\/\/tele-mark.dk\/#website\"},\"datePublished\":\"2025-03-25T11:56:27+00:00\",\"dateModified\":\"2025-09-24T07:42:36+00:00\",\"breadcrumb\":{\"@id\":\"https:\/\/tele-mark.dk\/de\/?page_id=10880#breadcrumb\"},\"inLanguage\":\"de\",\"potentialAction\":[{\"@type\":\"ReadAction\",\"target\":[\"https:\/\/tele-mark.dk\/de\/?page_id=10880\"]}]},{\"@type\":\"BreadcrumbList\",\"@id\":\"https:\/\/tele-mark.dk\/de\/?page_id=10880#breadcrumb\",\"itemListElement\":[{\"@type\":\"ListItem\",\"position\":1,\"name\":\"Forside\",\"item\":\"https:\/\/tele-mark.dk\/de\/?page_id=10844\"},{\"@type\":\"ListItem\",\"position\":2,\"name\":\"Marktanalyse\"}]},{\"@type\":\"WebSite\",\"@id\":\"https:\/\/tele-mark.dk\/#website\",\"url\":\"https:\/\/tele-mark.dk\/\",\"name\":\"Tele-Mark A\/S\",\"description\":\"Telemarketing-Agentur f\u00fcr D\u00e4nemark, die nordischen L\u00e4nder, Europa und die ganze Welt\",\"publisher\":{\"@id\":\"https:\/\/tele-mark.dk\/#organization\"},\"potentialAction\":[{\"@type\":\"SearchAction\",\"target\":{\"@type\":\"EntryPoint\",\"urlTemplate\":\"https:\/\/tele-mark.dk\/?s={search_term_string}\"},\"query-input\":{\"@type\":\"PropertyValueSpecification\",\"valueRequired\":true,\"valueName\":\"search_term_string\"}}],\"inLanguage\":\"de\"},{\"@type\":\"Organization\",\"@id\":\"https:\/\/tele-mark.dk\/#organization\",\"name\":\"Tele-Mark A\/S\",\"url\":\"https:\/\/tele-mark.dk\/\",\"logo\":{\"@type\":\"ImageObject\",\"inLanguage\":\"de\",\"@id\":\"https:\/\/tele-mark.dk\/#\/schema\/logo\/image\/\",\"url\":\"https:\/\/tele-mark.dk\/wp-content\/uploads\/2025\/03\/Nyt-logo.svg\",\"contentUrl\":\"https:\/\/tele-mark.dk\/wp-content\/uploads\/2025\/03\/Nyt-logo.svg\",\"width\":433,\"height\":161,\"caption\":\"Tele-Mark A\/S\"},\"image\":{\"@id\":\"https:\/\/tele-mark.dk\/#\/schema\/logo\/image\/\"}}]}<\/script>\n<!-- \/ Yoast SEO plugin. -->","yoast_head_json":{"title":"Marktanalyse | Tele-Mark A\/S","robots":{"index":"index","follow":"follow","max-snippet":"max-snippet:-1","max-image-preview":"max-image-preview:large","max-video-preview":"max-video-preview:-1"},"canonical":"https:\/\/tele-mark.dk\/de\/?page_id=10880","og_locale":"de_DE","og_type":"article","og_title":"Marktanalyse | Tele-Mark A\/S","og_description":"Marktanalyse Wichtige strategische Entscheidungen m\u00fcssen auf fundierter Basis getroffen werden. Dies gilt, wenn Sie die Zufriedenheit Ihrer Kunden sicherstellen, ein neues Produkt einf\u00fchren oder einen neuen Markt erschlie\u00dfen m\u00f6chten oder wenn Sie sich im Vergleich zu Ihren Wettbewerbern positionieren m\u00f6chten. Tele-Mark A\/S sind Experten f\u00fcr Marktanalysen, die auf Ihre Bed\u00fcrfnisse zugeschnitten sind. Zu den typischen ... Weiterlesen ...","og_url":"https:\/\/tele-mark.dk\/de\/?page_id=10880","og_site_name":"Tele-Mark A\/S","article_modified_time":"2025-09-24T07:42:36+00:00","twitter_card":"summary_large_image","twitter_misc":{"Gesch\u00e4tzte Lesezeit":"2\u00a0Minuten"},"schema":{"@context":"https:\/\/schema.org","@graph":[{"@type":"WebPage","@id":"https:\/\/tele-mark.dk\/de\/?page_id=10880","url":"https:\/\/tele-mark.dk\/de\/?page_id=10880","name":"Marktanalyse | Tele-Mark A\/S","isPartOf":{"@id":"https:\/\/tele-mark.dk\/#website"},"datePublished":"2025-03-25T11:56:27+00:00","dateModified":"2025-09-24T07:42:36+00:00","breadcrumb":{"@id":"https:\/\/tele-mark.dk\/de\/?page_id=10880#breadcrumb"},"inLanguage":"de","potentialAction":[{"@type":"ReadAction","target":["https:\/\/tele-mark.dk\/de\/?page_id=10880"]}]},{"@type":"BreadcrumbList","@id":"https:\/\/tele-mark.dk\/de\/?page_id=10880#breadcrumb","itemListElement":[{"@type":"ListItem","position":1,"name":"Forside","item":"https:\/\/tele-mark.dk\/de\/?page_id=10844"},{"@type":"ListItem","position":2,"name":"Marktanalyse"}]},{"@type":"WebSite","@id":"https:\/\/tele-mark.dk\/#website","url":"https:\/\/tele-mark.dk\/","name":"Tele-Mark A\/S","description":"Telemarketing-Agentur f\u00fcr D\u00e4nemark, die nordischen L\u00e4nder, Europa und die ganze Welt","publisher":{"@id":"https:\/\/tele-mark.dk\/#organization"},"potentialAction":[{"@type":"SearchAction","target":{"@type":"EntryPoint","urlTemplate":"https:\/\/tele-mark.dk\/?s={search_term_string}"},"query-input":{"@type":"PropertyValueSpecification","valueRequired":true,"valueName":"search_term_string"}}],"inLanguage":"de"},{"@type":"Organization","@id":"https:\/\/tele-mark.dk\/#organization","name":"Tele-Mark A\/S","url":"https:\/\/tele-mark.dk\/","logo":{"@type":"ImageObject","inLanguage":"de","@id":"https:\/\/tele-mark.dk\/#\/schema\/logo\/image\/","url":"https:\/\/tele-mark.dk\/wp-content\/uploads\/2025\/03\/Nyt-logo.svg","contentUrl":"https:\/\/tele-mark.dk\/wp-content\/uploads\/2025\/03\/Nyt-logo.svg","width":433,"height":161,"caption":"Tele-Mark A\/S"},"image":{"@id":"https:\/\/tele-mark.dk\/#\/schema\/logo\/image\/"}}]}},"_links":{"self":[{"href":"https:\/\/tele-mark.dk\/de\/wp-json\/wp\/v2\/pages\/10880","targetHints":{"allow":["GET"]}}],"collection":[{"href":"https:\/\/tele-mark.dk\/de\/wp-json\/wp\/v2\/pages"}],"about":[{"href":"https:\/\/tele-mark.dk\/de\/wp-json\/wp\/v2\/types\/page"}],"author":[{"embeddable":true,"href":"https:\/\/tele-mark.dk\/de\/wp-json\/wp\/v2\/users\/5"}],"replies":[{"embeddable":true,"href":"https:\/\/tele-mark.dk\/de\/wp-json\/wp\/v2\/comments?post=10880"}],"version-history":[{"count":2,"href":"https:\/\/tele-mark.dk\/de\/wp-json\/wp\/v2\/pages\/10880\/revisions"}],"predecessor-version":[{"id":10887,"href":"https:\/\/tele-mark.dk\/de\/wp-json\/wp\/v2\/pages\/10880\/revisions\/10887"}],"wp:attachment":[{"href":"https:\/\/tele-mark.dk\/de\/wp-json\/wp\/v2\/media?parent=10880"}],"wp:term":[{"taxonomy":"category","embeddable":true,"href":"https:\/\/tele-mark.dk\/de\/wp-json\/wp\/v2\/categories?post=10880"}],"curies":[{"name":"wp","href":"https:\/\/api.w.org\/{rel}","templated":true}]}}