{"id":10750,"date":"2025-03-25T12:56:27","date_gmt":"2025-03-25T11:56:27","guid":{"rendered":"https:\/\/tele-mark.dk\/seminare-und-webinare\/"},"modified":"2025-09-24T09:42:36","modified_gmt":"2025-09-24T07:42:36","slug":"seminare-und-webinare","status":"publish","type":"page","link":"https:\/\/tele-mark.dk\/de\/telemarketing\/seminare-und-webinare\/","title":{"rendered":"Seminare und Webinare"},"content":{"rendered":"\t\t<div data-elementor-type=\"wp-page\" data-elementor-id=\"10750\" class=\"elementor elementor-10750 elementor-9418\" data-elementor-post-type=\"page\">\n\t\t\t\t<div class=\"elementor-element elementor-element-2ab45d7f e-con-full e-flex e-con e-parent\" data-id=\"2ab45d7f\" data-element_type=\"container\">\n\t\t\t\t<div class=\"elementor-element elementor-element-3353c3bd elementor-widget elementor-widget-template\" data-id=\"3353c3bd\" data-element_type=\"widget\" data-widget_type=\"template.default\">\n\t\t\t\t<div class=\"elementor-widget-container\">\n\t\t\t\t\t\t\t<div class=\"elementor-template\">\n\t\t\t\t\t<div data-elementor-type=\"container\" data-elementor-id=\"6563\" class=\"elementor elementor-6563\" data-elementor-post-type=\"elementor_library\">\n\t\t\t\t<div class=\"elementor-element elementor-element-6b499f1f e-con-full no-padding e-flex e-con e-parent\" data-id=\"6b499f1f\" data-element_type=\"container\">\n\t\t\t\t<div class=\"elementor-element elementor-element-1ecbb66 elementor-widget elementor-widget-template\" data-id=\"1ecbb66\" data-element_type=\"widget\" data-widget_type=\"template.default\">\n\t\t\t\t<div class=\"elementor-widget-container\">\n\t\t\t\t\t\t\t<div class=\"elementor-template\">\n\t\t\t\t\t<div data-elementor-type=\"container\" data-elementor-id=\"10099\" class=\"elementor elementor-10099\" data-elementor-post-type=\"elementor_library\">\n\t\t\t\t<div class=\"elementor-element elementor-element-45622206 white e-con-full e-flex e-con e-parent\" data-id=\"45622206\" data-element_type=\"container\" data-settings=\"{&quot;background_background&quot;:&quot;classic&quot;}\">\n\t\t\t\t<\/div>\n\t\t\t\t<\/div>\n\t\t\t\t<\/div>\n\t\t\t\t\t\t<\/div>\n\t\t\t\t<\/div>\n\t\t\t\t<\/div>\n\t\t\t\t<\/div>\n\t\t\t\t<\/div>\n\t\t\t\t\t\t<\/div>\n\t\t\t\t<\/div>\n\t\t\t\t<\/div>\n\t\t<div class=\"elementor-element elementor-element-129f5c11 light e-flex e-con-boxed e-con e-parent\" data-id=\"129f5c11\" data-element_type=\"container\">\n\t\t\t\t\t<div class=\"e-con-inner\">\n\t\t<div class=\"elementor-element elementor-element-4cdc1d05 e-con-full e-flex e-con e-child\" data-id=\"4cdc1d05\" data-element_type=\"container\">\n\t\t\t\t<div class=\"elementor-element elementor-element-3ffef762 elementor-widget elementor-widget-heading\" data-id=\"3ffef762\" data-element_type=\"widget\" data-widget_type=\"heading.default\">\n\t\t\t\t<div class=\"elementor-widget-container\">\n\t\t\t\t\t<h1 class=\"elementor-heading-title elementor-size-default\">Seminar- und Webinar-Anmeldung<\/h1>\t\t\t\t<\/div>\n\t\t\t\t<\/div>\n\t\t\t\t<\/div>\n\t\t\t\t\t<\/div>\n\t\t\t\t<\/div>\n\t\t<div class=\"elementor-element elementor-element-ad073ec e-flex e-con-boxed e-con e-parent\" data-id=\"ad073ec\" data-element_type=\"container\">\n\t\t\t\t\t<div class=\"e-con-inner\">\n\t\t<div class=\"elementor-element elementor-element-2f4fd513 e-con-full e-flex e-con e-child\" data-id=\"2f4fd513\" data-element_type=\"container\">\n\t\t\t\t<div class=\"elementor-element elementor-element-1e033a80 elementor-widget elementor-widget-text-editor\" data-id=\"1e033a80\" data-element_type=\"widget\" data-widget_type=\"text-editor.default\">\n\t\t\t\t<div class=\"elementor-widget-container\">\n\t\t\t\t\t\t\t\t\t<h2>Mehr Anmeldungen f\u00fcr Ihr Seminar durch gezieltes Telemarketing<\/h2><p>Wer Kundenn\u00e4he erreichen m\u00f6chte, f\u00fcr den ist die Einladung zu einem Seminar, Webinar, einer Messe oder einer Firmenveranstaltung ein wichtiger Teil der Vertriebsstrategie. Allerdings ist dies oft eine teure und zeitaufw\u00e4ndige Angelegenheit und daher ist es fatal, wenn Sie nur wenige Anmeldungen f\u00fcr Ihr Seminar erhalten.<\/p><p>Tele-Mark steht Ihnen mit Rat und Tat zur Seite, wenn\u2026<\/p><ul><li>Sie ben\u00f6tigen Unterst\u00fctzung bei der Seminarplanung<\/li><li>Sie vermissen das Sparring bei der Gestaltung der Einladungen zum Seminar<\/li><li>Sie m\u00f6chten sicher sein, dass Sie gen\u00fcgend Seminaranmeldungen erhalten, damit Sie nicht absagen m\u00fcssen.<\/li><\/ul><p>Wir organisieren eine Telemarketing-Kampagne, die Ihre Einladungen nachverfolgt und daf\u00fcr sorgt, dass sich m\u00f6glichst viele Personen anmelden.<\/p><p>Tele-Mark steht t\u00e4glich im Kontakt mit dem Markt und sammelt in unseren Branchenteams kontinuierlich Wissen. Daher kennen wir Ihren Markt und k\u00f6nnen uns schnell in Ihre Produkte und Dienstleistungen einarbeiten.<\/p><p>Anruf starten<a href=\"tel:+45 70 23 72 38\" aria-label=\"Telefon nummer\">+45 70 23 72 38<\/a> \u2013 Fragen Sie nach <a href=\"https:\/\/tele-mark.dk\/kontakt\/\">Mads Elefsen Kudsk<\/a> .<\/p>\t\t\t\t\t\t\t\t<\/div>\n\t\t\t\t<\/div>\n\t\t\t\t<\/div>\n\t\t\t\t\t<\/div>\n\t\t\t\t<\/div>\n\t\t<div class=\"elementor-element elementor-element-f2e5c4f light e-flex e-con-boxed e-con e-parent\" data-id=\"f2e5c4f\" data-element_type=\"container\">\n\t\t\t\t\t<div class=\"e-con-inner\">\n\t\t<div class=\"elementor-element elementor-element-21538f0 e-con-full e-flex e-con e-child\" data-id=\"21538f0\" data-element_type=\"container\">\n\t\t\t\t<div class=\"elementor-element elementor-element-904cfa9 elementor-widget elementor-widget-video\" data-id=\"904cfa9\" data-element_type=\"widget\" data-settings=\"{&quot;youtube_url&quot;:&quot;https:\\\/\\\/www.youtube.com\\\/watch?v=XHOmBV4js_E&quot;,&quot;video_type&quot;:&quot;youtube&quot;,&quot;controls&quot;:&quot;yes&quot;}\" data-widget_type=\"video.default\">\n\t\t\t\t<div class=\"elementor-widget-container\">\n\t\t\t\t\t\t\t<div class=\"elementor-wrapper elementor-open-inline\">\n\t\t\t<div class=\"elementor-video\"><\/div>\t\t<\/div>\n\t\t\t\t\t\t<\/div>\n\t\t\t\t<\/div>\n\t\t\t\t<\/div>\n\t\t\t\t\t<\/div>\n\t\t\t\t<\/div>\n\t\t<div class=\"elementor-element elementor-element-34f0a788 e-con-full e-flex e-con e-parent\" data-id=\"34f0a788\" data-element_type=\"container\">\n\t\t\t\t<div class=\"elementor-element elementor-element-12a3e14e elementor-widget elementor-widget-template\" data-id=\"12a3e14e\" data-element_type=\"widget\" data-widget_type=\"template.default\">\n\t\t\t\t<div class=\"elementor-widget-container\">\n\t\t\t\t\t\t\t<div class=\"elementor-template\">\n\t\t\t\t\t<div data-elementor-type=\"container\" data-elementor-id=\"9854\" class=\"elementor elementor-9854\" data-elementor-post-type=\"elementor_library\">\n\t\t\t\t<div class=\"elementor-element elementor-element-3a5d0ade e-con-full no-padding e-flex e-con e-parent\" data-id=\"3a5d0ade\" data-element_type=\"container\">\n\t\t\t\t<div class=\"elementor-element elementor-element-7af60ea3 elementor-widget elementor-widget-template\" data-id=\"7af60ea3\" data-element_type=\"widget\" data-widget_type=\"template.default\">\n\t\t\t\t<div class=\"elementor-widget-container\">\n\t\t\t\t\t\t\t<div class=\"elementor-template\">\n\t\t\t\t\t<div data-elementor-type=\"container\" data-elementor-id=\"11014\" class=\"elementor elementor-11014 elementor-9860\" data-elementor-post-type=\"elementor_library\">\n\t\t\t\t<div class=\"elementor-element elementor-element-16e773e8 cta-footer e-flex e-con-boxed e-con e-parent\" data-id=\"16e773e8\" data-element_type=\"container\" data-settings=\"{&quot;background_background&quot;:&quot;classic&quot;}\">\n\t\t\t\t\t<div class=\"e-con-inner\">\n\t\t<div class=\"elementor-element elementor-element-13212c55 e-con-full e-flex e-con e-child\" data-id=\"13212c55\" data-element_type=\"container\">\n\t\t<div class=\"elementor-element elementor-element-66550028 e-con-full padding e-flex e-con e-child\" data-id=\"66550028\" data-element_type=\"container\" data-settings=\"{&quot;background_background&quot;:&quot;classic&quot;}\">\n\t\t\t\t<div class=\"elementor-element elementor-element-5bb0e9dd white elementor-widget elementor-widget-heading\" data-id=\"5bb0e9dd\" data-element_type=\"widget\" data-widget_type=\"heading.default\">\n\t\t\t\t<div class=\"elementor-widget-container\">\n\t\t\t\t\t<h3 class=\"elementor-heading-title elementor-size-default\">Folgen Sie uns auf unseren sozialen Medien<\/h3>\t\t\t\t<\/div>\n\t\t\t\t<\/div>\n\t\t\t\t<div class=\"elementor-element elementor-element-266aa9b8 some elementor-widget elementor-widget-html\" data-id=\"266aa9b8\" data-element_type=\"widget\" data-widget_type=\"html.default\">\n\t\t\t\t<div class=\"elementor-widget-container\">\n\t\t\t\t\t<a href=\"https:\/\/www.facebook.com\/100027965816908\/\" target=\"_blank\" aria-label=\"F\u00f8lg os p\u00e5 Facebook\"><i class=\"fa-brands fa-facebook-f\"><\/i><\/a>\n<a href=\"https:\/\/www.linkedin.com\/company\/tele-mark-as\/\" target=\"_blank\" aria-label=\"F\u00f8lg os p\u00e5 LinkedIn\"><i class=\"fa-brands fa-linkedin-in\"><\/i><\/a>\n<a href=\"https:\/\/www.youtube.com\/channel\/UCOCM8pxrJsN78l_hIH7j7Uw\" target=\"_blank\" aria-label=\"Youtube\">\n<i class=\"fa-brands fa-youtube\"><\/i>\n<\/a>\t\t\t\t<\/div>\n\t\t\t\t<\/div>\n\t\t\t\t<\/div>\n\t\t\t\t<\/div>\n\t\t\t\t\t<\/div>\n\t\t\t\t<\/div>\n\t\t\t\t<\/div>\n\t\t\t\t<\/div>\n\t\t\t\t\t\t<\/div>\n\t\t\t\t<\/div>\n\t\t\t\t<\/div>\n\t\t\t\t<\/div>\n\t\t\t\t<\/div>\n\t\t\t\t\t\t<\/div>\n\t\t\t\t<\/div>\n\t\t\t\t<\/div>\n\t\t\t\t<\/div>\n\t\t","protected":false},"excerpt":{"rendered":"<p>Seminar- und Webinar-Anmeldung Mehr Anmeldungen f\u00fcr Ihr Seminar durch gezieltes Telemarketing Wer Kundenn\u00e4he erreichen m\u00f6chte, f\u00fcr den ist die Einladung zu einem Seminar, Webinar, einer Messe oder einer Firmenveranstaltung ein wichtiger Teil der Vertriebsstrategie. Allerdings ist dies oft eine teure und zeitaufw\u00e4ndige Angelegenheit und daher ist es fatal, wenn Sie nur wenige Anmeldungen f\u00fcr Ihr &#8230; <a title=\"Seminare und Webinare\" class=\"read-more\" href=\"https:\/\/tele-mark.dk\/de\/telemarketing\/seminare-und-webinare\/\" aria-label=\"Mehr Informationen \u00fcber Seminare und Webinare\">Weiterlesen &#8230;<\/a><\/p>\n","protected":false},"author":5,"featured_media":0,"parent":10902,"menu_order":1018,"comment_status":"closed","ping_status":"closed","template":"","meta":{"_acf_changed":false,"footnotes":""},"categories":[],"class_list":["post-10750","page","type-page","status-publish"],"acf":[],"yoast_head":"<!-- This site is optimized with the Yoast SEO plugin v26.8 - https:\/\/yoast.com\/product\/yoast-seo-wordpress\/ -->\n<title>Seminare und Webinare | Tele-Mark A\/S<\/title>\n<meta name=\"robots\" content=\"index, follow, max-snippet:-1, max-image-preview:large, max-video-preview:-1\" \/>\n<link rel=\"canonical\" href=\"https:\/\/tele-mark.dk\/telemarketing\/seminar-og-webinar\/\" \/>\n<meta property=\"og:locale\" content=\"de_DE\" \/>\n<meta property=\"og:type\" content=\"article\" \/>\n<meta property=\"og:title\" content=\"Seminare und Webinare | Tele-Mark A\/S\" \/>\n<meta property=\"og:description\" content=\"Seminar- und Webinar-Anmeldung Mehr Anmeldungen f\u00fcr Ihr Seminar durch gezieltes Telemarketing Wer Kundenn\u00e4he erreichen m\u00f6chte, f\u00fcr den ist die Einladung zu einem Seminar, Webinar, einer Messe oder einer Firmenveranstaltung ein wichtiger Teil der Vertriebsstrategie. Allerdings ist dies oft eine teure und zeitaufw\u00e4ndige Angelegenheit und daher ist es fatal, wenn Sie nur wenige Anmeldungen f\u00fcr Ihr ... Weiterlesen ...\" \/>\n<meta property=\"og:url\" content=\"https:\/\/tele-mark.dk\/telemarketing\/seminar-og-webinar\/\" \/>\n<meta property=\"og:site_name\" content=\"Tele-Mark A\/S\" \/>\n<meta property=\"article:modified_time\" content=\"2025-09-24T07:42:36+00:00\" \/>\n<meta name=\"twitter:card\" content=\"summary_large_image\" \/>\n<meta name=\"twitter:label1\" content=\"Gesch\u00e4tzte Lesezeit\" \/>\n\t<meta name=\"twitter:data1\" content=\"1\u00a0Minute\" \/>\n<script type=\"application\/ld+json\" class=\"yoast-schema-graph\">{\"@context\":\"https:\/\/schema.org\",\"@graph\":[{\"@type\":\"WebPage\",\"@id\":\"https:\/\/tele-mark.dk\/telemarketing\/seminar-og-webinar\/\",\"url\":\"https:\/\/tele-mark.dk\/telemarketing\/seminar-og-webinar\/\",\"name\":\"Seminare und Webinare | Tele-Mark A\/S\",\"isPartOf\":{\"@id\":\"https:\/\/tele-mark.dk\/#website\"},\"datePublished\":\"2025-03-25T11:56:27+00:00\",\"dateModified\":\"2025-09-24T07:42:36+00:00\",\"breadcrumb\":{\"@id\":\"https:\/\/tele-mark.dk\/telemarketing\/seminar-og-webinar\/#breadcrumb\"},\"inLanguage\":\"de\",\"potentialAction\":[{\"@type\":\"ReadAction\",\"target\":[\"https:\/\/tele-mark.dk\/telemarketing\/seminar-og-webinar\/\"]}]},{\"@type\":\"BreadcrumbList\",\"@id\":\"https:\/\/tele-mark.dk\/telemarketing\/seminar-og-webinar\/#breadcrumb\",\"itemListElement\":[{\"@type\":\"ListItem\",\"position\":1,\"name\":\"Forside\",\"item\":\"https:\/\/tele-mark.dk\/de\/?page_id=10844\"},{\"@type\":\"ListItem\",\"position\":2,\"name\":\"Telemarketing\",\"item\":\"https:\/\/tele-mark.dk\/telemarketing\/\"},{\"@type\":\"ListItem\",\"position\":3,\"name\":\"Seminare und Webinare\"}]},{\"@type\":\"WebSite\",\"@id\":\"https:\/\/tele-mark.dk\/#website\",\"url\":\"https:\/\/tele-mark.dk\/\",\"name\":\"Tele-Mark A\/S\",\"description\":\"Telemarketing-Agentur f\u00fcr D\u00e4nemark, die nordischen L\u00e4nder, Europa und die ganze Welt\",\"publisher\":{\"@id\":\"https:\/\/tele-mark.dk\/#organization\"},\"potentialAction\":[{\"@type\":\"SearchAction\",\"target\":{\"@type\":\"EntryPoint\",\"urlTemplate\":\"https:\/\/tele-mark.dk\/?s={search_term_string}\"},\"query-input\":{\"@type\":\"PropertyValueSpecification\",\"valueRequired\":true,\"valueName\":\"search_term_string\"}}],\"inLanguage\":\"de\"},{\"@type\":\"Organization\",\"@id\":\"https:\/\/tele-mark.dk\/#organization\",\"name\":\"Tele-Mark A\/S\",\"url\":\"https:\/\/tele-mark.dk\/\",\"logo\":{\"@type\":\"ImageObject\",\"inLanguage\":\"de\",\"@id\":\"https:\/\/tele-mark.dk\/#\/schema\/logo\/image\/\",\"url\":\"https:\/\/tele-mark.dk\/wp-content\/uploads\/2025\/03\/Nyt-logo.svg\",\"contentUrl\":\"https:\/\/tele-mark.dk\/wp-content\/uploads\/2025\/03\/Nyt-logo.svg\",\"width\":433,\"height\":161,\"caption\":\"Tele-Mark A\/S\"},\"image\":{\"@id\":\"https:\/\/tele-mark.dk\/#\/schema\/logo\/image\/\"}}]}<\/script>\n<!-- \/ Yoast SEO plugin. -->","yoast_head_json":{"title":"Seminare und Webinare | Tele-Mark A\/S","robots":{"index":"index","follow":"follow","max-snippet":"max-snippet:-1","max-image-preview":"max-image-preview:large","max-video-preview":"max-video-preview:-1"},"canonical":"https:\/\/tele-mark.dk\/telemarketing\/seminar-og-webinar\/","og_locale":"de_DE","og_type":"article","og_title":"Seminare und Webinare | Tele-Mark A\/S","og_description":"Seminar- und Webinar-Anmeldung Mehr Anmeldungen f\u00fcr Ihr Seminar durch gezieltes Telemarketing Wer Kundenn\u00e4he erreichen m\u00f6chte, f\u00fcr den ist die Einladung zu einem Seminar, Webinar, einer Messe oder einer Firmenveranstaltung ein wichtiger Teil der Vertriebsstrategie. Allerdings ist dies oft eine teure und zeitaufw\u00e4ndige Angelegenheit und daher ist es fatal, wenn Sie nur wenige Anmeldungen f\u00fcr Ihr ... Weiterlesen ...","og_url":"https:\/\/tele-mark.dk\/telemarketing\/seminar-og-webinar\/","og_site_name":"Tele-Mark A\/S","article_modified_time":"2025-09-24T07:42:36+00:00","twitter_card":"summary_large_image","twitter_misc":{"Gesch\u00e4tzte Lesezeit":"1\u00a0Minute"},"schema":{"@context":"https:\/\/schema.org","@graph":[{"@type":"WebPage","@id":"https:\/\/tele-mark.dk\/telemarketing\/seminar-og-webinar\/","url":"https:\/\/tele-mark.dk\/telemarketing\/seminar-og-webinar\/","name":"Seminare und Webinare | Tele-Mark A\/S","isPartOf":{"@id":"https:\/\/tele-mark.dk\/#website"},"datePublished":"2025-03-25T11:56:27+00:00","dateModified":"2025-09-24T07:42:36+00:00","breadcrumb":{"@id":"https:\/\/tele-mark.dk\/telemarketing\/seminar-og-webinar\/#breadcrumb"},"inLanguage":"de","potentialAction":[{"@type":"ReadAction","target":["https:\/\/tele-mark.dk\/telemarketing\/seminar-og-webinar\/"]}]},{"@type":"BreadcrumbList","@id":"https:\/\/tele-mark.dk\/telemarketing\/seminar-og-webinar\/#breadcrumb","itemListElement":[{"@type":"ListItem","position":1,"name":"Forside","item":"https:\/\/tele-mark.dk\/de\/?page_id=10844"},{"@type":"ListItem","position":2,"name":"Telemarketing","item":"https:\/\/tele-mark.dk\/telemarketing\/"},{"@type":"ListItem","position":3,"name":"Seminare und Webinare"}]},{"@type":"WebSite","@id":"https:\/\/tele-mark.dk\/#website","url":"https:\/\/tele-mark.dk\/","name":"Tele-Mark A\/S","description":"Telemarketing-Agentur f\u00fcr D\u00e4nemark, die nordischen L\u00e4nder, Europa und die ganze Welt","publisher":{"@id":"https:\/\/tele-mark.dk\/#organization"},"potentialAction":[{"@type":"SearchAction","target":{"@type":"EntryPoint","urlTemplate":"https:\/\/tele-mark.dk\/?s={search_term_string}"},"query-input":{"@type":"PropertyValueSpecification","valueRequired":true,"valueName":"search_term_string"}}],"inLanguage":"de"},{"@type":"Organization","@id":"https:\/\/tele-mark.dk\/#organization","name":"Tele-Mark A\/S","url":"https:\/\/tele-mark.dk\/","logo":{"@type":"ImageObject","inLanguage":"de","@id":"https:\/\/tele-mark.dk\/#\/schema\/logo\/image\/","url":"https:\/\/tele-mark.dk\/wp-content\/uploads\/2025\/03\/Nyt-logo.svg","contentUrl":"https:\/\/tele-mark.dk\/wp-content\/uploads\/2025\/03\/Nyt-logo.svg","width":433,"height":161,"caption":"Tele-Mark A\/S"},"image":{"@id":"https:\/\/tele-mark.dk\/#\/schema\/logo\/image\/"}}]}},"_links":{"self":[{"href":"https:\/\/tele-mark.dk\/de\/wp-json\/wp\/v2\/pages\/10750","targetHints":{"allow":["GET"]}}],"collection":[{"href":"https:\/\/tele-mark.dk\/de\/wp-json\/wp\/v2\/pages"}],"about":[{"href":"https:\/\/tele-mark.dk\/de\/wp-json\/wp\/v2\/types\/page"}],"author":[{"embeddable":true,"href":"https:\/\/tele-mark.dk\/de\/wp-json\/wp\/v2\/users\/5"}],"replies":[{"embeddable":true,"href":"https:\/\/tele-mark.dk\/de\/wp-json\/wp\/v2\/comments?post=10750"}],"version-history":[{"count":4,"href":"https:\/\/tele-mark.dk\/de\/wp-json\/wp\/v2\/pages\/10750\/revisions"}],"predecessor-version":[{"id":10787,"href":"https:\/\/tele-mark.dk\/de\/wp-json\/wp\/v2\/pages\/10750\/revisions\/10787"}],"up":[{"embeddable":true,"href":"https:\/\/tele-mark.dk\/de\/wp-json\/wp\/v2\/pages\/10902"}],"wp:attachment":[{"href":"https:\/\/tele-mark.dk\/de\/wp-json\/wp\/v2\/media?parent=10750"}],"wp:term":[{"taxonomy":"category","embeddable":true,"href":"https:\/\/tele-mark.dk\/de\/wp-json\/wp\/v2\/categories?post=10750"}],"curies":[{"name":"wp","href":"https:\/\/api.w.org\/{rel}","templated":true}]}}