{"id":10740,"date":"2025-03-25T12:56:27","date_gmt":"2025-03-25T11:56:27","guid":{"rendered":"https:\/\/tele-mark.dk\/leadgenerierung\/"},"modified":"2025-09-24T10:54:51","modified_gmt":"2025-09-24T08:54:51","slug":"leadgenerierung","status":"publish","type":"page","link":"https:\/\/tele-mark.dk\/de\/telemarketing\/leadgenerierung\/","title":{"rendered":"Leadgenerierung"},"content":{"rendered":"\t\t<div data-elementor-type=\"wp-page\" data-elementor-id=\"10740\" class=\"elementor elementor-10740 elementor-9421\" data-elementor-post-type=\"page\">\n\t\t\t\t<div class=\"elementor-element elementor-element-6b535b5d e-con-full e-flex e-con e-parent\" data-id=\"6b535b5d\" data-element_type=\"container\">\n\t\t\t\t<div class=\"elementor-element elementor-element-26dedb4e elementor-widget elementor-widget-template\" data-id=\"26dedb4e\" data-element_type=\"widget\" data-widget_type=\"template.default\">\n\t\t\t\t<div class=\"elementor-widget-container\">\n\t\t\t\t\t\t\t<div class=\"elementor-template\">\n\t\t\t\t\t<div data-elementor-type=\"container\" data-elementor-id=\"6563\" class=\"elementor elementor-6563\" data-elementor-post-type=\"elementor_library\">\n\t\t\t\t<div class=\"elementor-element elementor-element-6b499f1f e-con-full no-padding e-flex e-con e-parent\" data-id=\"6b499f1f\" data-element_type=\"container\">\n\t\t\t\t<div class=\"elementor-element elementor-element-1ecbb66 elementor-widget elementor-widget-template\" data-id=\"1ecbb66\" data-element_type=\"widget\" data-widget_type=\"template.default\">\n\t\t\t\t<div class=\"elementor-widget-container\">\n\t\t\t\t\t\t\t<div class=\"elementor-template\">\n\t\t\t\t\t<div data-elementor-type=\"container\" data-elementor-id=\"10099\" class=\"elementor elementor-10099\" data-elementor-post-type=\"elementor_library\">\n\t\t\t\t<div class=\"elementor-element elementor-element-45622206 white e-con-full e-flex e-con e-parent\" data-id=\"45622206\" data-element_type=\"container\" data-settings=\"{&quot;background_background&quot;:&quot;classic&quot;}\">\n\t\t\t\t<\/div>\n\t\t\t\t<\/div>\n\t\t\t\t<\/div>\n\t\t\t\t\t\t<\/div>\n\t\t\t\t<\/div>\n\t\t\t\t<\/div>\n\t\t\t\t<\/div>\n\t\t\t\t<\/div>\n\t\t\t\t\t\t<\/div>\n\t\t\t\t<\/div>\n\t\t\t\t<\/div>\n\t\t<div class=\"elementor-element elementor-element-49626213 light e-flex e-con-boxed e-con e-parent\" data-id=\"49626213\" data-element_type=\"container\">\n\t\t\t\t\t<div class=\"e-con-inner\">\n\t\t<div class=\"elementor-element elementor-element-532c72bf e-con-full e-flex e-con e-child\" data-id=\"532c72bf\" data-element_type=\"container\">\n\t\t\t\t<div class=\"elementor-element elementor-element-308ba000 elementor-widget elementor-widget-heading\" data-id=\"308ba000\" data-element_type=\"widget\" data-widget_type=\"heading.default\">\n\t\t\t\t<div class=\"elementor-widget-container\">\n\t\t\t\t\t<h1 class=\"elementor-heading-title elementor-size-default\">Lead-Generierung<\/h1>\t\t\t\t<\/div>\n\t\t\t\t<\/div>\n\t\t\t\t<\/div>\n\t\t<div class=\"elementor-element elementor-element-5b8ed51c e-con-full e-flex e-con e-child\" data-id=\"5b8ed51c\" data-element_type=\"container\">\n\t\t\t\t<div class=\"elementor-element elementor-element-3cb782bb elementor-widget elementor-widget-text-editor\" data-id=\"3cb782bb\" data-element_type=\"widget\" data-widget_type=\"text-editor.default\">\n\t\t\t\t<div class=\"elementor-widget-container\">\n\t\t\t\t\t\t\t\t\t<p>Erhalten Sie mit der B2B-Leadgenerierung wertvolle Leads f\u00fcr Ihr Unternehmen<\/p>\t\t\t\t\t\t\t\t<\/div>\n\t\t\t\t<\/div>\n\t\t\t\t<\/div>\n\t\t\t\t\t<\/div>\n\t\t\t\t<\/div>\n\t\t<div class=\"elementor-element elementor-element-3c81342b e-flex e-con-boxed e-con e-parent\" data-id=\"3c81342b\" data-element_type=\"container\">\n\t\t\t\t\t<div class=\"e-con-inner\">\n\t\t<div class=\"elementor-element elementor-element-68dd6f4 e-con-full e-flex e-con e-child\" data-id=\"68dd6f4\" data-element_type=\"container\">\n\t\t\t\t<div class=\"elementor-element elementor-element-36458f78 elementor-widget elementor-widget-text-editor\" data-id=\"36458f78\" data-element_type=\"widget\" data-widget_type=\"text-editor.default\">\n\t\t\t\t<div class=\"elementor-widget-container\">\n\t\t\t\t\t\t\t\t\t<h2>Effektive BtB-Leadgenerierung<\/h2><p>Die BtB-Leadgenerierung ist ein Prozess, der unserem Kunden die gew\u00fcnschte Anzahl qualifizierter Leads pro Woche f\u00fcr die Vertriebsabteilung sichert. Wertvolle qualifizierte Leads sind genau der erste Schritt f\u00fcr effektive Terminvereinbarungen. Und letztendlich ist es entscheidend, um neue Kunden f\u00fcr das Unternehmen zu gewinnen.<\/p><p>Bei Tele-Mark A\/S haben wir viele gute Erfahrungen darin, Wachstum f\u00fcr Unternehmen aller Gr\u00f6\u00dfen und in nahezu allen Branchen zu schaffen. Basierend auf aktuellem Wissen und den neuesten Methoden und Technologien im Bereich Telemarketing generieren wir die besten Leads f\u00fcr Ihre Vertriebsabteilung.<\/p><p>Lassen Sie Tele-Mark A\/S Ihre BtB-Leadgenerierung \u00fcbernehmen, damit Sie:<\/p><ul><li>Die wertvollsten Leads f\u00fcr die Vertriebsabteilung Ihres Unternehmens erhalten.<\/li><li>Die Zeit und Anstrengungen der Vertriebsabteilung auf den eigentlichen Verkauf konzentrieren k\u00f6nnen.<\/li><\/ul><h3>Leadgenerierung speziell auf Ihre Branche abgestimmt<\/h3><p>Eine gr\u00fcndliche Vorarbeit macht den gesamten Unterschied bei einer erfolgreichen Leadgenerierung aus. Unsere Arbeit basiert auf fundiertem Wissen \u00fcber die M\u00e4rkte verschiedener Branchen und in enger Abstimmung mit Ihnen. Wir sammeln kontinuierlich neues n\u00fctzliches Wissen in unseren Branchenteams. Dies bedeutet, dass wir uns schnell in Ihre Dienstleistungen, Ihre Produkte und Ihren Markt einarbeiten k\u00f6nnen.<\/p>\t\t\t\t\t\t\t\t<\/div>\n\t\t\t\t<\/div>\n\t\t\t\t<\/div>\n\t\t<div class=\"elementor-element elementor-element-46894534 e-con-full e-flex e-con e-child\" data-id=\"46894534\" data-element_type=\"container\">\n\t\t\t\t<div class=\"elementor-element elementor-element-6b8ff57f elementor-widget elementor-widget-text-editor\" data-id=\"6b8ff57f\" data-element_type=\"widget\" data-widget_type=\"text-editor.default\">\n\t\t\t\t<div class=\"elementor-widget-container\">\n\t\t\t\t\t\t\t\t\t<h3>F\u00fchlen Sie sich mit Tele-Mark sicher<\/h3><p>Wir garantieren einen seri\u00f6sen und professionellen Ansatz bei der Generierung von Leads f\u00fcr alle unsere Kunden. Wir arbeiten mit gro\u00dfer Sorgfalt, sodass Sie sich als Kunde vollkommen sicher f\u00fchlen k\u00f6nnen, Tele-Mark nach au\u00dfen hin in der Zielgruppe zu pr\u00e4sentieren.<\/p><p>Beginnen Sie mit einem Anruf unter<a href=\"tel:+45 70 23 72 38\" aria-label=\"Telefon nummer\">+45 70 23 72 38<\/a> \u2013 fragen Sie nach Mads Elefsen Kudsk.<\/p><h3>\u00dcber 500 zufriedene Unternehmen<\/h3><p>Tele-Mark A\/S verf\u00fcgt auch \u00fcber langj\u00e4hrige Erfahrung in der Unterst\u00fctzung von Unternehmen. Wir bieten unter anderem Marktanalysen, Terminvereinbarungen und B2B-Kampagnenberatung an, und heute z\u00e4hlen \u00fcber 500 zufriedene Unternehmen zu unserer Kundenliste. Sehen Sie mehr auf unserer LinkedIn-Seite <a href=\"https:\/\/www.linkedin.com\/company\/tele-mark-as\" target=\"_blank\" rel=\"noopener\">hier.<\/a><\/p>\t\t\t\t\t\t\t\t<\/div>\n\t\t\t\t<\/div>\n\t\t\t\t<\/div>\n\t\t\t\t\t<\/div>\n\t\t\t\t<\/div>\n\t\t<div class=\"elementor-element elementor-element-c3faa43 light e-flex e-con-boxed e-con e-parent\" data-id=\"c3faa43\" data-element_type=\"container\">\n\t\t\t\t\t<div class=\"e-con-inner\">\n\t\t<div class=\"elementor-element elementor-element-d42323a e-con-full e-flex e-con e-child\" data-id=\"d42323a\" data-element_type=\"container\">\n\t\t\t\t<div class=\"elementor-element elementor-element-1a58c81 elementor-widget elementor-widget-video\" data-id=\"1a58c81\" data-element_type=\"widget\" data-settings=\"{&quot;video_type&quot;:&quot;hosted&quot;,&quot;controls&quot;:&quot;yes&quot;}\" data-widget_type=\"video.default\">\n\t\t\t\t<div class=\"elementor-widget-container\">\n\t\t\t\t\t\t\t<div class=\"e-hosted-video elementor-wrapper elementor-open-inline\">\n\t\t\t\t\t<video class=\"elementor-video\" src=\"https:\/\/gostmediaserviceprod.blob.core.windows.net\/asset-93363ac2-2d4d-4abb-8a2e-9f0c9701e745\/telemark_poul_master (1080p)_1920x1080_6000k.mp4\" controls=\"\" preload=\"metadata\" controlsList=\"nodownload\"><\/video>\n\t\t\t\t<\/div>\n\t\t\t\t\t\t<\/div>\n\t\t\t\t<\/div>\n\t\t\t\t<\/div>\n\t\t\t\t\t<\/div>\n\t\t\t\t<\/div>\n\t\t<div class=\"elementor-element elementor-element-3523bfed e-con-full e-flex e-con e-parent\" data-id=\"3523bfed\" data-element_type=\"container\">\n\t\t\t\t<div class=\"elementor-element elementor-element-64c6c455 elementor-widget elementor-widget-template\" data-id=\"64c6c455\" data-element_type=\"widget\" data-widget_type=\"template.default\">\n\t\t\t\t<div class=\"elementor-widget-container\">\n\t\t\t\t\t\t\t<div class=\"elementor-template\">\n\t\t\t\t\t<div data-elementor-type=\"container\" data-elementor-id=\"9854\" class=\"elementor elementor-9854\" data-elementor-post-type=\"elementor_library\">\n\t\t\t\t<div class=\"elementor-element elementor-element-3a5d0ade e-con-full no-padding e-flex e-con e-parent\" data-id=\"3a5d0ade\" data-element_type=\"container\">\n\t\t\t\t<div class=\"elementor-element elementor-element-7af60ea3 elementor-widget elementor-widget-template\" data-id=\"7af60ea3\" data-element_type=\"widget\" data-widget_type=\"template.default\">\n\t\t\t\t<div class=\"elementor-widget-container\">\n\t\t\t\t\t\t\t<div class=\"elementor-template\">\n\t\t\t\t\t<div data-elementor-type=\"container\" data-elementor-id=\"11014\" class=\"elementor elementor-11014 elementor-9860\" data-elementor-post-type=\"elementor_library\">\n\t\t\t\t<div class=\"elementor-element elementor-element-16e773e8 cta-footer e-flex e-con-boxed e-con e-parent\" data-id=\"16e773e8\" data-element_type=\"container\" data-settings=\"{&quot;background_background&quot;:&quot;classic&quot;}\">\n\t\t\t\t\t<div class=\"e-con-inner\">\n\t\t<div class=\"elementor-element elementor-element-13212c55 e-con-full e-flex e-con e-child\" data-id=\"13212c55\" data-element_type=\"container\">\n\t\t<div class=\"elementor-element elementor-element-66550028 e-con-full padding e-flex e-con e-child\" data-id=\"66550028\" data-element_type=\"container\" data-settings=\"{&quot;background_background&quot;:&quot;classic&quot;}\">\n\t\t\t\t<div class=\"elementor-element elementor-element-5bb0e9dd white elementor-widget elementor-widget-heading\" data-id=\"5bb0e9dd\" data-element_type=\"widget\" data-widget_type=\"heading.default\">\n\t\t\t\t<div class=\"elementor-widget-container\">\n\t\t\t\t\t<h3 class=\"elementor-heading-title elementor-size-default\">Folgen Sie uns auf unseren sozialen Medien<\/h3>\t\t\t\t<\/div>\n\t\t\t\t<\/div>\n\t\t\t\t<div class=\"elementor-element elementor-element-266aa9b8 some elementor-widget elementor-widget-html\" data-id=\"266aa9b8\" data-element_type=\"widget\" data-widget_type=\"html.default\">\n\t\t\t\t<div class=\"elementor-widget-container\">\n\t\t\t\t\t<a href=\"https:\/\/www.facebook.com\/100027965816908\/\" target=\"_blank\" aria-label=\"F\u00f8lg os p\u00e5 Facebook\"><i class=\"fa-brands fa-facebook-f\"><\/i><\/a>\n<a href=\"https:\/\/www.linkedin.com\/company\/tele-mark-as\/\" target=\"_blank\" aria-label=\"F\u00f8lg os p\u00e5 LinkedIn\"><i class=\"fa-brands fa-linkedin-in\"><\/i><\/a>\n<a href=\"https:\/\/www.youtube.com\/channel\/UCOCM8pxrJsN78l_hIH7j7Uw\" target=\"_blank\" aria-label=\"Youtube\">\n<i class=\"fa-brands fa-youtube\"><\/i>\n<\/a>\t\t\t\t<\/div>\n\t\t\t\t<\/div>\n\t\t\t\t<\/div>\n\t\t\t\t<\/div>\n\t\t\t\t\t<\/div>\n\t\t\t\t<\/div>\n\t\t\t\t<\/div>\n\t\t\t\t<\/div>\n\t\t\t\t\t\t<\/div>\n\t\t\t\t<\/div>\n\t\t\t\t<\/div>\n\t\t\t\t<\/div>\n\t\t\t\t<\/div>\n\t\t\t\t\t\t<\/div>\n\t\t\t\t<\/div>\n\t\t\t\t<\/div>\n\t\t\t\t<\/div>\n\t\t","protected":false},"excerpt":{"rendered":"<p>Lead-Generierung Erhalten Sie mit der B2B-Leadgenerierung wertvolle Leads f\u00fcr Ihr Unternehmen Effektive BtB-Leadgenerierung Die BtB-Leadgenerierung ist ein Prozess, der unserem Kunden die gew\u00fcnschte Anzahl qualifizierter Leads pro Woche f\u00fcr die Vertriebsabteilung sichert. Wertvolle qualifizierte Leads sind genau der erste Schritt f\u00fcr effektive Terminvereinbarungen. Und letztendlich ist es entscheidend, um neue Kunden f\u00fcr das Unternehmen zu &#8230; <a title=\"Leadgenerierung\" class=\"read-more\" href=\"https:\/\/tele-mark.dk\/de\/telemarketing\/leadgenerierung\/\" aria-label=\"Mehr Informationen \u00fcber Leadgenerierung\">Weiterlesen &#8230;<\/a><\/p>\n","protected":false},"author":5,"featured_media":0,"parent":10902,"menu_order":1021,"comment_status":"closed","ping_status":"closed","template":"","meta":{"_acf_changed":false,"footnotes":""},"categories":[],"class_list":["post-10740","page","type-page","status-publish"],"acf":[],"yoast_head":"<!-- This site is optimized with the Yoast SEO plugin v26.8 - https:\/\/yoast.com\/product\/yoast-seo-wordpress\/ -->\n<title>Leadgenerierung | Tele-Mark A\/S<\/title>\n<meta name=\"robots\" content=\"index, follow, max-snippet:-1, max-image-preview:large, max-video-preview:-1\" \/>\n<link rel=\"canonical\" href=\"https:\/\/tele-mark.dk\/telemarketing\/leadgenerering\/\" \/>\n<meta property=\"og:locale\" content=\"de_DE\" \/>\n<meta property=\"og:type\" content=\"article\" \/>\n<meta property=\"og:title\" content=\"Leadgenerierung | Tele-Mark A\/S\" \/>\n<meta property=\"og:description\" content=\"Lead-Generierung Erhalten Sie mit der B2B-Leadgenerierung wertvolle Leads f\u00fcr Ihr Unternehmen Effektive BtB-Leadgenerierung Die BtB-Leadgenerierung ist ein Prozess, der unserem Kunden die gew\u00fcnschte Anzahl qualifizierter Leads pro Woche f\u00fcr die Vertriebsabteilung sichert. Wertvolle qualifizierte Leads sind genau der erste Schritt f\u00fcr effektive Terminvereinbarungen. Und letztendlich ist es entscheidend, um neue Kunden f\u00fcr das Unternehmen zu ... Weiterlesen ...\" \/>\n<meta property=\"og:url\" content=\"https:\/\/tele-mark.dk\/telemarketing\/leadgenerering\/\" \/>\n<meta property=\"og:site_name\" content=\"Tele-Mark A\/S\" \/>\n<meta property=\"article:modified_time\" content=\"2025-09-24T08:54:51+00:00\" \/>\n<meta name=\"twitter:card\" content=\"summary_large_image\" \/>\n<meta name=\"twitter:label1\" content=\"Gesch\u00e4tzte Lesezeit\" \/>\n\t<meta name=\"twitter:data1\" content=\"2\u00a0Minuten\" \/>\n<script type=\"application\/ld+json\" class=\"yoast-schema-graph\">{\"@context\":\"https:\/\/schema.org\",\"@graph\":[{\"@type\":\"WebPage\",\"@id\":\"https:\/\/tele-mark.dk\/telemarketing\/leadgenerering\/\",\"url\":\"https:\/\/tele-mark.dk\/telemarketing\/leadgenerering\/\",\"name\":\"Leadgenerierung | Tele-Mark A\/S\",\"isPartOf\":{\"@id\":\"https:\/\/tele-mark.dk\/#website\"},\"datePublished\":\"2025-03-25T11:56:27+00:00\",\"dateModified\":\"2025-09-24T08:54:51+00:00\",\"breadcrumb\":{\"@id\":\"https:\/\/tele-mark.dk\/telemarketing\/leadgenerering\/#breadcrumb\"},\"inLanguage\":\"de\",\"potentialAction\":[{\"@type\":\"ReadAction\",\"target\":[\"https:\/\/tele-mark.dk\/telemarketing\/leadgenerering\/\"]}]},{\"@type\":\"BreadcrumbList\",\"@id\":\"https:\/\/tele-mark.dk\/telemarketing\/leadgenerering\/#breadcrumb\",\"itemListElement\":[{\"@type\":\"ListItem\",\"position\":1,\"name\":\"Forside\",\"item\":\"https:\/\/tele-mark.dk\/de\/?page_id=10844\"},{\"@type\":\"ListItem\",\"position\":2,\"name\":\"Telemarketing\",\"item\":\"https:\/\/tele-mark.dk\/telemarketing\/\"},{\"@type\":\"ListItem\",\"position\":3,\"name\":\"Leadgenerierung\"}]},{\"@type\":\"WebSite\",\"@id\":\"https:\/\/tele-mark.dk\/#website\",\"url\":\"https:\/\/tele-mark.dk\/\",\"name\":\"Tele-Mark A\/S\",\"description\":\"Telemarketing-Agentur f\u00fcr D\u00e4nemark, die nordischen L\u00e4nder, Europa und die ganze Welt\",\"publisher\":{\"@id\":\"https:\/\/tele-mark.dk\/#organization\"},\"potentialAction\":[{\"@type\":\"SearchAction\",\"target\":{\"@type\":\"EntryPoint\",\"urlTemplate\":\"https:\/\/tele-mark.dk\/?s={search_term_string}\"},\"query-input\":{\"@type\":\"PropertyValueSpecification\",\"valueRequired\":true,\"valueName\":\"search_term_string\"}}],\"inLanguage\":\"de\"},{\"@type\":\"Organization\",\"@id\":\"https:\/\/tele-mark.dk\/#organization\",\"name\":\"Tele-Mark A\/S\",\"url\":\"https:\/\/tele-mark.dk\/\",\"logo\":{\"@type\":\"ImageObject\",\"inLanguage\":\"de\",\"@id\":\"https:\/\/tele-mark.dk\/#\/schema\/logo\/image\/\",\"url\":\"https:\/\/tele-mark.dk\/wp-content\/uploads\/2025\/03\/Nyt-logo.svg\",\"contentUrl\":\"https:\/\/tele-mark.dk\/wp-content\/uploads\/2025\/03\/Nyt-logo.svg\",\"width\":433,\"height\":161,\"caption\":\"Tele-Mark A\/S\"},\"image\":{\"@id\":\"https:\/\/tele-mark.dk\/#\/schema\/logo\/image\/\"}}]}<\/script>\n<!-- \/ Yoast SEO plugin. -->","yoast_head_json":{"title":"Leadgenerierung | Tele-Mark A\/S","robots":{"index":"index","follow":"follow","max-snippet":"max-snippet:-1","max-image-preview":"max-image-preview:large","max-video-preview":"max-video-preview:-1"},"canonical":"https:\/\/tele-mark.dk\/telemarketing\/leadgenerering\/","og_locale":"de_DE","og_type":"article","og_title":"Leadgenerierung | Tele-Mark A\/S","og_description":"Lead-Generierung Erhalten Sie mit der B2B-Leadgenerierung wertvolle Leads f\u00fcr Ihr Unternehmen Effektive BtB-Leadgenerierung Die BtB-Leadgenerierung ist ein Prozess, der unserem Kunden die gew\u00fcnschte Anzahl qualifizierter Leads pro Woche f\u00fcr die Vertriebsabteilung sichert. Wertvolle qualifizierte Leads sind genau der erste Schritt f\u00fcr effektive Terminvereinbarungen. Und letztendlich ist es entscheidend, um neue Kunden f\u00fcr das Unternehmen zu ... Weiterlesen ...","og_url":"https:\/\/tele-mark.dk\/telemarketing\/leadgenerering\/","og_site_name":"Tele-Mark A\/S","article_modified_time":"2025-09-24T08:54:51+00:00","twitter_card":"summary_large_image","twitter_misc":{"Gesch\u00e4tzte Lesezeit":"2\u00a0Minuten"},"schema":{"@context":"https:\/\/schema.org","@graph":[{"@type":"WebPage","@id":"https:\/\/tele-mark.dk\/telemarketing\/leadgenerering\/","url":"https:\/\/tele-mark.dk\/telemarketing\/leadgenerering\/","name":"Leadgenerierung | Tele-Mark A\/S","isPartOf":{"@id":"https:\/\/tele-mark.dk\/#website"},"datePublished":"2025-03-25T11:56:27+00:00","dateModified":"2025-09-24T08:54:51+00:00","breadcrumb":{"@id":"https:\/\/tele-mark.dk\/telemarketing\/leadgenerering\/#breadcrumb"},"inLanguage":"de","potentialAction":[{"@type":"ReadAction","target":["https:\/\/tele-mark.dk\/telemarketing\/leadgenerering\/"]}]},{"@type":"BreadcrumbList","@id":"https:\/\/tele-mark.dk\/telemarketing\/leadgenerering\/#breadcrumb","itemListElement":[{"@type":"ListItem","position":1,"name":"Forside","item":"https:\/\/tele-mark.dk\/de\/?page_id=10844"},{"@type":"ListItem","position":2,"name":"Telemarketing","item":"https:\/\/tele-mark.dk\/telemarketing\/"},{"@type":"ListItem","position":3,"name":"Leadgenerierung"}]},{"@type":"WebSite","@id":"https:\/\/tele-mark.dk\/#website","url":"https:\/\/tele-mark.dk\/","name":"Tele-Mark A\/S","description":"Telemarketing-Agentur f\u00fcr D\u00e4nemark, die nordischen L\u00e4nder, Europa und die ganze Welt","publisher":{"@id":"https:\/\/tele-mark.dk\/#organization"},"potentialAction":[{"@type":"SearchAction","target":{"@type":"EntryPoint","urlTemplate":"https:\/\/tele-mark.dk\/?s={search_term_string}"},"query-input":{"@type":"PropertyValueSpecification","valueRequired":true,"valueName":"search_term_string"}}],"inLanguage":"de"},{"@type":"Organization","@id":"https:\/\/tele-mark.dk\/#organization","name":"Tele-Mark A\/S","url":"https:\/\/tele-mark.dk\/","logo":{"@type":"ImageObject","inLanguage":"de","@id":"https:\/\/tele-mark.dk\/#\/schema\/logo\/image\/","url":"https:\/\/tele-mark.dk\/wp-content\/uploads\/2025\/03\/Nyt-logo.svg","contentUrl":"https:\/\/tele-mark.dk\/wp-content\/uploads\/2025\/03\/Nyt-logo.svg","width":433,"height":161,"caption":"Tele-Mark A\/S"},"image":{"@id":"https:\/\/tele-mark.dk\/#\/schema\/logo\/image\/"}}]}},"_links":{"self":[{"href":"https:\/\/tele-mark.dk\/de\/wp-json\/wp\/v2\/pages\/10740","targetHints":{"allow":["GET"]}}],"collection":[{"href":"https:\/\/tele-mark.dk\/de\/wp-json\/wp\/v2\/pages"}],"about":[{"href":"https:\/\/tele-mark.dk\/de\/wp-json\/wp\/v2\/types\/page"}],"author":[{"embeddable":true,"href":"https:\/\/tele-mark.dk\/de\/wp-json\/wp\/v2\/users\/5"}],"replies":[{"embeddable":true,"href":"https:\/\/tele-mark.dk\/de\/wp-json\/wp\/v2\/comments?post=10740"}],"version-history":[{"count":5,"href":"https:\/\/tele-mark.dk\/de\/wp-json\/wp\/v2\/pages\/10740\/revisions"}],"predecessor-version":[{"id":11064,"href":"https:\/\/tele-mark.dk\/de\/wp-json\/wp\/v2\/pages\/10740\/revisions\/11064"}],"up":[{"embeddable":true,"href":"https:\/\/tele-mark.dk\/de\/wp-json\/wp\/v2\/pages\/10902"}],"wp:attachment":[{"href":"https:\/\/tele-mark.dk\/de\/wp-json\/wp\/v2\/media?parent=10740"}],"wp:term":[{"taxonomy":"category","embeddable":true,"href":"https:\/\/tele-mark.dk\/de\/wp-json\/wp\/v2\/categories?post=10740"}],"curies":[{"name":"wp","href":"https:\/\/api.w.org\/{rel}","templated":true}]}}