{"id":10737,"date":"2025-03-25T12:56:27","date_gmt":"2025-03-25T11:56:27","guid":{"rendered":"https:\/\/tele-mark.dk\/meeting-bucher\/"},"modified":"2025-09-24T09:42:37","modified_gmt":"2025-09-24T07:42:37","slug":"meeting-bucher","status":"publish","type":"page","link":"https:\/\/tele-mark.dk\/de\/telemarketing\/meeting-bucher\/","title":{"rendered":"Meeting-Bucher"},"content":{"rendered":"\t\t<div data-elementor-type=\"wp-page\" data-elementor-id=\"10737\" class=\"elementor elementor-10737 elementor-9420\" data-elementor-post-type=\"page\">\n\t\t\t\t<div class=\"elementor-element elementor-element-549a2160 e-con-full e-flex e-con e-parent\" data-id=\"549a2160\" data-element_type=\"container\">\n\t\t\t\t<div class=\"elementor-element elementor-element-196d3f3f elementor-widget elementor-widget-template\" data-id=\"196d3f3f\" data-element_type=\"widget\" data-widget_type=\"template.default\">\n\t\t\t\t<div class=\"elementor-widget-container\">\n\t\t\t\t\t\t\t<div class=\"elementor-template\">\n\t\t\t\t\t<div data-elementor-type=\"container\" data-elementor-id=\"6563\" class=\"elementor elementor-6563\" data-elementor-post-type=\"elementor_library\">\n\t\t\t\t<div class=\"elementor-element elementor-element-6b499f1f e-con-full no-padding e-flex e-con e-parent\" data-id=\"6b499f1f\" data-element_type=\"container\">\n\t\t\t\t<div class=\"elementor-element elementor-element-1ecbb66 elementor-widget elementor-widget-template\" data-id=\"1ecbb66\" data-element_type=\"widget\" data-widget_type=\"template.default\">\n\t\t\t\t<div class=\"elementor-widget-container\">\n\t\t\t\t\t\t\t<div class=\"elementor-template\">\n\t\t\t\t\t<div data-elementor-type=\"container\" data-elementor-id=\"10099\" class=\"elementor elementor-10099\" data-elementor-post-type=\"elementor_library\">\n\t\t\t\t<div class=\"elementor-element elementor-element-45622206 white e-con-full e-flex e-con e-parent\" data-id=\"45622206\" data-element_type=\"container\" data-settings=\"{&quot;background_background&quot;:&quot;classic&quot;}\">\n\t\t\t\t<\/div>\n\t\t\t\t<\/div>\n\t\t\t\t<\/div>\n\t\t\t\t\t\t<\/div>\n\t\t\t\t<\/div>\n\t\t\t\t<\/div>\n\t\t\t\t<\/div>\n\t\t\t\t<\/div>\n\t\t\t\t\t\t<\/div>\n\t\t\t\t<\/div>\n\t\t\t\t<\/div>\n\t\t<div class=\"elementor-element elementor-element-51c4092b light e-flex e-con-boxed e-con e-parent\" data-id=\"51c4092b\" data-element_type=\"container\">\n\t\t\t\t\t<div class=\"e-con-inner\">\n\t\t<div class=\"elementor-element elementor-element-ea09fd0 e-con-full e-flex e-con e-child\" data-id=\"ea09fd0\" data-element_type=\"container\">\n\t\t\t\t<div class=\"elementor-element elementor-element-6a5b00c7 elementor-widget elementor-widget-heading\" data-id=\"6a5b00c7\" data-element_type=\"widget\" data-widget_type=\"heading.default\">\n\t\t\t\t<div class=\"elementor-widget-container\">\n\t\t\t\t\t<h1 class=\"elementor-heading-title elementor-size-default\">Warum sollte ich einen Meeting-Booker verwenden?<\/h1>\t\t\t\t<\/div>\n\t\t\t\t<\/div>\n\t\t\t\t<\/div>\n\t\t\t\t\t<\/div>\n\t\t\t\t<\/div>\n\t\t<div class=\"elementor-element elementor-element-a245e9c e-flex e-con-boxed e-con e-parent\" data-id=\"a245e9c\" data-element_type=\"container\">\n\t\t\t\t\t<div class=\"e-con-inner\">\n\t\t<div class=\"elementor-element elementor-element-26217b16 e-con-full e-flex e-con e-child\" data-id=\"26217b16\" data-element_type=\"container\">\n\t\t\t\t<div class=\"elementor-element elementor-element-4ce9dcd7 elementor-widget elementor-widget-text-editor\" data-id=\"4ce9dcd7\" data-element_type=\"widget\" data-widget_type=\"text-editor.default\">\n\t\t\t\t<div class=\"elementor-widget-container\">\n\t\t\t\t\t\t\t\t\t<h3>Professioneller Meeting-Booker mit Branchenkenntnissen<\/h3><p>Es ist eine gute Idee, einen professionellen Meeting-Booker zu beauftragen, der im Namen Ihres Vertriebsmitarbeiters neue potenzielle Kunden anruft und Meetings mit ihnen vereinbart. Auf diese Weise k\u00f6nnen sich Ihre Vertriebsmitarbeiter auf das konzentrieren, was sie am besten k\u00f6nnen \u2013 den Verkauf Ihrer Produkte.<\/p><p>Es ist wichtig, dass Ihr Meeting-Bucher \u00fcber Erfahrung und Kenntnisse in Ihrer Branche verf\u00fcgt. Alle unsere Meeting-Booker sind darin geschult, glaubw\u00fcrdig und \u00fcberzeugend mit Kunden zu sprechen. Tele-Mark kann Ihnen einen professionellen und erfahrenen Meeting-Booker anbieten, der \u00fcber diese Qualit\u00e4ten verf\u00fcgt.<\/p><h3>Ein Meeting-Bucher mit Branchenkenntnissen<\/h3><p>Bei <a href=\"\/\">Tele-Mark A\/S<\/a> legen wir Wert darauf, dass unsere Mitarbeiter \u00fcber umfassende Kenntnisse in verschiedenen Branchen verf\u00fcgen, sodass sie auch Ihren Markt kennen.<\/p><p>Wichtig ist uns au\u00dferdem, dass der Meeting-Booker \u00fcber langj\u00e4hrige Erfahrung verf\u00fcgt. Daher haben wir keine gro\u00dfe Fluktuation unter unseren Tagungsbuchern. Einige von ihnen sind bereits seit \u00fcber 10 Jahren bei uns besch\u00e4ftigt.<\/p><h3>Nutzen Sie die Meeting-Buchungssoftware von Tele-Mark, damit Sie:<\/h3><ul><li>Sie m\u00fcssen nur Zeit f\u00fcr qualifizierte Leads aufwenden<\/li><li>Kann mehr Zeit f\u00fcr die Besprechungsvorbereitung haben<\/li><\/ul>\t\t\t\t\t\t\t\t<\/div>\n\t\t\t\t<\/div>\n\t\t\t\t<\/div>\n\t\t<div class=\"elementor-element elementor-element-25e8ed7a e-con-full e-flex e-con e-child\" data-id=\"25e8ed7a\" data-element_type=\"container\">\n\t\t\t\t<div class=\"elementor-element elementor-element-4a80b404 elementor-widget elementor-widget-text-editor\" data-id=\"4a80b404\" data-element_type=\"widget\" data-widget_type=\"text-editor.default\">\n\t\t\t\t<div class=\"elementor-widget-container\">\n\t\t\t\t\t\t\t\t\t<h3>Gute Ergebnisse durch gr\u00fcndliche Vorbereitung<\/h3><p>Selbstverst\u00e4ndlich stellen wir sicher, dass Ihr Meeting-Booker Ihr Unternehmen optimal repr\u00e4sentiert. Er wird nicht gedankenlos alle potenziellen Kunden auf einer langen Liste anrufen, da dies in keiner Weise zu Ergebnissen f\u00fchrt, die wir garantieren k\u00f6nnen.<\/p><p>Stattdessen wird Ihr Meeting-Bucher umfassend \u00fcber die Kompetenzen, Werte, Ziele, Zielgruppen, das Produktportfolio, die Wettbewerber usw. Ihres Unternehmens informiert und er\u00f6rtert gute Argumente, warum sich Kunden f\u00fcr Sie und nicht f\u00fcr Ihre Konkurrenz entscheiden sollten. Dies f\u00fchrt zu wertvollen <a href=\"https:\/\/tele-mark.dk\/telemarketing\/moedebooking\/\">Meeting-Buchungen<\/a> und <a href=\"https:\/\/tele-mark.dk\/telemarketing\/leadgenerering\/\">Lead-Generierung<\/a> !<\/p><h3>Kontaktieren Sie uns und erfahren Sie mehr<\/h3><p>Wenn Sie mehr dar\u00fcber erfahren m\u00f6chten, was wir Ihrem Unternehmen bieten k\u00f6nnen, rufen Sie uns an<a href=\"tel:+45 70 23 72 38\" aria-label=\"Telefon nummer\">+45 70 23 72 38<\/a> \u2013 Fragen Sie nach <a href=\"https:\/\/tele-mark.dk\/kontakt\/\">Mads Elefsen Kudsk<\/a> . Sie k\u00f6nnen uns auch <a href=\"https:\/\/www.linkedin.com\/company\/tele-mark-as\" target=\"_blank\" rel=\"noopener\">hier auf LinkedIn<\/a> folgen.<\/p>\t\t\t\t\t\t\t\t<\/div>\n\t\t\t\t<\/div>\n\t\t\t\t<\/div>\n\t\t\t\t\t<\/div>\n\t\t\t\t<\/div>\n\t\t<div class=\"elementor-element elementor-element-7f5706f light e-flex e-con-boxed e-con e-parent\" data-id=\"7f5706f\" data-element_type=\"container\">\n\t\t\t\t\t<div class=\"e-con-inner\">\n\t\t<div class=\"elementor-element elementor-element-9f623b6 e-con-full e-flex e-con e-child\" data-id=\"9f623b6\" data-element_type=\"container\">\n\t\t\t\t<div class=\"elementor-element elementor-element-3f64d1b elementor-widget elementor-widget-video\" data-id=\"3f64d1b\" data-element_type=\"widget\" data-settings=\"{&quot;video_type&quot;:&quot;hosted&quot;,&quot;controls&quot;:&quot;yes&quot;}\" data-widget_type=\"video.default\">\n\t\t\t\t<div class=\"elementor-widget-container\">\n\t\t\t\t\t\t\t<div class=\"e-hosted-video elementor-wrapper elementor-open-inline\">\n\t\t\t\t\t<video class=\"elementor-video\" src=\"https:\/\/gostmediaserviceprod.blob.core.windows.net\/asset-10cd5eee-c643-4964-8c0b-bb379e1263cc\/telemark_harry_master (1080p)_1920x1080_6000k.mp4\" controls=\"\" preload=\"metadata\" controlsList=\"nodownload\"><\/video>\n\t\t\t\t<\/div>\n\t\t\t\t\t\t<\/div>\n\t\t\t\t<\/div>\n\t\t\t\t<\/div>\n\t\t\t\t\t<\/div>\n\t\t\t\t<\/div>\n\t\t<div class=\"elementor-element elementor-element-2fe03e22 e-con-full e-flex e-con e-parent\" data-id=\"2fe03e22\" data-element_type=\"container\">\n\t\t\t\t<div class=\"elementor-element elementor-element-49d31073 elementor-widget elementor-widget-template\" data-id=\"49d31073\" data-element_type=\"widget\" data-widget_type=\"template.default\">\n\t\t\t\t<div class=\"elementor-widget-container\">\n\t\t\t\t\t\t\t<div class=\"elementor-template\">\n\t\t\t\t\t<div data-elementor-type=\"container\" data-elementor-id=\"9854\" class=\"elementor elementor-9854\" data-elementor-post-type=\"elementor_library\">\n\t\t\t\t<div class=\"elementor-element elementor-element-3a5d0ade e-con-full no-padding e-flex e-con e-parent\" data-id=\"3a5d0ade\" data-element_type=\"container\">\n\t\t\t\t<div class=\"elementor-element elementor-element-7af60ea3 elementor-widget elementor-widget-template\" data-id=\"7af60ea3\" data-element_type=\"widget\" data-widget_type=\"template.default\">\n\t\t\t\t<div class=\"elementor-widget-container\">\n\t\t\t\t\t\t\t<div class=\"elementor-template\">\n\t\t\t\t\t<div data-elementor-type=\"container\" data-elementor-id=\"11014\" class=\"elementor elementor-11014 elementor-9860\" data-elementor-post-type=\"elementor_library\">\n\t\t\t\t<div class=\"elementor-element elementor-element-16e773e8 cta-footer e-flex e-con-boxed e-con e-parent\" data-id=\"16e773e8\" data-element_type=\"container\" data-settings=\"{&quot;background_background&quot;:&quot;classic&quot;}\">\n\t\t\t\t\t<div class=\"e-con-inner\">\n\t\t<div class=\"elementor-element elementor-element-13212c55 e-con-full e-flex e-con e-child\" data-id=\"13212c55\" data-element_type=\"container\">\n\t\t<div class=\"elementor-element elementor-element-66550028 e-con-full padding e-flex e-con e-child\" data-id=\"66550028\" data-element_type=\"container\" data-settings=\"{&quot;background_background&quot;:&quot;classic&quot;}\">\n\t\t\t\t<div class=\"elementor-element elementor-element-5bb0e9dd white elementor-widget elementor-widget-heading\" data-id=\"5bb0e9dd\" data-element_type=\"widget\" data-widget_type=\"heading.default\">\n\t\t\t\t<div class=\"elementor-widget-container\">\n\t\t\t\t\t<h3 class=\"elementor-heading-title elementor-size-default\">Folgen Sie uns auf unseren sozialen Medien<\/h3>\t\t\t\t<\/div>\n\t\t\t\t<\/div>\n\t\t\t\t<div class=\"elementor-element elementor-element-266aa9b8 some elementor-widget elementor-widget-html\" data-id=\"266aa9b8\" data-element_type=\"widget\" data-widget_type=\"html.default\">\n\t\t\t\t<div class=\"elementor-widget-container\">\n\t\t\t\t\t<a href=\"https:\/\/www.facebook.com\/100027965816908\/\" target=\"_blank\" aria-label=\"F\u00f8lg os p\u00e5 Facebook\"><i class=\"fa-brands fa-facebook-f\"><\/i><\/a>\n<a href=\"https:\/\/www.linkedin.com\/company\/tele-mark-as\/\" target=\"_blank\" aria-label=\"F\u00f8lg os p\u00e5 LinkedIn\"><i class=\"fa-brands fa-linkedin-in\"><\/i><\/a>\n<a href=\"https:\/\/www.youtube.com\/channel\/UCOCM8pxrJsN78l_hIH7j7Uw\" target=\"_blank\" aria-label=\"Youtube\">\n<i class=\"fa-brands fa-youtube\"><\/i>\n<\/a>\t\t\t\t<\/div>\n\t\t\t\t<\/div>\n\t\t\t\t<\/div>\n\t\t\t\t<\/div>\n\t\t\t\t\t<\/div>\n\t\t\t\t<\/div>\n\t\t\t\t<\/div>\n\t\t\t\t<\/div>\n\t\t\t\t\t\t<\/div>\n\t\t\t\t<\/div>\n\t\t\t\t<\/div>\n\t\t\t\t<\/div>\n\t\t\t\t<\/div>\n\t\t\t\t\t\t<\/div>\n\t\t\t\t<\/div>\n\t\t\t\t<\/div>\n\t\t\t\t<\/div>\n\t\t","protected":false},"excerpt":{"rendered":"<p>Warum sollte ich einen Meeting-Booker verwenden? Professioneller Meeting-Booker mit Branchenkenntnissen Es ist eine gute Idee, einen professionellen Meeting-Booker zu beauftragen, der im Namen Ihres Vertriebsmitarbeiters neue potenzielle Kunden anruft und Meetings mit ihnen vereinbart. Auf diese Weise k\u00f6nnen sich Ihre Vertriebsmitarbeiter auf das konzentrieren, was sie am besten k\u00f6nnen \u2013 den Verkauf Ihrer Produkte. Es &#8230; <a title=\"Meeting-Bucher\" class=\"read-more\" href=\"https:\/\/tele-mark.dk\/de\/telemarketing\/meeting-bucher\/\" aria-label=\"Mehr Informationen \u00fcber Meeting-Bucher\">Weiterlesen &#8230;<\/a><\/p>\n","protected":false},"author":5,"featured_media":0,"parent":10902,"menu_order":1020,"comment_status":"closed","ping_status":"closed","template":"","meta":{"_acf_changed":false,"footnotes":""},"categories":[],"class_list":["post-10737","page","type-page","status-publish"],"acf":[],"yoast_head":"<!-- This site is optimized with the Yoast SEO plugin v26.8 - https:\/\/yoast.com\/product\/yoast-seo-wordpress\/ -->\n<title>Meeting-Bucher | Tele-Mark A\/S<\/title>\n<meta name=\"robots\" content=\"index, follow, max-snippet:-1, max-image-preview:large, max-video-preview:-1\" \/>\n<link rel=\"canonical\" href=\"https:\/\/tele-mark.dk\/telemarketing\/moedebooker\/\" \/>\n<meta property=\"og:locale\" content=\"de_DE\" \/>\n<meta property=\"og:type\" content=\"article\" \/>\n<meta property=\"og:title\" content=\"Meeting-Bucher | Tele-Mark A\/S\" \/>\n<meta property=\"og:description\" content=\"Warum sollte ich einen Meeting-Booker verwenden? Professioneller Meeting-Booker mit Branchenkenntnissen Es ist eine gute Idee, einen professionellen Meeting-Booker zu beauftragen, der im Namen Ihres Vertriebsmitarbeiters neue potenzielle Kunden anruft und Meetings mit ihnen vereinbart. Auf diese Weise k\u00f6nnen sich Ihre Vertriebsmitarbeiter auf das konzentrieren, was sie am besten k\u00f6nnen \u2013 den Verkauf Ihrer Produkte. Es ... Weiterlesen ...\" \/>\n<meta property=\"og:url\" content=\"https:\/\/tele-mark.dk\/telemarketing\/moedebooker\/\" \/>\n<meta property=\"og:site_name\" content=\"Tele-Mark A\/S\" \/>\n<meta property=\"article:modified_time\" content=\"2025-09-24T07:42:37+00:00\" \/>\n<meta name=\"twitter:card\" content=\"summary_large_image\" \/>\n<meta name=\"twitter:label1\" content=\"Gesch\u00e4tzte Lesezeit\" \/>\n\t<meta name=\"twitter:data1\" content=\"2\u00a0Minuten\" \/>\n<script type=\"application\/ld+json\" class=\"yoast-schema-graph\">{\"@context\":\"https:\/\/schema.org\",\"@graph\":[{\"@type\":\"WebPage\",\"@id\":\"https:\/\/tele-mark.dk\/telemarketing\/moedebooker\/\",\"url\":\"https:\/\/tele-mark.dk\/telemarketing\/moedebooker\/\",\"name\":\"Meeting-Bucher | Tele-Mark A\/S\",\"isPartOf\":{\"@id\":\"https:\/\/tele-mark.dk\/#website\"},\"datePublished\":\"2025-03-25T11:56:27+00:00\",\"dateModified\":\"2025-09-24T07:42:37+00:00\",\"breadcrumb\":{\"@id\":\"https:\/\/tele-mark.dk\/telemarketing\/moedebooker\/#breadcrumb\"},\"inLanguage\":\"de\",\"potentialAction\":[{\"@type\":\"ReadAction\",\"target\":[\"https:\/\/tele-mark.dk\/telemarketing\/moedebooker\/\"]}]},{\"@type\":\"BreadcrumbList\",\"@id\":\"https:\/\/tele-mark.dk\/telemarketing\/moedebooker\/#breadcrumb\",\"itemListElement\":[{\"@type\":\"ListItem\",\"position\":1,\"name\":\"Forside\",\"item\":\"https:\/\/tele-mark.dk\/de\/?page_id=10844\"},{\"@type\":\"ListItem\",\"position\":2,\"name\":\"Telemarketing\",\"item\":\"https:\/\/tele-mark.dk\/telemarketing\/\"},{\"@type\":\"ListItem\",\"position\":3,\"name\":\"Meeting-Bucher\"}]},{\"@type\":\"WebSite\",\"@id\":\"https:\/\/tele-mark.dk\/#website\",\"url\":\"https:\/\/tele-mark.dk\/\",\"name\":\"Tele-Mark A\/S\",\"description\":\"Telemarketing-Agentur f\u00fcr D\u00e4nemark, die nordischen L\u00e4nder, Europa und die ganze Welt\",\"publisher\":{\"@id\":\"https:\/\/tele-mark.dk\/#organization\"},\"potentialAction\":[{\"@type\":\"SearchAction\",\"target\":{\"@type\":\"EntryPoint\",\"urlTemplate\":\"https:\/\/tele-mark.dk\/?s={search_term_string}\"},\"query-input\":{\"@type\":\"PropertyValueSpecification\",\"valueRequired\":true,\"valueName\":\"search_term_string\"}}],\"inLanguage\":\"de\"},{\"@type\":\"Organization\",\"@id\":\"https:\/\/tele-mark.dk\/#organization\",\"name\":\"Tele-Mark A\/S\",\"url\":\"https:\/\/tele-mark.dk\/\",\"logo\":{\"@type\":\"ImageObject\",\"inLanguage\":\"de\",\"@id\":\"https:\/\/tele-mark.dk\/#\/schema\/logo\/image\/\",\"url\":\"https:\/\/tele-mark.dk\/wp-content\/uploads\/2025\/03\/Nyt-logo.svg\",\"contentUrl\":\"https:\/\/tele-mark.dk\/wp-content\/uploads\/2025\/03\/Nyt-logo.svg\",\"width\":433,\"height\":161,\"caption\":\"Tele-Mark A\/S\"},\"image\":{\"@id\":\"https:\/\/tele-mark.dk\/#\/schema\/logo\/image\/\"}}]}<\/script>\n<!-- \/ Yoast SEO plugin. -->","yoast_head_json":{"title":"Meeting-Bucher | Tele-Mark A\/S","robots":{"index":"index","follow":"follow","max-snippet":"max-snippet:-1","max-image-preview":"max-image-preview:large","max-video-preview":"max-video-preview:-1"},"canonical":"https:\/\/tele-mark.dk\/telemarketing\/moedebooker\/","og_locale":"de_DE","og_type":"article","og_title":"Meeting-Bucher | Tele-Mark A\/S","og_description":"Warum sollte ich einen Meeting-Booker verwenden? Professioneller Meeting-Booker mit Branchenkenntnissen Es ist eine gute Idee, einen professionellen Meeting-Booker zu beauftragen, der im Namen Ihres Vertriebsmitarbeiters neue potenzielle Kunden anruft und Meetings mit ihnen vereinbart. Auf diese Weise k\u00f6nnen sich Ihre Vertriebsmitarbeiter auf das konzentrieren, was sie am besten k\u00f6nnen \u2013 den Verkauf Ihrer Produkte. Es ... Weiterlesen ...","og_url":"https:\/\/tele-mark.dk\/telemarketing\/moedebooker\/","og_site_name":"Tele-Mark A\/S","article_modified_time":"2025-09-24T07:42:37+00:00","twitter_card":"summary_large_image","twitter_misc":{"Gesch\u00e4tzte Lesezeit":"2\u00a0Minuten"},"schema":{"@context":"https:\/\/schema.org","@graph":[{"@type":"WebPage","@id":"https:\/\/tele-mark.dk\/telemarketing\/moedebooker\/","url":"https:\/\/tele-mark.dk\/telemarketing\/moedebooker\/","name":"Meeting-Bucher | Tele-Mark A\/S","isPartOf":{"@id":"https:\/\/tele-mark.dk\/#website"},"datePublished":"2025-03-25T11:56:27+00:00","dateModified":"2025-09-24T07:42:37+00:00","breadcrumb":{"@id":"https:\/\/tele-mark.dk\/telemarketing\/moedebooker\/#breadcrumb"},"inLanguage":"de","potentialAction":[{"@type":"ReadAction","target":["https:\/\/tele-mark.dk\/telemarketing\/moedebooker\/"]}]},{"@type":"BreadcrumbList","@id":"https:\/\/tele-mark.dk\/telemarketing\/moedebooker\/#breadcrumb","itemListElement":[{"@type":"ListItem","position":1,"name":"Forside","item":"https:\/\/tele-mark.dk\/de\/?page_id=10844"},{"@type":"ListItem","position":2,"name":"Telemarketing","item":"https:\/\/tele-mark.dk\/telemarketing\/"},{"@type":"ListItem","position":3,"name":"Meeting-Bucher"}]},{"@type":"WebSite","@id":"https:\/\/tele-mark.dk\/#website","url":"https:\/\/tele-mark.dk\/","name":"Tele-Mark A\/S","description":"Telemarketing-Agentur f\u00fcr D\u00e4nemark, die nordischen L\u00e4nder, Europa und die ganze Welt","publisher":{"@id":"https:\/\/tele-mark.dk\/#organization"},"potentialAction":[{"@type":"SearchAction","target":{"@type":"EntryPoint","urlTemplate":"https:\/\/tele-mark.dk\/?s={search_term_string}"},"query-input":{"@type":"PropertyValueSpecification","valueRequired":true,"valueName":"search_term_string"}}],"inLanguage":"de"},{"@type":"Organization","@id":"https:\/\/tele-mark.dk\/#organization","name":"Tele-Mark A\/S","url":"https:\/\/tele-mark.dk\/","logo":{"@type":"ImageObject","inLanguage":"de","@id":"https:\/\/tele-mark.dk\/#\/schema\/logo\/image\/","url":"https:\/\/tele-mark.dk\/wp-content\/uploads\/2025\/03\/Nyt-logo.svg","contentUrl":"https:\/\/tele-mark.dk\/wp-content\/uploads\/2025\/03\/Nyt-logo.svg","width":433,"height":161,"caption":"Tele-Mark A\/S"},"image":{"@id":"https:\/\/tele-mark.dk\/#\/schema\/logo\/image\/"}}]}},"_links":{"self":[{"href":"https:\/\/tele-mark.dk\/de\/wp-json\/wp\/v2\/pages\/10737","targetHints":{"allow":["GET"]}}],"collection":[{"href":"https:\/\/tele-mark.dk\/de\/wp-json\/wp\/v2\/pages"}],"about":[{"href":"https:\/\/tele-mark.dk\/de\/wp-json\/wp\/v2\/types\/page"}],"author":[{"embeddable":true,"href":"https:\/\/tele-mark.dk\/de\/wp-json\/wp\/v2\/users\/5"}],"replies":[{"embeddable":true,"href":"https:\/\/tele-mark.dk\/de\/wp-json\/wp\/v2\/comments?post=10737"}],"version-history":[{"count":2,"href":"https:\/\/tele-mark.dk\/de\/wp-json\/wp\/v2\/pages\/10737\/revisions"}],"predecessor-version":[{"id":10739,"href":"https:\/\/tele-mark.dk\/de\/wp-json\/wp\/v2\/pages\/10737\/revisions\/10739"}],"up":[{"embeddable":true,"href":"https:\/\/tele-mark.dk\/de\/wp-json\/wp\/v2\/pages\/10902"}],"wp:attachment":[{"href":"https:\/\/tele-mark.dk\/de\/wp-json\/wp\/v2\/media?parent=10737"}],"wp:term":[{"taxonomy":"category","embeddable":true,"href":"https:\/\/tele-mark.dk\/de\/wp-json\/wp\/v2\/categories?post=10737"}],"curies":[{"name":"wp","href":"https:\/\/api.w.org\/{rel}","templated":true}]}}