{"id":10719,"date":"2025-03-25T12:56:27","date_gmt":"2025-03-25T11:56:27","guid":{"rendered":"https:\/\/tele-mark.dk\/die-sieben-werte-von-tele-mark\/"},"modified":"2025-09-24T09:42:32","modified_gmt":"2025-09-24T07:42:32","slug":"die-sieben-werte-von-tele-mark","status":"publish","type":"page","link":"https:\/\/tele-mark.dk\/de\/ueber-uns\/die-sieben-werte-von-tele-mark\/","title":{"rendered":"Die sieben Werte von Tele-Mark"},"content":{"rendered":"\t\t<div data-elementor-type=\"wp-page\" data-elementor-id=\"10719\" class=\"elementor elementor-10719 elementor-9409\" data-elementor-post-type=\"page\">\n\t\t\t\t<div class=\"elementor-element elementor-element-202ba89f e-con-full e-flex e-con e-parent\" data-id=\"202ba89f\" data-element_type=\"container\">\n\t\t\t\t<div class=\"elementor-element elementor-element-1984d083 elementor-widget elementor-widget-template\" data-id=\"1984d083\" data-element_type=\"widget\" data-widget_type=\"template.default\">\n\t\t\t\t<div class=\"elementor-widget-container\">\n\t\t\t\t\t\t\t<div class=\"elementor-template\">\n\t\t\t\t\t<div data-elementor-type=\"container\" data-elementor-id=\"6563\" class=\"elementor elementor-6563\" data-elementor-post-type=\"elementor_library\">\n\t\t\t\t<div class=\"elementor-element elementor-element-6b499f1f e-con-full no-padding e-flex e-con e-parent\" data-id=\"6b499f1f\" data-element_type=\"container\">\n\t\t\t\t<div class=\"elementor-element elementor-element-1ecbb66 elementor-widget elementor-widget-template\" data-id=\"1ecbb66\" data-element_type=\"widget\" data-widget_type=\"template.default\">\n\t\t\t\t<div class=\"elementor-widget-container\">\n\t\t\t\t\t\t\t<div class=\"elementor-template\">\n\t\t\t\t\t<div data-elementor-type=\"container\" data-elementor-id=\"10099\" class=\"elementor elementor-10099\" data-elementor-post-type=\"elementor_library\">\n\t\t\t\t<div class=\"elementor-element elementor-element-45622206 white e-con-full e-flex e-con e-parent\" data-id=\"45622206\" data-element_type=\"container\" data-settings=\"{&quot;background_background&quot;:&quot;classic&quot;}\">\n\t\t\t\t<\/div>\n\t\t\t\t<\/div>\n\t\t\t\t<\/div>\n\t\t\t\t\t\t<\/div>\n\t\t\t\t<\/div>\n\t\t\t\t<\/div>\n\t\t\t\t<\/div>\n\t\t\t\t<\/div>\n\t\t\t\t\t\t<\/div>\n\t\t\t\t<\/div>\n\t\t\t\t<\/div>\n\t\t<div class=\"elementor-element elementor-element-5f95ab7c light e-flex e-con-boxed e-con e-parent\" data-id=\"5f95ab7c\" data-element_type=\"container\">\n\t\t\t\t\t<div class=\"e-con-inner\">\n\t\t<div class=\"elementor-element elementor-element-29f8cfc0 e-con-full e-flex e-con e-child\" data-id=\"29f8cfc0\" data-element_type=\"container\">\n\t\t\t\t<div class=\"elementor-element elementor-element-1368836e elementor-widget elementor-widget-heading\" data-id=\"1368836e\" data-element_type=\"widget\" data-widget_type=\"heading.default\">\n\t\t\t\t<div class=\"elementor-widget-container\">\n\t\t\t\t\t<h1 class=\"elementor-heading-title elementor-size-default\">Die sieben Werte von Tele-Mark<\/h1>\t\t\t\t<\/div>\n\t\t\t\t<\/div>\n\t\t\t\t<\/div>\n\t\t\t\t\t<\/div>\n\t\t\t\t<\/div>\n\t\t<div class=\"elementor-element elementor-element-7c292947 e-flex e-con-boxed e-con e-parent\" data-id=\"7c292947\" data-element_type=\"container\">\n\t\t\t\t\t<div class=\"e-con-inner\">\n\t\t<div class=\"elementor-element elementor-element-152380d6 e-con-full e-flex e-con e-child\" data-id=\"152380d6\" data-element_type=\"container\">\n\t\t\t\t<div class=\"elementor-element elementor-element-7ef2f1c8 elementor-widget elementor-widget-text-editor\" data-id=\"7ef2f1c8\" data-element_type=\"widget\" data-widget_type=\"text-editor.default\">\n\t\t\t\t<div class=\"elementor-widget-container\">\n\t\t\t\t\t\t\t\t\t<h3>1. Gemeinsames Verst\u00e4ndnis<\/h3><p>Ein gemeinsames Verst\u00e4ndnis zwischen den Mitarbeitern und zwischen dem einzelnen Kunden und dem Mitarbeiter ist die Voraussetzung f\u00fcr die L\u00f6sung der Aufgaben.<\/p><h3>2. Verantwortung und Mitwirkung<\/h3><p>Wir \u00fcbernehmen Verantwortung und Eigenverantwortung f\u00fcr unsere Arbeit und schaffen Entwicklung und Synergie in der Organisation.<\/p><h3>3. Teamarbeit<\/h3><p>\u201eWir\u201c steht im Mittelpunkt und Teamwork ist das Schl\u00fcsselwort<\/p><h3>4. Akzeptanz der Menschen<\/h3><p>Wir akzeptieren jeden Mitarbeiter und jeden Kunden nach dem Motto: \u201eIch bin OK \u2013 Du bist OK\u201c<\/p><h3>5. Profitables Gesch\u00e4ft f\u00fcr alle<\/h3><p>Durch Flexibilit\u00e4t und Qualit\u00e4t sichern wir unseren Kunden und uns ein profitables Gesch\u00e4ft.<\/p><h3>6. Glaubw\u00fcrdigkeit<\/h3><p>Wir sind vertrauensw\u00fcrdig im Umgang miteinander, mit unseren Kunden und mit unseren Partnern.<\/p><h3>7. Haben Sie einen guten Magen<\/h3><p>Mitarbeiter und Kunde m\u00fcssen w\u00e4hrend der gesamten Zusammenarbeit ein gutes Bauchgef\u00fchl haben.<\/p>\t\t\t\t\t\t\t\t<\/div>\n\t\t\t\t<\/div>\n\t\t\t\t<\/div>\n\t\t\t\t\t<\/div>\n\t\t\t\t<\/div>\n\t\t<div class=\"elementor-element elementor-element-629ffaee e-con-full e-flex e-con e-parent\" data-id=\"629ffaee\" data-element_type=\"container\">\n\t\t\t\t<div class=\"elementor-element elementor-element-7678bd4d elementor-widget elementor-widget-template\" data-id=\"7678bd4d\" data-element_type=\"widget\" data-widget_type=\"template.default\">\n\t\t\t\t<div class=\"elementor-widget-container\">\n\t\t\t\t\t\t\t<div class=\"elementor-template\">\n\t\t\t\t\t<div data-elementor-type=\"container\" data-elementor-id=\"9854\" class=\"elementor elementor-9854\" data-elementor-post-type=\"elementor_library\">\n\t\t\t\t<div class=\"elementor-element elementor-element-3a5d0ade e-con-full no-padding e-flex e-con e-parent\" data-id=\"3a5d0ade\" data-element_type=\"container\">\n\t\t\t\t<div class=\"elementor-element elementor-element-7af60ea3 elementor-widget elementor-widget-template\" data-id=\"7af60ea3\" data-element_type=\"widget\" data-widget_type=\"template.default\">\n\t\t\t\t<div class=\"elementor-widget-container\">\n\t\t\t\t\t\t\t<div class=\"elementor-template\">\n\t\t\t\t\t<div data-elementor-type=\"container\" data-elementor-id=\"11014\" class=\"elementor elementor-11014 elementor-9860\" data-elementor-post-type=\"elementor_library\">\n\t\t\t\t<div class=\"elementor-element elementor-element-16e773e8 cta-footer e-flex e-con-boxed e-con e-parent\" data-id=\"16e773e8\" data-element_type=\"container\" data-settings=\"{&quot;background_background&quot;:&quot;classic&quot;}\">\n\t\t\t\t\t<div class=\"e-con-inner\">\n\t\t<div class=\"elementor-element elementor-element-13212c55 e-con-full e-flex e-con e-child\" data-id=\"13212c55\" data-element_type=\"container\">\n\t\t<div class=\"elementor-element elementor-element-66550028 e-con-full padding e-flex e-con e-child\" data-id=\"66550028\" data-element_type=\"container\" data-settings=\"{&quot;background_background&quot;:&quot;classic&quot;}\">\n\t\t\t\t<div class=\"elementor-element elementor-element-5bb0e9dd white elementor-widget elementor-widget-heading\" data-id=\"5bb0e9dd\" data-element_type=\"widget\" data-widget_type=\"heading.default\">\n\t\t\t\t<div class=\"elementor-widget-container\">\n\t\t\t\t\t<h3 class=\"elementor-heading-title elementor-size-default\">Folgen Sie uns auf unseren sozialen Medien<\/h3>\t\t\t\t<\/div>\n\t\t\t\t<\/div>\n\t\t\t\t<div class=\"elementor-element elementor-element-266aa9b8 some elementor-widget elementor-widget-html\" data-id=\"266aa9b8\" data-element_type=\"widget\" data-widget_type=\"html.default\">\n\t\t\t\t<div class=\"elementor-widget-container\">\n\t\t\t\t\t<a href=\"https:\/\/www.facebook.com\/100027965816908\/\" target=\"_blank\" aria-label=\"F\u00f8lg os p\u00e5 Facebook\"><i class=\"fa-brands fa-facebook-f\"><\/i><\/a>\n<a href=\"https:\/\/www.linkedin.com\/company\/tele-mark-as\/\" target=\"_blank\" aria-label=\"F\u00f8lg os p\u00e5 LinkedIn\"><i class=\"fa-brands fa-linkedin-in\"><\/i><\/a>\n<a href=\"https:\/\/www.youtube.com\/channel\/UCOCM8pxrJsN78l_hIH7j7Uw\" target=\"_blank\" aria-label=\"Youtube\">\n<i class=\"fa-brands fa-youtube\"><\/i>\n<\/a>\t\t\t\t<\/div>\n\t\t\t\t<\/div>\n\t\t\t\t<\/div>\n\t\t\t\t<\/div>\n\t\t\t\t\t<\/div>\n\t\t\t\t<\/div>\n\t\t\t\t<\/div>\n\t\t\t\t<\/div>\n\t\t\t\t\t\t<\/div>\n\t\t\t\t<\/div>\n\t\t\t\t<\/div>\n\t\t\t\t<\/div>\n\t\t\t\t<\/div>\n\t\t\t\t\t\t<\/div>\n\t\t\t\t<\/div>\n\t\t\t\t<\/div>\n\t\t\t\t<\/div>\n\t\t","protected":false},"excerpt":{"rendered":"<p>Die sieben Werte von Tele-Mark 1. Gemeinsames Verst\u00e4ndnis Ein gemeinsames Verst\u00e4ndnis zwischen den Mitarbeitern und zwischen dem einzelnen Kunden und dem Mitarbeiter ist die Voraussetzung f\u00fcr die L\u00f6sung der Aufgaben. 2. Verantwortung und Mitwirkung Wir \u00fcbernehmen Verantwortung und Eigenverantwortung f\u00fcr unsere Arbeit und schaffen Entwicklung und Synergie in der Organisation. 3. Teamarbeit \u201eWir\u201c steht im &#8230; <a title=\"Die sieben Werte von Tele-Mark\" class=\"read-more\" href=\"https:\/\/tele-mark.dk\/de\/ueber-uns\/die-sieben-werte-von-tele-mark\/\" aria-label=\"Mehr Informationen \u00fcber Die sieben Werte von Tele-Mark\">Weiterlesen &#8230;<\/a><\/p>\n","protected":false},"author":5,"featured_media":0,"parent":10871,"menu_order":1009,"comment_status":"closed","ping_status":"closed","template":"","meta":{"_acf_changed":false,"footnotes":""},"categories":[],"class_list":["post-10719","page","type-page","status-publish"],"acf":[],"yoast_head":"<!-- This site is optimized with the Yoast SEO plugin v26.8 - https:\/\/yoast.com\/product\/yoast-seo-wordpress\/ -->\n<title>Die sieben Werte von Tele-Mark | Tele-Mark A\/S<\/title>\n<meta name=\"robots\" content=\"index, follow, max-snippet:-1, max-image-preview:large, max-video-preview:-1\" \/>\n<link rel=\"canonical\" href=\"https:\/\/tele-mark.dk\/de\/?page_id=10719\" \/>\n<meta property=\"og:locale\" content=\"de_DE\" \/>\n<meta property=\"og:type\" content=\"article\" \/>\n<meta property=\"og:title\" content=\"Die sieben Werte von Tele-Mark | Tele-Mark A\/S\" \/>\n<meta property=\"og:description\" content=\"Die sieben Werte von Tele-Mark 1. Gemeinsames Verst\u00e4ndnis Ein gemeinsames Verst\u00e4ndnis zwischen den Mitarbeitern und zwischen dem einzelnen Kunden und dem Mitarbeiter ist die Voraussetzung f\u00fcr die L\u00f6sung der Aufgaben. 2. Verantwortung und Mitwirkung Wir \u00fcbernehmen Verantwortung und Eigenverantwortung f\u00fcr unsere Arbeit und schaffen Entwicklung und Synergie in der Organisation. 3. Teamarbeit \u201eWir\u201c steht im ... Weiterlesen ...\" \/>\n<meta property=\"og:url\" content=\"https:\/\/tele-mark.dk\/de\/?page_id=10719\" \/>\n<meta property=\"og:site_name\" content=\"Tele-Mark A\/S\" \/>\n<meta property=\"article:modified_time\" content=\"2025-09-24T07:42:32+00:00\" \/>\n<meta name=\"twitter:card\" content=\"summary_large_image\" \/>\n<meta name=\"twitter:label1\" content=\"Gesch\u00e4tzte Lesezeit\" \/>\n\t<meta name=\"twitter:data1\" content=\"1\u00a0Minute\" \/>\n<script type=\"application\/ld+json\" class=\"yoast-schema-graph\">{\"@context\":\"https:\/\/schema.org\",\"@graph\":[{\"@type\":\"WebPage\",\"@id\":\"https:\/\/tele-mark.dk\/de\/?page_id=10719\",\"url\":\"https:\/\/tele-mark.dk\/de\/?page_id=10719\",\"name\":\"Die sieben Werte von Tele-Mark | Tele-Mark A\/S\",\"isPartOf\":{\"@id\":\"https:\/\/tele-mark.dk\/#website\"},\"datePublished\":\"2025-03-25T11:56:27+00:00\",\"dateModified\":\"2025-09-24T07:42:32+00:00\",\"breadcrumb\":{\"@id\":\"https:\/\/tele-mark.dk\/de\/?page_id=10719#breadcrumb\"},\"inLanguage\":\"de\",\"potentialAction\":[{\"@type\":\"ReadAction\",\"target\":[\"https:\/\/tele-mark.dk\/de\/?page_id=10719\"]}]},{\"@type\":\"BreadcrumbList\",\"@id\":\"https:\/\/tele-mark.dk\/de\/?page_id=10719#breadcrumb\",\"itemListElement\":[{\"@type\":\"ListItem\",\"position\":1,\"name\":\"Forside\",\"item\":\"https:\/\/tele-mark.dk\/de\/?page_id=10844\"},{\"@type\":\"ListItem\",\"position\":2,\"name\":\"\u00dcber uns\",\"item\":\"https:\/\/tele-mark.dk\/de\/?page_id=10871\"},{\"@type\":\"ListItem\",\"position\":3,\"name\":\"Die sieben Werte von Tele-Mark\"}]},{\"@type\":\"WebSite\",\"@id\":\"https:\/\/tele-mark.dk\/#website\",\"url\":\"https:\/\/tele-mark.dk\/\",\"name\":\"Tele-Mark A\/S\",\"description\":\"Telemarketing-Agentur f\u00fcr D\u00e4nemark, die nordischen L\u00e4nder, Europa und die ganze Welt\",\"publisher\":{\"@id\":\"https:\/\/tele-mark.dk\/#organization\"},\"potentialAction\":[{\"@type\":\"SearchAction\",\"target\":{\"@type\":\"EntryPoint\",\"urlTemplate\":\"https:\/\/tele-mark.dk\/?s={search_term_string}\"},\"query-input\":{\"@type\":\"PropertyValueSpecification\",\"valueRequired\":true,\"valueName\":\"search_term_string\"}}],\"inLanguage\":\"de\"},{\"@type\":\"Organization\",\"@id\":\"https:\/\/tele-mark.dk\/#organization\",\"name\":\"Tele-Mark A\/S\",\"url\":\"https:\/\/tele-mark.dk\/\",\"logo\":{\"@type\":\"ImageObject\",\"inLanguage\":\"de\",\"@id\":\"https:\/\/tele-mark.dk\/#\/schema\/logo\/image\/\",\"url\":\"https:\/\/tele-mark.dk\/wp-content\/uploads\/2025\/03\/Nyt-logo.svg\",\"contentUrl\":\"https:\/\/tele-mark.dk\/wp-content\/uploads\/2025\/03\/Nyt-logo.svg\",\"width\":433,\"height\":161,\"caption\":\"Tele-Mark A\/S\"},\"image\":{\"@id\":\"https:\/\/tele-mark.dk\/#\/schema\/logo\/image\/\"}}]}<\/script>\n<!-- \/ Yoast SEO plugin. -->","yoast_head_json":{"title":"Die sieben Werte von Tele-Mark | Tele-Mark A\/S","robots":{"index":"index","follow":"follow","max-snippet":"max-snippet:-1","max-image-preview":"max-image-preview:large","max-video-preview":"max-video-preview:-1"},"canonical":"https:\/\/tele-mark.dk\/de\/?page_id=10719","og_locale":"de_DE","og_type":"article","og_title":"Die sieben Werte von Tele-Mark | Tele-Mark A\/S","og_description":"Die sieben Werte von Tele-Mark 1. Gemeinsames Verst\u00e4ndnis Ein gemeinsames Verst\u00e4ndnis zwischen den Mitarbeitern und zwischen dem einzelnen Kunden und dem Mitarbeiter ist die Voraussetzung f\u00fcr die L\u00f6sung der Aufgaben. 2. Verantwortung und Mitwirkung Wir \u00fcbernehmen Verantwortung und Eigenverantwortung f\u00fcr unsere Arbeit und schaffen Entwicklung und Synergie in der Organisation. 3. Teamarbeit \u201eWir\u201c steht im ... Weiterlesen ...","og_url":"https:\/\/tele-mark.dk\/de\/?page_id=10719","og_site_name":"Tele-Mark A\/S","article_modified_time":"2025-09-24T07:42:32+00:00","twitter_card":"summary_large_image","twitter_misc":{"Gesch\u00e4tzte Lesezeit":"1\u00a0Minute"},"schema":{"@context":"https:\/\/schema.org","@graph":[{"@type":"WebPage","@id":"https:\/\/tele-mark.dk\/de\/?page_id=10719","url":"https:\/\/tele-mark.dk\/de\/?page_id=10719","name":"Die sieben Werte von Tele-Mark | Tele-Mark A\/S","isPartOf":{"@id":"https:\/\/tele-mark.dk\/#website"},"datePublished":"2025-03-25T11:56:27+00:00","dateModified":"2025-09-24T07:42:32+00:00","breadcrumb":{"@id":"https:\/\/tele-mark.dk\/de\/?page_id=10719#breadcrumb"},"inLanguage":"de","potentialAction":[{"@type":"ReadAction","target":["https:\/\/tele-mark.dk\/de\/?page_id=10719"]}]},{"@type":"BreadcrumbList","@id":"https:\/\/tele-mark.dk\/de\/?page_id=10719#breadcrumb","itemListElement":[{"@type":"ListItem","position":1,"name":"Forside","item":"https:\/\/tele-mark.dk\/de\/?page_id=10844"},{"@type":"ListItem","position":2,"name":"\u00dcber uns","item":"https:\/\/tele-mark.dk\/de\/?page_id=10871"},{"@type":"ListItem","position":3,"name":"Die sieben Werte von Tele-Mark"}]},{"@type":"WebSite","@id":"https:\/\/tele-mark.dk\/#website","url":"https:\/\/tele-mark.dk\/","name":"Tele-Mark A\/S","description":"Telemarketing-Agentur f\u00fcr D\u00e4nemark, die nordischen L\u00e4nder, Europa und die ganze Welt","publisher":{"@id":"https:\/\/tele-mark.dk\/#organization"},"potentialAction":[{"@type":"SearchAction","target":{"@type":"EntryPoint","urlTemplate":"https:\/\/tele-mark.dk\/?s={search_term_string}"},"query-input":{"@type":"PropertyValueSpecification","valueRequired":true,"valueName":"search_term_string"}}],"inLanguage":"de"},{"@type":"Organization","@id":"https:\/\/tele-mark.dk\/#organization","name":"Tele-Mark A\/S","url":"https:\/\/tele-mark.dk\/","logo":{"@type":"ImageObject","inLanguage":"de","@id":"https:\/\/tele-mark.dk\/#\/schema\/logo\/image\/","url":"https:\/\/tele-mark.dk\/wp-content\/uploads\/2025\/03\/Nyt-logo.svg","contentUrl":"https:\/\/tele-mark.dk\/wp-content\/uploads\/2025\/03\/Nyt-logo.svg","width":433,"height":161,"caption":"Tele-Mark A\/S"},"image":{"@id":"https:\/\/tele-mark.dk\/#\/schema\/logo\/image\/"}}]}},"_links":{"self":[{"href":"https:\/\/tele-mark.dk\/de\/wp-json\/wp\/v2\/pages\/10719","targetHints":{"allow":["GET"]}}],"collection":[{"href":"https:\/\/tele-mark.dk\/de\/wp-json\/wp\/v2\/pages"}],"about":[{"href":"https:\/\/tele-mark.dk\/de\/wp-json\/wp\/v2\/types\/page"}],"author":[{"embeddable":true,"href":"https:\/\/tele-mark.dk\/de\/wp-json\/wp\/v2\/users\/5"}],"replies":[{"embeddable":true,"href":"https:\/\/tele-mark.dk\/de\/wp-json\/wp\/v2\/comments?post=10719"}],"version-history":[{"count":2,"href":"https:\/\/tele-mark.dk\/de\/wp-json\/wp\/v2\/pages\/10719\/revisions"}],"predecessor-version":[{"id":10722,"href":"https:\/\/tele-mark.dk\/de\/wp-json\/wp\/v2\/pages\/10719\/revisions\/10722"}],"up":[{"embeddable":true,"href":"https:\/\/tele-mark.dk\/de\/wp-json\/wp\/v2\/pages\/10871"}],"wp:attachment":[{"href":"https:\/\/tele-mark.dk\/de\/wp-json\/wp\/v2\/media?parent=10719"}],"wp:term":[{"taxonomy":"category","embeddable":true,"href":"https:\/\/tele-mark.dk\/de\/wp-json\/wp\/v2\/categories?post=10719"}],"curies":[{"name":"wp","href":"https:\/\/api.w.org\/{rel}","templated":true}]}}